{"id":7915,"date":"2025-09-20T00:10:58","date_gmt":"2025-09-19T22:10:58","guid":{"rendered":"https:\/\/agrarpetrovic.rs\/proizvod\/fusilade-forte-250ml-herbicid\/"},"modified":"2025-10-23T11:56:04","modified_gmt":"2025-10-23T09:56:04","slug":"fusilade-forte-250ml-herbicid","status":"publish","type":"product","link":"https:\/\/agrarpetrovic.rs\/en\/proizvod\/fusilade-forte-250ml-herbicid\/","title":{"rendered":"Fusilade FORTE 250ml &#8211; herbicid"},"content":{"rendered":"<h4>Primena<\/h4>\n<p>Fusilade Forte se koristi u razli\u010ditim kulturama, uklju\u010duju\u0107i vo\u0107e (jabuke, kru\u0161ke, dunje), povr\u0107e (krompir, kupus, luk), uljarice (suncokret, uljana repica), kao i u ratarskim usevima poput \u0161e\u0107erne repe i soje. Njegova primena obuhvata faze intenzivnog porasta korova, kada su u fazi 3-5 listova. Herbicid je efikasan protiv razli\u010ditih travnih korova, uklju\u010duju\u0107i jednogodi\u0161nje vrste poput pros\u010da (Echinochloa crus-galli) i divljeg sirka iz semena (Sorghum halepense), kao i vi\u0161egodi\u0161nje vrste poput pirevine (Agropyrum repens) i zuba\u010de (Cynodon dactylon).<\/p>\n<p>Fusilade Forte se primenjuje:<\/p>\n<ul>\n<li aria-level=\"1\"><b>Jednokratno:<\/b> u koli\u010dinama 0,8-1,3 l\/ha (8-13 ml na 100 m2).<\/li>\n<li aria-level=\"1\"><b>Dvokratno:<\/b> 0,6 + 0,6 l\/ha (6 + 6 ml na 100 m2), u intervalu 10-14 dana za suzbijanje divljeg sirka iz semena i rizoma.<\/li>\n<\/ul>\n<p>Specifi\u010dni zahtevi po kulturama:<\/p>\n<ul>\n<li aria-level=\"1\"><b>Vo\u0107e (jabuka, kru\u0161ka, dunja):<\/b> Primena u toku vegetacije zasada do po\u010detka cvetanja, po\u010dev od prve godine uzgoja, kada su korovi u fazi 3-5 listova.<\/li>\n<li aria-level=\"1\"><b>Suncokret i soja:<\/b> Primena tokom vegetacije useva, samo do po\u010detka cvetanja, kada su korovi u fazi 3-5 listova (faza intenzivnog porasta).<\/li>\n<li aria-level=\"1\"><b>\u0160e\u0107erna repa, krompir, kupus i luk:<\/b> Primena tokom vegetacije useva, kada su korovi u fazi 3-5 listova (faza intenzivnog porasta).<\/li>\n<li aria-level=\"1\"><b>Uljana repica:<\/b> Primena kada su korovi u fazi 3-5 listova (15-25 cm visine), nezavisno od faze razvoja useva.<\/li>\n<\/ul>\n<h4>Uputstvo za upotrebu i preporuke<\/h4>\n<p>Da biste postigli maksimalnu efikasnost, Fusilade Forte treba primenjivati pri optimalnim temperaturama do 22\u00b0C i na korovima u propisanom uzrastu (15-20 cm visine). Kod tretiranja vi\u0161egodi\u0161njih travnih korova, preporu\u010duje se dodatna me\u0111uredna obrada i usitnjavanje rizoma nakon tri nedelje od primene. Ovo omogu\u0107ava herbicidu da se iz listova spusti u rizome i uni\u0161ti korove u potpunosti.<\/p>\n<p>Napomene o ograni\u010denjima primene:<\/p>\n<p>Fusilade Forte ne sme se koristiti u proizvodnji luka za salatu i paprike ranih sorti. Tako\u0111e, primena ovog herbicida je ograni\u010dena na jednom ili dva puta u dvokratnoj primeni, dok je kod uljane repice dozvoljena samo jednokratna primena. U usevima poput krompira, gra\u0161ka, pasulja, kupusnja\u010da, luka, mrkve, paprike i cvekle, vi\u0161ekratna primena nije dozvoljena zbog produ\u017eenja perzistentnosti preparata.<\/p>\n<p>U slu\u010daju prevremenog skidanja ili preoravanja tretiranih useva, na tim povr\u0161inama se najmanje dva meseca od primene ne smeju sejati strna \u017eita i kukuruz. Ove mere osiguravaju maksimalnu efikasnost i sigurnost u upotrebi herbicida Fusilade Forte.<\/p>\n<p>Fusilade Forte se primenjuje folijarno, \u0161to zna\u010di da se apsorbuje preko lista korova. Kre\u0107e se kroz ksilem i floem biljke, \u0161to omogu\u0107ava ravnomerno delovanje na celu biljku, uklju\u010duju\u0107i rizome i stolone. Simptomi delovanja postaju vidljivi nakon nekoliko dana, dok do potpunog uni\u0161tenja korova dolazi u roku od 14-21 dana.<\/p>\n<h4>Doziranje<\/h4>\n<p>usilade Forte se koristi u slede\u0107im koli\u010dinama:<\/p>\n<ul>\n<li aria-level=\"1\"><b>Jednokratna primena:<\/b> 0,8-1,3 l\/ha (8-13 ml na 100 m2).<\/li>\n<li aria-level=\"1\"><b>Dvokratna primena:<\/b> 0,6 + 0,6 l\/ha (6 + 6 ml na 100 m2) sa intervalom od 10-14 dana.<\/li>\n<\/ul>\n<p>Doziranje zavisi od vrste korova i faze njihovog razvoja. Na primer, u vo\u0107njacima (jabuka, kru\u0161ka, dunja), Fusilade Forte se koristi do po\u010detka cvetanja zasada. U povr\u0107arskim kulturama kao \u0161to su krompir, kupus i luk, herbicid se primenjuje tokom vegetacije useva kada su korovi u fazi 3-5 listova. Kod uljane repice i soje, tretman se tako\u0111e vr\u0161i tokom vegetacije useva do po\u010detka cvetanja.<\/p>\n<h4>Karenca<\/h4>\n<p>Karenca Fusilade Forte herbicida varira u zavisnosti od vrste useva:<\/p>\n<ul>\n<li aria-level=\"1\"><b>Vo\u0107e:<\/b> 28 dana.<\/li>\n<li aria-level=\"1\"><b>Krompir:<\/b> 42 dana.<\/li>\n<li aria-level=\"1\"><b>Luk i kupus:<\/b> 49 dana.<\/li>\n<li aria-level=\"1\"><b>\u0160e\u0107erna repa:<\/b> 70 dana.<\/li>\n<li aria-level=\"1\"><b>Soja, suncokret i uljana repica:<\/b> OVP (do po\u010detka cvetanja).<\/li>\n<\/ul>\n<p>Fusilade Forte se ne sme koristiti u proizvodnji luka za salatu i paprike ranih sorti. Tako\u0111e, ne preporu\u010duje se vi\u0161ekratna primena u usevima krompira, gra\u0161ka, pasulja i nekih drugih kultura zbog mogu\u0107nosti produ\u017eene perzistentnnosti.<\/p>","protected":false},"excerpt":{"rendered":"<p>Fusilade Forte je selektivni translokacioni herbicid sa kontaktnim delovanjem, namenjen suzbijanju jednogodi\u0161njih i vi\u0161egodi\u0161njih travnih korova u ratarskim usevima, vo\u0107u i povr\u0107u. Njegova glavna aktivna materija, fluazifop-p-butil (150 g\/l), deluje inhibiraju\u0107i enzim acetil-CoA-karboksilazu, \u0161to zaustavlja biosintezu masnih kiselina u korovima i time spre\u010dava njihov dalji rast. Zahvaljuju\u0107i svojoj formulaciji u obliku koncentrata za emulziju (EC), Fusilade Forte je poznat po brzoj i u\u010dinkovitoj akciji.<\/p>","protected":false},"featured_media":8476,"template":"","meta":[],"product_brand":[531],"product_cat":[449],"product_tag":[605],"class_list":{"0":"post-7915","1":"product","2":"type-product","3":"status-publish","4":"has-post-thumbnail","6":"product_brand-sygenta","7":"product_cat-herbicidi-2","8":"product_tag-fluazifop-p-butil-150-g-l","10":"first","11":"outofstock","12":"product-type-simple"},"_links":{"self":[{"href":"https:\/\/agrarpetrovic.rs\/en\/wp-json\/wp\/v2\/product\/7915","targetHints":{"allow":["GET"]}}],"collection":[{"href":"https:\/\/agrarpetrovic.rs\/en\/wp-json\/wp\/v2\/product"}],"about":[{"href":"https:\/\/agrarpetrovic.rs\/en\/wp-json\/wp\/v2\/types\/product"}],"wp:featuredmedia":[{"embeddable":true,"href":"https:\/\/agrarpetrovic.rs\/en\/wp-json\/wp\/v2\/media\/8476"}],"wp:attachment":[{"href":"https:\/\/agrarpetrovic.rs\/en\/wp-json\/wp\/v2\/media?parent=7915"}],"wp:term":[{"taxonomy":"product_brand","embeddable":true,"href":"https:\/\/agrarpetrovic.rs\/en\/wp-json\/wp\/v2\/product_brand?post=7915"},{"taxonomy":"product_cat","embeddable":true,"href":"https:\/\/agrarpetrovic.rs\/en\/wp-json\/wp\/v2\/product_cat?post=7915"},{"taxonomy":"product_tag","embeddable":true,"href":"https:\/\/agrarpetrovic.rs\/en\/wp-json\/wp\/v2\/product_tag?post=7915"}],"curies":[{"name":"wp","href":"https:\/\/api.w.org\/{rel}","templated":true}]}}