{"id":7916,"date":"2025-09-20T00:10:58","date_gmt":"2025-09-19T22:10:58","guid":{"rendered":"https:\/\/agrarpetrovic.rs\/proizvod\/gamit-480-ec1-l-herbicid\/"},"modified":"2025-10-23T11:56:04","modified_gmt":"2025-10-23T09:56:04","slug":"gamit-480-ec1-l-herbicid","status":"publish","type":"product","link":"https:\/\/agrarpetrovic.rs\/en\/proizvod\/gamit-480-ec1-l-herbicid\/","title":{"rendered":"Gamit 480 EC 1 l &#8211; herbicid"},"content":{"rendered":"<div class=\"span9\">\n<div class=\"product-harvest\">\n<p class=\"detail\"><strong>Primena:<\/strong><\/p>\n<table>\n<thead>\n<tr class=\"bg-4\">\n<th>USEV \/ ZASAD<\/th>\n<th>KOLI\u010cINA PRIMENE<\/th>\n<th>VREME PRIMENE<\/th>\n<\/tr>\n<\/thead>\n<tbody>\n<tr class=\"bg-sec-4\">\n<td class=\"bg-4\"><a href=\"https:\/\/www.agromarketsrbija.rs\/srb\/zastita-bilja\/programi-zastite\/1003\/Soja\">SOJA<\/a><\/td>\n<td>0,5 &#8211; 0,75 (5-7,5 ml na 100 m\u00b2)<\/td>\n<td>Posle setve, a pre nicanja soje uz obaveznu inkorporaciju 5-8 cm<\/td>\n<\/tr>\n<\/tbody>\n<\/table>\n<\/div>\n<div class=\"product-info\">\n<p><strong>DELOVANJE:\u00a0<\/strong><\/p>\n<p>aktivna materija spada u grupu <em>Izoksazolidinoni<\/em>. Deluje na biosintezu karotenoida. Biljke ga usvajaju korenom i izdankom, a dalja translokacija je ksilemom do mesta delovanja (plastida).<\/p>\n<p><strong>SPEKTAR DELOVANJA:\u00a0<\/strong><\/p>\n<p><strong>JEDNOGODI\u0160NJE USKOLISNE I \u0160IROKOLISNE KOROVSKE VRSTE: <\/strong><\/p>\n<p>samonikla p\u0161enica (Triticum spp.), proso korovsko (Echinochloa crus galli), divlji sirak iz semena (Sorghum halepense s.), pepeljuga obi\u010dna (Chenopodium album), mi\u0161jakinja (Stellaria media), goru\u0161ica (Sinapis arvensis) i beli \u010distac (Stachys annua), tatula obi\u010dna (Datura stramonium), boca obi\u010dna (Xanthium strumarium), pepeljuga srcolisna (Chenopodium hybridum)<\/p>\n<p><strong>PREPORUKE I NAPOMENE:\u00a0<\/strong><\/p>\n<p>U cilju pro\u0161irenja spektra delovanja u usevu soje mo\u017ee se kombinovati sa drugim herbicidnim preparatima. Preporu\u010deni utro\u0161ak vode 200 do 400 l\/ha, svim sredstvima sa zemlje, a tretiranje iz vazduhoplova nije dozvoljeno. Voditi ra\u010duna da ne do\u0111e do zano\u0161enja preparata na susedne kulture. Prilikom tretiranja treba po\u0161tovati vodoza\u0161titne zone i spre\u010diti kontaminaciju voda (vodotoka, bunara, jezera i izvori\u0161ta voda) tretiraju\u0107i najmanje 20m udaljeno od njih.<\/p>\n<\/div>\n<\/div>","protected":false},"excerpt":{"rendered":"<p class=\"detail\"><strong>Klasa:<\/strong> <span class=\"klasa\">Selektivni, translokacioni herbicid <\/span><\/p>\n<p class=\"detail\"><strong>Aktivna materija:<\/strong> <span class=\"aktivna-materija\">Klomazon 480 g\/l<\/span><\/p>\n<p class=\"detail\"><strong>Formulacija:<\/strong> <span class=\"formulacija\">EC &#8211; koncentrovana emulzija<\/span><\/p>\n<p class=\"detail\"><strong>Pakovanje:<\/strong> <span class=\"pakovanje\">1 l<\/span><\/p>\n<p class=\"detail\"><strong>Proizvo\u0111a\u010d:<\/strong> <span class=\"proizvo\u0111a\u010d\">FMC<\/span><\/p>\n<p class=\"detail\"><strong>Karenca:<\/strong> <span class=\"karenca\">OVP<\/span><\/p>\n<p class=\"detail\"><strong>Plodored:<\/strong> <span class=\"plodored\">u prole\u0107e naredne godine kukuruz, krompir, \u0161e\u0107erna repa, soja i pasulj; a u jesen naredne godine ozima \u017eita, lucerka i detelina; u drugoj godini posle primene nema ograni\u010denja u plodoredu.<\/span><\/p>\n<p class=\"detail\"><strong>Radna Karenca:<\/strong> <span class=\"radna-karenca\">48 sati<\/span><\/p>","protected":false},"featured_media":8478,"template":"","meta":[],"product_brand":[529],"product_cat":[449],"product_tag":[824],"class_list":{"0":"post-7916","1":"product","2":"type-product","3":"status-publish","4":"has-post-thumbnail","6":"product_brand-agromarket","7":"product_cat-herbicidi-2","8":"product_tag-klomazon-480-g-l","10":"first","11":"outofstock","12":"product-type-simple"},"_links":{"self":[{"href":"https:\/\/agrarpetrovic.rs\/en\/wp-json\/wp\/v2\/product\/7916","targetHints":{"allow":["GET"]}}],"collection":[{"href":"https:\/\/agrarpetrovic.rs\/en\/wp-json\/wp\/v2\/product"}],"about":[{"href":"https:\/\/agrarpetrovic.rs\/en\/wp-json\/wp\/v2\/types\/product"}],"wp:featuredmedia":[{"embeddable":true,"href":"https:\/\/agrarpetrovic.rs\/en\/wp-json\/wp\/v2\/media\/8478"}],"wp:attachment":[{"href":"https:\/\/agrarpetrovic.rs\/en\/wp-json\/wp\/v2\/media?parent=7916"}],"wp:term":[{"taxonomy":"product_brand","embeddable":true,"href":"https:\/\/agrarpetrovic.rs\/en\/wp-json\/wp\/v2\/product_brand?post=7916"},{"taxonomy":"product_cat","embeddable":true,"href":"https:\/\/agrarpetrovic.rs\/en\/wp-json\/wp\/v2\/product_cat?post=7916"},{"taxonomy":"product_tag","embeddable":true,"href":"https:\/\/agrarpetrovic.rs\/en\/wp-json\/wp\/v2\/product_tag?post=7916"}],"curies":[{"name":"wp","href":"https:\/\/api.w.org\/{rel}","templated":true}]}}