{"id":7918,"date":"2025-09-20T00:10:58","date_gmt":"2025-09-19T22:10:58","guid":{"rendered":"https:\/\/agrarpetrovic.rs\/proizvod\/gardoprim-plus-gold-5-1-herbicid\/"},"modified":"2025-10-23T11:56:04","modified_gmt":"2025-10-23T09:56:04","slug":"gardoprim-plus-gold-5-1-herbicid","status":"publish","type":"product","link":"https:\/\/agrarpetrovic.rs\/en\/proizvod\/gardoprim-plus-gold-5-1-herbicid\/","title":{"rendered":"Gardoprim Plus Gold 5\/1 &#8211; herbicid"},"content":{"rendered":"<h4><b>Primena<\/b><\/h4>\n<p>Gardoprim Plus Gold 500 SC se primenjuje u usevima kukuruza i suncokreta, pru\u017eaju\u0107i sna\u017enu i dugotrajnu za\u0161titu od korova. Njegova selektivnost omogu\u0107ava da usevi nesmetano rastu, bez kompeticije sa korovima za hranljive materije i vodu.<\/p>\n<h4><b>Spektar delovanja\u00a0<\/b><\/h4>\n<h4><b>Jednogodi\u0161nji \u0161irokolisni korovi:<\/b><\/h4>\n<ul>\n<li aria-level=\"1\">Lipica teofrastova (<i>Abutilon theophrasti<\/i>)<\/li>\n<li aria-level=\"1\">\u0160tir bljutavi (<i>Amaranthus blitoides<\/i>)<\/li>\n<li aria-level=\"1\">\u0160tir obi\u010dni (<i>Amaranthus retroflexus<\/i>)<\/li>\n<li aria-level=\"1\">Viju\u0161ac njivski (<i>Bilderdykia convolvulus<\/i>)<\/li>\n<li aria-level=\"1\">Tar\u010du\u017eak (<i>Capsella bursa-pastoris<\/i>)<\/li>\n<li aria-level=\"1\">Obi\u010dna pepeljuga (<i>Chenopodium album<\/i>)<\/li>\n<li aria-level=\"1\">Srcolisna pepeljuga (<i>Chenopodium hybridum<\/i>)<\/li>\n<li aria-level=\"1\">Tatula obi\u010dna (<i>Datura stramonium<\/i>)<\/li>\n<li aria-level=\"1\">Lubeni\u010darka njivska (<i>Hibiscus trionum<\/i>)<\/li>\n<li aria-level=\"1\">Dvornik pti\u010dji (<i>Polygonum aviculare<\/i>)<\/li>\n<li aria-level=\"1\">Veliki dvornik (<i>Polygonum lapatifolium<\/i>)<\/li>\n<li aria-level=\"1\">Pomo\u0107nica obi\u010dna (<i>Solanum nigrum<\/i>)<\/li>\n<li aria-level=\"1\">\u010cistac (<i>Stachys annua<\/i>)<\/li>\n<\/ul>\n<h4><b>Jednogodi\u0161nji travni korovi:<\/b><\/h4>\n<ul>\n<li aria-level=\"1\">Proso korovsko (<i>Echinochloa crus-galli<\/i>)<\/li>\n<li aria-level=\"1\">Muhar sivi (<i>Setaria glauca<\/i>)<\/li>\n<li aria-level=\"1\">Muhar zeleni (<i>Setaria viridis<\/i>)<\/li>\n<li aria-level=\"1\">Divlji sirak iz semena (<i>Sorghum halepense<\/i>)<\/li>\n<\/ul>\n<h4><b>Vi\u0161egodi\u0161nji korovi (slabije delovanje):<\/b><\/h4>\n<ul>\n<li aria-level=\"1\">Palamida njivska (<i>Cirsium arvense<\/i>)<\/li>\n<li aria-level=\"1\">Poponac obi\u010dni (<i>Convolvulus arvensis<\/i>)<\/li>\n<li aria-level=\"1\">Renika obi\u010dna (<i>Lepidium draba<\/i>)<\/li>\n<li aria-level=\"1\">Divlji sirak iz rizoma (<i>Sorghum halepense<\/i>)<\/li>\n<\/ul>\n<h4><b>Uputstvo za upotrebu i preporuke<\/b><\/h4>\n<p>Ovaj herbicid se koristi pre nicanja korova ili u ranoj fazi njihovog razvoja. Najbolji rezultati se posti\u017eu kada se primenjuje na dobro pripremljeno zemlji\u0161te sa optimalnim nivoom vlage.<\/p>\n<p>Preporu\u010duje se slede\u0107e:<\/p>\n<ul>\n<li aria-level=\"1\">Primenu vr\u0161iti uz pomo\u0107 traktorskih prskalica sa ravnim mlaznicama.<\/li>\n<li aria-level=\"1\">Osigurati ravnomernu pokrivenost tretirane povr\u0161ine.<\/li>\n<li aria-level=\"1\">Ne prskati po vetrovitom vremenu kako bi se izbeglo zano\u0161enje preparata na susedne useve.<\/li>\n<li aria-level=\"1\">Ukoliko nakon primene ne do\u0111e do padavina u roku od nekoliko dana, preporu\u010duje se plitko uno\u0161enje u zemlji\u0161te radi aktivacije preparata.<\/li>\n<\/ul>\n<h4><b>Doziranje<\/b><\/h4>\n<ul>\n<li aria-level=\"1\"><b>Kukuruz<\/b> \u2013 4-4,5 l\/ha (40-45 ml na 100 m2),<\/li>\n<li aria-level=\"1\"><b>Suncokret<\/b> \u2013 3,5-4 l\/ha (35-40 ml na 100 m2), posle setve, a pre nicanja useva i korova.<\/li>\n<\/ul>\n<h4><b>Karenca<\/b><\/h4>\n<p>Karenca za Gardoprim Plus Gold 500 SC nije propisana za tretirane useve kada se primenjuje u skladu sa preporukama.<\/p>","protected":false},"excerpt":{"rendered":"<p>Gardoprim Plus Gold 500 SC je selektivni translokacioni herbicid namenjen efikasnoj borbi protiv jednogodi\u0161njih uskolisnih i jednogodi\u0161njih i vi\u0161egodi\u0161njih \u0161irokolisnih korova. Ovaj herbicid sadr\u017ei dve aktivne materije \u2013 312.5 g\/l S-metolahlora i 187.5 g\/l terbutilazina, \u0161to ga \u010dini jednim od najefikasnijih preparata za suzbijanje korova u usevima poput kukuruza i suncokreta. Njegovo dugotrajno rezidualno delovanje obezbe\u0111uje za\u0161titu useva od korova tokom du\u017eeg vremenskog perioda.<\/p>","protected":false},"featured_media":8480,"template":"","meta":[],"product_brand":[531],"product_cat":[449],"product_tag":[825],"class_list":{"0":"post-7918","1":"product","2":"type-product","3":"status-publish","4":"has-post-thumbnail","6":"product_brand-sygenta","7":"product_cat-herbicidi-2","8":"product_tag-312-5-g-l-s-metolahlora-i-187-5-g-l-terbutilazina","10":"first","11":"outofstock","12":"product-type-simple"},"_links":{"self":[{"href":"https:\/\/agrarpetrovic.rs\/en\/wp-json\/wp\/v2\/product\/7918","targetHints":{"allow":["GET"]}}],"collection":[{"href":"https:\/\/agrarpetrovic.rs\/en\/wp-json\/wp\/v2\/product"}],"about":[{"href":"https:\/\/agrarpetrovic.rs\/en\/wp-json\/wp\/v2\/types\/product"}],"wp:featuredmedia":[{"embeddable":true,"href":"https:\/\/agrarpetrovic.rs\/en\/wp-json\/wp\/v2\/media\/8480"}],"wp:attachment":[{"href":"https:\/\/agrarpetrovic.rs\/en\/wp-json\/wp\/v2\/media?parent=7918"}],"wp:term":[{"taxonomy":"product_brand","embeddable":true,"href":"https:\/\/agrarpetrovic.rs\/en\/wp-json\/wp\/v2\/product_brand?post=7918"},{"taxonomy":"product_cat","embeddable":true,"href":"https:\/\/agrarpetrovic.rs\/en\/wp-json\/wp\/v2\/product_cat?post=7918"},{"taxonomy":"product_tag","embeddable":true,"href":"https:\/\/agrarpetrovic.rs\/en\/wp-json\/wp\/v2\/product_tag?post=7918"}],"curies":[{"name":"wp","href":"https:\/\/api.w.org\/{rel}","templated":true}]}}