{"id":7919,"date":"2025-09-20T00:10:58","date_gmt":"2025-09-19T22:10:58","guid":{"rendered":"https:\/\/agrarpetrovic.rs\/proizvod\/gea1-l-herbicid\/"},"modified":"2025-10-23T11:56:05","modified_gmt":"2025-10-23T09:56:05","slug":"gea-1-l-herbicid","status":"publish","type":"product","link":"https:\/\/agrarpetrovic.rs\/en\/proizvod\/gea-1-l-herbicid\/","title":{"rendered":"Gea 1 l &#8211; herbicid"},"content":{"rendered":"<div class=\"product-harvest\">\n<p class=\"detail\"><strong>Primena:<\/strong><\/p>\n<table>\n<thead>\n<tr class=\"bg-4\">\n<th>USEV \/ ZASAD<\/th>\n<th>KOLI\u010cINA PRIMENE<\/th>\n<th>VREME PRIMENE<\/th>\n<\/tr>\n<\/thead>\n<tbody>\n<tr class=\"bg-sec-4\">\n<td class=\"bg-4\"><a href=\"https:\/\/www.agromarketsrbija.rs\/srb\/zastita-bilja\/programi-zastite\/1003\/Soja\">SOJA<\/a><\/td>\n<td>2,0-2,5-3,0<\/td>\n<td>Posle setve, a pre nicanja useva<\/td>\n<\/tr>\n<\/tbody>\n<\/table>\n<\/div>\n<div class=\"product-info\">\n<p><strong>DELOVANJE:<\/strong><\/p>\n<p>kombinacija dve aktivne materije, selektivnog herbicida S-Metolahlor (grupa <em>Hloracetamidi<\/em>) koji se usvaja korenom i izdancima i deluje na inhibiciju \u0107elijske deobe i Flumioksazin koji je inhibitor protoporfirinogenoksidaze.<\/p>\n<p><strong>SPEKTAR DELOVANJA<\/strong><\/p>\n<p>JEDNOGODI\u0160NJE \u0160IROKOLISNE I USKOLISNE KOROVSKE VRSTE<\/p>\n<p>lipica teofrastova (<em>Abutilon theophrasti<\/em>), \u0161tir (<em>Amaranthus retroflexus<\/em>), ambrozija pelenasta (<em>Ambrosia artemisiifolia<\/em>), lubeni\u010darka njivska (<em>Hibiscus trionum<\/em>), veliki dvornik (<em>Polygonum lapathifolium<\/em>), pomo\u0107nica obi\u010dna (<em>Solanum nigrum<\/em>), pepeljuge (<em>Chenopodium<\/em> <em>spp<\/em>.), tatula obi\u010dna (<em>Datura stramonium<\/em>), proso korovsko (<em>Echinochloa crus-galli<\/em>), zeleni muhar (<em>Setaria viridis<\/em>), divlji sirak iz semena (<em>Sorghum halepense<\/em>)<\/p>\n<p><strong>PREPORUKE I NAPOMENE:<\/strong><\/p>\n<p>ne sme se koristiti na izrazito lakim, peskovitim zemlji\u0161tima (manje od 1% humusa), kra\u0161kim poljima i zemlji\u0161tima \u010diji je pH manji od 5,5. U uslovima vla\u017enog i hladnog vremena nakon primene mo\u017ee do\u0107i do prolazne fototoksi\u010dnosti. Spre\u010diti zano\u0161enje na susedne osetljive useve i zasade.<\/p>\n<p>Zabranjena je primena sredstava za za\u0161titu bilja u vodoza\u0161titnim zonama za izvori\u0161ta voda i vodosnabdevanje stanovni\u0161tva.<\/p>\n<p>Tretiranje iz vazduhoplova nije dozvoljeno.<\/p>\n<\/div>","protected":false},"excerpt":{"rendered":"<p class=\"detail\"><strong>Klasa:<\/strong> <span class=\"klasa\">Selektivni herbicid<\/span><\/p>\n<p class=\"detail\"><strong>Aktivna materija:<\/strong> <span class=\"aktivna-materija\">S-Metolahlor 500 g\/l + Flumioksazin 20 g\/kg<\/span><\/p>\n<p class=\"detail\"><strong>Formulacija:<\/strong> <span class=\"formulacija\">SE \u2013 suspoemulzija<\/span><\/p>\n<p class=\"detail\"><strong>Pakovanje:<\/strong> <span class=\"pakovanje\">1 l, 5 l<\/span><\/p>\n<p class=\"detail\"><strong>Karenca:<\/strong> <span class=\"karenca\">OVP<\/span><\/p>\n<p class=\"detail\"><strong>Plodored:<\/strong> <span class=\"plodored\">za flumioksazin: u normalnom plodoredu posle 4 meseca od primene mo\u017ee se sejati je\u010dam, gra\u0161ak, ra\u017e i kukuruz \u0161e\u0107erac, a posle 12 meseci od primene mogu se sejati lucerka, detelina, uljana repica, ovas, \u0161e\u0107erna repa, salata i povrtarske vrste iz porodice tikava. Ako do\u0111e do preoravanja ili prevremenog skidanja useva, na tretiranim povr\u0161inama se najmanje 6 meseci ne smeju sejati jara strna \u017eita i ostali uskolisni usevi<\/span><\/p>","protected":false},"featured_media":8481,"template":"","meta":[],"product_brand":[529],"product_cat":[449],"product_tag":[703],"class_list":{"0":"post-7919","1":"product","2":"type-product","3":"status-publish","4":"has-post-thumbnail","6":"product_brand-agromarket","7":"product_cat-herbicidi-2","8":"product_tag-s-metolahlor-500-g-l-flumioksazin-20-g-kg","10":"first","11":"outofstock","12":"product-type-simple"},"_links":{"self":[{"href":"https:\/\/agrarpetrovic.rs\/en\/wp-json\/wp\/v2\/product\/7919","targetHints":{"allow":["GET"]}}],"collection":[{"href":"https:\/\/agrarpetrovic.rs\/en\/wp-json\/wp\/v2\/product"}],"about":[{"href":"https:\/\/agrarpetrovic.rs\/en\/wp-json\/wp\/v2\/types\/product"}],"wp:featuredmedia":[{"embeddable":true,"href":"https:\/\/agrarpetrovic.rs\/en\/wp-json\/wp\/v2\/media\/8481"}],"wp:attachment":[{"href":"https:\/\/agrarpetrovic.rs\/en\/wp-json\/wp\/v2\/media?parent=7919"}],"wp:term":[{"taxonomy":"product_brand","embeddable":true,"href":"https:\/\/agrarpetrovic.rs\/en\/wp-json\/wp\/v2\/product_brand?post=7919"},{"taxonomy":"product_cat","embeddable":true,"href":"https:\/\/agrarpetrovic.rs\/en\/wp-json\/wp\/v2\/product_cat?post=7919"},{"taxonomy":"product_tag","embeddable":true,"href":"https:\/\/agrarpetrovic.rs\/en\/wp-json\/wp\/v2\/product_tag?post=7919"}],"curies":[{"name":"wp","href":"https:\/\/api.w.org\/{rel}","templated":true}]}}