{"id":7920,"date":"2025-09-20T00:10:58","date_gmt":"2025-09-19T22:10:58","guid":{"rendered":"https:\/\/agrarpetrovic.rs\/proizvod\/glifohem-10-1-herbicid\/"},"modified":"2025-10-23T11:56:08","modified_gmt":"2025-10-23T09:56:08","slug":"glifohem-10-1-herbicid","status":"publish","type":"product","link":"https:\/\/agrarpetrovic.rs\/en\/proizvod\/glifohem-10-1-herbicid\/","title":{"rendered":"Glifohem 10\/1 &#8211; herbicid"},"content":{"rendered":"<div class=\"product-harvest\">\n<p class=\"detail\"><strong>Primena:<\/strong><\/p>\n<table>\n<thead>\n<tr class=\"bg-4\">\n<th>USEV \/ ZASAD<\/th>\n<th>KOLI\u010cINA PRIMENE<\/th>\n<th>VREME PRIMENE<\/th>\n<\/tr>\n<\/thead>\n<tbody>\n<tr class=\"bg-sec-4\">\n<td class=\"bg-4\"><a href=\"https:\/\/www.agromarketsrbija.rs\/srb\/zastita-bilja\/programi-zastite\/1029\/Borovnica-i-aronija\">VO\u0106NJACI<\/a><\/td>\n<td>2,0 \u2013 6,0 (20 \u2013 60 ml na 100 m\u00b2)<\/td>\n<td>Tretiranje kada su korovi visine 10 do 40 cm<\/td>\n<\/tr>\n<\/tbody>\n<\/table>\n<\/div>\n<div class=\"product-info\">\n<p><strong>DELOVANJE:<\/strong><\/p>\n<p>herbicid na bazi aktivne materije <em>Glifosat<\/em> pripada grupi <em>Derivati glicina<\/em> koji se apsorbuje lisnom masom i translocira bazipetalno i akropetalno. Inhibira sintezu aromati\u010dnih kiselina te se spre\u010dava sinteza neophodnih aminokiselina za sintezu proteina.<\/p>\n<div><strong>SPEKTAR DELOVANJA:<\/strong><\/div>\n<div><strong>\u00a0<\/strong><\/div>\n<div>JEDNOGODI\u0160NJE I VI\u0160EGODI\u0160NJE USKOLISNE I \u0160IROKOLISNE KOROVSKE VRSTE<\/div>\n<div>\n<p>2-4,0 l\/ha: divlji ovas suzbija slede\u0107e korovske vrste: divlji ovas (<em>Avena spp<\/em>.), klasa\u010da (<em>Bromus spp<\/em>.), muhari (<em>Setaria spp<\/em>.), lipica teofrastova (<em>Abutilon theophrasti<\/em>), ambrozija pelenasta (<em>Ambrosia artemisiifolia<\/em>), \u0161tirevi (<em>Amaranthus spp<\/em>.), ladole\u017e divlji (<em>Calisegia<\/em> <em>sepium<\/em>), tar\u010du\u017eak obi\u010dni (<em>Capsella bursa-pastoris<\/em>), pepeljuge (<em>Chenopodium spp<\/em>.), tatula (<em>Datura stramonium<\/em>), svra\u010dice (<em>Digitaria<\/em> <em>spp<\/em>.), proso korovsko (<em>Echinochloa crus-galli<\/em>), konica obi\u010dna (<em>Galinsoga parviflora<\/em>), bro\u0107ika (<em>Galium aparine<\/em>), mrtva kopriva crvena (<em>Lamium purpureum<\/em>), ljuljevi (<em>Lolium spp<\/em>.), bokvice (<em>Plantago spp<\/em>.), livadarke (<em>Poa spp<\/em>.), dvornici (<em>Polygonum spp<\/em>.), krstica obi\u010dna (<em>Senecio vulgaris<\/em>), goru\u0161ica njivska (<em>Sinapis arvensis<\/em>), gor\u010dike (<em>Sonchus asper, S. oleraceus<\/em>), \u010distac jednogodi\u0161nji (<em>Stachys<\/em> <em>annua<\/em>), mi\u0161jakinja obi\u010dna (<em>Stellaria media<\/em>), kravlja trava (<em>Thlaspi arvense<\/em>), \u010destoslavice (<em>Veronica spp<\/em>.), grahorice (<em>Vicia spp<\/em>.), ljubi\u010dica poljska (<em>Viola arvensis<\/em>), boce (<em>Xanthium spp<\/em>.) Tretiranjem pred cvetanje i u fazi cvetanja korova u koli\u010dini od 3-4 l\/ha: pirevina obi\u010dna (<em>Agropyron repens<\/em>), a od faze kada je korov 40-50 cm visine pa do faze metli\u010denja u koli\u010dini od 3,5-5,0 l\/ha divlji sirak iz rizoma (<em>Sorghum halepense<\/em>) Tretiranjem u fazi intenzivnog porasta do po\u010detka cvetanja u koli\u010dini od 4-6 l\/ha: crni pelin (<em>Artemisia vulgaris<\/em>), \u010di\u010dak obi\u010dni (<em>Articum spp<\/em>.), palamida njivska (<em>Cirsium arvense<\/em>), mle\u010dike (<em>Euphorbia spp<\/em>.), graor krtolasti (<em>Lathyrus tuberosus<\/em>), nane (<em>Mentha<\/em> <em>spp<\/em>.), petoprsnica puze\u0107a (<em>Potentila repens<\/em>), ljuti\u0107 puze\u0107i (<em>Ranunculus repens<\/em>), \u0161tavelji (<em>Rumex spp<\/em>.), masla\u010dak obi\u010dni (<em>Taraxacum<\/em> <em>officinale<\/em>), podbel (<em>Tussilago farfara<\/em>), koprive (<em>Urtica spp<\/em>.) Tretiranjem u fazi cvetanja u koli\u010dini od 6-8 l\/ha suzbija poponac njivski (<em>Convolvulus arvensis<\/em>), a kada je korov 15-20 cm visine do po\u010detka klasanja u koli\u010dini od 6-8 l\/ha zuba\u010du obi\u010dnu (<em>Cynodon dactylon<\/em>), a u vreme nedozrelih plodova u koli\u010dini od 6-8 l\/ha kupinu (<em>Rubus spp<\/em>.) Tretiranjem u fazi intenzivnog porasta do po\u010detka cvetanja u koli\u010dini od 8-12 l\/ha: rastavi\u0107 (<em>Equisetum arvense<\/em>), \u0161ilja (<em>Cyperus<\/em> <em>rotundus<\/em>), kanadska hudoljetnica (<em>Erigeron canadensis<\/em>), trska (<em>Phragmites communis<\/em>), rogoz (<em>Typha spp<\/em>.)<\/p>\n<\/div>\n<div><strong>PREPORUKE I NAPOMENE:<\/strong><\/div>\n<div>\n<p>na tretiranim povr\u0161inama zabranjena je ispa\u0161a mle\u010dne stoke i kori\u0161\u0107enje osu\u0161ene trave za njenu ishranu. Ispa\u0161a ostale stoke i kori\u0161\u0107enje osu\u0161ene trave za njenu ishranu je mogu\u0107a nakon 7 dana od primene. Ne sme se primenjivati u zasadima vo\u0107a i vinove loze mla\u0111im od 4 godine.<\/p>\n<\/div>\n<\/div>","protected":false},"excerpt":{"rendered":"<p class=\"detail\"><strong>Klasa:<\/strong> <span class=\"klasa\">Sistemi\u010dni neselektivni herbicid<\/span><\/p>\n<p class=\"detail\"><strong>Aktivna materija:<\/strong> <span class=\"aktivna-materija\">Glifosat IPA 480 g\/l<\/span><\/p>\n<p class=\"detail\"><strong>Formulacija:<\/strong> <span class=\"formulacija\">SL \u2013 koncentrovani rastvor<\/span><\/p>\n<p class=\"detail\"><strong>Pakovanje:<\/strong> <span class=\"pakovanje\">1 l, 10 l, 200 l, 640 l<\/span><\/p>\n<p class=\"detail\"><strong>Karenca:<\/strong> <span class=\"karenca\">35 dana<\/span><\/p>\n<p class=\"detail\"><strong>Plodored:<\/strong> <span class=\"plodored\">nema ograni\u010denja<\/span><\/p>\n<p class=\"detail\"><strong>Radna Karenca:<\/strong> <span class=\"radna-karenca\">12 sati<\/span><\/p>","protected":false},"featured_media":8482,"template":"","meta":[],"product_brand":[529],"product_cat":[449],"product_tag":[622],"class_list":{"0":"post-7920","1":"product","2":"type-product","3":"status-publish","4":"has-post-thumbnail","6":"product_brand-agromarket","7":"product_cat-herbicidi-2","8":"product_tag-glifosat-ipa-480-g-l","10":"first","11":"outofstock","12":"product-type-simple"},"_links":{"self":[{"href":"https:\/\/agrarpetrovic.rs\/en\/wp-json\/wp\/v2\/product\/7920","targetHints":{"allow":["GET"]}}],"collection":[{"href":"https:\/\/agrarpetrovic.rs\/en\/wp-json\/wp\/v2\/product"}],"about":[{"href":"https:\/\/agrarpetrovic.rs\/en\/wp-json\/wp\/v2\/types\/product"}],"wp:featuredmedia":[{"embeddable":true,"href":"https:\/\/agrarpetrovic.rs\/en\/wp-json\/wp\/v2\/media\/8482"}],"wp:attachment":[{"href":"https:\/\/agrarpetrovic.rs\/en\/wp-json\/wp\/v2\/media?parent=7920"}],"wp:term":[{"taxonomy":"product_brand","embeddable":true,"href":"https:\/\/agrarpetrovic.rs\/en\/wp-json\/wp\/v2\/product_brand?post=7920"},{"taxonomy":"product_cat","embeddable":true,"href":"https:\/\/agrarpetrovic.rs\/en\/wp-json\/wp\/v2\/product_cat?post=7920"},{"taxonomy":"product_tag","embeddable":true,"href":"https:\/\/agrarpetrovic.rs\/en\/wp-json\/wp\/v2\/product_tag?post=7920"}],"curies":[{"name":"wp","href":"https:\/\/api.w.org\/{rel}","templated":true}]}}