{"id":7921,"date":"2025-09-20T00:10:58","date_gmt":"2025-09-19T22:10:58","guid":{"rendered":"https:\/\/agrarpetrovic.rs\/proizvod\/glifomark1-l-herbicid\/"},"modified":"2025-10-23T11:56:08","modified_gmt":"2025-10-23T09:56:08","slug":"glifomark1-l-herbicid","status":"publish","type":"product","link":"https:\/\/agrarpetrovic.rs\/en\/proizvod\/glifomark1-l-herbicid\/","title":{"rendered":"Glifomark 1 l &#8211; herbicid"},"content":{"rendered":"<div class=\"span9\">\n<div class=\"product-harvest\">\n<p class=\"detail\"><strong>Primena:<\/strong><\/p>\n<table>\n<thead>\n<tr class=\"bg-4\">\n<th>USEV \/ ZASAD<\/th>\n<th>KOLI\u010cINA PRIMENE<\/th>\n<th>VREME PRIMENE<\/th>\n<\/tr>\n<\/thead>\n<tbody>\n<tr class=\"bg-sec-4\">\n<td class=\"bg-4\"><a href=\"https:\/\/www.agromarketsrbija.rs\/srb\/zastita-bilja\/programi-zastite\/1002\/STRNA-ZITA\">STRNI\u0160TA NEPOLJOPRIVREDNE POVR\u0160INE<\/a><\/td>\n<td>2 \u2013 12,0 2,0 \u2013 12,0<\/td>\n<td>Tretman u vreme kada su korovi visine 15 do 40 cm visine Tretman kada su korovske vrste u fazi intenzivnog porasta do po\u010detka cvetanja<\/td>\n<\/tr>\n<\/tbody>\n<\/table>\n<\/div>\n<div class=\"product-info\">\n<p><strong>DELOVANJE:<\/strong><\/p>\n<p>neselektivni herbicid, usvaja se lisnom masom. Kre\u0107e se navi\u0161e i nani\u017ee u biljci, inaktivira se u kontaktu sa zemlji\u0161tem. Inhibira EPSP, odnosno sintezu aromati\u010dnih kiselina \u010dime spre\u010dava sintezu neophodnih aminokiselina za proizvodnju proteina.<\/p>\n<p><strong>SPEKTAR DELOVANJA:\u00a0<\/strong><\/p>\n<p>JEDNOGODI\u0160NJE I VI\u0160EGODI\u0160NJE USKOLISNE I \u0160IROKOLISNE KOROVSKE VRSTE<\/p>\n<p>\u2013 2-3 l\/ha (20-30 ml na 100 m2), za vrste iz roda <em>Avena, Bromus, Setaria<\/em>, tretiranjem u fazi intenzivnog porasta.<\/p>\n<p>\u2013 2-4 l\/ha (20-40 ml na 100 m2), za slede\u0107e vrste: <em>Digitaria spp., Echinochloa crus-galli, Lolium spp., Poa spp., Abutilon theophrasti, Amaranthus spp., Ambrosia artemisiifolia, Calistegia sepium, Capsella bursa-pastoris, Chenopodim spp., Galinsoga parviflora, Galium aparine, Plantago spp., Polygonum spp., Senecio vulgaris, Sinapis arvensis, Sonchus asper, S. oleraceus, Stachys annua, Stellaria media, Thlaspi arvense, Veronica spp., Vicia spp., Viola arvensis<\/em>, tretiranjem u fazi intenzivnog porasta.<\/p>\n<p>\u2013 3-4 l\/ha (30-40 ml na 100 m2), za slede\u0107e vrste: <em>Panicum spp., Festucaspp., Lepidium draba, Datura stramonium, Solanum nigrum, Sonchus arvensis, Xanthium spp.<\/em>, tretiranjem u fazi intenzivnog porasta, a za <em>Agropyrum repens<\/em>, tretiranjem pred cvetanje i u fazicvetanja.<\/p>\n<p>\u2013 3,5-5 l\/ha (35-50 ml na 100 m2), za <em>Sorghum halepense <\/em>iz rizoma, tretiranjem od 40-50 cm visine pa do faze metli\u010denja.<\/p>\n<p>\u2013 4-6 l\/ha (40-60 ml na 100 m2), za <em>Convolvulus arvensis <\/em>(tretiranjem u fazi cvetanja), <em>Cynodon dactylon <\/em>(tretiranjem kada je korov 15-20 cm visine do po\u010detka klasanja), <em>Rubus spp<\/em>. (tretiranjem u vreme nedozrelih plodova), <em>Erigeron canadensis, Cyperus rotundus,<\/em> <em>Phragmites communis, Typha spp<\/em>. (tretiranjem u fazi intenzivnog porasta do po\u010detka cvetanja).<\/p>\n<p>\u2013 8-12 l\/ha (80-120 ml na 100 m2), za <em>Equisetum arvense<\/em>, tretiranjem u fazi intenzivnog porasta do po\u010detka cvetanja.<\/p>\n<p><strong>PREPORUKE I NAPOMENE:\u00a0<\/strong><\/p>\n<p>na tretiranim povr\u0161inama zabranjena je ispa\u0161a mle\u010dne stoke i kori\u0161\u0107enje osu\u0161ene trave za ishranu stoke. Ispa\u0161a ostale stoke, kao i kori\u0161\u0107enje osu\u0161ene trave za ishranu stoke je mogu\u0107a 7 dana posle primene. Tretirana povr\u0161ina strni\u0161ta se ne sme obra\u0111ivati najmanje 14 dana posle primene. Ko\u0161enje livada i pa\u0161njaka se mo\u017ee obaviti 7 dana posle, a ponovna setva trava 14 dana nakon primene. Slama, odnosno suva korovska masa, sa tretiranih povr\u0161ina se ne sme koristiti za pripremu komposta, koji se koristi u proizvodnji povr\u0107a. Tretirane korove ne treba zaoravati ili frezirati najmanje 2-3 nedelje posle primene. Ponovno pu\u0161tanje vode u kanale je 7 dana posle primene. Spre\u010diti zano\u0161enje preparata na sve zeljaste gajene biljke, kao i na zelene delove vi\u0161egodi\u0161njih zasada.<\/p>\n<\/div>\n<\/div>","protected":false},"excerpt":{"rendered":"<p class=\"detail\"><strong>Klasa:<\/strong> <span class=\"klasa\">Sistemi\u010dni neselektivni herbicid<\/span><\/p>\n<p class=\"detail\"><strong>Aktivna materija:<\/strong> <span class=\"aktivna-materija\">Glifosat IPA 480 g\/l<\/span><\/p>\n<p class=\"detail\"><strong>Formulacija:<\/strong> <span class=\"formulacija\">SL &#8211; koncentrovani rastvor<\/span><\/p>\n<p class=\"detail\"><strong>Karenca:<\/strong> <span class=\"karenca\">OVP<\/span><\/p>","protected":false},"featured_media":8483,"template":"","meta":[],"product_brand":[529],"product_cat":[449],"product_tag":[622],"class_list":{"0":"post-7921","1":"product","2":"type-product","3":"status-publish","4":"has-post-thumbnail","6":"product_brand-agromarket","7":"product_cat-herbicidi-2","8":"product_tag-glifosat-ipa-480-g-l","10":"first","11":"outofstock","12":"purchasable","13":"product-type-simple"},"_links":{"self":[{"href":"https:\/\/agrarpetrovic.rs\/en\/wp-json\/wp\/v2\/product\/7921","targetHints":{"allow":["GET"]}}],"collection":[{"href":"https:\/\/agrarpetrovic.rs\/en\/wp-json\/wp\/v2\/product"}],"about":[{"href":"https:\/\/agrarpetrovic.rs\/en\/wp-json\/wp\/v2\/types\/product"}],"wp:featuredmedia":[{"embeddable":true,"href":"https:\/\/agrarpetrovic.rs\/en\/wp-json\/wp\/v2\/media\/8483"}],"wp:attachment":[{"href":"https:\/\/agrarpetrovic.rs\/en\/wp-json\/wp\/v2\/media?parent=7921"}],"wp:term":[{"taxonomy":"product_brand","embeddable":true,"href":"https:\/\/agrarpetrovic.rs\/en\/wp-json\/wp\/v2\/product_brand?post=7921"},{"taxonomy":"product_cat","embeddable":true,"href":"https:\/\/agrarpetrovic.rs\/en\/wp-json\/wp\/v2\/product_cat?post=7921"},{"taxonomy":"product_tag","embeddable":true,"href":"https:\/\/agrarpetrovic.rs\/en\/wp-json\/wp\/v2\/product_tag?post=7921"}],"curies":[{"name":"wp","href":"https:\/\/api.w.org\/{rel}","templated":true}]}}