{"id":7926,"date":"2025-09-20T00:10:58","date_gmt":"2025-09-19T22:10:58","guid":{"rendered":"https:\/\/agrarpetrovic.rs\/proizvod\/harmony-75-wg-16-g-herbicid\/"},"modified":"2025-10-23T11:56:09","modified_gmt":"2025-10-23T09:56:09","slug":"harmony-75-wg-16-g-herbicid","status":"publish","type":"product","link":"https:\/\/agrarpetrovic.rs\/en\/proizvod\/harmony-75-wg-16-g-herbicid\/","title":{"rendered":"Harmony 75 WG 16 g &#8211; herbicid"},"content":{"rendered":"<div class=\"product-harvest\">\n<p class=\"detail\"><strong>Primena:<\/strong><\/p>\n<table>\n<thead>\n<tr class=\"bg-4\">\n<th>USEV \/ ZASAD<\/th>\n<th>KOLI\u010cINA PRIMENE<\/th>\n<th>VREME PRIMENE<\/th>\n<\/tr>\n<\/thead>\n<tbody>\n<tr class=\"bg-sec-4\">\n<td class=\"bg-4\"><a href=\"https:\/\/www.agromarketsrbija.rs\/srb\/zastita-bilja\/programi-zastite\/1003\/Soja\">SOJA<\/a><\/td>\n<td>8 g \/ ha + Trend 90 (0,1%)<\/td>\n<td>Posle nicanja useva, u fazi prve potpuno razvijene troliske (faza 13 BBCH skale), a kada korovi imaju razvijena 2-4 lista<\/td>\n<\/tr>\n<tr class=\"bg-sec-4\">\n<td class=\"bg-4\"><a href=\"https:\/\/www.agromarketsrbija.rs\/srb\/zastita-bilja\/programi-zastite\/1007\/Lucerka-Crvena-detelina-Zuti-zvezdan\">LUCERKA<\/a><\/td>\n<td>15 &#8211; 20 g + Trend 90 (0,1%)<\/td>\n<td>U zasnovanom usevu lucerke u drugoj godini ili kasnije, tretiranjem rano u prole\u0107e pre po\u010detka vegetacije lucerke<\/td>\n<\/tr>\n<\/tbody>\n<\/table>\n<\/div>\n<div class=\"product-info\">\n<p><strong>DELOVANJE:<\/strong><\/p>\n<p>aktivna materija pripada grupi <em>Sulfoniluree<\/em>, a biljka je usvaja uglavnom kroz listove i brzo translocira kroz celu biljku. Kao i svi \u010dlanovi ove grupe herbicida inhibira aktivnost enzima acetolaktat-sintetaze (ALS). Deluje tako \u0161to spre\u010dava deobu \u0107elija u izdancima i korenu kod osetljivih korova. Osetljivi korovi zaustavljaju rast posle nekoliko \u010dasova od primene, a drugi simptomi su vidljivi tek 5-10 dana kasnije, a potpuno uginu za 15-25 dana. Manje osetljivi korovi i odrasliji korovi ostaju zakr\u017eljali i ne konkuri\u0161u usevu za vodu i hranljive materije.<\/p>\n<div><strong>SPEKTAR DELOVANJA<\/strong><\/div>\n<div><\/div>\n<div>JEDNOGODI\u0160NJE \u0160IROKOLISNE KOROVSKE VRSTE:<\/div>\n<div>\n<p>lipica teofrastova (<em>Abutilon theophrasti<\/em>), \u0161tir bljutavi (<em>Amaranthus blitoides<\/em>), \u0161tir obi\u010dni (<em>Amaranthus retroflexus<\/em>), vidov\u010dica crvena (<em>Anagallis arvensis<\/em>), prstenak poljski (<em>Anthemis arvensis<\/em>), pepeljuga obi\u010dna (<em>Chenopodium album<\/em>), pepeljuga srcolisna (<em>Ch.<\/em> <em>hybridum<\/em>), pepeljuga mnogocvetna (<em>Ch. polyspermum<\/em>), konica obi\u010dna (<em>Galinsoga parviflora<\/em>), lubeni\u010darka njivska (<em>Hibiscus trionum<\/em>), mrtva kopriva crvena (<em>Lamium purpureum<\/em>), kamilica prava (<em>Matricaria chamomilla<\/em>), pti\u010dji dvornik (<em>Polygonum aviculare<\/em>), ljuti\u0107 njivski (<em>Ranunculus arvensis<\/em>), goru\u0161ica poljska (<em>Sinapis arvensis<\/em>), \u010distac jednogodi\u0161nji (<em>Stachys annua<\/em>), samonikli suncokret (<em>Helianthus<\/em> <em>annuus<\/em>), dvornik veliki (<em>Polygonum lapathifolium<\/em>), dvornik obi\u010dni (<em>Polygonum persicaria<\/em>).<\/p>\n<p><strong>PREPORUKE I NAPOMENE:\u00a0<\/strong><\/p>\n<p>uspe\u0161no se mo\u017ee me\u0161ati sa drugim herbicidima<strong> (Ikarus, Bentamark\u00a0i herbicidi na bazi klomazona)<\/strong> radi pro\u0161irenja spektra delovanja. Ne me\u0161a se sa organofosfornim insekticidima. Ne sme se primenjivati na kosim i erozivnim terenima i kra\u0161kim poljima zbog ispirljivosti. Na tretiranim povr\u0161inama, 7 dana pre i 4 dana posle primene ne smeju se koristiti organofosforni insekticidi. Lak za upotrebu, a najefikasniji kada se primenjuje na male korove, kada su u po\u010detnom porastu. Upotrebom herbicida<strong> Harmony 75 WG<\/strong> posti\u017ee se uspe\u0161na za\u0161tita soje od korova, a posebno odli\u010dno delovanje na pepeljugu (<em>Chenopodium album<\/em>) i dvornike (<em>Polygonum spp.<\/em>).<br \/>\nObavezna primena uz dodatak okva\u0161iva\u010da.<\/p>\n<\/div>\n<\/div>","protected":false},"excerpt":{"rendered":"<p class=\"detail\"><strong>Klasa:<\/strong> <span class=\"klasa\">Selektivni translokacioni herbicid<\/span><\/p>\n<p class=\"detail\"><strong>Aktivna materija:<\/strong> <span class=\"aktivna-materija\">Tifensulfuron-metil 750 g\/kg<\/span><\/p>\n<p class=\"detail\"><strong>Formulacija:<\/strong> <span class=\"formulacija\">WG \u2013 vodorastvorljive granule<\/span><\/p>\n<p class=\"detail\"><strong>Proizvo\u0111a\u010d:<\/strong> <span class=\"proizvo\u0111a\u010d\">FMC<\/span><\/p>\n<p class=\"detail\"><strong>Karenca:<\/strong> <span class=\"karenca\">OVP<\/span><\/p>","protected":false},"featured_media":8490,"template":"","meta":[],"product_brand":[529],"product_cat":[449],"product_tag":[725],"class_list":{"0":"post-7926","1":"product","2":"type-product","3":"status-publish","4":"has-post-thumbnail","6":"product_brand-agromarket","7":"product_cat-herbicidi-2","8":"product_tag-tifensulfuron-metil-750-g-kg","10":"first","11":"outofstock","12":"product-type-simple"},"_links":{"self":[{"href":"https:\/\/agrarpetrovic.rs\/en\/wp-json\/wp\/v2\/product\/7926","targetHints":{"allow":["GET"]}}],"collection":[{"href":"https:\/\/agrarpetrovic.rs\/en\/wp-json\/wp\/v2\/product"}],"about":[{"href":"https:\/\/agrarpetrovic.rs\/en\/wp-json\/wp\/v2\/types\/product"}],"wp:featuredmedia":[{"embeddable":true,"href":"https:\/\/agrarpetrovic.rs\/en\/wp-json\/wp\/v2\/media\/8490"}],"wp:attachment":[{"href":"https:\/\/agrarpetrovic.rs\/en\/wp-json\/wp\/v2\/media?parent=7926"}],"wp:term":[{"taxonomy":"product_brand","embeddable":true,"href":"https:\/\/agrarpetrovic.rs\/en\/wp-json\/wp\/v2\/product_brand?post=7926"},{"taxonomy":"product_cat","embeddable":true,"href":"https:\/\/agrarpetrovic.rs\/en\/wp-json\/wp\/v2\/product_cat?post=7926"},{"taxonomy":"product_tag","embeddable":true,"href":"https:\/\/agrarpetrovic.rs\/en\/wp-json\/wp\/v2\/product_tag?post=7926"}],"curies":[{"name":"wp","href":"https:\/\/api.w.org\/{rel}","templated":true}]}}