{"id":7927,"date":"2025-09-20T00:10:58","date_gmt":"2025-09-19T22:10:58","guid":{"rendered":"https:\/\/agrarpetrovic.rs\/proizvod\/heliomax-500-g-herbicid\/"},"modified":"2025-10-23T11:56:09","modified_gmt":"2025-10-23T09:56:09","slug":"heliomax-500-g-herbicid","status":"publish","type":"product","link":"https:\/\/agrarpetrovic.rs\/en\/proizvod\/heliomax-500-g-herbicid\/","title":{"rendered":"Heliomax 500 g &#8211; herbicid"},"content":{"rendered":"<p><strong>Heliomax\u00a0<\/strong>je registrovan za primenu u usevima<strong>\u00a0ozima p\u0161enica\/jari je\u010dam<\/strong>\u00a0i to u\u00a0fazi formiranja\u00a0<strong>drugog kolenca do faze zastavi\u010dara<\/strong>\u00a0(BBCH skala 32-41), a uskolisni korovi su u fazi bokorenja<\/p>\n<p><strong>Heliomax\u00a0<\/strong>se primenjuje u dozi od\u00a0<strong>0,75 kg\/ha<\/strong>\u00a0uz dodatak okva\u0161iva\u010da Inex ili Trend 90 (0,1%) sa\u00a0200 do 400 l\/ha vode.<\/p>\n<p><strong>Heliomax\u00a0<\/strong>se\u00a0<strong>mora<\/strong>\u00a0primeniti pre herbicida za suzbijanje \u0161irokolisnih korova.<\/p>\n<p>\u010cetiri (4) nedelje nakon primne preparata\u00a0<strong>Heliomax\u00a0<\/strong>ne seme se sejati sirak i kukuruz, a tri meseca nakon primene ne sme se sejati ra\u017e<\/p>\n<p>Makimalni broj tretiranja preparatom\u00a0<strong>Heliomax\u00a0<\/strong>je jedanput (1), karenca preparata je OVP, a Radna karenca je 24 \u010dasa<\/p>\n<p>Na povr\u0161inama tretiranim herbicidom\u00a0<strong>Heliomax<\/strong>\u00a0zabranjena je ispa\u0161a mle\u010dne stoke te kori\u0161\u0107enje osu\u0161ene\u00a0trave za ishranu stoke.\u00a0Ispa\u0161a\u00a0ostale\u00a0stoke,\u00a0kao\u00a0i\u00a0kori\u0161\u0107enje\u00a0osu\u0161ene\u00a0trave\u00a0za\u00a0ishranu\u00a0stoke\u00a0mogu\u0107e\u00a0je\u00a028\u00a0dana\u00a0od dana\u00a0primene.<\/p>","protected":false},"excerpt":{"rendered":"<p><strong>Heliomax\u00a0<\/strong>(<em>Tralkoksidim (<\/em>400 g\/kg)\u00a0je sistemi\u010dni, selektivni herbicid formulisan u obliku vododisperzibilnih granula (WG), a namenjen suzbijanju jednogodi\u0161njih i vi\u0161egodi\u0161njih uskolisnih korovskih biljaka: \u00a0divlji ovas\u00a0 (<em>Avena fatua<\/em>)\u00a0mi\u0161ji rep\u00a0(<em>Alopecurus myosoroides<\/em>), veliki muhar (<em>Echinochloa crus-galli<\/em>), divlji sirak (<em>Sorghum halepense<\/em>), italijanski ljulj (<em>Lolium multiforum)<\/em>, sivi muhar (<em>Setaria glauca<\/em>), zeleni muhar (<em>Setaria viridis<\/em>)\u00a0u usevima strnina. Biljka ga usvaja\u00a0lisnom masom i preparat se kre\u0107e kroz biljku bazipetalno i akropetalno.<\/p>","protected":false},"featured_media":8492,"template":"","meta":[],"product_brand":[529],"product_cat":[449],"product_tag":[742],"class_list":{"0":"post-7927","1":"product","2":"type-product","3":"status-publish","4":"has-post-thumbnail","6":"product_brand-agromarket","7":"product_cat-herbicidi-2","8":"product_tag-tralkoksidim-400-g-kg","10":"first","11":"outofstock","12":"product-type-simple"},"_links":{"self":[{"href":"https:\/\/agrarpetrovic.rs\/en\/wp-json\/wp\/v2\/product\/7927","targetHints":{"allow":["GET"]}}],"collection":[{"href":"https:\/\/agrarpetrovic.rs\/en\/wp-json\/wp\/v2\/product"}],"about":[{"href":"https:\/\/agrarpetrovic.rs\/en\/wp-json\/wp\/v2\/types\/product"}],"wp:featuredmedia":[{"embeddable":true,"href":"https:\/\/agrarpetrovic.rs\/en\/wp-json\/wp\/v2\/media\/8492"}],"wp:attachment":[{"href":"https:\/\/agrarpetrovic.rs\/en\/wp-json\/wp\/v2\/media?parent=7927"}],"wp:term":[{"taxonomy":"product_brand","embeddable":true,"href":"https:\/\/agrarpetrovic.rs\/en\/wp-json\/wp\/v2\/product_brand?post=7927"},{"taxonomy":"product_cat","embeddable":true,"href":"https:\/\/agrarpetrovic.rs\/en\/wp-json\/wp\/v2\/product_cat?post=7927"},{"taxonomy":"product_tag","embeddable":true,"href":"https:\/\/agrarpetrovic.rs\/en\/wp-json\/wp\/v2\/product_tag?post=7927"}],"curies":[{"name":"wp","href":"https:\/\/api.w.org\/{rel}","templated":true}]}}