{"id":7929,"date":"2025-09-20T00:10:58","date_gmt":"2025-09-19T22:10:58","guid":{"rendered":"https:\/\/agrarpetrovic.rs\/proizvod\/isabion-1-1\/"},"modified":"2025-10-23T11:56:09","modified_gmt":"2025-10-23T09:56:09","slug":"isabion-1-1","status":"publish","type":"product","link":"https:\/\/agrarpetrovic.rs\/en\/proizvod\/isabion-1-1\/","title":{"rendered":"Isabion 1\/1"},"content":{"rendered":"<div class=\"lg:tw-grid tw-gap-2 tw-grid-cols-2 tw-mb-4\">\n<div class=\"tw-mb-4 field-inline-comma-separated field field--name-field-product-cp-formulation field--type-entity-reference field--label-above\">\n<div>\n<p><strong>Preporu\u010dene koli\u010dine, vreme i na\u010din primene<\/strong><\/p>\n<\/div>\n<\/div>\n<\/div>\n<div class=\"lg:tw-grid tw-gap-2 tw-grid-cols-2 tw-mb-4\">\n<div class=\"tw-mb-4 field-inline-comma-separated field field--name-field-product-cp-formulation field--type-entity-reference field--label-above\">\n<div>\n<div class=\"table-mobile-effect\">\n<div class=\"table-wrapper tw-overflow-y-auto\">\n<table border=\"0\" cellspacing=\"0\" cellpadding=\"0\" align=\"left\" data-once=\"table\">\n<tbody>\n<tr>\n<td><strong>B<\/strong><strong>iljna vrsta<\/strong><\/td>\n<td><strong>Koli\u010dina primene<\/strong><\/td>\n<td><strong>Vreme primene<\/strong><\/td>\n<td><strong>Napomene<\/strong><\/td>\n<\/tr>\n<tr>\n<td rowspan=\"4\"><strong>Jabu\u010dasto vo\u0107e<\/strong><\/td>\n<td rowspan=\"4\">2-4 l\/ha<\/td>\n<td>Pred cvetanje<\/td>\n<td rowspan=\"4\">U slu\u010daju o\u0161te\u0107enja od mraza, odmah primenti <strong>ISABION\u00ae<\/strong>, u koli\u010dini od 4 l\/ha, sa najmanje tri tretmana. Ako su biljke o\u0161te\u0107ene gradom, primeniti 3 l\/ha u cilju bolje regeneracije o\u0161te\u0107enih delova. U uslovima su\u0161e ili pojave oboljenja, pove\u0107ava otpornost biljaka, primenjen u koli\u010dini od 3 l\/ha<\/td>\n<\/tr>\n<tr>\n<td>Nakon opadanja kruni\u010dnih listi\u0107a i po\u010detka formiranja plodova<\/td>\n<\/tr>\n<tr>\n<td>Plodovi 40 mm<\/td>\n<\/tr>\n<tr>\n<td>Plodovi dostigli krajnju veli\u010dinu<\/td>\n<\/tr>\n<tr>\n<td rowspan=\"4\"><strong>Ko\u0161ti\u010davo vo\u0107e<\/strong><\/td>\n<td rowspan=\"4\">2-2,5 l\/ha<\/td>\n<td>Pred cvetanje<\/td>\n<td rowspan=\"4\">U slu\u010daju o\u0161te\u0107enja od mraza, odmah primenti <strong>ISABION\u00ae<\/strong>, 2 l\/ha, sa najmanje tri tretmana. Ako su biljke o\u0161te\u0107ene gradom, primeniti 2 l\/ha u cilju bolje regeneracije o\u0161te\u0107enih delova. U uslovima su\u0161e ili pojave oboljenja, pove\u0107ava otpornost biljaka, primenjen u koli\u010dini 2,5 l\/ha<\/td>\n<\/tr>\n<tr>\n<td>Nakon opadanja kruni\u010dnih listi\u0107a i po\u010detka formiranja plodova<\/td>\n<\/tr>\n<tr>\n<td>Plodovi veli\u010dine le\u0161nika<\/td>\n<\/tr>\n<tr>\n<td>U vreme formiranih plodova<\/td>\n<\/tr>\n<tr>\n<td rowspan=\"4\"><strong>Jagodi\u010dasto vo\u0107e<\/strong><\/td>\n<td rowspan=\"4\">2-3 l\/ha<\/td>\n<td>Na po\u010detku vegetacije<\/td>\n<td rowspan=\"4\">U jagodama, sistemom kap po kap, se primenjuje 5-6 l\/ha, od fenofaze vegetativnog porasta do 15-20 dana pred poslednju berbu. Interval primene na 15 dana.<\/td>\n<\/tr>\n<tr>\n<td>20-30 dana pred cvetanje<\/td>\n<\/tr>\n<tr>\n<td>Na po\u010detku formiranja plodova, svakih 15-20 dana u vreme plodono\u0161enja, do kraja berbe<\/td>\n<\/tr>\n<tr>\n<td>U jesen pre ulaska biljaka u mirovanje<\/td>\n<\/tr>\n<tr>\n<td rowspan=\"3\"><strong>Vinova loza<\/strong><\/td>\n<td rowspan=\"3\">2-2,5 l\/ha<\/td>\n<td>Pred cvetanje<\/td>\n<td rowspan=\"11\">Na povr\u0161ini od 1 ha primenjuje se u koli\u010dini vode 600 do 1000 l\/ha. Koli\u010dina rastvora treba da obezbedi optimalnu pokrivenost lisne povr\u0161ine, vode\u0107i ra\u010duna da ne do\u0111e do kapanja rastvora sredstva sa lista, odnosno gubitka <strong>ISABION\u00ae<\/strong>-a.<\/td>\n<\/tr>\n<tr>\n<td>Nakon zavr\u0161etka cvetanja<\/td>\n<\/tr>\n<tr>\n<td>\u0160arak<\/td>\n<\/tr>\n<tr>\n<td rowspan=\"3\"><strong>Ko\u0161tuni\u010davo vo\u0107e<\/strong><\/td>\n<td rowspan=\"3\">2,5 l\/ha<\/td>\n<td>Pre cvetanje<\/td>\n<\/tr>\n<tr>\n<td>Nakon zavr\u0161etka cvetanja<\/td>\n<\/tr>\n<tr>\n<td>U vreme formiranja plodova<\/td>\n<\/tr>\n<tr>\n<td rowspan=\"2\"><strong>Pasulj i gra\u0161ak<\/strong><\/td>\n<td rowspan=\"2\">3 l\/ha<\/td>\n<td>Pre cvetanja<\/td>\n<\/tr>\n<tr>\n<td>Naredna tri tretmana, u intervalu 10-15 dana<\/td>\n<\/tr>\n<tr>\n<td rowspan=\"3\"><strong>Krompir<\/strong><\/td>\n<td rowspan=\"3\">2,5-3 l\/ha<\/td>\n<td>Biljke visine 15 cm<\/td>\n<\/tr>\n<tr>\n<td>Po\u010detak razvoja krtola<\/td>\n<\/tr>\n<tr>\n<td>15 dana nakon prethodne<\/td>\n<\/tr>\n<tr>\n<td rowspan=\"4\"><strong>Paradajz, paprika, plavi patlid\u017ean<\/strong><\/td>\n<td rowspan=\"4\">2,5 l\/ha u zatvorenom prostoru, 3 l\/ha na otvorenom polju<\/td>\n<td>Desetak dana nakon rasa\u0111ivanja, odnosno kada su biljke iz direktne setve visine 10 cm.<\/td>\n<td rowspan=\"11\">U plodovitom povr\u0107u (paprika, paradajz, plavi patlid\u017ean), a i u vre\u017eastom (krastavac) u sistemu kap po kap, primenjuje se 2-4 l\/ha u ranoj fazi razvoja biljaka (10-15 dana posle rasa\u0111ivanja ili u fazi 4-5 listova). Nakon toga primenjuje se 3-4 l\/ha pre cvetanja i na kraju 4-5 l\/ha u fazi plodono\u0161enja kada se mo\u017ee primeniti 2-3 puta.<\/td>\n<\/tr>\n<tr>\n<td>Pred cvetanje<\/td>\n<\/tr>\n<tr>\n<td>Na po\u010detku formiranja plodova<\/td>\n<\/tr>\n<tr>\n<td>U vreme promene boje ploda<\/td>\n<\/tr>\n<tr>\n<td rowspan=\"2\"><strong>Kupus, mrkva<\/strong><\/td>\n<td rowspan=\"2\">3-4 l\/ha<\/td>\n<td>Posle rasa\u0111ivanja kupusa, odnosno kada je koren mrkve veli\u010dine olovke, i to sa manjom koli\u010dinom primene<\/td>\n<\/tr>\n<tr>\n<td>Nastaviti sa dva tretmana u kupusu, u intervalu od 20 dana, odnosno sa 3-4 tretmana u mrkvi sa razmakom izme\u0111u tretmana 15-20 dana<\/td>\n<\/tr>\n<tr>\n<td><strong>Spana\u0107, zelena salata, celer<\/strong><\/td>\n<td>2-3 l\/ha<\/td>\n<td>Pri proizvodnji rasada, kada su razvijena 2-3 lista<\/td>\n<\/tr>\n<tr>\n<td rowspan=\"2\"><strong>Crni i beli luk<\/strong><\/td>\n<td rowspan=\"2\">2-3 l\/ha<\/td>\n<td>Potapanjem lukovica pre sadnje u 3% rastvor <strong>Isabiona,<\/strong>u trajanju 4-5 sati.<\/td>\n<\/tr>\n<tr>\n<td>Nakon nicanja, na svakih 20 dana<\/td>\n<\/tr>\n<tr>\n<td rowspan=\"2\"><strong>Krastavac, lubenica, dinje, tikvice<\/strong><\/td>\n<td rowspan=\"2\">2,5-3 l\/ha<\/td>\n<td>Posle rasa\u0111ivanja<\/td>\n<\/tr>\n<tr>\n<td>Pred cvetanje, u vreme formiranja i sazrevanja plodova<\/td>\n<\/tr>\n<tr>\n<td><strong>Ratarski usevi<\/strong><\/td>\n<td>3-5 l\/ha<\/td>\n<td>U vreme primene herbicida ili po potrebi nakon nicanja useva<\/td>\n<td><\/td>\n<\/tr>\n<\/tbody>\n<\/table>\n<\/div>\n<\/div>\n<\/div>\n<\/div>\n<\/div>","protected":false},"excerpt":{"rendered":"<div class=\"tw-mb-4 field field--name-field-product-cp-composition field--type-entity-reference-revisions field--label-above\">\n<div class=\"field__label tw-font-bold\"><strong>Aktivna materija: <\/strong>10.3% slobodne aminokiseline+10.9% Ukupni azot (N)+10% Slobodni azot (N)<\/div>\n<div><\/div>\n<\/div>\n<div class=\"tw-mb-4 field-inline-comma-separated field field--name-field-product-cp-formulation field--type-entity-reference field--label-above\">\n<div class=\"field__label tw-font-bold\"><strong>Formulacija:<\/strong> Gusta te\u010dnost, braon boje, potpuno rastvorljiva u vodi<\/div>\n<div>\n<p>Primenjuje se folijarno ili zalivanjem (fertigacijom), u vreme va\u017enih fiziolo\u0161kih faza i biolo\u0161ke aktivnosti kada je izra\u017eena potreba biljaka za aminokiselinama i energijom, kao \u0161to su fenofaze rasa\u0111ivanja, cvetanja, formiranja plodova, krtola, lukovica, sazrevanje plodova ili tokom stresnih uslova za biljku, kao \u0161to su niske temperature, nedostatak vode i hraniva, pojava bolesti i \u0161teto\u010dina, fitotoksi\u010dni efekti, o\u0161ete\u010denja od grada itd.<\/p>\n<\/div>\n<\/div>","protected":false},"featured_media":8495,"template":"","meta":[],"product_brand":[531],"product_cat":[532],"product_tag":[543],"class_list":{"0":"post-7929","1":"product","2":"type-product","3":"status-publish","4":"has-post-thumbnail","6":"product_brand-sygenta","7":"product_cat-hemija","8":"product_tag-10-3-slobodne-aminokiseline10-9-ukupni-azot-n10-slobodni-azot-n","10":"first","11":"outofstock","12":"product-type-simple"},"_links":{"self":[{"href":"https:\/\/agrarpetrovic.rs\/en\/wp-json\/wp\/v2\/product\/7929","targetHints":{"allow":["GET"]}}],"collection":[{"href":"https:\/\/agrarpetrovic.rs\/en\/wp-json\/wp\/v2\/product"}],"about":[{"href":"https:\/\/agrarpetrovic.rs\/en\/wp-json\/wp\/v2\/types\/product"}],"wp:featuredmedia":[{"embeddable":true,"href":"https:\/\/agrarpetrovic.rs\/en\/wp-json\/wp\/v2\/media\/8495"}],"wp:attachment":[{"href":"https:\/\/agrarpetrovic.rs\/en\/wp-json\/wp\/v2\/media?parent=7929"}],"wp:term":[{"taxonomy":"product_brand","embeddable":true,"href":"https:\/\/agrarpetrovic.rs\/en\/wp-json\/wp\/v2\/product_brand?post=7929"},{"taxonomy":"product_cat","embeddable":true,"href":"https:\/\/agrarpetrovic.rs\/en\/wp-json\/wp\/v2\/product_cat?post=7929"},{"taxonomy":"product_tag","embeddable":true,"href":"https:\/\/agrarpetrovic.rs\/en\/wp-json\/wp\/v2\/product_tag?post=7929"}],"curies":[{"name":"wp","href":"https:\/\/api.w.org\/{rel}","templated":true}]}}