{"id":7930,"date":"2025-09-20T00:10:58","date_gmt":"2025-09-19T22:10:58","guid":{"rendered":"https:\/\/agrarpetrovic.rs\/proizvod\/karate-04-gr-10-1-herbicid\/"},"modified":"2025-10-23T11:56:09","modified_gmt":"2025-10-23T09:56:09","slug":"karate-04-gr-10-1-herbicid","status":"publish","type":"product","link":"https:\/\/agrarpetrovic.rs\/en\/proizvod\/karate-04-gr-10-1-herbicid\/","title":{"rendered":"Karate 0,4 GR 10\/1 &#8211; herbicid"},"content":{"rendered":"<p><strong>Primena:<\/strong><\/p>\n<div class=\"table-mobile-effect\">\n<div class=\"table-wrapper tw-overflow-y-auto\">\n<table border=\"0\" cellspacing=\"0\" cellpadding=\"0\" align=\"left\" data-once=\"table\">\n<tbody>\n<tr>\n<td><strong>Biljna vrsta<\/strong><\/td>\n<td><strong>\u0160tetni organizmi koje suzbija<\/strong><\/td>\n<td><strong>Koli\u010dina primene<\/strong><\/td>\n<td><strong>Vreme primene<\/strong><\/td>\n<\/tr>\n<tr>\n<td>Kukuruz, sirak, proso<\/td>\n<td>Kukuruzna zlatica (<em>Diabrotica virgifera<\/em>)<\/td>\n<td>12-15 kg\/ha<\/td>\n<td>U vreme setve depozitorima, du\u017e redova<\/td>\n<\/tr>\n<tr>\n<td>Kukuruz, sirak, proso, suncokret, soja, \u0161e\u0107erna repa, uljana repica, duvan<\/td>\n<td>Sovice (<em>Noctuidae<\/em>), \u017di\u010dari (<em>Elateridae<\/em>, <em>Agriotes<\/em> spp.)<\/td>\n<td>10-15 kg\/ha<\/td>\n<td>U vreme setve depozitorima, du\u017e redova<\/td>\n<\/tr>\n<tr>\n<td>Krompir<\/td>\n<td>Sovice (<em>Noctuidae<\/em>), \u017di\u010dari (<em>Elateridae<\/em>, <em>Agriotes<\/em> spp.)<\/td>\n<td>10-15 kg\/ha<\/td>\n<td>Primeniti tokom sadnje ili tokom zagrtanja krtola<\/td>\n<\/tr>\n<tr>\n<td>Paradajz, paprika, krastavac, lubenica, dinja, tikva, tikvica, bundeva, kupus, karfiol, kelj, brokoli, mrkva<\/td>\n<td>Sovice (<em>Noctuidae<\/em>), \u017di\u010dari (<em>Elateridae<\/em>, <em>Agriotes<\/em> spp.)<\/td>\n<td>10-15 kg\/ha<\/td>\n<td>U vreme setve depozitorima, du\u017e redova<\/td>\n<\/tr>\n<tr>\n<td>Salata cikorija, radi\u010d, endivija, rukola, spana\u0107<\/td>\n<td>Sovice (<em>Noctuidae<\/em>), \u017di\u010dari (<em>Elateridae<\/em>, <em>Agriotes<\/em> spp.)<\/td>\n<td>10-15 kg\/ha<\/td>\n<td>U vreme setve depozitorima, du\u017e redova<\/td>\n<\/tr>\n<tr>\n<td>Mak<\/td>\n<td>Sovice (<em>Noctuidae<\/em>), \u017di\u010dari (<em>Elateridae<\/em>, <em>Agriotes<\/em> spp.)<\/td>\n<td>10-15 kg\/ha<\/td>\n<td>U vreme setve depozitorima, du\u017e redova<\/td>\n<\/tr>\n<tr>\n<td>Cve\u0107e i ukrasne biljke<\/td>\n<td>Sovice (<em>Noctuidae<\/em>), \u017di\u010dari (<em>Elateridae<\/em>, <em>Agriotes<\/em> spp.)<\/td>\n<td>10-15 kg\/ha<\/td>\n<td>U vreme setve depozitorima, du\u017e redova<\/td>\n<\/tr>\n<tr>\n<td>Rasadnici vo\u0107aka i drvenastih biljaka<\/td>\n<td>Sovice (<em>Noctuidae<\/em>), \u017di\u010dari (<em>Elateridae<\/em>, <em>Agriotes<\/em> spp.)<\/td>\n<td>10-15 kg\/ha<\/td>\n<td>U vreme setve depozitorima, du\u017e redova<\/td>\n<\/tr>\n<\/tbody>\n<\/table>\n<\/div>\n<\/div>\n<p><strong>Karenca:<\/strong> obezbe\u0111ena vremenom primene.<\/p>\n<p><strong>Posebne napomene:<\/strong> Granule se ne smeju ostavljati na povr\u0161ini zemlji\u0161ta. Ne primenjuje se u zatvorenom prostoru. Mo\u017ee se koristiti jedino direktnom primenom granula u ure\u0111ajima, depozitorima, za primenu granulisanih insekticida zajedno sa setvom. Rastvaranje granula u vodi ili neki drugi na\u010din primene kao \u0161to je razbacivanje granula po povr\u0161ini zemlji\u0161ta nije dozvoljeno.<br \/>\nMogu\u0107nost me\u0161anja: Zbog same formulacije preparata (G-granule), nije predvi\u0111eno me\u0161anje KARATE\u00ae 0.4 GR\u00a0sa drugim preparatima.<\/p>\n<p><strong>Na\u010din delovanja:<\/strong><\/p>\n<p>KARATE\u00ae 0.4 GR\u00a0je insekticid na bazi aktivne materije <strong>lambda-cihalotrin<\/strong> iz hemijske grupe piretroida. Poseduje kontaktno, digestivno i repelentno delovanje na insekte u zemlji\u0161tu i povr\u0161inskim slojevima zemlje.<\/p>\n<div class=\"syn-media-type media media--type-image media--view-mode-default\">\n<div class=\"field field--name-field-media-image field--type-image field--label-hidden field__item\"><\/div>\n<\/div>","protected":false},"excerpt":{"rendered":"<div class=\"tw-mt-4\"><\/div>\n<p><strong>KARATE\u00ae 0.4 GR<\/strong>\u00a0je granulisani insekticid namenjen suzbijanju zemlji\u0161nih \u0161teto\u010dina u kukuruzu, krompiru, soji, suncokretu, uljanoj repici i povr\u0107u.<\/p>\n<div class=\"tw-mt-4\">\n<div class=\"tw-mb-4 tw-uppercase tw-font-bold field field--name-field-product-cp-type field--type-entity-reference field--label-hidden field__items\"><span class=\"field__item\"><strong>Klasa:<\/strong> Insekticid, <\/span><span class=\"field__item\">Sredstvo za za\u0161titu bilja<\/span><\/div>\n<div class=\"tw-mb-4 field field--name-field-product-cp-category field--type-entity-reference field--label-hidden field__items\">\n<p class=\"tw-text-base tw-m-0 tw-inline tw-font-normal\"><strong>Aktivna materija:<\/strong>\u00a0 4 g\/kg lambda-cihalotrin<\/p>\n<\/div>\n<\/div>\n<div class=\"sticky-sidebar-content-wrapper tw-relative\">\n<div class=\"node__content sticky-sidebar-content tw-overflow-y-auto\">\n<div class=\"tw-mb-4 field-inline-comma-separated field field--name-field-product-cp-formulation field--type-entity-reference field--label-above\">\n<div class=\"field__label tw-font-bold\"><strong>Formulacija:<\/strong> Granule (GR)<\/div>\n<\/div>\n<\/div>\n<\/div>\n<p>&nbsp;<\/p>","protected":false},"featured_media":8496,"template":"","meta":[],"product_brand":[531],"product_cat":[449],"product_tag":[826],"class_list":{"0":"post-7930","1":"product","2":"type-product","3":"status-publish","4":"has-post-thumbnail","6":"product_brand-sygenta","7":"product_cat-herbicidi-2","8":"product_tag-4-g-kg-lambda-cihalotrin","10":"first","11":"outofstock","12":"product-type-simple"},"_links":{"self":[{"href":"https:\/\/agrarpetrovic.rs\/en\/wp-json\/wp\/v2\/product\/7930","targetHints":{"allow":["GET"]}}],"collection":[{"href":"https:\/\/agrarpetrovic.rs\/en\/wp-json\/wp\/v2\/product"}],"about":[{"href":"https:\/\/agrarpetrovic.rs\/en\/wp-json\/wp\/v2\/types\/product"}],"wp:featuredmedia":[{"embeddable":true,"href":"https:\/\/agrarpetrovic.rs\/en\/wp-json\/wp\/v2\/media\/8496"}],"wp:attachment":[{"href":"https:\/\/agrarpetrovic.rs\/en\/wp-json\/wp\/v2\/media?parent=7930"}],"wp:term":[{"taxonomy":"product_brand","embeddable":true,"href":"https:\/\/agrarpetrovic.rs\/en\/wp-json\/wp\/v2\/product_brand?post=7930"},{"taxonomy":"product_cat","embeddable":true,"href":"https:\/\/agrarpetrovic.rs\/en\/wp-json\/wp\/v2\/product_cat?post=7930"},{"taxonomy":"product_tag","embeddable":true,"href":"https:\/\/agrarpetrovic.rs\/en\/wp-json\/wp\/v2\/product_tag?post=7930"}],"curies":[{"name":"wp","href":"https:\/\/api.w.org\/{rel}","templated":true}]}}