{"id":7932,"date":"2025-09-20T00:10:58","date_gmt":"2025-09-19T22:10:58","guid":{"rendered":"https:\/\/agrarpetrovic.rs\/proizvod\/karathane-gold-50ml-fungicid\/"},"modified":"2025-10-23T11:56:09","modified_gmt":"2025-10-23T09:56:09","slug":"karathane-gold-50ml-fungicid","status":"publish","type":"product","link":"https:\/\/agrarpetrovic.rs\/en\/proizvod\/karathane-gold-50ml-fungicid\/","title":{"rendered":"Karathane GOLD 50 ml &#8211; fungicid"},"content":{"rendered":"<div class=\"product-harvest\">\n<p class=\"detail\"><strong>Primena:<\/strong><\/p>\n<table>\n<thead>\n<tr class=\"bg-5\">\n<th>USEV \/ ZASAD<\/th>\n<th>KOLI\u010cINA PRIMENE<\/th>\n<th>VREME PRIMENE<\/th>\n<\/tr>\n<\/thead>\n<tbody>\n<tr class=\"bg-sec-5\">\n<td class=\"bg-5\"><a href=\"https:\/\/www.agromarketsrbija.rs\/srb\/zastita-bilja\/programi-zastite\/1020\/Vinova-loza\">VINOVA LOZA<\/a><\/td>\n<td>0,4-0,5 (4 \u2013 5 ml na 100 m\u00b2)<\/td>\n<td>U zasadu vinove loze primenjuje tokom cele vegetacije, preventivno ili po pojavi prvih simptoma<\/td>\n<\/tr>\n<tr class=\"bg-sec-5\">\n<td class=\"bg-5\"><a href=\"https:\/\/www.agromarketsrbija.rs\/srb\/zastita-bilja\/programi-zastite\/1018\/Jabuka\">JABUKA<\/a><\/td>\n<td>0,4-0,5 (4 \u2013 5 ml na 100 m\u00b2)<\/td>\n<td>Primenjuje se preventivno, na po\u010detku vegetacije, pre sticanja uslova za sekundarno zara\u017eavanje i \u0161irenje oboljenja<\/td>\n<\/tr>\n<\/tbody>\n<\/table>\n<\/div>\n<div class=\"product-info\">\n<p><strong>DELOVANJE:<\/strong><\/p>\n<p><em>Meptildinokap <\/em>je pre\u010di\u0161\u0107eni molekul <em>Dinokapa<\/em>, pouzdanog fungicida iz grupe <em>Dinitrofenola <\/em>sa vi\u0161estrukim i razli\u010ditim delovanjem na \u0107elijskom nivou. Deluje na sve razvojne stadijume patogena tako \u0161to inhibira \u0107elijsko disanje, odnosno menja protonski gradijent mitohondrija i razara \u0107elijski metabolizam.<\/p>\n<p><strong>SPEKTAR DELOVANJA:<\/strong><\/p>\n<p>Prouzrokova\u010d pepelnice jabuke (<em>Podosphaera leucotricha<\/em>) i pepelnice vinove loze (<em>Uncinula necator<\/em>).<\/p>\n<p><strong>PREPORUKE I NAPOMENE<\/strong><\/p>\n<p>Preparat <strong>Karathane Gold 350 EC <\/strong>se mo\u017ee efikasno primenjivati na temperaturama od 5 \u2013 30\u00b0C \u0161to ga \u010dini mnogo povoljnijim u odnosu na druge fungicide (sumporni preparati) \u010dija efikasnost drasti\u010dno pada pri primeni ispod 14\u00b0C. Otporan je na spiranje ki\u0161om te se sna\u017eno vezuje za povr\u0161inu lista tako da ni padavine do 50 mm \/m2 samo jedan sat nakon tretiranja ne mogu da uklone deposit preparata sa tretirane povr\u0161ine. Ispoljava eradikativno delovanje na kleistotecije pepelnice. Preparat ima sporedno delovanje na grinje. Mo\u017ee biti fitotoksi\u010dan za jabuku sorte <em>crveni deli\u0161es<\/em>, ako se primenjuje u vreme cvetanja na temperaturama preko 25\u00b0C. Ne remeti fermentaciju i organolepti\u010dka svojstva vina. Niska akutna i hroni\u010dna otrovnost za sisare. Brza razgradnja u \u017eivotnoj sredini. Povoljan za korisne organizme. Nije fitotoksi\u010dan za najva\u017enije sorte vinove loze. Idealan partner u sistemu integralne za\u0161tite.<\/p>\n<p>Ne sme se me\u0161ati sa uljnim formulacijama i preparatima na bazi bakra. Primena uz utro\u0161ak vode od 1000 l\/ha.<\/p>\n<p>Deluje nadra\u017euju\u0107e na ko\u017eu i o\u010di, te je neophodno nositi za\u0161titnu opremu pri primeni preparata.<\/p>\n<p>Zahvaljuju\u0107i specifi\u010dnim karakteristikama i posle 40 godina primene na svetskom nivou, nije uo\u010dena pojava rezistentnosti patogena na ovaj fungicid.<\/p>\n<\/div>","protected":false},"excerpt":{"rendered":"<p class=\"detail\"><strong>Klasa:<\/strong> <span class=\"klasa\">Fungicidi<\/span><\/p>\n<p class=\"detail\"><strong>Aktivna materija:<\/strong> <span class=\"aktivna-materija\">Meptildinokap 350 g\/l<\/span><\/p>\n<p class=\"detail\"><strong>Formulacija:<\/strong> <span class=\"formulacija\">EC \u2013 Koncentrat za emulziju<\/span><\/p>\n<p class=\"detail\"><strong>Proizvo\u0111a\u010d:<\/strong> <span class=\"proizvo\u0111a\u010d\">Corteva Agriscience<\/span><\/p>\n<p class=\"detail\"><strong>Karenca:<\/strong> <span class=\"karenca\">21 dan &#8211; jabuka, vinova loza<\/span><\/p>\n<p class=\"detail\"><strong>Radna karenca:<\/strong> <span class=\"radna-karenca\">do su\u0161enja depozita<\/span><\/p>\n<p class=\"detail\"><strong>MBT:<\/strong> <span class=\"mbt\">3<\/span><\/p>","protected":false},"featured_media":8498,"template":"","meta":[],"product_brand":[534],"product_cat":[415],"product_tag":[657],"class_list":{"0":"post-7932","1":"product","2":"type-product","3":"status-publish","4":"has-post-thumbnail","6":"product_brand-corteva","7":"product_cat-fungicidi-2","8":"product_tag-meptildinokap-350-g-l","10":"first","11":"outofstock","12":"purchasable","13":"product-type-simple"},"_links":{"self":[{"href":"https:\/\/agrarpetrovic.rs\/en\/wp-json\/wp\/v2\/product\/7932","targetHints":{"allow":["GET"]}}],"collection":[{"href":"https:\/\/agrarpetrovic.rs\/en\/wp-json\/wp\/v2\/product"}],"about":[{"href":"https:\/\/agrarpetrovic.rs\/en\/wp-json\/wp\/v2\/types\/product"}],"wp:featuredmedia":[{"embeddable":true,"href":"https:\/\/agrarpetrovic.rs\/en\/wp-json\/wp\/v2\/media\/8498"}],"wp:attachment":[{"href":"https:\/\/agrarpetrovic.rs\/en\/wp-json\/wp\/v2\/media?parent=7932"}],"wp:term":[{"taxonomy":"product_brand","embeddable":true,"href":"https:\/\/agrarpetrovic.rs\/en\/wp-json\/wp\/v2\/product_brand?post=7932"},{"taxonomy":"product_cat","embeddable":true,"href":"https:\/\/agrarpetrovic.rs\/en\/wp-json\/wp\/v2\/product_cat?post=7932"},{"taxonomy":"product_tag","embeddable":true,"href":"https:\/\/agrarpetrovic.rs\/en\/wp-json\/wp\/v2\/product_tag?post=7932"}],"curies":[{"name":"wp","href":"https:\/\/api.w.org\/{rel}","templated":true}]}}