{"id":7933,"date":"2025-09-20T00:10:58","date_gmt":"2025-09-19T22:10:58","guid":{"rendered":"https:\/\/agrarpetrovic.rs\/proizvod\/kletox-extra1-l-herbicid\/"},"modified":"2025-10-23T11:56:09","modified_gmt":"2025-10-23T09:56:09","slug":"kletox-extra-1-l-herbicid","status":"publish","type":"product","link":"https:\/\/agrarpetrovic.rs\/en\/proizvod\/kletox-extra-1-l-herbicid\/","title":{"rendered":"Kletox extra 1 l &#8211; herbicid"},"content":{"rendered":"<div class=\"product-harvest\">\n<p class=\"detail\"><strong>Primena:<\/strong><\/p>\n<table>\n<thead>\n<tr class=\"bg-4\">\n<th>USEV \/ ZASAD<\/th>\n<th>KOLI\u010cINA PRIMENE<\/th>\n<th>VREME PRIMENE<\/th>\n<\/tr>\n<\/thead>\n<tbody>\n<tr class=\"bg-sec-4\">\n<td class=\"bg-4\"><a href=\"https:\/\/www.agromarketsrbija.rs\/srb\/zastita-bilja\/programi-zastite\/1003\/Soja\">SOJA<\/a><\/td>\n<td>0,4 \u2013 1,0 (4 &#8211; 10 ml na 100 m\u00b2)<\/td>\n<td>Korovi u fazi razvoja 3 do 6 listova, odnosno 10 do 30 cm visine<\/td>\n<\/tr>\n<\/tbody>\n<\/table>\n<\/div>\n<div class=\"product-info\">\n<p><strong>DELOVANJE: <\/strong><\/p>\n<p>aktivna materija spada u grupu <em>Cikloheksanona<\/em> i deluje na biosintezu lipida. Inhibira aktivnost enzima acetil- CoA-karboksilaze (ACC-aze) zaustavljaju\u0107i proces biosinteze masnih kiselina. Usvaja se listom i u biljci se kre\u0107e floemom. Nakuplja se u korenovom sistemu i meristemskim tkivima u kojima ispoljava delovanje.<\/p>\n<p><strong>SPEKTAR DELOVANJA:<\/strong><\/p>\n<p>JEDNOGODI\u0160NJI I VI\u0160EGODI\u0160NJI USKOLISNI KOROVI<\/p>\n<p>muhar sivi (<em>Setaria glauca<\/em>), muhar zeleni (<em>Setaria viridis<\/em>), divlji sirak (<em>Sorghum halepense<\/em>), ljulj francuski <em>(Lolium perenne<\/em>), svra\u010dica obi\u010dna (<em>Digitaria sanquinalis<\/em>), proso korovsko (<em>Echinochloa crus-galli<\/em>), pirevina obi\u010dna (<em>Agropyron repens<\/em>)<\/p>\n<p><strong>PREPORUKE I NAPOMENE:<\/strong><\/p>\n<p>koli\u010dina primene zavisi od registrovanih korovskih vrsta, pa tako ni\u017ee koli\u010dine (0,4 l\/ha) se preporu\u010duju za jednogodi\u0161nje korove, a vi\u0161e koli\u010dine (1,0 l\/ha) za vi\u0161egodi\u0161nje korove (pirevina, divlji sirak iz rizoma&#8230;). Ne me\u0161ati sa herbicidima namenjenim suzbijanju \u0161irokolisnih korova. Tretiranje iz vazduhoplova nije dozvoljeno.<\/p>\n<p>Ne preporu\u010duje se primena nakon formiranja 4 para listova suncokreta. Ne preporu\u010duje se primena na temperaturama iznad 25\u00b0C.<\/p>\n<\/div>","protected":false},"excerpt":{"rendered":"<p class=\"detail\"><strong>Klasa:<\/strong> <span class=\"klasa\">Selektivni, translokacioni herbicid<\/span><\/p>\n<p class=\"detail\"><strong>Aktivna materija:<\/strong> <span class=\"aktivna-materija\">Kletodim 240 g\/l<\/span><\/p>\n<p class=\"detail\"><strong>Formulacija:<\/strong> <span class=\"formulacija\">EC \u2013 koncentrat za emulziju<\/span><\/p>\n<p class=\"detail\"><strong>Karenca:<\/strong> <span class=\"karenca\">OVP<\/span><\/p>\n<p class=\"detail\"><strong>Plodored:<\/strong> <span class=\"plodored\">u slu\u010daju preoravanja ili uskolisne gajene vrste prevremenog skidanja useva na tretiranim povr\u0161inama odmah se mogu sejati \u0161irokolisne gajene vrste, a 30 dana nakon tretiranja se mogu sejati uskolisne gajene vrste<\/span><\/p>\n<p class=\"detail\"><strong>Radna Karenca:<\/strong> <span class=\"radna-karenca\">24 sata<\/span><\/p>","protected":false},"featured_media":8499,"template":"","meta":[],"product_brand":[529],"product_cat":[449],"product_tag":[645],"class_list":{"0":"post-7933","1":"product","2":"type-product","3":"status-publish","4":"has-post-thumbnail","6":"product_brand-agromarket","7":"product_cat-herbicidi-2","8":"product_tag-kletodim-240-g-l","10":"first","11":"outofstock","12":"product-type-simple"},"_links":{"self":[{"href":"https:\/\/agrarpetrovic.rs\/en\/wp-json\/wp\/v2\/product\/7933","targetHints":{"allow":["GET"]}}],"collection":[{"href":"https:\/\/agrarpetrovic.rs\/en\/wp-json\/wp\/v2\/product"}],"about":[{"href":"https:\/\/agrarpetrovic.rs\/en\/wp-json\/wp\/v2\/types\/product"}],"wp:featuredmedia":[{"embeddable":true,"href":"https:\/\/agrarpetrovic.rs\/en\/wp-json\/wp\/v2\/media\/8499"}],"wp:attachment":[{"href":"https:\/\/agrarpetrovic.rs\/en\/wp-json\/wp\/v2\/media?parent=7933"}],"wp:term":[{"taxonomy":"product_brand","embeddable":true,"href":"https:\/\/agrarpetrovic.rs\/en\/wp-json\/wp\/v2\/product_brand?post=7933"},{"taxonomy":"product_cat","embeddable":true,"href":"https:\/\/agrarpetrovic.rs\/en\/wp-json\/wp\/v2\/product_cat?post=7933"},{"taxonomy":"product_tag","embeddable":true,"href":"https:\/\/agrarpetrovic.rs\/en\/wp-json\/wp\/v2\/product_tag?post=7933"}],"curies":[{"name":"wp","href":"https:\/\/api.w.org\/{rel}","templated":true}]}}