{"id":7935,"date":"2025-09-20T00:11:03","date_gmt":"2025-09-19T22:11:03","guid":{"rendered":"https:\/\/agrarpetrovic.rs\/proizvod\/lancelot-super-33gr-herbicid\/"},"modified":"2025-10-23T11:56:09","modified_gmt":"2025-10-23T09:56:09","slug":"lancelot-super-33-gr-herbicid","status":"publish","type":"product","link":"https:\/\/agrarpetrovic.rs\/en\/proizvod\/lancelot-super-33-gr-herbicid\/","title":{"rendered":"Lancelot super 33 gr &#8211; herbicid"},"content":{"rendered":"<div class=\"product-harvest\">\n<p class=\"detail\"><strong>Primena:<\/strong><\/p>\n<table>\n<thead>\n<tr class=\"bg-4\">\n<th>USEV \/ ZASAD<\/th>\n<th>KOLI\u010cINA PRIMENE<\/th>\n<th>VREME PRIMENE<\/th>\n<\/tr>\n<\/thead>\n<tbody>\n<tr class=\"bg-sec-4\">\n<td class=\"bg-4\"><a href=\"https:\/\/www.agromarketsrbija.rs\/srb\/zastita-bilja\/programi-zastite\/1002\/STRNA-ZITA\">OZIMA P\u0160ENICA, OZIMI JE\u010cAM, RA\u017d, TRITIKALE <\/a><\/td>\n<td>33 g (0,3 g na 100 m\u00b2)<\/td>\n<td>U prole\u0107e, posle nicanja, od bokorenja do stadijuma 2.kolenca (faze 21-32 BBCH skale), a dikotiledoni koji klijaju iz semena u fazi 2-4 lista. Za prilepa\u010du &#8211; primena u fazi 2-4 lista; za palamidu u fazi korenovih pupoljaka<\/td>\n<\/tr>\n<tr class=\"bg-sec-4\">\n<td class=\"bg-4\"><a href=\"https:\/\/www.agromarketsrbija.rs\/srb\/zastita-bilja\/programi-zastite\/1008\/Travni-usevi\">JARI JE\u010cAM, OVAS<\/a><\/td>\n<td>25 g (0,25 g na 100 m\u00b2)<\/td>\n<td>U prole\u0107e, posle nicanja, od stadijuma tri lista do kraja bokorenja (faze 13-29 BBCH skale)<\/td>\n<\/tr>\n<\/tbody>\n<\/table>\n<\/div>\n<div class=\"product-info\">\n<p><strong>DELOVANJE: <\/strong><\/p>\n<p>preparat <strong>Lancelot Super <\/strong>prvenstveno deluje kao folijarni herbicid, ali za razliku od ve\u0107ine drugih herbicida u \u017eitaricama, <strong>Lancelot Super <\/strong>pokazuje i vrlo dobru aktivnost preko zemlji\u0161ta, \u0161to omogu\u0107ava i suzbijanje korova koji kasnije ni\u010du ili onih s produ\u017eenim periodom nicanja.<\/p>\n<p><strong>SPEKTAR DELOVANJA<\/strong><\/p>\n<p>JEDNOGODI\u0160NJE I VI\u0160EGODI\u0160NJE \u0160IROKOLISNE KOROVSKE VRSTE:<\/p>\n<p>gorocvet ze\u010diji (<em>Adonis aestivalis<\/em>), volovski jezik (<em>Anchusa officinalis<\/em>), kukolj (<em>Agrostemma githago<\/em>), tar\u010du\u017eak obi\u010dni (<em>Capsella bursapastoris<\/em>), ti\u010dinac poljski (<em>Cerastivum arvense<\/em>), \u017eavornjak obi\u010dni (<em>Consolida regalis<\/em>), bro\u0107ika lepu\u0161a (<em>Galium aparine<\/em>), divlja salata (<em>Lactuca serriola<\/em>), bulka obi\u010dna (<em>Papaver rhoeas<\/em>), goru\u0161ica poljska (<em>Sinapis arvensis<\/em>), mi\u0161jakinja obi\u010dna (<em>Stellaria media<\/em>), mi\u0161jakinja dugolisna (<em>Stellaria graminea<\/em>), krasolika (<em>Stenactis annua<\/em>), kravlja stisnu\u0161a (<em>Thlaspi arvense<\/em>), kamilica (<em>Matricaria inodora<\/em>), viju\u0161ac njivski (<em>Bilderdykia convolvulus<\/em>), ljuti\u0107 njivski (<em>Ranunculus arvensis<\/em>), dimnja\u010da obi\u010dna (<em>Fumaria officinalis<\/em>), mrtva kopriva (<em>Lamium<\/em> <em>purpureum<\/em>), grahorica obi\u010dna (<em>Vicia sativa<\/em>), poljska ljubi\u010dica (<em>Viola arvensis<\/em>), dvornik pti\u010dji (<em>Polygonum aviculare<\/em>), pepeljuga obi\u010dna (<em>Chenopodium album<\/em>), palamida njivska (<em>Cirsium arvense<\/em>), grahorica obi\u010dna (<em>Vicia sativa<\/em>), divlja mrkva (<em>Daucus carota<\/em>), \u017eavornjak obi\u010dni (<em>Consolida regalis<\/em>), poponac (<em>Convolvulus arvensis<\/em>)<\/p>\n<p><strong>PREPORUKE I NAPOMENE:<\/strong><\/p>\n<p>u nepovoljnim uslovima za delovanje herbicida (su\u0161a) i kod preraslih korova, za pobolj\u0161anje efikasnosti, treba dodati okva\u0161iva\u010d (<strong>Imox <\/strong>u konc. 0,1%). Biljke ga vrlo brzo usvajaju tako da ni padavine koje uslede 1 sat nakon primene, ne smanjuju njegovo delovanje.<\/p>\n<p>U zemljama u okru\u017eenju preparat se koristi do faze lista zastavi\u010dara.<\/p>\n<\/div>","protected":false},"excerpt":{"rendered":"<p class=\"detail\"><strong>Klasa:<\/strong> <span class=\"klasa\">Selektivni translokacioni herbicid<\/span><\/p>\n<p class=\"detail\"><strong>Aktivna materija:<\/strong> <span class=\"aktivna-materija\">Aminopiralid-kalijum 300 g\/kg + Florasulam 150 g\/kg<\/span><\/p>\n<p class=\"detail\"><strong>Formulacija:<\/strong> <span class=\"formulacija\">WG \u2013 vodorastvorljive granule<\/span><\/p>\n<p class=\"detail\"><strong>Karenca:<\/strong> <span class=\"karenca\">OVP<\/span><\/p>\n<p class=\"detail\"><strong>Plodored:<\/strong> <span class=\"plodored\">ukoliko do\u0111e do preoravanja ili prevremenog skidanja useva, 4 nedelje nakon primene preparata na tretiranim povr\u0161inama mogu se sejati kukuruz, p\u0161enica i je\u010dam. U normalnom plodoredu, mogu se sejati: ozima \u017eita i uljana repica; slede\u0107eg prole\u0107a: jara \u017eita, kukuruz, jara uljana repica, suncokret, \u0161e\u0107erna repa, krompir, mrkva, lucerka, cikorija i luk; nakon 14 meseci: soja, gra\u0161ak i so\u010divo.<\/span><\/p>","protected":false},"featured_media":8501,"template":"","meta":[],"product_brand":[534],"product_cat":[449],"product_tag":[555],"class_list":{"0":"post-7935","1":"product","2":"type-product","3":"status-publish","4":"has-post-thumbnail","6":"product_brand-corteva","7":"product_cat-herbicidi-2","8":"product_tag-aminopiralid-kalijum-300-g-kg-florasulam-150-g-kg","10":"first","11":"outofstock","12":"purchasable","13":"product-type-simple"},"_links":{"self":[{"href":"https:\/\/agrarpetrovic.rs\/en\/wp-json\/wp\/v2\/product\/7935","targetHints":{"allow":["GET"]}}],"collection":[{"href":"https:\/\/agrarpetrovic.rs\/en\/wp-json\/wp\/v2\/product"}],"about":[{"href":"https:\/\/agrarpetrovic.rs\/en\/wp-json\/wp\/v2\/types\/product"}],"wp:featuredmedia":[{"embeddable":true,"href":"https:\/\/agrarpetrovic.rs\/en\/wp-json\/wp\/v2\/media\/8501"}],"wp:attachment":[{"href":"https:\/\/agrarpetrovic.rs\/en\/wp-json\/wp\/v2\/media?parent=7935"}],"wp:term":[{"taxonomy":"product_brand","embeddable":true,"href":"https:\/\/agrarpetrovic.rs\/en\/wp-json\/wp\/v2\/product_brand?post=7935"},{"taxonomy":"product_cat","embeddable":true,"href":"https:\/\/agrarpetrovic.rs\/en\/wp-json\/wp\/v2\/product_cat?post=7935"},{"taxonomy":"product_tag","embeddable":true,"href":"https:\/\/agrarpetrovic.rs\/en\/wp-json\/wp\/v2\/product_tag?post=7935"}],"curies":[{"name":"wp","href":"https:\/\/api.w.org\/{rel}","templated":true}]}}