{"id":7938,"date":"2025-09-20T00:11:03","date_gmt":"2025-09-19T22:11:03","guid":{"rendered":"https:\/\/agrarpetrovic.rs\/proizvod\/laudis-od66-1-1l-herbicid\/"},"modified":"2025-10-23T11:56:10","modified_gmt":"2025-10-23T09:56:10","slug":"laudis-od66-1-1l-herbicid","status":"publish","type":"product","link":"https:\/\/agrarpetrovic.rs\/en\/proizvod\/laudis-od66-1-1l-herbicid\/","title":{"rendered":"Laudis OD66 1\/1l &#8211; herbicid"},"content":{"rendered":"<h4><b>Upotreba<\/b><\/h4>\n<p>Preparat se koristi u usevima kukuruza za suzbijanje jednogodi\u0161njih i vi\u0161egodi\u0161njih \u0161irokolisnih i nekih uskolisnih korova.<\/p>\n<h4><b>Doziranje\u00a0<\/b><\/h4>\n<p>Preporu\u010dena doza je 1,5-2 l\/ha, a primenjuje se nakon nicanja korova i kukuruza kada:<\/p>\n<ul>\n<li aria-level=\"1\">travni korovi dosti\u017eu po\u010detni stadijum rasta,<\/li>\n<li aria-level=\"1\">\u0161irokolisni korovi imaju 2-6 listova,<\/li>\n<li aria-level=\"1\">a kukuruz se nalazi u fazi 2-8 listova (faza 12-18 prema BBCH skali).<\/li>\n<\/ul>\n<p>&nbsp;<\/p>\n<p>Utro\u0161ak vode je 150-400 l\/ha, a tretiranje se obavlja jednom godi\u0161nje na istoj povr\u0161ini.<\/p>\n<h4><b>Kulture u kojima se koristi<\/b><\/h4>\n<p>Laudis se koristi isklju\u010divo u usevima kukuruza, uklju\u010duju\u0107i kukuruz \u0161e\u0107erac i semenski kukuruz, a za suzbijanje slede\u0107ih vrsta korova:<\/p>\n<p>\u0160irokolisni korovi:<\/p>\n<ul>\n<li>Lipica teofrastova (Abutilon theophrasti)<\/li>\n<li>\u0160tir (Amaranthus spp.)<\/li>\n<li>Ambrozija pelenasta (Ambrosia artemisiifolia)<\/li>\n<li>Pepeljuga obi\u010dna (Chenopodium album)<\/li>\n<li>Pepeljuga srcolisna (Chenopodium hybridum)<\/li>\n<li>Palamida njivska (Cirsium arvense)<\/li>\n<li>Tatula obi\u010dna (Datura stramonium)<\/li>\n<li>Prilepa\u010da (Galium aparine)<\/li>\n<li>Mrtva kopriva (Lamium purpureum)<\/li>\n<li>Kamilica prava (Matricaria chamomilla)<\/li>\n<li>Dvornik pti\u010diji (Polygonum aviculare)<\/li>\n<li>Dvornik veliki (Polygonum lapathifolium)<\/li>\n<li>Obi\u010dan dvornik (Polygonum persicaria)<\/li>\n<li>Goru\u0161ica poljska (Sinapis arvensis)<\/li>\n<li>Pomo\u0107nica obi\u010dna (Solanum nigrum)<\/li>\n<li>Mi\u0161jakinja (Stellaria media)<\/li>\n<li>\u010ci\u010dak (Xanthium strumarium)<\/li>\n<\/ul>\n<p>Uskolisni korovi:<\/p>\n<ul>\n<li>Veliki muhar (Echinochloa crus-galli)<\/li>\n<li>Proso (Panicum spp.)<\/li>\n<li>Muhar sivi (Setaria glauca)<\/li>\n<li>Sirak iz semena (Sorghum halepense)<\/li>\n<\/ul>\n<h4><b>Na\u010din primene<\/b><\/h4>\n<p>Potrebnu koli\u010dinu preparata pome\u0161ati sa vodom u odvojenom sudu, a zatim rastvor uliti u rezervoar prskalice napunjen do pola. Dodati preostalu vodu uz neprekidno me\u0161anje. Preparat se primenjuje prskanjem u mirnim vremenskim uslovima, po mogu\u0107stvu ujutru ili predve\u010de, na temperaturama ni\u017eim od 25\u00b0C.<\/p>\n<h4><b>Kombinovanje sa drugim preparatima<\/b><\/h4>\n<p>Mo\u017ee se me\u0161ati sa preparatima iz grupe sulfonil urea za pro\u0161irenje spektra delovanja i na rizomski sirak.<\/p>\n<h4><b>Ograni\u010denja primene<\/b><\/h4>\n<p>Ne primenjivati na susedne useve \u0161irokolisnih biljaka zbog mogu\u0107eg zano\u0161enja preparata. U slu\u010daju preoravanja ili prevremenog skidanja useva, na tretiranim povr\u0161inama se ponovo mogu sejati kukuruz i sirak.<\/p>\n<h4><b>Karenca<\/b><\/h4>\n<p>Karenca za preparat Laudis u kukuruzu je odre\u0111ena vremenom primene preparata, \u0161to zna\u010di da je potrebno ispo\u0161tovati vreme kada se preparat koristi u vegetacionom periodu kako bi se osigurala bezbednost pri upotrebi.<\/p>\n<p>Kada je re\u010d o primeni u vegetaciji kukuruza, preparat se obi\u010dno koristi u fazi 2-8 listova kukuruza (BBCH 12-18).<\/p>\n<p>&nbsp;<\/p>","protected":false},"excerpt":{"rendered":"<p>Laudis sadr\u017ei aktivnu materiju <b>tembotrion<\/b> (44 g\/l), uz dodatak protektanta izoksadifen-etila (22 g\/l). Tembotrion pripada grupi triketona i deluje sistemi\u010dno, usvajanjem preko lista i delimi\u010dno preko korena, ometaju\u0107i proces stvaranja pigmenata neophodnih za rast i razvoj korova.<\/p>\n<p>Laudis je preparat kompanije<b> Bayer CropScience<\/b>.<\/p>","protected":false},"featured_media":8504,"template":"","meta":[],"product_brand":[533],"product_cat":[449],"product_tag":[818],"class_list":{"0":"post-7938","1":"product","2":"type-product","3":"status-publish","4":"has-post-thumbnail","6":"product_brand-bayer","7":"product_cat-herbicidi-2","8":"product_tag-tembotrion-44-g-l","10":"first","11":"outofstock","12":"purchasable","13":"product-type-simple"},"_links":{"self":[{"href":"https:\/\/agrarpetrovic.rs\/en\/wp-json\/wp\/v2\/product\/7938","targetHints":{"allow":["GET"]}}],"collection":[{"href":"https:\/\/agrarpetrovic.rs\/en\/wp-json\/wp\/v2\/product"}],"about":[{"href":"https:\/\/agrarpetrovic.rs\/en\/wp-json\/wp\/v2\/types\/product"}],"wp:featuredmedia":[{"embeddable":true,"href":"https:\/\/agrarpetrovic.rs\/en\/wp-json\/wp\/v2\/media\/8504"}],"wp:attachment":[{"href":"https:\/\/agrarpetrovic.rs\/en\/wp-json\/wp\/v2\/media?parent=7938"}],"wp:term":[{"taxonomy":"product_brand","embeddable":true,"href":"https:\/\/agrarpetrovic.rs\/en\/wp-json\/wp\/v2\/product_brand?post=7938"},{"taxonomy":"product_cat","embeddable":true,"href":"https:\/\/agrarpetrovic.rs\/en\/wp-json\/wp\/v2\/product_cat?post=7938"},{"taxonomy":"product_tag","embeddable":true,"href":"https:\/\/agrarpetrovic.rs\/en\/wp-json\/wp\/v2\/product_tag?post=7938"}],"curies":[{"name":"wp","href":"https:\/\/api.w.org\/{rel}","templated":true}]}}