{"id":7940,"date":"2025-09-20T00:11:03","date_gmt":"2025-09-19T22:11:03","guid":{"rendered":"https:\/\/agrarpetrovic.rs\/proizvod\/listego-pro-1-1-herbicid\/"},"modified":"2025-10-23T11:56:14","modified_gmt":"2025-10-23T09:56:14","slug":"listego-pro-1-1-herbicid","status":"publish","type":"product","link":"https:\/\/agrarpetrovic.rs\/en\/proizvod\/listego-pro-1-1-herbicid\/","title":{"rendered":"Listego PRO 1\/1 &#8211; herbicid"},"content":{"rendered":"<p><strong>Primena:<\/strong><\/p>\n<div class=\"table-mobile-effect\">\n<div class=\"table-wrapper tw-overflow-y-auto\">\n<table border=\"0\" cellspacing=\"0\" cellpadding=\"0\" align=\"left\" data-once=\"table\">\n<tbody>\n<tr>\n<td><strong>Biljna vrsta<\/strong><\/td>\n<td><strong>Koli\u010dina primene<\/strong><\/td>\n<td><strong>Vreme primene<\/strong><\/td>\n<td><strong>Karenca<\/strong><\/td>\n<\/tr>\n<tr>\n<td><strong>Clearfield\u00ae Plus suncokret<\/strong><\/td>\n<td>0,8-1 l\/ha<\/td>\n<td>Posle nicanja, kada je suncokret u fazi 2-9 listova<\/td>\n<td>*OVP<\/td>\n<\/tr>\n<\/tbody>\n<\/table>\n<\/div>\n<\/div>\n<p>*OVP \u2013 obezbe\u0111ena vremenom primene<\/p>\n<p>Za suzbijanje volovoda (<em>Orobanche<\/em> spp.)<strong> LISTEGO\u00ae\u00a0Pro\u00a0<\/strong>se primenjuje u split aplikaciji: 0,5 l\/ha u fazi 2-4 lista i 0,5 l\/ha u fazi 6-8 stalnih listova suncokreta.<\/p>\n<p><strong>Spektar delovanja LISTEGO\u00ae\u00a0Pro<\/strong><\/p>\n<p><strong>\u0160irokolisni korovi:<\/strong><\/p>\n<ul>\n<li>Ambrozija (<em>Ambrosia artemisiifolia<\/em>)<\/li>\n<li>\u0160tir bljutavi (<em>Amaranthus blitoides<\/em>)<\/li>\n<li>\u0160tir obi\u010dni (<em>Amaranthus retroflexus<\/em>)<\/li>\n<li>Viju\u0161ac njivski (<em>Bilderdykia convolvulus<\/em>)<\/li>\n<li>Tatula obi\u010dna (<em>Datura stramonium<\/em>)<\/li>\n<li>Obi\u010dna pepeljuga (<em>Chenopodium album<\/em>)<\/li>\n<li>Pomo\u0107nica obi\u010dna (<em>Solanum nigrum<\/em>)<\/li>\n<li>Boca obi\u010dna (<em>Xanthium strumarium<\/em>)<\/li>\n<li>Dvornik pti\u010diji (<em>Polygonum aviculare<\/em>)<\/li>\n<li>Lubeni\u010darka njivska (<em>Hibiscus trionum<\/em>)<\/li>\n<li>Divlja kupina (<em>Rubus caesius<\/em>)<\/li>\n<li>Volovod (<em>Orobanche<\/em> spp.)<\/li>\n<\/ul>\n<p><strong>Travni (uskolisni) korovi:<\/strong><\/p>\n<ul>\n<li>Muhar sivi (<em>Setaria glauca<\/em>)<\/li>\n<li>Muhar zeleni (<em>Setaria viridis<\/em>)<\/li>\n<li>Divlji sirak iz semena (<em>Sorghum halepense<\/em>)<\/li>\n<li>Divlji sirak iz rizoma (<em>Sorghum halepense<\/em>)<\/li>\n<li>Zuba\u010da obi\u010dna (<em>Cynodon dactylon<\/em>)<\/li>\n<\/ul>\n<div id=\"overview\" class=\"block block-ctools block-entity-viewnode\">\n<div class=\"block-content\">\n<article class=\"node node--type-product-cp node--view-mode-product-highlights\" data-history-node-id=\"1856\">\n<div class=\"node__content\">\n<div class=\"tw-mb-4 tw-prose tw-max-w-none field field--name-body field--type-text-with-summary field--label-hidden field__item\">\n<p>Samonikli <strong>Clearfield\u00ae Plus<\/strong> hibridi suncokreta se lako mogu suzbiti sa herbicidima iz grupe sulfonilurea, koji mogu da suzbiju standardni suncokret. Suncokret koji sadr\u017ei CLHA+ gen koji je otporan na<strong> LISTEGO\u00ae\u00a0Pro<\/strong>\u00a0, ima sli\u010dnu osetljivost kao konvencionalni suncokret, koji je osetljiv na sulfoniluree.<\/p>\n<p><strong>Posebne napomene:<\/strong><\/p>\n<p>U stresnim uslovima <strong>LISTEGO\u00ae\u00a0Pro<\/strong>\u00a0mo\u017ee prouzrokovati prolaznu fitotoksi\u010dnost koja se manifestuje u vidu prolazne hloroze i kratkotrajnog zastoja u porastu, ali bez uticaja na dalji razvoj i prinos suncokreta.\u00a0 Korovi ne smeju biti pod stresom jer u tom slu\u010daju usvajanje i translokacija herbicida kroz biljku mo\u017ee biti limitirana. Preporuka je da se tretman radi u temperaturnom opsegu od 10\u00b0C do max 25\u00b0C u toku dana. Ukoliko je suvo i toplo, tretman se radi u ve\u010dernjim satima da bi se izbegao negativan uticaj na gajeni usev.<\/p>\n<p><strong>Plodored:<\/strong><\/p>\n<p>Bez ograni\u010denja se mogu sejati soja, pasulj, gra\u0161ak i suncokreti tolerantni na imidazolinone. \u010cetiri meseca posle primene mogu se sejati je\u010dam, p\u0161enica, ra\u017e, suncokret i duvan. Devet meseci nakon primene mogu se sejati kukuruz i krompir, a dvanaest meseci nakon primene mogu se sejati uljana repica i \u0161e\u0107erna repa.<\/p>\n<p><strong>Mogu\u0107nost me\u0161anja:\u00a0<\/strong><\/p>\n<p>Ne sme se me\u0161ati sa insekticidima iz grupe karbamata i organofosfata. Me\u0161anje <strong>LISTEGO\u00ae\u00a0Pro<\/strong>\u00a0sa folijarnim \u0111ubrivima i okva\u0161iva\u010dima mo\u017ee da prouzrokuje fitotoksi\u010dnost, koja mo\u017ee nastati usled br\u017eeg usvajanja aktivne materije od strane useva.<\/p>\n<\/div>\n<\/div>\n<\/article>\n<\/div>\n<\/div>\n<div id=\"registration\" class=\"block-modal-enabled block block-syn-product-cp-registration block-product-cp-registrations-block modal-mobile-only\">\n<div class=\"block-content modal-content-mobile-only\">\n<div id=\"registration-modal\" class=\"hidden\" role=\"dialog\"><\/div>\n<\/div>\n<\/div>","protected":false},"excerpt":{"rendered":"<div>\n<div class=\"lg:tw-grid tw-gap-2 tw-grid-cols-2 tw-mb-4\">\n<div class=\"tw-mb-4 field field--name-field-product-cp-composition field--type-entity-reference-revisions field--label-above\">\n<div class=\"field__label tw-font-bold\"><strong>Aktivna materija: <\/strong>50 g\/l Imazamoks<\/div>\n<div><\/div>\n<\/div>\n<div class=\"tw-mb-4 field-inline-comma-separated field field--name-field-product-cp-formulation field--type-entity-reference field--label-above\">\n<div class=\"field__label tw-font-bold\"><strong>Formulacija: <\/strong>Koncentrovani rastvor (SL)<\/div>\n<\/div>\n<\/div>\n<\/div>\n<p><strong>LISTEGO\u00ae\u00a0Pro\u00a0<\/strong>je selektivni, translokacioni, folijarni herbicid koji sadr\u017ei aktivnu materiju i<strong>mazamoks<\/strong>. Nakon aplikacije usvaja se listom, ali i preko korena i translocira se ksilemom i floemom do nadzemnih delova korova. Deluje na biosintezu aminokiselina, \u0161to za posledicu ima zaustavljanje \u0107elijske deobe i rasta korovskih biljaka. Poseduje pobolj\u0161anu selektivnost zahvalju\u0107i novim hibridima suncokreta, zasnovanih na CLHA+ genu i pobolj\u0161anu efikasnost u suzbijanju najtvrdokornijih korova \u2013 ambrozije, pepeljuge, \u010di\u010dka i dvornika.<\/p>\n<p>&nbsp;<\/p>","protected":false},"featured_media":8506,"template":"","meta":[],"product_brand":[531],"product_cat":[449],"product_tag":[744],"class_list":{"0":"post-7940","1":"product","2":"type-product","3":"status-publish","4":"has-post-thumbnail","6":"product_brand-sygenta","7":"product_cat-herbicidi-2","8":"product_tag-50-g-l-imazamoks","10":"first","11":"outofstock","12":"purchasable","13":"product-type-simple"},"_links":{"self":[{"href":"https:\/\/agrarpetrovic.rs\/en\/wp-json\/wp\/v2\/product\/7940","targetHints":{"allow":["GET"]}}],"collection":[{"href":"https:\/\/agrarpetrovic.rs\/en\/wp-json\/wp\/v2\/product"}],"about":[{"href":"https:\/\/agrarpetrovic.rs\/en\/wp-json\/wp\/v2\/types\/product"}],"wp:featuredmedia":[{"embeddable":true,"href":"https:\/\/agrarpetrovic.rs\/en\/wp-json\/wp\/v2\/media\/8506"}],"wp:attachment":[{"href":"https:\/\/agrarpetrovic.rs\/en\/wp-json\/wp\/v2\/media?parent=7940"}],"wp:term":[{"taxonomy":"product_brand","embeddable":true,"href":"https:\/\/agrarpetrovic.rs\/en\/wp-json\/wp\/v2\/product_brand?post=7940"},{"taxonomy":"product_cat","embeddable":true,"href":"https:\/\/agrarpetrovic.rs\/en\/wp-json\/wp\/v2\/product_cat?post=7940"},{"taxonomy":"product_tag","embeddable":true,"href":"https:\/\/agrarpetrovic.rs\/en\/wp-json\/wp\/v2\/product_tag?post=7940"}],"curies":[{"name":"wp","href":"https:\/\/api.w.org\/{rel}","templated":true}]}}