{"id":7941,"date":"2025-09-20T00:11:03","date_gmt":"2025-09-19T22:11:03","guid":{"rendered":"https:\/\/agrarpetrovic.rs\/proizvod\/lodin1-l-herbicid\/"},"modified":"2025-10-23T11:56:14","modified_gmt":"2025-10-23T09:56:14","slug":"lodin-1-l-herbicid","status":"publish","type":"product","link":"https:\/\/agrarpetrovic.rs\/en\/proizvod\/lodin-1-l-herbicid\/","title":{"rendered":"Lodin 1 l &#8211; herbicid"},"content":{"rendered":"<div class=\"product-harvest\">\n<p class=\"detail\"><strong>Primena:<\/strong><\/p>\n<table>\n<thead>\n<tr class=\"bg-4\">\n<th>USEV \/ ZASAD<\/th>\n<th>KOLI\u010cINA PRIMENE<\/th>\n<th>VREME PRIMENE<\/th>\n<\/tr>\n<\/thead>\n<tbody>\n<tr class=\"bg-sec-4\">\n<td class=\"bg-4\"><a href=\"https:\/\/www.agromarketsrbija.rs\/srb\/zastita-bilja\/programi-zastite\/1001\/Kukuruz\">KUKURUZ<\/a><\/td>\n<td>0,8 l\/ha<\/td>\n<td>Kukuruz u fazi 3 do 6 listova<\/td>\n<\/tr>\n<tr class=\"bg-sec-4\">\n<td class=\"bg-4\"><a href=\"https:\/\/www.agromarketsrbija.rs\/srb\/zastita-bilja\/programi-zastite\/1002\/STRNA-ZITA\">OZIMA STRNA \u017dITA<\/a><\/td>\n<td>0,6 &#8211; 1,2 l\/ha<\/td>\n<td>U fazi 3 lista do lista zastavi\u010dara<\/td>\n<\/tr>\n<tr class=\"bg-sec-4\">\n<td class=\"bg-4\"><a href=\"https:\/\/www.agromarketsrbija.rs\/srb\/zastita-bilja\/programi-zastite\/1002\/STRNA-ZITA\">JARA STRNA \u017dITA<\/a><\/td>\n<td>0,4 &#8211; 0,8 l\/ha<\/td>\n<td>Faza 3 lista do pojave zastavi\u010dara<\/td>\n<\/tr>\n<\/tbody>\n<\/table>\n<\/div>\n<div class=\"product-info\">\n<p><strong>DELOVANJE:<\/strong><\/p>\n<p>herbicid koji usvaja zelena masa, kre\u0107e se navi\u0161e i nani\u017ee u biljci. Izaziva karakteristi\u010dne simptome na tretiranim biljkama kao \u0161to je kovrd\u017eanje li\u0161\u0107a. Deluje kao <em>indolsir\u0107etna<\/em> kiselina (sinteti\u010dki auksin, hormonalni herbicid).<\/p>\n<p><strong>SPEKTAR DELOVANJA:\u00a0<\/strong><\/p>\n<p>JEDNOGODI\u0160NJE \u0160IROKOLISNE KOROVSKE VRSTE:<\/p>\n<p>ambrozija pelenasta (<em>Ambrosia artemisiifolia<\/em>), \u0161tir (<em>Amaranthus retroflexus<\/em>), viju\u0161ac njivski (<em>Bilderdykia convolvulus<\/em>), pepeljuga obi\u010dna (<em>Chenopodium album<\/em>), tatula (<em>Datura stramonium<\/em>), prilepa\u010da (<em>Galium aparine<\/em>), dimnja\u010da (<em>Fumaria officinalis<\/em>), samonikli suncokret (<em>Helianthus annuus<\/em>), pti\u010dji dvornik (<em>Polygonum aviculare<\/em>), veliki dvornik (<em>Polygonum lapathifolium<\/em>), kere\u0107e gro\u017e\u0111e (<em>Solanum nigrum<\/em>), gor\u010dika (<em>Sonchus oleraceus<\/em>), \u010di\u010dak (<em>Xanthium strumarium<\/em>).<\/p>\n<p>VI\u0160EGODI\u0160NJE \u0160IROKOLISNE KOROVSKE VRSTE:<\/p>\n<p>kokotkinja-vu\u010dja jabu\u010dica (<em>Aristolochia clematitis<\/em>), poponac njivski (<em>Convolvulus arvensis<\/em>), bokvica (<em>Plantago major<\/em>), \u0161tavelj (<em>Rumex crispus<\/em>), masla\u010dak (<em>Taraxacum officinale<\/em>), kopriva (<em>Urtica dioica<\/em>).<\/p>\n<p><strong>PREPORUKE I NAPOMENE:\u00a0<\/strong><\/p>\n<p><strong>herbicid ispoljava izuzetnu efikasnost na <\/strong><em>Galium aparine <\/em><strong>tj. prilepa<\/strong><strong>\u010d<\/strong><strong>u<\/strong>. Maksimalna efikasnost se posti\u017ee u usevima strnih \u017eita u kombinaciji sa herbicidom <strong>Metmark WG <\/strong>(<strong>Lodin 0,4 l\/ha <\/strong>+ <strong>Metmark WG 10 g\/ha<\/strong>). Tretiranje iz vazduhoplova nije dozvoljeno. Nije fitotoksi\u010dan ako se primeni u preporu\u010denim dozama. Ne sme se koristiti na vrlo slabo humusnim zemlji\u0161tima (&lt; 1% humusa).\u00a0Ispoljava odli\u010dno delovanje na poponac u usevu kukuruza.<\/p>\n<p><strong>Preparati na bazi ove aktivne materije mogu se primenjivati u usevima crnog i belog luka, te luka srebrnjaka i u kupusastom\u00a0<\/strong><strong>povr\u0107u, po nicanju gajene biljke i korovskih vrsta.<\/strong><\/p>\n<\/div>","protected":false},"excerpt":{"rendered":"<p class=\"detail\"><strong>Klasa:<\/strong> <span class=\"klasa\">Selektivni translokacioni herbicid<\/span><\/p>\n<p class=\"detail\"><strong>Aktivna materija:<\/strong> <span class=\"aktivna-materija\">Fluroksipir 200 g\/l (Fluroksipir-metil 295,5 g\/l)<\/span><\/p>\n<p class=\"detail\"><strong>Formulacija:<\/strong> <span class=\"formulacija\">EC &#8211; koncentrat za emulziju<\/span><\/p>\n<p class=\"detail\"><strong>Karenca:<\/strong> <span class=\"karenca\">OVP<\/span><\/p>\n<p class=\"detail\"><strong>Plodored:<\/strong> <span class=\"plodored\">Bez ograni\u010denja u plodoredu.<\/span><\/p>","protected":false},"featured_media":8507,"template":"","meta":[],"product_brand":[529],"product_cat":[449],"product_tag":[819],"class_list":{"0":"post-7941","1":"product","2":"type-product","3":"status-publish","4":"has-post-thumbnail","6":"product_brand-agromarket","7":"product_cat-herbicidi-2","8":"product_tag-fluroksipir-200-g-l-fluroksipir-metil-295-5-g-l","10":"first","11":"outofstock","12":"purchasable","13":"product-type-simple"},"_links":{"self":[{"href":"https:\/\/agrarpetrovic.rs\/en\/wp-json\/wp\/v2\/product\/7941","targetHints":{"allow":["GET"]}}],"collection":[{"href":"https:\/\/agrarpetrovic.rs\/en\/wp-json\/wp\/v2\/product"}],"about":[{"href":"https:\/\/agrarpetrovic.rs\/en\/wp-json\/wp\/v2\/types\/product"}],"wp:featuredmedia":[{"embeddable":true,"href":"https:\/\/agrarpetrovic.rs\/en\/wp-json\/wp\/v2\/media\/8507"}],"wp:attachment":[{"href":"https:\/\/agrarpetrovic.rs\/en\/wp-json\/wp\/v2\/media?parent=7941"}],"wp:term":[{"taxonomy":"product_brand","embeddable":true,"href":"https:\/\/agrarpetrovic.rs\/en\/wp-json\/wp\/v2\/product_brand?post=7941"},{"taxonomy":"product_cat","embeddable":true,"href":"https:\/\/agrarpetrovic.rs\/en\/wp-json\/wp\/v2\/product_cat?post=7941"},{"taxonomy":"product_tag","embeddable":true,"href":"https:\/\/agrarpetrovic.rs\/en\/wp-json\/wp\/v2\/product_tag?post=7941"}],"curies":[{"name":"wp","href":"https:\/\/api.w.org\/{rel}","templated":true}]}}