{"id":7942,"date":"2025-09-20T00:11:03","date_gmt":"2025-09-19T22:11:03","guid":{"rendered":"https:\/\/agrarpetrovic.rs\/proizvod\/luna-sensation-100-ml-fungicid\/"},"modified":"2025-10-23T11:56:14","modified_gmt":"2025-10-23T09:56:14","slug":"luna-sensation-100-ml-fungicid","status":"publish","type":"product","link":"https:\/\/agrarpetrovic.rs\/en\/proizvod\/luna-sensation-100-ml-fungicid\/","title":{"rendered":"Luna SENSATION 100 ml &#8211; fungicid"},"content":{"rendered":"<div class=\"product-harvest\">\n<p class=\"detail\"><strong>Primena:<\/strong><\/p>\n<table>\n<thead>\n<tr class=\"bg-5\">\n<th>USEV \/ ZASAD<\/th>\n<th>KOLI\u010cINA PRIMENE<\/th>\n<th>VREME PRIMENE<\/th>\n<\/tr>\n<\/thead>\n<tbody>\n<tr class=\"bg-sec-5\">\n<td class=\"bg-5\"><a href=\"https:\/\/www.agromarketsrbija.rs\/srb\/zastita-bilja\/programi-zastite\/1025\/Malina\">MALINA<\/a><\/td>\n<td>0,6 &#8211; 0,8 (6-8 ml na 100 m\u00b2)<\/td>\n<td>Protiv sive trule\u017ei tokom cvetanja, precvetavanja, formiranja plodova i po\u010detkom zrenja (faze 65 \u2013 87 BBCH skale) Tretiranje u vreme intenzivnog porasta izbojaka, do po\u010d. cvetanja i neposredno posle berbe (faze 19 \u2013 87 BBCH skale)<\/td>\n<\/tr>\n<tr class=\"bg-sec-5\">\n<td class=\"bg-5\"><a href=\"https:\/\/www.agromarketsrbija.rs\/srb\/zastita-bilja\/programi-zastite\/1027\/Jagoda\">JAGODA<\/a><\/td>\n<td>0,8 (8 ml na 100 m\u00b2)<\/td>\n<td>Tretiranje biljaka jagode protiv sive trule\u017ei od fenofaze cvetanja, tokom precvetavanja, formiranja i zrenja plodova (BBCH 55 \u2013 89) Tretirati protiv lisne pegavosti po potrebi, tokom vegetacije (BBCH 15 \u2013 89)<\/td>\n<\/tr>\n<tr class=\"bg-sec-5\">\n<td class=\"bg-5\"><a href=\"https:\/\/www.agromarketsrbija.rs\/srb\/zastita-bilja\/programi-zastite\/1010\/Paradajz-i-plavi-patlidzan\">PARADAJZ (na otvorenom polju)<\/a><\/td>\n<td>0,4 (4 ml na 100 m\u00b2)<\/td>\n<td>suzbijanje prouzrokova\u010da pepelnice krastavca i paradajza u proizvodnji na otvo., tj. sive trule\u017ei u proizvodnji paradajza u za\u0161ti. prostoru &#8211; po pojavi 1. vidljive cvasti, do pune zrelosti kada plodovi imaju tipi\u010dnu boju zrelosti (faze 51-89 BBCH skale)<\/td>\n<\/tr>\n<tr class=\"bg-sec-5\">\n<td class=\"bg-5\"><a href=\"https:\/\/www.agromarketsrbija.rs\/srb\/zastita-bilja\/programi-zastite\/1010\/Paradajz-i-plavi-patlidzan\">PARADAJZ (u zatvorenom prostoru)<\/a><\/td>\n<td>0,6 (6 ml na 100 m\u00b2)<\/td>\n<td>suzbijanje prouzrokova\u010da pepelnice krastavca i paradajza u proizvodnji na otvo., tj. sive trule\u017ei u proizvodnji paradajza u za\u0161ti. prostoru &#8211; po pojavi 1. vidljive cvasti, do pune zrelosti kada plodovi imaju tipi\u010dnu boju zrelosti (faze 51-89 BBCH skale)<\/td>\n<\/tr>\n<tr class=\"bg-sec-5\">\n<td class=\"bg-5\"><a href=\"https:\/\/www.agromarketsrbija.rs\/srb\/zastita-bilja\/programi-zastite\/1011\/Krastavac-Lubenica-Dinja-Tikva\">KRASTAVAC<\/a><\/td>\n<td>0,4 &#8211; 0,6 (4-6 ml na 100 m\u00b2)<\/td>\n<td>suzbijanje prouzrokova\u010da pepelnice krastavca i paradajza u proizvodnji na otvo., tj. sive trule\u017ei u proizvodnji paradajza u za\u0161ti. prostoru &#8211; po pojavi 1. vidljive cvasti, do pune zrelosti kada plodovi imaju tipi\u010dnu boju zrelosti (faze 51-89 BBCH skale)<\/td>\n<\/tr>\n<tr class=\"bg-sec-5\">\n<td class=\"bg-5\"><a href=\"https:\/\/www.agromarketsrbija.rs\/srb\/zastita-bilja\/programi-zastite\/1024\/Visnja-Tresnja\">VI\u0160NJA, TRE\u0160NJA<\/a><\/td>\n<td>0,167 l\/metru visine kro\u0161nje ili 0,35 &#8211; 0,4 l\/ha<\/td>\n<td>Za suzbijanje prouzrokova\u010da su\u0161enja gran\u010dica i trule\u017ei plodova &#8211; tokom cvetanja, precvetavanja, formiranja ploda i zrenja (faze 55-89 BBCH skale).<\/td>\n<\/tr>\n<tr class=\"bg-sec-5\">\n<td class=\"bg-5\"><a href=\"https:\/\/www.agromarketsrbija.rs\/srb\/zastita-bilja\/programi-zastite\/1029\/Borovnica-i-aronija\">BOROVNICA<\/a><\/td>\n<td>0,6 (6 ml na 100 m\u00b2)<\/td>\n<td>suzbijanje prouzrokova\u010da sive trule\u017ei &#8211; kada su prvi cvetovi otvoreni, vidljivi iza razvij. listova do faze kada su plodovi zreli za branje, tj. kada je ve\u0107ina bobica zrela (faze 55-87 BBCH skale).<\/td>\n<\/tr>\n<tr class=\"bg-sec-5\">\n<td class=\"bg-5\"><a href=\"https:\/\/www.agromarketsrbija.rs\/srb\/zastita-bilja\/programi-zastite\/1024\/Visnja-Tresnja\">VI\u0160NJA, TRE\u0160NJA<\/a><\/td>\n<td>0,3 l\/ha ili 0,1 l\/ha\/metru visine kro\u0161nje<\/td>\n<td>Za suzbijanje prouzrokova\u010da pegavosti listova tre\u0161nje i vi\u0161nje u vreme cvetanja, precvetavanja, formiranja ploda i zrenja (faze 55-87 BBCH skale).<\/td>\n<\/tr>\n<tr class=\"bg-sec-5\">\n<td class=\"bg-5\"><a href=\"https:\/\/www.agromarketsrbija.rs\/srb\/zastita-bilja\/programi-zastite\/1022\/Breskva-i-nektarina\">BRESKVA<\/a><\/td>\n<td>0,5 l\/ha odnosno 0,167 l\/ha\/metru visine kro\u0161nje<\/td>\n<td>Tretman kada visina kro\u0161nje dosti\u017ee 3 m (od fenofaze 81 do 87 BBCH skale)<\/td>\n<\/tr>\n<\/tbody>\n<\/table>\n<\/div>\n<div class=\"product-info\">\n<p><strong>DELOVANJE:\u00a0<\/strong><\/p>\n<p>specifi\u010dan na\u010din delovanja dolazi kao posledica kombinacije dve razli\u010dite fungicidne materije. Supstanca <em>Fluopiram <\/em>pripada inhibitorima enzima sukcinat-dehidrogenaze (SDHI) blokiraju\u0107i na taj na\u010din disanje, tj. proizvodnju energije u \u0107elijama gljiva na koje deluje. Aktivna materija <em>Trifloksistrobin<\/em>, pripada grupi strobilurina, ometa transport elektrona u mitohondrijama \u0107elija patogena i nepovoljno deluje na proces disanja fitopatogene gljivice.<\/p>\n<p><strong>SPEKTAR DELOVANJA:<\/strong><\/p>\n<p>Prouzrokova\u010d sive trule\u017ei (<em>Botrytis cinerea<\/em>), kao i prouzrokova\u010d su\u0161enja izdanaka (<em>Didymella applanata<\/em>) maline i prouzrokova\u010d lisne pegavosti (<em>Mycosphaerella fragarie<\/em>) jagode, prouzrokova\u010d su\u0161enja gran\u010dica i trule\u017ei plodova (<em>Monilinia spp.<\/em>) u zasadima tre\u0161nje i vi\u0161nje, prouzrokova\u010d pegavosti listova tre\u0161nje i vi\u0161nje (<em>Blumeriella jaapi<\/em>)*, prouzrokova\u010d pepelnice paradajza (<em>Leveillula taurica<\/em>) i krastavca (<em>Erysiphe cichoracearum<\/em>) u proizvodnji paradajza i krastavca na otvorenom, prouzrokova\u010d sive trule\u017ei (<em>Botrytis cinerea<\/em>) u zasadu paradajza u proizvodnji u za\u0161ti\u0107enom prostoru, prouzrokova\u010d sive trule\u017ei (<em>Botrytis cinerea<\/em>) u zasadu borovnice, prouzrokova\u010d trule\u017ei plodova (<em>Monilia fructicola <\/em>i <em>Monilia fructigena<\/em>) u zasadu breskve.<\/p>\n<p><strong>PREPORUKE I NAPOMENE<\/strong><\/p>\n<p>sredstvo se primenjuje traktorskim ili le\u0111nim prskalicama ili raspr\u0161iva\u010dima uz upotrebu slede\u0107ih koli\u010dina vode: Jagoda i malina &#8211; 600- 1000 l\/ha (6-10 l na 100 m<sup>2<\/sup>); Paradajz na otvorenom &#8211; 200-800 l\/ha (2-8 l na 100 m<sup>2<\/sup>); Paradajz u za\u0161ti\u0107enom prostoru i krastavac:<\/p>\n<p>300-1500 l\/ha (3-15 l na 100 m<sup>2<\/sup>); Vi\u0161nja i tre\u0161nja: 500 l\/ha (5 l na 100 m<sup>2<\/sup>); Borovnica: 250-1500 l\/ha (2,5-15 l na 100 m<sup>2<\/sup>)<\/p>\n<p>Priprema sredstva za primenu: 1. Pre otvaranja ambala\u017ee, sadr\u017eaj dobro protresti; 2. Napuniti rezervoar ure\u0111aja za primenu pesticida polovinom potrebne koli\u010dine \u010diste vode uz uklju\u010denje me\u0161a\u010da ili ru\u010dno me\u0161ati rastvor; 3. Uliti u rezervoar potrebnu koli\u010dinu sredstva; 4. Dopuniti rezervoar za primenu pesticida preostalom koli\u010dinom potrebne vode. Me\u0161anje rastvora mora biti omogu\u0107eno za vreme pripreme rastvora i celog postupka primene. Pripremljen rastvor potrebno je odmah utro\u0161iti.<\/p>\n<p>Primena sredstva iz vazduhoplova nije dozvoljena. Tretiranje se ne sme izvoditi po vetrovitom vremenu.<\/p>\n<p>Zabranjena je primena sredstva za za\u0161titu bilja u vodoza\u0161titnim zonama za izvori\u0161ta voda i vodosnabdevanja stanovni\u0161tva.<\/p>\n<p>Efikasnost i fitotoksi\u010dnost sredstva za za\u0161titu bilja <strong>Luna Sensation<\/strong>, kod primene za male useve i manje zna\u010dajne namene (borovnica) nisu proverene, zato odgovornost u vezi sa primenom sredstva za za\u0161titu bilja preuzima korisnik sredstva.<\/p>\n<p><strong>* pro\u0161irenje registacije fungicida Luna Sensation za primenu u zasadima vi\u0161nje i tre\u0161nje u cilju suzbijanja prouzrokova\u010dapegavosti listova tre\u0161nje i vi\u0161nje (Blumeriella jaapi) je u toku.<\/strong><\/p>\n<\/div>","protected":false},"excerpt":{"rendered":"<p class=\"detail\"><strong>Klasa:<\/strong> <span class=\"klasa\">Fungicidi<\/span><\/p>\n<p class=\"detail\"><strong>Aktivna materija:<\/strong> <span class=\"aktivna-materija\">Fluopiram 250 g\/l + Trifloksistrobin 250 g\/l<\/span><\/p>\n<p class=\"detail\"><strong>Formulacija:<\/strong> <span class=\"formulacija\">SC \u2013 koncentrovana suspenzija<\/span><\/p>\n<p class=\"detail\"><strong>Proizvo\u0111a\u010d:<\/strong> <span class=\"proizvo\u0111a\u010d\">Bayer CropScience<\/span><\/p>\n<p class=\"detail\"><strong>Karenca:<\/strong> <span class=\"karenca\">3 dana &#8211; paradajz, krastavac, vi\u0161nja i tre\u0161nja; 7 dana &#8211; malina, jagoda i borovnica<\/span><\/p>\n<p class=\"detail\"><strong>MBT:<\/strong> <span class=\"mbt\">2 &#8211; jagode, maline, paradajza, krastavca i borovnice, 3 &#8211; tre\u0161nje i vi\u0161nje<\/span><\/p>","protected":false},"featured_media":8508,"template":"","meta":[],"product_brand":[533],"product_cat":[415],"product_tag":[611],"class_list":{"0":"post-7942","1":"product","2":"type-product","3":"status-publish","4":"has-post-thumbnail","6":"product_brand-bayer","7":"product_cat-fungicidi-2","8":"product_tag-fluopiram-250-g-l-trifloksistrobin-250-g-l","10":"first","11":"outofstock","12":"purchasable","13":"product-type-simple"},"_links":{"self":[{"href":"https:\/\/agrarpetrovic.rs\/en\/wp-json\/wp\/v2\/product\/7942","targetHints":{"allow":["GET"]}}],"collection":[{"href":"https:\/\/agrarpetrovic.rs\/en\/wp-json\/wp\/v2\/product"}],"about":[{"href":"https:\/\/agrarpetrovic.rs\/en\/wp-json\/wp\/v2\/types\/product"}],"wp:featuredmedia":[{"embeddable":true,"href":"https:\/\/agrarpetrovic.rs\/en\/wp-json\/wp\/v2\/media\/8508"}],"wp:attachment":[{"href":"https:\/\/agrarpetrovic.rs\/en\/wp-json\/wp\/v2\/media?parent=7942"}],"wp:term":[{"taxonomy":"product_brand","embeddable":true,"href":"https:\/\/agrarpetrovic.rs\/en\/wp-json\/wp\/v2\/product_brand?post=7942"},{"taxonomy":"product_cat","embeddable":true,"href":"https:\/\/agrarpetrovic.rs\/en\/wp-json\/wp\/v2\/product_cat?post=7942"},{"taxonomy":"product_tag","embeddable":true,"href":"https:\/\/agrarpetrovic.rs\/en\/wp-json\/wp\/v2\/product_tag?post=7942"}],"curies":[{"name":"wp","href":"https:\/\/api.w.org\/{rel}","templated":true}]}}