{"id":7944,"date":"2025-09-20T00:11:03","date_gmt":"2025-09-19T22:11:03","guid":{"rendered":"https:\/\/agrarpetrovic.rs\/proizvod\/mayor-100-g-insekticid\/"},"modified":"2025-10-23T11:56:14","modified_gmt":"2025-10-23T09:56:14","slug":"mayor-100-g-insekticid","status":"publish","type":"product","link":"https:\/\/agrarpetrovic.rs\/en\/proizvod\/mayor-100-g-insekticid\/","title":{"rendered":"Mayor 100 g &#8211; insekticid"},"content":{"rendered":"<div class=\"span9\">\n<div class=\"product-harvest\">\n<p class=\"detail\"><strong>Primena:<\/strong><\/p>\n<table>\n<thead>\n<tr class=\"bg-7\">\n<th>USEV \/ ZASAD<\/th>\n<th>KOLI\u010cINA PRIMENE<\/th>\n<th>VREME PRIMENE<\/th>\n<\/tr>\n<\/thead>\n<tbody>\n<tr class=\"bg-sec-7\">\n<td class=\"bg-7\"><a href=\"https:\/\/www.agromarketsrbija.rs\/srb\/zastita-bilja\/programi-zastite\/1018\/Jabuka\">JABUKA<\/a><\/td>\n<td>0, 25 &#8211; 0,3% (25 &#8211; 30 g u 10 l vode) + Nitropol S 0,2% (20 ml u 10 l vode)<\/td>\n<td>Pre ubu\u0161ivanja gusenice u plodove tj. pred piljenje gusenica (\u201ecrna glava\u201c)<\/td>\n<\/tr>\n<\/tbody>\n<\/table>\n<\/div>\n<div class=\"product-info\">\n<p><strong>DELOVANJE: <\/strong><\/p>\n<p>insekticid \u010dija aktivna materija pripada grupi <em>Avermektina <\/em>koji su polusintetski proizvodi dobijeni fermentacijom iz zemlji\u0161ne bakterije <em>Streptomyces avermetilis<\/em>. Nekoliko \u010dasova nakon uno\u0161enja aktivne materije ishranom listom, dolazi do paralize gusenice i prestanka ishrane, a u slede\u0107a 2 do 3 dana dolazi do njihovog uginu\u0107a, ali ubrzo nakon ishrane oprskanim li\u0161\u0107em gusenice prestaju da se hrane i ne nanose dalje \u0161tete. Ima translaminarno kretanje u listu, a ispoljava transovarialno delovanje (upija se u ljusku jaja te larva uginjava progrizanjem ljuske jajeta).<\/p>\n<p><strong>SPEKTAR DELOVANJA:<\/strong><\/p>\n<p>Jabukin smotavac (<em>Cydia pomonella<\/em>)<\/p>\n<p><strong>PREPORUKE I NAPOMENE<\/strong><\/p>\n<p>preparat se ne sme primenjivati u vreme cvetanja jabuke. U kombinaciji sa mineralnim uljima, preparat se ne sme primenjivati safungicidima na bazi <em>Kaptana <\/em>i <em>Sumpora<\/em>. Odli\u010dne rezultate ispoljava u blok tretmanu na 10 do 14 dana. Preparat ima dobro sporednodelovanje na minere, grinje i tripse. Ne ispoljava \u0161tetno delovanje na p\u010dele, bumbare i druge korisne insekte.Mo\u017ee se primeniti svim standardnim ure\u0111ajima za tretiranje sa zemlje (le\u0111ne i traktorske prskalice).<\/p>\n<p>Primena iz vazduhoplova nije dozvoljena. Utro\u0161ak 600 do 1000 l\/ha vode.<\/p>\n<p><strong>Preparati na bazi iste aktivne materije registrovani su u EU za primenu u usevima povr<\/strong><strong>\u0107<\/strong><strong>a \u2013 kupus (protiv kupusara), paradajz,<\/strong><strong>paprika (pamukova sovica), a odlikuje ih kratka karenca (3 dana) u ovim usevima.<\/strong><\/p>\n<\/div>\n<\/div>","protected":false},"excerpt":{"rendered":"<p class=\"detail\"><strong>Klasa:<\/strong> <span class=\"klasa\">Insekticid<\/span><\/p>\n<p class=\"detail\"><strong>Aktivna materija:<\/strong> <span class=\"aktivna-materija\">Emamektin benzoat 9,5 g\/kg<\/span><\/p>\n<p class=\"detail\"><strong>Formulacija:<\/strong> <span class=\"formulacija\">SG- vodorastvorljive granule<\/span><\/p>\n<p class=\"detail\"><strong>Karenca:<\/strong> <span class=\"karenca\">7 dana RADNA KARENCA:do su\u0161enja depozita<\/span><\/p>\n<p class=\"detail\"><strong>MBT:<\/strong> <span class=\"mbt\">2<\/span><\/p>","protected":false},"featured_media":8511,"template":"","meta":[],"product_brand":[529],"product_cat":[480],"product_tag":[821],"class_list":{"0":"post-7944","1":"product","2":"type-product","3":"status-publish","4":"has-post-thumbnail","6":"product_brand-agromarket","7":"product_cat-insekticidi-2","8":"product_tag-emamektin-benzoat-9-5-g-kg","10":"first","11":"outofstock","12":"purchasable","13":"product-type-simple"},"_links":{"self":[{"href":"https:\/\/agrarpetrovic.rs\/en\/wp-json\/wp\/v2\/product\/7944","targetHints":{"allow":["GET"]}}],"collection":[{"href":"https:\/\/agrarpetrovic.rs\/en\/wp-json\/wp\/v2\/product"}],"about":[{"href":"https:\/\/agrarpetrovic.rs\/en\/wp-json\/wp\/v2\/types\/product"}],"wp:featuredmedia":[{"embeddable":true,"href":"https:\/\/agrarpetrovic.rs\/en\/wp-json\/wp\/v2\/media\/8511"}],"wp:attachment":[{"href":"https:\/\/agrarpetrovic.rs\/en\/wp-json\/wp\/v2\/media?parent=7944"}],"wp:term":[{"taxonomy":"product_brand","embeddable":true,"href":"https:\/\/agrarpetrovic.rs\/en\/wp-json\/wp\/v2\/product_brand?post=7944"},{"taxonomy":"product_cat","embeddable":true,"href":"https:\/\/agrarpetrovic.rs\/en\/wp-json\/wp\/v2\/product_cat?post=7944"},{"taxonomy":"product_tag","embeddable":true,"href":"https:\/\/agrarpetrovic.rs\/en\/wp-json\/wp\/v2\/product_tag?post=7944"}],"curies":[{"name":"wp","href":"https:\/\/api.w.org\/{rel}","templated":true}]}}