{"id":7950,"date":"2025-09-20T00:11:03","date_gmt":"2025-09-19T22:11:03","guid":{"rendered":"https:\/\/agrarpetrovic.rs\/proizvod\/metkol-1-1-fungicid\/"},"modified":"2025-10-23T11:56:14","modified_gmt":"2025-10-23T09:56:14","slug":"metkol-1-1-fungicid","status":"publish","type":"product","link":"https:\/\/agrarpetrovic.rs\/en\/proizvod\/metkol-1-1-fungicid\/","title":{"rendered":"Metkol 1\/1 &#8211; fungicid"},"content":{"rendered":"<div class=\"product-harvest\">\n<p class=\"detail\"><strong>Primena:<\/strong><\/p>\n<table>\n<thead>\n<tr class=\"bg-5\">\n<th>USEV \/ ZASAD<\/th>\n<th>KOLI\u010cINA PRIMENE<\/th>\n<th>VREME PRIMENE<\/th>\n<\/tr>\n<\/thead>\n<tbody>\n<tr class=\"bg-sec-5\">\n<td class=\"bg-5\"><a href=\"https:\/\/www.agromarketsrbija.rs\/srb\/zastita-bilja\/programi-zastite\/1002\/STRNA-ZITA\">P\u0160ENICA<\/a><\/td>\n<td>1,2 &#8211; 1,5 (12-15 ml na 100 m2)<\/td>\n<td>Za bolesti lista i stabla primena u fazi vlatanja do kraja cvetanja (faze 30-69 BBCH) Za bolesti klasa primena od fenofaze kraj klasanja-pojavili su se svi klasovi do fenofaze po\u010detak cvetanja: vidljive prve polenove kesice (faze 59-61 BBCH)<\/td>\n<\/tr>\n<\/tbody>\n<\/table>\n<\/div>\n<div class=\"product-info\">\n<p><strong>DELOVANJE:<\/strong><\/p>\n<p>Aktivna materija Metkonazol pripada grupi Triazola. Deluje tako \u0161to inhibira biosintezu ergosterola u \u0107elijskim membranama, odnosno blokiraju enzim C14 -demetilazu.<\/p>\n<p><strong>SPEKTAR DELOVANJA:\u00a0<\/strong><\/p>\n<p>Prouzrokova\u010d plesni (Fusarium spp.), pepelnice (Blumeria graminis), r\u0111e (Puccinia spp.), sive pegavosti lista i klasa (Septoria spp.) p\u0161enice<\/p>\n<p><strong>PREPORUKE I NAPOMENE:\u00a0<\/strong><\/p>\n<p>Ne tretirati po vetru i visokoj temperaturi vazduha. Preparat se primenjuje folijarno, svim ure\u0111ajima za tretiranje sa zemlje uz utro\u0161ak 200 &#8211; 400 l\/ha vode. Tretiranje iz vazduhoplova nije dozvoljeno. Mo\u017ee se me\u0161ati sa ostalim sredstvima za za\u0161titu bilja uz prethodnu proveru. Me\u0161anje s folijarnim \u0111ubrivima nije dopu\u0161teno pre fenofaze 31 BBCH skale (prvo kolence najmanje 1 cm iznad kolenca bokorenja).<\/p>\n<\/div>","protected":false},"excerpt":{"rendered":"<p class=\"detail\"><strong>Klasa:<\/strong> <span class=\"klasa\">Fungicidi<\/span><\/p>\n<p class=\"detail\"><strong>Aktivna materija:<\/strong> <span class=\"aktivna-materija\">Metkonazol 60 g\/l<\/span><\/p>\n<p class=\"detail\"><strong>Formulacija:<\/strong> <span class=\"formulacija\">EC \u2013 koncentrat za emulziju<\/span><\/p>\n<p class=\"detail\"><strong>Karenca:<\/strong> <span class=\"karenca\">35 dana<\/span><\/p>\n<p class=\"detail\"><strong>Radna karenca:<\/strong> <span class=\"radna-karenca\">48 sati <\/span><\/p>\n<p class=\"detail\"><strong>MBT:<\/strong> <span class=\"mbt\">2<\/span><\/p>","protected":false},"featured_media":8970,"template":"","meta":[],"product_brand":[529],"product_cat":[415],"product_tag":[662],"class_list":{"0":"post-7950","1":"product","2":"type-product","3":"status-publish","4":"has-post-thumbnail","6":"product_brand-agromarket","7":"product_cat-fungicidi-2","8":"product_tag-metkonazol-60-g-l","10":"first","11":"outofstock","12":"product-type-simple"},"_links":{"self":[{"href":"https:\/\/agrarpetrovic.rs\/en\/wp-json\/wp\/v2\/product\/7950","targetHints":{"allow":["GET"]}}],"collection":[{"href":"https:\/\/agrarpetrovic.rs\/en\/wp-json\/wp\/v2\/product"}],"about":[{"href":"https:\/\/agrarpetrovic.rs\/en\/wp-json\/wp\/v2\/types\/product"}],"wp:featuredmedia":[{"embeddable":true,"href":"https:\/\/agrarpetrovic.rs\/en\/wp-json\/wp\/v2\/media\/8970"}],"wp:attachment":[{"href":"https:\/\/agrarpetrovic.rs\/en\/wp-json\/wp\/v2\/media?parent=7950"}],"wp:term":[{"taxonomy":"product_brand","embeddable":true,"href":"https:\/\/agrarpetrovic.rs\/en\/wp-json\/wp\/v2\/product_brand?post=7950"},{"taxonomy":"product_cat","embeddable":true,"href":"https:\/\/agrarpetrovic.rs\/en\/wp-json\/wp\/v2\/product_cat?post=7950"},{"taxonomy":"product_tag","embeddable":true,"href":"https:\/\/agrarpetrovic.rs\/en\/wp-json\/wp\/v2\/product_tag?post=7950"}],"curies":[{"name":"wp","href":"https:\/\/api.w.org\/{rel}","templated":true}]}}