{"id":7951,"date":"2025-09-20T00:11:03","date_gmt":"2025-09-19T22:11:03","guid":{"rendered":"https:\/\/agrarpetrovic.rs\/proizvod\/metmark-wp-10-gr-herbicid\/"},"modified":"2025-10-23T11:56:14","modified_gmt":"2025-10-23T09:56:14","slug":"metmark-wg-10-gr-herbicid","status":"publish","type":"product","link":"https:\/\/agrarpetrovic.rs\/en\/proizvod\/metmark-wg-10-gr-herbicid\/","title":{"rendered":"Metmark WG 10 gr &#8211; herbicid"},"content":{"rendered":"<div id=\"tab-description\" class=\"woocommerce-Tabs-panel woocommerce-Tabs-panel--description panel entry-content active\" role=\"tabpanel\" aria-labelledby=\"tab-title-description\">\n<h4>Primena<\/h4>\n<p>Metmark WG Herbicid se koristi u usevima p\u0161enice za suzbijanje \u0161irokolisnih korova od faze kada p\u0161enica ima najmanje tri lista, pa do pojave lista zastavi\u010dara. Efikasan je u eliminaciji korova koji konkuri\u0161u usevima za hranljive materije, vodu i svetlost, \u010dime se doprinosi pove\u0107anju prinosa i kvaliteta p\u0161enice.<\/p>\n<p>Napomena: Ne sme se primenjivati na useve pod stresom izazvanim nepovoljnim vremenskim uslovima, napadima insekata ili patogena, kao ni u usevima p\u0161enice koji su u zdru\u017eenom usevu sa travama, detelinom i drugim leguminozama.<\/p>\n<h4>Uputstvo za upotrebu i preporuke<\/h4>\n<p>Prilikom upotrebe Metmark WG Herbicida va\u017eno je obezbediti ravnomernu distribuciju preparata preko cele tretirane povr\u0161ine. Preparat se usvaja listom i korenom korova, kre\u0107e se kroz biljku ksilemom i floemom, i akumulira se u meristemskim tkivima, gde ispoljava svoje delovanje. Da bi efekat bio optimalan, preporu\u010duje se primena u fazi aktivnog rasta korova. Izbegavanje primene na vrlo slabo humoznim zemlji\u0161tima (&lt;1% humusa) i u kra\u0161kim podru\u010djima je klju\u010dno kako bi se smanjila mogu\u0107nost ispiranja. Tako\u0111e, ne treba koristiti preparat na povr\u0161inama koje su pod stresom izazvanim su\u0161om, niskim temperaturama, potopljenim zemlji\u0161tem ili napadom \u0161teto\u010dina. Nakon tretmana, u slu\u010daju preoravanja, na tretiranim povr\u0161inama se mogu sejati samo jara strna \u017eita, uz prethodnu obradu zemlji\u0161ta.<\/p>\n<h4>Doziranje<\/h4>\n<p>Preporu\u010deno doziranje je slede\u0107e: <b><br \/>\n<\/b><b><br \/>\n<\/b>Za p\u0161enicu: Preporu\u010dena koli\u010dina Metmark WG Herbicida je 0,01% uz dodatak 0,1% okva\u0161iva\u010da.<\/p>\n<p>Preparat se primenjuje tretiranjem po nicanju p\u0161enice, kada biljka ima najmanje tri lista, pa sve do pojave lista zastavi\u010dara (faza 13-39 prema VVSN skali).<\/p>\n<h4>Karenca<\/h4>\n<p>Karenca za p\u0161enicu je OVP (obezbe\u0111ena vremenska perioda), \u0161to zna\u010di da nema ograni\u010denja za \u017eetvu nakon pravilne primene preparata. Ovaj herbicid je siguran za useve p\u0161enice i ne ostavlja \u0161tetne rezidue u \u017eitima kada se koristi prema preporukama.<\/p>\n<h4>Dostupna pakovanja<\/h4>\n<p>Metmark WG Herbicid je dostupan u prakti\u010dnim pakovanjima od 10 g\u00a0 koja omogu\u0107avaju jednostavno rukovanje i precizno doziranje.<\/p>\n<p>Metmark WG Herbicid je idealan izbor za efikasno suzbijanje \u0161irokolisnih korova u p\u0161enici, uz obezbe\u0111enje visokog prinosa i kvaliteta useva. U\u017eivajte u pouzdanosti i efikasnosti ovog preparata koji \u0107e doprineti zdravom i produktivnom usevu!<\/p>\n<\/div>\n<div id=\"tab-additional_information\" class=\"woocommerce-Tabs-panel woocommerce-Tabs-panel--additional_information panel entry-content\" role=\"tabpanel\" aria-labelledby=\"tab-title-additional_information\">\n<table class=\"woocommerce-product-attributes shop_attributes\" aria-label=\"Product Details\">\n<tbody>\n<tr class=\"woocommerce-product-attributes-item woocommerce-product-attributes-item--attribute_pakovanje\">\n<th class=\"woocommerce-product-attributes-item__label\" scope=\"row\"><\/th>\n<td class=\"woocommerce-product-attributes-item__value\"><\/td>\n<\/tr>\n<\/tbody>\n<\/table>\n<\/div>","protected":false},"excerpt":{"rendered":"<p>Metmark WG Herbicid je selektivni translokacioni herbicid namenjen suzbijanju \u0161irokolisnih korova u usevu p\u0161enice. Ovaj preparat sadr\u017ei aktivnu materiju metsulfuron-metil u koncentraciji od 600 g\/kg, koja obezbe\u0111uje efikasno delovanje na korove. Metmark WG Herbicid je formulisan kao vododisperzibilne granule (WG), \u0161to omogu\u0107ava lako rastvaranje u vodi i ravnomernu primenu. Ovaj preparat deluje inhibiranjem biosinteze esencijalnih aminokiselina u korovima, \u0161to zaustavlja njihov rast i razmno\u017eavanje.<\/p>","protected":false},"featured_media":8517,"template":"","meta":[],"product_brand":[529],"product_cat":[449],"product_tag":[663],"class_list":{"0":"post-7951","1":"product","2":"type-product","3":"status-publish","4":"has-post-thumbnail","6":"product_brand-agromarket","7":"product_cat-herbicidi-2","8":"product_tag-metsulfuron-metil-600-g-kg","10":"first","11":"outofstock","12":"product-type-simple"},"_links":{"self":[{"href":"https:\/\/agrarpetrovic.rs\/en\/wp-json\/wp\/v2\/product\/7951","targetHints":{"allow":["GET"]}}],"collection":[{"href":"https:\/\/agrarpetrovic.rs\/en\/wp-json\/wp\/v2\/product"}],"about":[{"href":"https:\/\/agrarpetrovic.rs\/en\/wp-json\/wp\/v2\/types\/product"}],"wp:featuredmedia":[{"embeddable":true,"href":"https:\/\/agrarpetrovic.rs\/en\/wp-json\/wp\/v2\/media\/8517"}],"wp:attachment":[{"href":"https:\/\/agrarpetrovic.rs\/en\/wp-json\/wp\/v2\/media?parent=7951"}],"wp:term":[{"taxonomy":"product_brand","embeddable":true,"href":"https:\/\/agrarpetrovic.rs\/en\/wp-json\/wp\/v2\/product_brand?post=7951"},{"taxonomy":"product_cat","embeddable":true,"href":"https:\/\/agrarpetrovic.rs\/en\/wp-json\/wp\/v2\/product_cat?post=7951"},{"taxonomy":"product_tag","embeddable":true,"href":"https:\/\/agrarpetrovic.rs\/en\/wp-json\/wp\/v2\/product_tag?post=7951"}],"curies":[{"name":"wp","href":"https:\/\/api.w.org\/{rel}","templated":true}]}}