{"id":7953,"date":"2025-09-20T00:11:03","date_gmt":"2025-09-19T22:11:03","guid":{"rendered":"https:\/\/agrarpetrovic.rs\/proizvod\/microth-disspers1-kg-fungicid\/"},"modified":"2025-10-23T11:56:15","modified_gmt":"2025-10-23T09:56:15","slug":"microth-disspers1-kg-fungicid","status":"publish","type":"product","link":"https:\/\/agrarpetrovic.rs\/en\/proizvod\/microth-disspers1-kg-fungicid\/","title":{"rendered":"Microth. Disspers 1 kg &#8211; fungicid"},"content":{"rendered":"<div class=\"span9\">\n<div class=\"product-harvest\">\n<p class=\"detail\"><strong>Primena:<\/strong><\/p>\n<table>\n<thead>\n<tr class=\"bg-5\">\n<th>USEV \/ ZASAD<\/th>\n<th>KOLI\u010cINA PRIMENE<\/th>\n<th>VREME PRIMENE<\/th>\n<\/tr>\n<\/thead>\n<tbody>\n<tr class=\"bg-sec-5\">\n<td class=\"bg-5\"><a href=\"https:\/\/www.agromarketsrbija.rs\/srb\/zastita-bilja\/programi-zastite\/1020\/Vinova-loza\">VINOVA LOZA<\/a><\/td>\n<td>0,3% (30g u 10 l vode)<\/td>\n<td>Preventivno tretiranje<\/td>\n<\/tr>\n<tr class=\"bg-sec-5\">\n<td class=\"bg-5\"><a href=\"https:\/\/www.agromarketsrbija.rs\/srb\/zastita-bilja\/programi-zastite\/1020\/Vinova-loza\">VINOVA LOZA<\/a><\/td>\n<td>0,3-0,5% (30-50g u 10 l vode)<\/td>\n<td>U vreme pojave bolesti<\/td>\n<\/tr>\n<\/tbody>\n<\/table>\n<\/div>\n<div class=\"product-info\">\n<p><strong>DELOVANJE:<\/strong><\/p>\n<p>fungicid nesistemi\u010dnog karaktera, deluje preventivno i protektivno i inhibira disanje, odnosno SH enzime. Gljivice ne razvijaju rezistentnost na ovu aktivnu materiju zbog vi\u0161estrukog mehanizma delovanja.<\/p>\n<p><strong>SPEKTAR DELOVANJA:<\/strong><\/p>\n<p>Prouzrokova\u010d pepelnice vinove loze (<em>Uncinula necator<\/em>).<\/p>\n<p><strong>PREPORUKE I NAPOMENE<\/strong><\/p>\n<p>najstariji neorganski preparat za suzbijanje pepelnice. Dobro deluje parama. Sporedno suzbija i grinje na svim kulturama zahvaljuju\u0107i iritiraju\u0107im isparenjima. Tretiranje se obavlja na temperaturama izmedu 18 &#8211; 28\u00b0C. Na temperaturama ispod 16\u00b0C biolo\u0161ko delovanje je oslabljeno.<\/p>\n<p>Mo\u017ee se me\u0161ati sa ve\u0107inom drugih preparata. Intervali izme\u0111u dva tretiranja 7 &#8211; 10 dana. Ne izaziva o\u017eegotine na li\u0161\u0107u i lastarima.<\/p>\n<p>Najbolje rezultate daje ako se primenjuje preventivno (pre po\u010detka razvoja bolesti).<\/p>\n<p><strong>Preparat se nalazi na \u201cLista registrovanih sredstava za ishranu bilja i oplemenjiva<\/strong><strong>\u010d<\/strong><strong>a zemlji<\/strong><strong>\u0161<\/strong><strong>ta i sredstava za za<\/strong><strong>\u0161<\/strong><strong>titu bilja koji se mogu koristiti u organskoj proizvodnji\u201d<\/strong><\/p>\n<\/div>\n<\/div>","protected":false},"excerpt":{"rendered":"<p class=\"detail\"><strong>Klasa:<\/strong> <span class=\"klasa\">Fungicidi<\/span><\/p>\n<p class=\"detail\"><strong>Aktivna materija:<\/strong> <span class=\"aktivna-materija\">Elementarni sumpor 800g\/kg<\/span><\/p>\n<p class=\"detail\"><strong>Formulacija:<\/strong> <span class=\"formulacija\">WG- vodorastvorljive granule<\/span><\/p>\n<p class=\"detail\"><strong>Proizvo\u0111a\u010d:<\/strong> <span class=\"proizvo\u0111a\u010d\">United Phosphorus<\/span><\/p>\n<p class=\"detail\"><strong>Karenca:<\/strong> <span class=\"karenca\">28 dana<\/span><\/p>\n<p class=\"detail\"><strong>Radna karenca:<\/strong> <span class=\"radna-karenca\">28dana<\/span><\/p>\n<p class=\"detail\"><strong>MBT:<\/strong> <span class=\"mbt\">4<\/span><\/p>","protected":false},"featured_media":8520,"template":"","meta":[],"product_brand":[529],"product_cat":[415],"product_tag":[586],"class_list":{"0":"post-7953","1":"product","2":"type-product","3":"status-publish","4":"has-post-thumbnail","6":"product_brand-agromarket","7":"product_cat-fungicidi-2","8":"product_tag-elementarni-sumpor-800g-kg","10":"first","11":"outofstock","12":"purchasable","13":"product-type-simple"},"_links":{"self":[{"href":"https:\/\/agrarpetrovic.rs\/en\/wp-json\/wp\/v2\/product\/7953","targetHints":{"allow":["GET"]}}],"collection":[{"href":"https:\/\/agrarpetrovic.rs\/en\/wp-json\/wp\/v2\/product"}],"about":[{"href":"https:\/\/agrarpetrovic.rs\/en\/wp-json\/wp\/v2\/types\/product"}],"wp:featuredmedia":[{"embeddable":true,"href":"https:\/\/agrarpetrovic.rs\/en\/wp-json\/wp\/v2\/media\/8520"}],"wp:attachment":[{"href":"https:\/\/agrarpetrovic.rs\/en\/wp-json\/wp\/v2\/media?parent=7953"}],"wp:term":[{"taxonomy":"product_brand","embeddable":true,"href":"https:\/\/agrarpetrovic.rs\/en\/wp-json\/wp\/v2\/product_brand?post=7953"},{"taxonomy":"product_cat","embeddable":true,"href":"https:\/\/agrarpetrovic.rs\/en\/wp-json\/wp\/v2\/product_cat?post=7953"},{"taxonomy":"product_tag","embeddable":true,"href":"https:\/\/agrarpetrovic.rs\/en\/wp-json\/wp\/v2\/product_tag?post=7953"}],"curies":[{"name":"wp","href":"https:\/\/api.w.org\/{rel}","templated":true}]}}