{"id":7957,"date":"2025-09-20T00:11:08","date_gmt":"2025-09-19T22:11:08","guid":{"rendered":"https:\/\/agrarpetrovic.rs\/proizvod\/mikla-flesh-0-5-fungicid\/"},"modified":"2025-10-23T11:56:15","modified_gmt":"2025-10-23T09:56:15","slug":"mikla-flesh-0-5-fungicid","status":"publish","type":"product","link":"https:\/\/agrarpetrovic.rs\/en\/proizvod\/mikla-flesh-0-5-fungicid\/","title":{"rendered":"Mikal FLASH 0.5 &#8211; fungicid"},"content":{"rendered":"<div class=\"product-harvest\">\n<p class=\"detail\"><strong>Primena:<\/strong><\/p>\n<table>\n<thead>\n<tr class=\"bg-5\">\n<th>USEV \/ ZASAD<\/th>\n<th>KOLI\u010cINA PRIMENE<\/th>\n<th>VREME PRIMENE<\/th>\n<\/tr>\n<\/thead>\n<tbody>\n<tr class=\"bg-sec-5\">\n<td class=\"bg-5\"><a href=\"https:\/\/www.agromarketsrbija.rs\/srb\/zastita-bilja\/programi-zastite\/1020\/Vinova-loza\">VINOVA LOZA<\/a><\/td>\n<td>0,3- 0,4% (3-4 kg\/ha)<\/td>\n<td>Tretirati po potrebi od faze pred cvetanje do faze kada su bobice veli\u010dine gra\u0161ka (faze 57-75 BBCH skale)<\/td>\n<\/tr>\n<\/tbody>\n<\/table>\n<\/div>\n<div class=\"product-info\">\n<p><strong>DELOVANJE:\u00a0<\/strong><\/p>\n<p>kombinacija dve aktivne materije, prve, Fosetil-aluminijum koji pripada grupi\u00a0<em>Fosfonata\u00a0<\/em>i inhibira klijanje spora, blokira razvoj micelije i sporulaciju. Aktivna materija se brzo usvaja, a zatim prenosi po celoj biljci. Pru\u017ea za\u0161titu od korena do vegetacione kupe. Istovremeno podsti\u010de i prirodni odbrambeni mehanizam biljaka. Druga aktivna materija, Folpet, koja pripada grupi Ftalimida, je nesistemi\u010dni fungicid sa preventivnim delovanjem. Deluje tako \u0161to spre\u010dava klijanje spora.<\/p>\n<p><strong>SPEKTAR DELOVANJA:\u00a0<\/strong><\/p>\n<p>prouzrokova\u010d plamenja\u010de (<em>Plasmopara viticola<\/em>)<\/p>\n<p><strong>PREPORUKE I NAPOMENE<\/strong><\/p>\n<p>tretiranjem u prole\u0107e, prilikom pucanja pupoljaka, odnosno nakon pojave zelenih listi\u0107a lastara, efikasno se suzbija prouzrokova\u010d crne pegavosti vinove loze (<em>Phomopsis viticola<\/em>), a koli\u010dina primene je 1,5 kg\/ha;<\/p>\n<p>Razmak izme\u0111u dva tretmana prvenstveno zavisi od uslova za razvoj prouzrokova\u010da plamenja\u010de, a preporuka je blok-tretman na 10 do 14 dana;<\/p>\n<p>Preventivna primena obezbe\u0111uje najsigurniju za\u0161titu zasada vinove loze;<\/p>\n<p>Ne sme se me\u0161ati sa insekticidima kisele reakcije (<em>dihlorvos, heptenofos, dimetoat<\/em>), alkalnim preparatima, Bordovskom \u010dorbom, preparatima na bazi sumpora, kao i ve\u0107inom folijarnih \u0111ubriva;<\/p>\n<p>Kod dozvoljenih me\u0161avina, prilikom dodavanja preparata u rezervoar prskalice treba ispo\u0161tovati slede\u0107i redosled: u rezervoar prvo sipati preparat SC formulacije, zatim dodati preparat na bazi fosetil-aluminijuma, nakon \u010dega se mogu dodati preparati WP ili WG formulacija, a na kraju preparati EC i EW formulacija.<\/p>\n<p><strong>Utro\u0161ak vode: 600-1000 l\/ha.<\/strong><\/p>\n<\/div>","protected":false},"excerpt":{"rendered":"<p class=\"detail\"><strong>Klasa:<\/strong>\u00a0<span class=\"klasa\">Fungicid<\/span><\/p>\n<p class=\"detail\"><strong>Aktivna materija:<\/strong>\u00a0<span class=\"aktivna-materija\">Fosetil-aluminijum 500 g\/kg + Folpet 250 g\/kg<\/span><\/p>\n<p class=\"detail\"><strong>Formulacija:<\/strong>\u00a0<span class=\"formulacija\">WG &#8211; vododisperzibilne granule<\/span><\/p>\n<p class=\"detail\"><strong>Proizvo\u0111a\u010d:<\/strong>\u00a0<span class=\"proizvo\u0111a\u010d\">Bayer CropScience<\/span><\/p>\n<p class=\"detail\"><strong>Karenca:<\/strong>\u00a0<span class=\"karenca\">42 dana<\/span><\/p>\n<p class=\"detail\"><strong>Radna karenca:<\/strong>\u00a0<span class=\"radna-karenca\">1 dan<\/span><\/p>\n<p class=\"detail\"><strong>MBT:<\/strong>\u00a0<span class=\"mbt\">3<\/span><\/p>","protected":false},"featured_media":8524,"template":"","meta":[],"product_brand":[533],"product_cat":[415],"product_tag":[618],"class_list":{"0":"post-7957","1":"product","2":"type-product","3":"status-publish","4":"has-post-thumbnail","6":"product_brand-bayer","7":"product_cat-fungicidi-2","8":"product_tag-fosetil-aluminijum-500-g-kg-folpet-250-g-kg","10":"first","11":"outofstock","12":"product-type-simple"},"_links":{"self":[{"href":"https:\/\/agrarpetrovic.rs\/en\/wp-json\/wp\/v2\/product\/7957","targetHints":{"allow":["GET"]}}],"collection":[{"href":"https:\/\/agrarpetrovic.rs\/en\/wp-json\/wp\/v2\/product"}],"about":[{"href":"https:\/\/agrarpetrovic.rs\/en\/wp-json\/wp\/v2\/types\/product"}],"wp:featuredmedia":[{"embeddable":true,"href":"https:\/\/agrarpetrovic.rs\/en\/wp-json\/wp\/v2\/media\/8524"}],"wp:attachment":[{"href":"https:\/\/agrarpetrovic.rs\/en\/wp-json\/wp\/v2\/media?parent=7957"}],"wp:term":[{"taxonomy":"product_brand","embeddable":true,"href":"https:\/\/agrarpetrovic.rs\/en\/wp-json\/wp\/v2\/product_brand?post=7957"},{"taxonomy":"product_cat","embeddable":true,"href":"https:\/\/agrarpetrovic.rs\/en\/wp-json\/wp\/v2\/product_cat?post=7957"},{"taxonomy":"product_tag","embeddable":true,"href":"https:\/\/agrarpetrovic.rs\/en\/wp-json\/wp\/v2\/product_tag?post=7957"}],"curies":[{"name":"wp","href":"https:\/\/api.w.org\/{rel}","templated":true}]}}