{"id":7959,"date":"2025-09-20T00:11:08","date_gmt":"2025-09-19T22:11:08","guid":{"rendered":"https:\/\/agrarpetrovic.rs\/proizvod\/minecto-alpha-500ml-insekticid\/"},"modified":"2025-10-23T11:56:15","modified_gmt":"2025-10-23T09:56:15","slug":"minecto-alpha-500-ml-insekticid","status":"publish","type":"product","link":"https:\/\/agrarpetrovic.rs\/en\/proizvod\/minecto-alpha-500-ml-insekticid\/","title":{"rendered":"Minecto Alpha 500 ml &#8211; insekticid"},"content":{"rendered":"<p><strong>PRIMENA:<\/strong><\/p>\n<p>PARADAJZ (Staklenik\/plastenik):<br \/>\n&#8211; Folijarno: 100-125 ml\/100L vode (max 1,2 L\/ha)<br \/>\n&#8211; Sistem kap po kap: 1 L\/ha<\/p>\n<p>PAPRIKA (Staklenik\/plastenik):<br \/>\n&#8211; Sistem kap po kap: 1 L\/ha<\/p>\n<p>SALATA (Otvoreno polje):<br \/>\n&#8211; Folijarno: 0,75-1,25 L\/ha<br \/>\n&#8211; Sistem kap po kap: 0,75-1 L\/ha<\/p>\n<p><strong>NA\u010cIN DELOVANJA:<\/strong><br \/>\n\u2022 Insekticidno: Izaziva paralizu mi\u0161i\u0107a i prekid ishrane \u0161teto\u010dina<br \/>\n\u2022 Antivirusno: Aktivira prirodni odbrambeni mehanizam biljke<\/p>\n<p><strong>\u00a0VA\u017dNE NAPOMENE:<\/strong><br \/>\n&#8211; Maksimalno 2 tretmana po periodu primene<br \/>\n&#8211; Minimalno 60 dana izme\u0111u perioda primene<br \/>\n&#8211; Primenjivati preventivno ili na po\u010detku napada \u0161teto\u010dina<br \/>\n&#8211; Koristiti u sklopu antirezistentne strategije<\/p>\n<p><strong>\u00a0KOLI\u010cINA VODE:<\/strong><br \/>\n\u2022 Folijarno: 200-1.000 L\/ha<br \/>\n\u2022 Sistem kap po kap: 10.000-20.000 L\/ha<\/p>\n<p><strong>\u00a0VREME PRIMENE:<\/strong><br \/>\nOd razvoja drugog pravog lista do pune zrelosti plodova<\/p>","protected":false},"excerpt":{"rendered":"<p>Vrhunska za\u0161tita paradajza, paprike i salate sa dvostrukim dejstvom &#8211; insekticidnim i antivirusnim.<\/p>\n<p><strong>AKTIVNE MATERIJE<\/strong>: 100 g\/l cijantraniliprol + 12.5 g\/l acibenzolar S-metil<br \/>\n<strong>Formulacija:<\/strong> Suspenzija kapsula (CS)<\/p>\n<p>Jedinstvena 2-u-1 formulacija<br \/>\n\u2022 Produ\u017eeno sistemi\u010dno dejstvo<br \/>\n\u2022 Brzo delovanje kroz listove i koren<br \/>\n\u2022 Dodatna za\u0161tita od virusa (TSWV i TYLCV)<br \/>\n\u2022 Bezbedno za korisne insekte<\/p>","protected":false},"featured_media":8669,"template":"","meta":[],"product_brand":[531],"product_cat":[480],"product_tag":[810],"class_list":{"0":"post-7959","1":"product","2":"type-product","3":"status-publish","4":"has-post-thumbnail","6":"product_brand-sygenta","7":"product_cat-insekticidi-2","8":"product_tag-100-g-l-cijantraniliprol-12-5-g-l-acibenzolar-s-metil","10":"first","11":"outofstock","12":"purchasable","13":"product-type-simple"},"_links":{"self":[{"href":"https:\/\/agrarpetrovic.rs\/en\/wp-json\/wp\/v2\/product\/7959","targetHints":{"allow":["GET"]}}],"collection":[{"href":"https:\/\/agrarpetrovic.rs\/en\/wp-json\/wp\/v2\/product"}],"about":[{"href":"https:\/\/agrarpetrovic.rs\/en\/wp-json\/wp\/v2\/types\/product"}],"wp:featuredmedia":[{"embeddable":true,"href":"https:\/\/agrarpetrovic.rs\/en\/wp-json\/wp\/v2\/media\/8669"}],"wp:attachment":[{"href":"https:\/\/agrarpetrovic.rs\/en\/wp-json\/wp\/v2\/media?parent=7959"}],"wp:term":[{"taxonomy":"product_brand","embeddable":true,"href":"https:\/\/agrarpetrovic.rs\/en\/wp-json\/wp\/v2\/product_brand?post=7959"},{"taxonomy":"product_cat","embeddable":true,"href":"https:\/\/agrarpetrovic.rs\/en\/wp-json\/wp\/v2\/product_cat?post=7959"},{"taxonomy":"product_tag","embeddable":true,"href":"https:\/\/agrarpetrovic.rs\/en\/wp-json\/wp\/v2\/product_tag?post=7959"}],"curies":[{"name":"wp","href":"https:\/\/api.w.org\/{rel}","templated":true}]}}