{"id":7960,"date":"2025-09-20T00:11:08","date_gmt":"2025-09-19T22:11:08","guid":{"rendered":"https:\/\/agrarpetrovic.rs\/proizvod\/modus-evo-1-1\/"},"modified":"2025-10-23T11:56:18","modified_gmt":"2025-10-23T09:56:18","slug":"modus-evo-1-1","status":"publish","type":"product","link":"https:\/\/agrarpetrovic.rs\/en\/proizvod\/modus-evo-1-1\/","title":{"rendered":"Modus Evo 1\/1"},"content":{"rendered":"<p><strong>Primena:<\/strong><\/p>\n<div class=\"table-mobile-effect\">\n<div class=\"table-wrapper tw-overflow-y-auto\">\n<table border=\"0\" cellspacing=\"1\" cellpadding=\"1\" align=\"left\" data-once=\"table\">\n<tbody>\n<tr>\n<td>Bi<strong>ljna vrsta<\/strong><\/td>\n<td><strong>Spektar delovanja<\/strong><\/td>\n<td><strong>Koli\u010dina primene<\/strong><\/td>\n<td><strong>Vreme primene\u00a0<\/strong><\/td>\n<td><strong>Karenca<\/strong><\/td>\n<\/tr>\n<tr>\n<td>Je\u010dam<\/td>\n<td>Pove\u0107ava otpornost na poleganje<\/td>\n<td>0.6 l\/ha<\/td>\n<td>Od kraja bokorenja do kraja faze razvoja zastavi\u010dara, kada je vidljivo prvo osje<\/td>\n<td>*OVP<\/td>\n<\/tr>\n<tr>\n<td>P\u0161enica<\/td>\n<td>Pove\u0107ava otpornost na poleganje<\/td>\n<td>0.3 l\/ha<\/td>\n<td>Od faze bokorenja do pojave zastavi\u010dara<\/td>\n<td>*OVP<\/td>\n<\/tr>\n<\/tbody>\n<\/table>\n<\/div>\n<\/div>\n<div>*OVP \u2013 obezbe\u0111ena vremenom primene.<br \/>\n<strong>Radna karenca<\/strong>: Do su\u0161enja depozita (6-12 sati)<\/div>\n<div>\n<div><\/div>\n<div><strong>Posebne napomene:<\/strong><\/div>\n<div>Maksimalan broj tretmana na istoj povr\u0161ini u toku godine je jednom.<\/div>\n<\/div>\n<div><\/div>","protected":false},"excerpt":{"rendered":"<div><strong>MODDUS\u00ae Evo<\/strong>\u00a0je regulator rasta, \u010diji se mehanizam delovanja zasniva na inhibiciji biosinteze giberalina. Sni\u017eenje sadr\u017eaja giberelina rezultira skra\u0107ivanjem internodija, a time i smanjenim porastom biljaka.<\/div>\n<div>Usvaja se listom i transportuje do zona rasta u izdanku. Pove\u0107ava otpornost na poleganje strnih \u017eita, pobolj\u0161ava razvoj korenovog sistema i bolje ukorenjavanje. Primenom\u00a0<strong>MODDUS\u00ae Evo<\/strong>\u00a0se posti\u017ee homogena visina useva radi lak\u0161e \u017eetve.<\/div>\n<div><\/div>\n<div>\n<div class=\"tw-mb-4 field field--name-field-product-cp-composition field--type-entity-reference-revisions field--label-above\">\n<div class=\"field__label tw-font-bold\"><strong>Aktivna materija<\/strong>: 250 g\/l Trineksapak-etil<\/div>\n<div><\/div>\n<\/div>\n<div class=\"tw-mb-4 field-inline-comma-separated field field--name-field-product-cp-formulation field--type-entity-reference field--label-above\">\n<div class=\"field__label tw-font-bold\"><strong>Formulacija<\/strong>: Koncentrat za disperziju (DC)<\/div>\n<\/div>\n<\/div>","protected":false},"featured_media":8527,"template":"","meta":[],"product_brand":[531],"product_cat":[532],"product_tag":[811],"class_list":{"0":"post-7960","1":"product","2":"type-product","3":"status-publish","4":"has-post-thumbnail","6":"product_brand-sygenta","7":"product_cat-hemija","8":"product_tag-250-g-l-trineksapak-etil","10":"first","11":"outofstock","12":"purchasable","13":"product-type-simple"},"_links":{"self":[{"href":"https:\/\/agrarpetrovic.rs\/en\/wp-json\/wp\/v2\/product\/7960","targetHints":{"allow":["GET"]}}],"collection":[{"href":"https:\/\/agrarpetrovic.rs\/en\/wp-json\/wp\/v2\/product"}],"about":[{"href":"https:\/\/agrarpetrovic.rs\/en\/wp-json\/wp\/v2\/types\/product"}],"wp:featuredmedia":[{"embeddable":true,"href":"https:\/\/agrarpetrovic.rs\/en\/wp-json\/wp\/v2\/media\/8527"}],"wp:attachment":[{"href":"https:\/\/agrarpetrovic.rs\/en\/wp-json\/wp\/v2\/media?parent=7960"}],"wp:term":[{"taxonomy":"product_brand","embeddable":true,"href":"https:\/\/agrarpetrovic.rs\/en\/wp-json\/wp\/v2\/product_brand?post=7960"},{"taxonomy":"product_cat","embeddable":true,"href":"https:\/\/agrarpetrovic.rs\/en\/wp-json\/wp\/v2\/product_cat?post=7960"},{"taxonomy":"product_tag","embeddable":true,"href":"https:\/\/agrarpetrovic.rs\/en\/wp-json\/wp\/v2\/product_tag?post=7960"}],"curies":[{"name":"wp","href":"https:\/\/api.w.org\/{rel}","templated":true}]}}