{"id":7962,"date":"2025-09-20T00:11:08","date_gmt":"2025-09-19T22:11:08","guid":{"rendered":"https:\/\/agrarpetrovic.rs\/proizvod\/mont-960-500-ml-herbicid\/"},"modified":"2025-10-23T11:56:18","modified_gmt":"2025-10-23T09:56:18","slug":"mont-960-500-ml-herbicid","status":"publish","type":"product","link":"https:\/\/agrarpetrovic.rs\/en\/proizvod\/mont-960-500-ml-herbicid\/","title":{"rendered":"Mont 960 500 ml &#8211; herbicid"},"content":{"rendered":"<div class=\"product-harvest\">\n<p class=\"detail\">Primena:<\/p>\n<table>\n<thead>\n<tr class=\"bg-4\">\n<th>USEV \/ ZASAD<\/th>\n<th>KOLI\u010cINA PRIMENE<\/th>\n<th>VREME PRIMENE<\/th>\n<\/tr>\n<\/thead>\n<tbody>\n<tr class=\"bg-sec-4\">\n<td class=\"bg-4\"><a href=\"https:\/\/www.agromarketsrbija.rs\/srb\/zastita-bilja\/programi-zastite\/1001\/Kukuruz\">KUKURUZ<\/a><\/td>\n<td>1,4 \u2013 1,5 l\/ha<\/td>\n<td>Po setvi, a pre nicanja (PRE-EM)<\/td>\n<\/tr>\n<\/tbody>\n<\/table>\n<\/div>\n<div class=\"product-info\">\n<p><strong>DELOVANJE:<\/strong><\/p>\n<p>selektivni herbicid na bazi S-metolahlora, pripada grupi Hloracetamida. Inhibira deobu \u0107elija, kao i biosintezu masnih kiselina s dugim lancem.<\/p>\n<p><strong>SPEKTAR DELOVANJA<\/strong><\/p>\n<p>JEDNOGODI\u0160NJE USKOLISNE I NEKE \u0160IROKOLISNE KOROVSKE VRSTE:<\/p>\n<p>proso korovsko (<em>Echinochloa crus-galli<\/em>), divlji sirak iz semena (<em>Sorghum halepense<\/em>), \u0161tir obi\u010dni (<em>Amaranthus retroflexus<\/em>), \u0161tir bljutavi (<em>A. blitoides<\/em>), tu\u0161t obi\u010dni (<em>Portulaca oleracea<\/em>).<\/p>\n<p><strong>PREPORUKE I NAPOMENE<\/strong><\/p>\n<p>mo\u017ee biti fitotoksi\u010dan na slabo humoznim zemlji\u0161tima (vrednosti ispod 1% humusa) i zemlji\u0161tima \u010diji je pH ispod 5,5. U uslovima kada nakon tretiranja uslede nepovoljni uslovi za razvoj (hladno i previ\u0161e vla\u017eno ili izrazito suvo vreme) mo\u017ee do\u0107i do prolazne fitotoksije. Mo\u017ee se me\u0161ati sa preparatima na bazi\u00a0<em>Terbutilazina, Flumioksazina<\/em>. Tretiranje iz vazduhoplova nije dozvoljeno.<\/p>\n<\/div>","protected":false},"excerpt":{"rendered":"<p class=\"detail\"><strong>Klasa:<\/strong>\u00a0<span class=\"klasa\">Selektivni herbicid<\/span><\/p>\n<p class=\"detail\"><strong>Aktivna materija:<\/strong>\u00a0<span class=\"aktivna-materija\">S-metolahlor 960 g\/l<\/span><\/p>\n<p class=\"detail\"><strong>Formulacija:<\/strong>\u00a0<span class=\"formulacija\">EC \u2013 koncentrat za emulziju<\/span><\/p>\n<p class=\"detail\"><strong>Pakovanje:<\/strong>\u00a0<span class=\"pakovanje\">0,5 l, 1 l<\/span><\/p>\n<p class=\"detail\"><strong>Karenca:<\/strong>\u00a0<span class=\"karenca\">OVP<\/span><\/p>\n<p class=\"detail\"><strong>Plodored:<\/strong>\u00a0<span class=\"plodored\">ukoliko do\u0111e do prevremenog skidanja useva, na tretiranim povr\u0161inama mogu se sejati kukuruz (bez dodatnog tretiranja herbicidima), gra\u0161ak, soja, pasulj, krompir. Posle 6 meseci na parceli se mogu sejati strna \u017eita. U normalnom plodoredu nema ograni\u010denja.<\/span><\/p>\n<p class=\"detail\"><strong>Radna Karenca:<\/strong>\u00a0<span class=\"radna-karenca\">48 sati<\/span><\/p>","protected":false},"featured_media":8670,"template":"","meta":[],"product_brand":[529],"product_cat":[449],"product_tag":[704],"class_list":{"0":"post-7962","1":"product","2":"type-product","3":"status-publish","4":"has-post-thumbnail","6":"product_brand-agromarket","7":"product_cat-herbicidi-2","8":"product_tag-s-metolahlor-960-g-l","10":"first","11":"outofstock","12":"purchasable","13":"product-type-simple"},"_links":{"self":[{"href":"https:\/\/agrarpetrovic.rs\/en\/wp-json\/wp\/v2\/product\/7962","targetHints":{"allow":["GET"]}}],"collection":[{"href":"https:\/\/agrarpetrovic.rs\/en\/wp-json\/wp\/v2\/product"}],"about":[{"href":"https:\/\/agrarpetrovic.rs\/en\/wp-json\/wp\/v2\/types\/product"}],"wp:featuredmedia":[{"embeddable":true,"href":"https:\/\/agrarpetrovic.rs\/en\/wp-json\/wp\/v2\/media\/8670"}],"wp:attachment":[{"href":"https:\/\/agrarpetrovic.rs\/en\/wp-json\/wp\/v2\/media?parent=7962"}],"wp:term":[{"taxonomy":"product_brand","embeddable":true,"href":"https:\/\/agrarpetrovic.rs\/en\/wp-json\/wp\/v2\/product_brand?post=7962"},{"taxonomy":"product_cat","embeddable":true,"href":"https:\/\/agrarpetrovic.rs\/en\/wp-json\/wp\/v2\/product_cat?post=7962"},{"taxonomy":"product_tag","embeddable":true,"href":"https:\/\/agrarpetrovic.rs\/en\/wp-json\/wp\/v2\/product_tag?post=7962"}],"curies":[{"name":"wp","href":"https:\/\/api.w.org\/{rel}","templated":true}]}}