{"id":7963,"date":"2025-09-20T00:11:08","date_gmt":"2025-09-19T22:11:08","guid":{"rendered":"https:\/\/agrarpetrovic.rs\/proizvod\/motivell-40-sc-1-1-herbicid\/"},"modified":"2025-10-23T11:56:18","modified_gmt":"2025-10-23T09:56:18","slug":"motivell-40-sc-1-1-herbicid","status":"publish","type":"product","link":"https:\/\/agrarpetrovic.rs\/en\/proizvod\/motivell-40-sc-1-1-herbicid\/","title":{"rendered":"Motivell 40 SC 1\/1 &#8211; herbicid"},"content":{"rendered":"<div class=\"product-harvest\">\n<p class=\"detail\"><strong>Primena:<\/strong><\/p>\n<table>\n<thead>\n<tr class=\"bg-4\">\n<th>USEV \/ ZASAD<\/th>\n<th>KOLI\u010cINA PRIMENE<\/th>\n<th>VREME PRIMENE<\/th>\n<\/tr>\n<\/thead>\n<tbody>\n<tr class=\"bg-sec-4\">\n<td class=\"bg-4\"><a href=\"https:\/\/www.agromarketsrbija.rs\/srb\/zastita-bilja\/programi-zastite\/1001\/Kukuruz\">KUKURUZ (merkantilni i sila\u017eni)<\/a><\/td>\n<td>0,75 (l\/kg\/ha)<\/td>\n<td>Jednokratna primena za subijanje divljeg sirka iz rizoma i jednogodi\u0161njih travnih i \u0161irokolisnih korova, a kukuruz u fazi 3 do 8 listova (faze 12-18 BBCH skale)<\/td>\n<\/tr>\n<\/tbody>\n<\/table>\n<\/div>\n<div class=\"product-info\">\n<p><strong>DELOVANJE:<\/strong><\/p>\n<p>translokacioni herbicid iz grupe\u00a0<em>Sulfoniluree<\/em>. Inhibira aktivnost enzima acetolaktat-sintetaze, klju\u010dnog enzima za biosintezu aminokiselina sa ra\u010dvastim bo\u010dnim lancem (izoleucin, leucin, valin). Korovske biljke ga usvajaju kontaktno preko lisne mase, a zatim se translocira do meristemskih tkiva. Nakon tretiranja, korovi prestaju sa rastom, a do su\u0161enja dolazi u periodu 10 do 20 dana.<\/p>\n<p><strong>SPEKTAR DELOVANJA<\/strong><\/p>\n<p>JEDNOGODI\u0160NJE I VI\u0160EGODI\u0160NJE USKOLISNE I JEDNOGODI\u0160NJE \u0160IROKOLISNE KOROVSKE VRSTE:<\/p>\n<p>proso korovsko (<em>Echinochloa crus-galli<\/em>), muhar sivi (<em>Setaria glauca<\/em>), divlji sirak iz semena (<em>Sorghum halepense<\/em>), divlji sirak iz rizoma (<em>Sorghum halepense<\/em>), teofrastova lipica (<em>Abutilon theophrasti<\/em>), \u0161tir obi\u010dan (<em>Amaranthus retroflexus<\/em>), loboda obi\u010dna (<em>Atriplex patula<\/em>), pepeljuga obi\u010dna (<em>Chenopodium album<\/em>), tatula (<em>Datura stramonium<\/em>), prilepa\u010da (<em>Galium aparine<\/em>), lubeni\u010darka njivska (<em>Hibiscus<\/em>\u00a0<em>trionum<\/em>), mi\u0161jakinja (<em>Stellaria media<\/em>).<\/p>\n<p><strong>PREPORUKE I NAPOMENE<\/strong><\/p>\n<p><strong>OD formulacija preparata omogu<\/strong><strong>\u0107<\/strong><strong>ava bolju pokrovnost i br<\/strong><strong>\u017e<\/strong><strong>e usvajanje<\/strong>. Uljna suspenzija (OD) u odnosu na koncentrovanu suspenziju (SC) poseduje bolju homogenost i stabilnost \u0161to doprinosi kvalitetnijem delovanju preparata jer se \u010destice herbicida bolje disperguju i prijanjaju na lisnu povr\u0161inu. Ve\u0107 1 sat nakon tretmana ne mo\u017ee do\u0107i do spiranja ki\u0161om, \u0161to nam omogu\u0107ava primenu herbicida i u slu\u010daju najavljenih padavina. Koli\u010dina primene preparata direktno zavisi od spektra korovskih biljka u usevu pa tako za suzbijanje jednogodi\u0161njih uskolisnih i \u0161irokolisnih korova iznosi 0,6 l\/ha, a za vi\u0161egodi\u0161nje uskolisne 0,75 l\/ha. Ukoliko je opredeljenje dvokratna primena, prvi tretman se vr\u0161i kada je kukuruz u fazi razvoja 3 do 4 lista, a II tretman 7 do 10 dana kasnije<\/p>\n<\/div>","protected":false},"excerpt":{"rendered":"<p class=\"detail\"><strong>Klasa:<\/strong>\u00a0<span class=\"klasa\">Selektivni translokacioni herbicid<\/span><\/p>\n<p class=\"detail\"><strong>Aktivna materija:<\/strong>\u00a0<span class=\"aktivna-materija\">Nikosulfuron 60 g\/l<\/span><\/p>\n<p class=\"detail\"><strong>Formulacija:<\/strong>\u00a0<span class=\"formulacija\">OD &#8211; uljna suspenzija<\/span><\/p>\n<p class=\"detail\"><strong>Proizvo\u0111a\u010d:<\/strong>\u00a0<span class=\"proizvo\u0111a\u010d\">ISK, Belchim<\/span><\/p>\n<p class=\"detail\"><strong>Karenca:<\/strong>\u00a0<span class=\"karenca\">63 &#8211; merkantilni kukuruz; 35 &#8211; dana sila\u017eni kukuruz<\/span><\/p>\n<p class=\"detail\"><strong>Plodored:<\/strong>\u00a0<span class=\"plodored\">ozime \u017eitarice se mogu sejati nakon 4 meseca, jare strnine nakon 8 meseci, do 10 meseci nakon primene mo\u017ee se sejati soja i pasulj, a 12 meseci lucerka; drugi usevi bez ograni\u010denja<\/span><\/p>","protected":false},"featured_media":8530,"template":"","meta":[],"product_brand":[529],"product_cat":[449],"product_tag":[675],"class_list":{"0":"post-7963","1":"product","2":"type-product","3":"status-publish","4":"has-post-thumbnail","6":"product_brand-agromarket","7":"product_cat-herbicidi-2","8":"product_tag-nikosulfuron-60-g-l","10":"first","11":"outofstock","12":"purchasable","13":"product-type-simple"},"_links":{"self":[{"href":"https:\/\/agrarpetrovic.rs\/en\/wp-json\/wp\/v2\/product\/7963","targetHints":{"allow":["GET"]}}],"collection":[{"href":"https:\/\/agrarpetrovic.rs\/en\/wp-json\/wp\/v2\/product"}],"about":[{"href":"https:\/\/agrarpetrovic.rs\/en\/wp-json\/wp\/v2\/types\/product"}],"wp:featuredmedia":[{"embeddable":true,"href":"https:\/\/agrarpetrovic.rs\/en\/wp-json\/wp\/v2\/media\/8530"}],"wp:attachment":[{"href":"https:\/\/agrarpetrovic.rs\/en\/wp-json\/wp\/v2\/media?parent=7963"}],"wp:term":[{"taxonomy":"product_brand","embeddable":true,"href":"https:\/\/agrarpetrovic.rs\/en\/wp-json\/wp\/v2\/product_brand?post=7963"},{"taxonomy":"product_cat","embeddable":true,"href":"https:\/\/agrarpetrovic.rs\/en\/wp-json\/wp\/v2\/product_cat?post=7963"},{"taxonomy":"product_tag","embeddable":true,"href":"https:\/\/agrarpetrovic.rs\/en\/wp-json\/wp\/v2\/product_tag?post=7963"}],"curies":[{"name":"wp","href":"https:\/\/api.w.org\/{rel}","templated":true}]}}