{"id":7964,"date":"2025-09-20T00:11:08","date_gmt":"2025-09-19T22:11:08","guid":{"rendered":"https:\/\/agrarpetrovic.rs\/proizvod\/movento100-sc-1-1-l-insekticid\/"},"modified":"2025-10-27T10:44:19","modified_gmt":"2025-10-27T09:44:19","slug":"movento100-sc-1-1-l-insekticid","status":"publish","type":"product","link":"https:\/\/agrarpetrovic.rs\/en\/proizvod\/movento100-sc-1-1-l-insekticid\/","title":{"rendered":"Movento 100 SC 1\/1  l &#8211; insekticid"},"content":{"rendered":"<div class=\"product-harvest\">\n<p class=\"detail\"><strong>Primena:<\/strong><\/p>\n<table>\n<thead>\n<tr class=\"bg-7\">\n<th>USEV \/ ZASAD<\/th>\n<th>KOLI\u010cINA PRIMENE<\/th>\n<th>VREME PRIMENE<\/th>\n<\/tr>\n<\/thead>\n<tbody>\n<tr class=\"bg-sec-7\">\n<td class=\"bg-7\"><a href=\"https:\/\/www.agromarketsrbija.rs\/srb\/zastita-bilja\/programi-zastite\/1010\/Paradajz-i-plavi-patlidzan\">PARADAJZ<\/a><\/td>\n<td>0,75 (7,5 ml na 100 m\u00b2)<\/td>\n<td>Tretman kada se pojave prve jedinke<\/td>\n<\/tr>\n<tr class=\"bg-sec-7\">\n<td class=\"bg-7\"><a href=\"https:\/\/www.agromarketsrbija.rs\/srb\/zastita-bilja\/programi-zastite\/1022\/Breskva-i-nektarina\">BRESKVA<\/a><\/td>\n<td>0,15 %<\/td>\n<td>Tretman kada do\u0111e do pojave prvih pokretnih formi (\u201elutalica\u201c)<\/td>\n<\/tr>\n<tr class=\"bg-sec-7\">\n<td class=\"bg-7\"><a href=\"https:\/\/www.agromarketsrbija.rs\/srb\/zastita-bilja\/programi-zastite\/1018\/Jabuka\">JABUKA<\/a><\/td>\n<td>0,15 %<\/td>\n<td>Tretman na po\u010detku formiranja kolonija. Pojava pokretnih formi, odnosno po\u010detak migracije sa drveta na zelene delove biljke<\/td>\n<\/tr>\n<tr class=\"bg-sec-7\">\n<td class=\"bg-7\"><a href=\"https:\/\/www.agromarketsrbija.rs\/srb\/zastita-bilja\/programi-zastite\/1019\/Kruska\">KRU\u0160KA<\/a><\/td>\n<td>0,15 % (15 ml u 10 l vode na 100 m\u00b2)<\/td>\n<td>Tretiranje u vreme pojave prvih larvenih stupnjeva \u0161teto\u010dine (L1 i L2)<\/td>\n<\/tr>\n<\/tbody>\n<\/table>\n<\/div>\n<div class=\"product-info\">\n<p><strong>DELOVANJE:<\/strong><\/p>\n<p>aktivna materija iz nove grupe insekticida\u00a0<em>Ketoenoli<\/em>. Odlikuje je jedinstveno svojstvo dvosmerne sistemi\u010dnosti. Naime, primenjen preko lista,\u00a0<em>Spirotetramat\u00a0<\/em>se usvaja i ulazi u sprovodni sistem biljke i kre\u0107e se i navi\u0161e i nani\u017ee u biljci. \u0160teto\u010dine koje se hrane sisanjem biljnih sokova unose u svoj organizam aktivnu materiju koja deluje na stvaranje lipida u telu insekata. Na ovaj na\u010din, mnogi procesi u razvoju bivaju poreme\u0107eni i prekinuti (presvla\u010denje, polaganje jaja, stvaranje kolonija&#8230;) \u0161to za posledicu ima uginu\u0107e \u0161tetnih organizama.<\/p>\n<p><strong>SPEKTAR DELOVANJA:<\/strong><\/p>\n<p>Kru\u0161kina buva (<em>Psylla pyri<\/em>) u zasadu kru\u0161ke, u zasadu jabuke za suzbijanje krvave va\u0161i (<em>Eriosoma lanigerum<\/em>), u zasadu breskve za suzbijanje dudove \u0161titaste va\u0161i (<em>Diaspis pentagona<\/em>), u usevu paradajza za suzbijanje bele leptiraste va\u0161i (<em>Trialeurodes vaporariorum<\/em>).<\/p>\n<p><strong>PREPORUKE I NAPOMENE<\/strong><\/p>\n<p>zbog jedinstvenih osobina (dvosmerne sistemi\u010dnosti), preparat pru\u017ea dugotrajnu za\u0161titu useva. Zavisno od vremena primene i pritiska \u0161teto\u010dine ovaj vremenski period za\u0161tite traje od 7-28 dana.\u00a0<strong>Movento\u00a0<\/strong>je odli\u010dan izbor za suzbijanje skrivenih i te\u0161ko dostupnih \u0161teto\u010dina.<\/p>\n<p>Ne treba ga me\u0161ati sa fungicidima na bazi\u00a0<em>kaptana<\/em>.\u00a0<strong>Movento\u00a0<\/strong>je bezbedan za korisne insekte.<\/p>\n<p><strong>U procesu je registracija preparata za suzbijanje crvene vo<\/strong><strong>\u0107<\/strong><strong>ne grinje (<\/strong><strong><em>Panonychus ulmi<\/em><\/strong><strong>). Preporu<\/strong><strong>\u010d<\/strong><strong>ena je primena preparata (0,15 \u2013 0,2 %) u vreme masovnog piljenja letnjih jaja crvene vo<\/strong><strong>\u0107<\/strong><strong>ne grinje, odnosno pojave larvi, tokom vegetacije. Preporu<\/strong><strong>\u010d<\/strong><strong>ena karenca preparata iznosi 21 dan.<\/strong><\/p>\n<\/div>","protected":false},"excerpt":{"rendered":"<p class=\"detail\"><strong>Klasa:<\/strong>\u00a0<span class=\"klasa\">Insekticid<\/span><\/p>\n<p class=\"detail\"><strong>Aktivna materija:<\/strong>\u00a0<span class=\"aktivna-materija\">Spirotetramat 100 g\/l<\/span><\/p>\n<p class=\"detail\"><strong>Formulacija:<\/strong>\u00a0<span class=\"formulacija\">SC \u2013 koncentrovana suspenzija<\/span><\/p>\n<p class=\"detail\"><strong>Proizvo\u0111a\u010d:<\/strong>\u00a0<span class=\"proizvo\u0111a\u010d\">Bayer Crop Science<\/span><\/p>\n<p class=\"detail\"><strong>Karenca:<\/strong>\u00a0<span class=\"karenca\">21 dan &#8211; jabuka, kru\u0161ka, breskva; 23 dana &#8211; paradajz RADNA KARENCA: jedan dan<\/span><\/p>\n<p class=\"detail\"><strong>MBT:<\/strong>\u00a0<span class=\"mbt\">2 \u2013 kru\u0161ka, jabuka, breskva; 4 &#8211; paradajz<\/span><\/p>","protected":false},"featured_media":8532,"template":"","meta":[],"product_brand":[533],"product_cat":[480],"product_tag":[714],"class_list":{"0":"post-7964","1":"product","2":"type-product","3":"status-publish","4":"has-post-thumbnail","6":"product_brand-bayer","7":"product_cat-insekticidi-2","8":"product_tag-spirotetramat-100-g-l","10":"first","11":"instock","12":"featured","13":"purchasable","14":"product-type-simple"},"_links":{"self":[{"href":"https:\/\/agrarpetrovic.rs\/en\/wp-json\/wp\/v2\/product\/7964","targetHints":{"allow":["GET"]}}],"collection":[{"href":"https:\/\/agrarpetrovic.rs\/en\/wp-json\/wp\/v2\/product"}],"about":[{"href":"https:\/\/agrarpetrovic.rs\/en\/wp-json\/wp\/v2\/types\/product"}],"wp:featuredmedia":[{"embeddable":true,"href":"https:\/\/agrarpetrovic.rs\/en\/wp-json\/wp\/v2\/media\/8532"}],"wp:attachment":[{"href":"https:\/\/agrarpetrovic.rs\/en\/wp-json\/wp\/v2\/media?parent=7964"}],"wp:term":[{"taxonomy":"product_brand","embeddable":true,"href":"https:\/\/agrarpetrovic.rs\/en\/wp-json\/wp\/v2\/product_brand?post=7964"},{"taxonomy":"product_cat","embeddable":true,"href":"https:\/\/agrarpetrovic.rs\/en\/wp-json\/wp\/v2\/product_cat?post=7964"},{"taxonomy":"product_tag","embeddable":true,"href":"https:\/\/agrarpetrovic.rs\/en\/wp-json\/wp\/v2\/product_tag?post=7964"}],"curies":[{"name":"wp","href":"https:\/\/api.w.org\/{rel}","templated":true}]}}