{"id":7965,"date":"2025-09-20T00:11:08","date_gmt":"2025-09-19T22:11:08","guid":{"rendered":"https:\/\/agrarpetrovic.rs\/proizvod\/mustang-forte-1-1-herbicid\/"},"modified":"2025-10-23T11:56:18","modified_gmt":"2025-10-23T09:56:18","slug":"mustang-forte-1-1-herbicid","status":"publish","type":"product","link":"https:\/\/agrarpetrovic.rs\/en\/proizvod\/mustang-forte-1-1-herbicid\/","title":{"rendered":"Mustang forte 1\/1 &#8211; herbicid"},"content":{"rendered":"<p><strong>Primena:<\/strong><\/p>\n<p>MUSTANG FORTE je selektivni sistemi\u010dni herbicid namenjen suzbijanju velikog broja \u0161iroklisnih korova u usevima kukuruza i p\u0161enice.<\/p>\n<p>Kukuruz: posle nicanja useva i korova kada je kukuruz u fazi od 3 do 6 listova (faza 13-16 BBCH), a korovi u fazi od 2 do 6 listova.<br \/>\nP\u0161enica: posle nicanja useva i korova kada je p\u0161enica u fazi od sredine bokorenja do pojave drugog kolenca (faze 25-30 BBCH), a kada su korvi u fazi intenzivnog porasta.<br \/>\nKoli\u010dina primene je od 0,8 \u2013 1 l\/ha.<br \/>\nUtro\u0161ak vode: 200-400 l\/ha (2-4 l\/m\u00b2).<\/p>\n<p><strong>Spektar delovanja:<\/strong><\/p>\n<p>Ispoljava dobru efikasnost: ze\u010diji gorocvet (Adonis aestivalis), \u0161tir (Amaranthus retroflexus), prstenak poljski (Anthemis arvensis), viju\u0161ac (Bilderdykia convolvulus), obi\u010dan tar\u010du\u017eak (Capsella bursa-pastoris), pepeljuga (Chenopodium album), obi\u010dni \u017eavornjak (Consolida regalis), bro\u0107ika lepu\u0161a (Gallium aparine), prava kamilica (Matricaria chamomilla), obi\u010dna bulka (Papaver rhoeas), poljska goru\u0161ica (Sinapis arvensis), poljska gor\u010dika (Sonchus arvensis), \u010distac jednogodi\u0161nji (Stachys annua), obi\u010dna mi\u0161jakinja (Stellaria media), persijiska \u010destoslavica (Veronica persica), nana poljska (Mentha arvensis);<br \/>\nIspoljava zadovoljavaju\u0107u efikasnost: njivska palamida (Cirsium arvense), obi\u010dna dimnja\u010da (Fumaria officinalis), crvena mrtva kopriva (Lamium purpureum), obi\u010dna drenika (Lepidium draba), pomo\u0107nica (Solanum nigrum), obi\u010dna boca (Xanthium strumarium).<\/p>\n<p><strong>Mehanizam delovanja:<\/strong><\/p>\n<p>MUSTANG FORTE u sebi sadr\u017ei tri aktivne materije razli\u010ditog mehanizma delovanja \u0161to pru\u017ea visok nivo efikasnosti u suzbijanju korovskih vrsta.<\/p>\n<p>2.4-D 2-EHE: Selektivni sistemi\u010dni herbicid iz grupe sinteti\u010dkih auksina. Inhibira rast biljaka.<\/p>\n<p>Aminopiralid: Sistemi\u010dni herbicid, apsorbuje se preko lista i korena, ima i rezidulano delovanje.<\/p>\n<p>Florasulam: Sistemi\u010dni herbicid, apsorbuje se preko lista i korena, kre\u0107e se ksilemom i floemom kroz biljku, spada u ALS inhibitore.<\/p>\n<p><strong>Karenca<\/strong>: 60 dana.<\/p>\n<p>&nbsp;<\/p>","protected":false},"excerpt":{"rendered":"<p><strong>Proizvo\u0111a\u010d:<\/strong> Corteva Agriscience<\/p>\n<p><strong>Formulacija:<\/strong> Koncentrovana suspenzija (SC)<\/p>\n<p><strong>Aktivna materija:<\/strong> florasulam 5 g\/l + aminopiralid 10 g\/l + 2.4-D 2-EHE 180 g\/l<\/p>","protected":false},"featured_media":8534,"template":"","meta":[],"product_brand":[534],"product_cat":[449],"product_tag":[813],"class_list":{"0":"post-7965","1":"product","2":"type-product","3":"status-publish","4":"has-post-thumbnail","6":"product_brand-corteva","7":"product_cat-herbicidi-2","8":"product_tag-florasulam-5-g-l-aminopiralid-10-g-l-2-4-d-2-ehe-180-g-l","10":"first","11":"outofstock","12":"product-type-simple"},"_links":{"self":[{"href":"https:\/\/agrarpetrovic.rs\/en\/wp-json\/wp\/v2\/product\/7965","targetHints":{"allow":["GET"]}}],"collection":[{"href":"https:\/\/agrarpetrovic.rs\/en\/wp-json\/wp\/v2\/product"}],"about":[{"href":"https:\/\/agrarpetrovic.rs\/en\/wp-json\/wp\/v2\/types\/product"}],"wp:featuredmedia":[{"embeddable":true,"href":"https:\/\/agrarpetrovic.rs\/en\/wp-json\/wp\/v2\/media\/8534"}],"wp:attachment":[{"href":"https:\/\/agrarpetrovic.rs\/en\/wp-json\/wp\/v2\/media?parent=7965"}],"wp:term":[{"taxonomy":"product_brand","embeddable":true,"href":"https:\/\/agrarpetrovic.rs\/en\/wp-json\/wp\/v2\/product_brand?post=7965"},{"taxonomy":"product_cat","embeddable":true,"href":"https:\/\/agrarpetrovic.rs\/en\/wp-json\/wp\/v2\/product_cat?post=7965"},{"taxonomy":"product_tag","embeddable":true,"href":"https:\/\/agrarpetrovic.rs\/en\/wp-json\/wp\/v2\/product_tag?post=7965"}],"curies":[{"name":"wp","href":"https:\/\/api.w.org\/{rel}","templated":true}]}}