{"id":7966,"date":"2025-09-20T00:11:08","date_gmt":"2025-09-19T22:11:08","guid":{"rendered":"https:\/\/agrarpetrovic.rs\/proizvod\/mustang500-ml-herbicid\/"},"modified":"2025-10-23T11:56:18","modified_gmt":"2025-10-23T09:56:18","slug":"mustang500-ml-herbicid","status":"publish","type":"product","link":"https:\/\/agrarpetrovic.rs\/en\/proizvod\/mustang500-ml-herbicid\/","title":{"rendered":"Mustang 500 ml &#8211; herbicid"},"content":{"rendered":"<div class=\"product-harvest\">\n<p class=\"detail\"><strong>Primena:<\/strong><\/p>\n<table>\n<thead>\n<tr class=\"bg-4\">\n<th>USEV \/ ZASAD<\/th>\n<th>KOLI\u010cINA PRIMENE<\/th>\n<th>VREME PRIMENE<\/th>\n<\/tr>\n<\/thead>\n<tbody>\n<tr class=\"bg-sec-4\">\n<td class=\"bg-4\"><a href=\"https:\/\/www.agromarketsrbija.rs\/srb\/zastita-bilja\/programi-zastite\/1001\/Kukuruz\">KUKURUZ<\/a><\/td>\n<td>0,4 \u2013 0,6 l\/ha<\/td>\n<td>Do faze 5.razvijenih listova kukuruza<\/td>\n<\/tr>\n<tr class=\"bg-sec-4\">\n<td class=\"bg-4\"><a href=\"https:\/\/www.agromarketsrbija.rs\/srb\/zastita-bilja\/programi-zastite\/1002\/STRNA-ZITA\">P\u0160ENICA, JE\u010cAM<\/a><\/td>\n<td>0,4 &#8211; 0,6 l\/ha<\/td>\n<td>Od po\u010detka bokorenja do pojave drugog kolenca, kada su korovi u fazi intenzivnog porasta<\/td>\n<\/tr>\n<\/tbody>\n<\/table>\n<\/div>\n<div class=\"product-info\">\n<p><strong>DELOVANJE:<\/strong><\/p>\n<p>vrlo brzo se usvaja li\u0161\u0107em, \u0161iri do ta\u010daka rasta i tako za nekoliko sati zaustavlja dalji razvoj korova.\u00a0<em>Florasulam\u00a0<\/em>inhibira sintezu esencijalnih aminokiselina. Aktivna materija\u00a0<em>2,4-D\u00a0<\/em>deluje na propustljivost \u0107elijskih zidova I promene u metabolizmu nukleinskih kiselina.<\/p>\n<p><strong>SPEKTAR DELOVANJA<\/strong><\/p>\n<p>JEDNOGODI\u0160NJE \u0160IROKOLISNE KOROVSKE VRSTE:<\/p>\n<p>prilepa\u010da (<em>Galium aparine<\/em>), pepeljuga obi\u010dna (<em>Chenopodium album<\/em>), kamilica (<em>Matricaria chamomilla<\/em>), \u0161tir obi\u010dni (<em>Amaranthus retroflexus<\/em>), \u0161tir bljutavi (<em>Amaranthus blitoides<\/em>), prstenak poljski (<em>Anthemis arvensis<\/em>), viju\u0161ac njivski (<em>Bilderdykia convolvulus<\/em>),tar\u010du\u017eak obi\u010dni (<em>Capsella bursa- pastoris<\/em>), \u017eavornjak obi\u010dni (<em>Consolida regalis<\/em>), lanilist obi\u010dni (<em>Linaria vulgaris<\/em>), bulka obi\u010dna (<em>Papaver rhoeas<\/em>), rotkva divlja (<em>Raphanus raphanistrum<\/em>), goru\u0161ica poljska (<em>Sinapis arvensis<\/em>), mi\u0161jakinja obi\u010dna (<em>Stellaria media<\/em>), stisnu\u0161akravlja (<em>Thlaspi arvense<\/em>), \u010destoslavica(\u00a0<em>Veronica persica<\/em>), mrtva kopriva (<em>Lamium purpureum<\/em>), dimnja\u010da obi\u010dna(<em>Fumaria officinalis<\/em>),tatula obi\u010dna (<em>Datura stramonium<\/em>), ljubi\u010dica poljska (<em>Viola arvensis<\/em>), boca obi\u010dna (<em>Xanthium strumarium<\/em>), pomo\u0107nica obi\u010dna(<em>Solanum nigrum<\/em>).<\/p>\n<p>VI\u0160EGODI\u0160NJE KOROVSKE VRSTE:<\/p>\n<p>palamida njivska (<em>Cirsium arvense<\/em>), nana poljska (<em>Mentha arvensis<\/em>), bokvica velika (<em>Plantago major<\/em>), masla\u010dak obi\u010dni (<em>Taraxacum officinale<\/em>), gor\u010dika poljska (<em>Sonchus arvensis<\/em>).<\/p>\n<p><strong>PREPORUKE I NAPOMENE<\/strong><\/p>\n<p><strong>Mustang je jedini preparat koji deluje istovremeno\u00a0<\/strong>na prilepa\u010du i divlju kamilicu (<em>Galium aparine i Matricaria spp<\/em>.)\u00a0<strong>od nicanja do porasta korova do 25 cm<\/strong>. Zbog fitotoksi\u010dnosti treba spre\u010diti zano\u0161enje kapi na susedne useve. Tretirati po suvom, tihom i umerenotoplom vremenu, pri dnevnim temperaturama izme\u0111u 5 &#8211; 25\u00b0C, kada ne postoji opasnost od no\u0107nih mrazeva.<\/p>\n<p><strong>\u00a0<\/strong><\/p>\n<\/div>","protected":false},"excerpt":{"rendered":"<div class=\"product-info\">\n<p class=\"detail\"><strong>Klasa:<\/strong>\u00a0<span class=\"klasa\">Selektivni translokacioni herbicid<\/span><\/p>\n<p class=\"detail\"><strong>Aktivna materija:<\/strong>\u00a0<span class=\"aktivna-materija\">Florasulam 6.25 g\/l + 2.4-D-2-etilheksilestar 300 g\/l<\/span><\/p>\n<p class=\"detail\"><strong>Formulacija:<\/strong>\u00a0<span class=\"formulacija\">SE &#8211; suspoemulzija<\/span><\/p>\n<p class=\"detail\"><strong>Pakovanje:<\/strong>\u00a0<span class=\"pakovanje\">500 ml, 1 l<\/span><\/p>\n<p class=\"detail\"><strong>Proizvo\u0111a\u010d:<\/strong>\u00a0<span class=\"proizvo\u0111a\u010d\">Corteva Agriscience<\/span><\/p>\n<p class=\"detail\"><strong>Karenca:<\/strong>\u00a0<span class=\"karenca\">OVP<\/span><\/p>\n<p class=\"detail\"><strong>Plodored:<\/strong>\u00a0<span class=\"plodored\">Bez ograni\u010denja<\/span><\/p>\n<\/div>","protected":false},"featured_media":8535,"template":"","meta":[],"product_brand":[534],"product_cat":[449],"product_tag":[814],"class_list":{"0":"post-7966","1":"product","2":"type-product","3":"status-publish","4":"has-post-thumbnail","6":"product_brand-corteva","7":"product_cat-herbicidi-2","8":"product_tag-florasulam-6-25-g-l-2-4-d-2-etilheksilestar-300-g-l","10":"first","11":"outofstock","12":"product-type-simple"},"_links":{"self":[{"href":"https:\/\/agrarpetrovic.rs\/en\/wp-json\/wp\/v2\/product\/7966","targetHints":{"allow":["GET"]}}],"collection":[{"href":"https:\/\/agrarpetrovic.rs\/en\/wp-json\/wp\/v2\/product"}],"about":[{"href":"https:\/\/agrarpetrovic.rs\/en\/wp-json\/wp\/v2\/types\/product"}],"wp:featuredmedia":[{"embeddable":true,"href":"https:\/\/agrarpetrovic.rs\/en\/wp-json\/wp\/v2\/media\/8535"}],"wp:attachment":[{"href":"https:\/\/agrarpetrovic.rs\/en\/wp-json\/wp\/v2\/media?parent=7966"}],"wp:term":[{"taxonomy":"product_brand","embeddable":true,"href":"https:\/\/agrarpetrovic.rs\/en\/wp-json\/wp\/v2\/product_brand?post=7966"},{"taxonomy":"product_cat","embeddable":true,"href":"https:\/\/agrarpetrovic.rs\/en\/wp-json\/wp\/v2\/product_cat?post=7966"},{"taxonomy":"product_tag","embeddable":true,"href":"https:\/\/agrarpetrovic.rs\/en\/wp-json\/wp\/v2\/product_tag?post=7966"}],"curies":[{"name":"wp","href":"https:\/\/api.w.org\/{rel}","templated":true}]}}