{"id":7968,"date":"2025-09-20T00:11:08","date_gmt":"2025-09-19T22:11:08","guid":{"rendered":"https:\/\/agrarpetrovic.rs\/proizvod\/nitropol-s-200-ml-insekticid\/"},"modified":"2025-10-27T10:47:35","modified_gmt":"2025-10-27T09:47:35","slug":"nitropol-s-200-ml-insekticid","status":"publish","type":"product","link":"https:\/\/agrarpetrovic.rs\/en\/proizvod\/nitropol-s-200-ml-insekticid\/","title":{"rendered":"Nitropol S 200 ml &#8211; insekticid"},"content":{"rendered":"<div class=\"product-harvest\">\n<p class=\"detail\"><strong>Primena:<\/strong><\/p>\n<table>\n<thead>\n<tr class=\"bg-7\">\n<th>USEV \/ ZASAD<\/th>\n<th>KOLI\u010cINA PRIMENE<\/th>\n<th>VREME PRIMENE<\/th>\n<\/tr>\n<\/thead>\n<tbody>\n<tr class=\"bg-sec-7\">\n<td class=\"bg-7\"><a href=\"https:\/\/www.agromarketsrbija.rs\/srb\/zastita-bilja\/programi-zastite\/1018\/Jabuka\">JABUKA<\/a><\/td>\n<td>1,3 % (0,13 l na 10 litara vode)<\/td>\n<td>Primenjuje se od fenofaze razvoja jabuke 10 po BBCH skali (zimsko tretiranje) i tokom vegetacije po pojavi pokretnih formi crvene vo\u0107ne grinje (letnje tretiranje).<\/td>\n<\/tr>\n<tr class=\"bg-sec-7\">\n<td class=\"bg-7\"><a href=\"https:\/\/www.agromarketsrbija.rs\/srb\/zastita-bilja\/programi-zastite\/1019\/Kruska\">KRU\u0160KA<\/a><\/td>\n<td>1,3 % (0,13 l na 10 litara vode)<\/td>\n<td>Primenjuje za zimsko tretiranje kru\u0161ke, neposredno pre odlaganja jaja (C. pyri).<\/td>\n<\/tr>\n<tr class=\"bg-sec-7\">\n<td class=\"bg-7\"><a href=\"https:\/\/www.agromarketsrbija.rs\/srb\/zastita-bilja\/programi-zastite\/1024\/Visnja-Tresnja\">TRE\u0160NJA VI\u0160NJA<\/a><\/td>\n<td>1,3 %<\/td>\n<td>Tretman od bubrenja pupoljaka do zelenih listi\u0107a<\/td>\n<\/tr>\n<tr class=\"bg-sec-7\">\n<td class=\"bg-7\"><a href=\"https:\/\/www.agromarketsrbija.rs\/srb\/zastita-bilja\/programi-zastite\/1023\/Kajsija\">KAJSIJA<\/a><\/td>\n<td>1,3 %<\/td>\n<td>Zimsko tretiranje od kraja bubrenja lisnih pupoljaka do pojave zelenih listi\u0107a (03 &#8211; 0,9 BBCH skale). Letnje treiranje tokom vegetacije, po pojavi prvih pokretnih formi<\/td>\n<\/tr>\n<tr class=\"bg-sec-7\">\n<td class=\"bg-7\"><a href=\"https:\/\/www.agromarketsrbija.rs\/srb\/zastita-bilja\/programi-zastite\/1032\/Lesnik\">LESKA<\/a><\/td>\n<td>1,3 %<\/td>\n<td>Zimsko tretiranje od kraja bubrenja lisnih pupoljaka do pojave zelenih listi\u0107a (03 &#8211; 0,9 BBCH skale). Letnje treiranje tokom vegetacije, po pojavi prvih pokretnih formi<\/td>\n<\/tr>\n<tr class=\"bg-sec-7\">\n<td class=\"bg-7\"><a href=\"https:\/\/www.agromarketsrbija.rs\/srb\/zastita-bilja\/programi-zastite\/1029\/Borovnica-i-aronija\">BOROVNICA<\/a><\/td>\n<td>1,3 %<\/td>\n<td>Zimsko tretiranje, u fazi mirovanja do po\u010detka cvetanja (do 57 BBCH skale). Letnje tretiranje tokom vegetacije, po pojavi prvih pokretnih formi<\/td>\n<\/tr>\n<tr class=\"bg-sec-7\">\n<td class=\"bg-7\"><a href=\"https:\/\/www.agromarketsrbija.rs\/srb\/zastita-bilja\/programi-zastite\/1028\/Ribizla\">RIBIZLA<\/a><\/td>\n<td>1,3 %<\/td>\n<td>Zimsko tretiranje, u fazi mirovanja do po\u010detka cvetanja (do 57 BBCH skale). Letnje tretiranje tokom vegetacije, po pojavi prvih pokretnih formi<\/td>\n<\/tr>\n<\/tbody>\n<\/table>\n<\/div>\n<div class=\"product-info\">\n<p><strong>DELOVANJE:<\/strong><\/p>\n<p>akaricid i insekticid koji primenjen u vreme kretanja vegetacije fizi\u010dki onemogu\u0107ava respiraciju (razmenu gasova i disanje) svih razvojnih stadijuma grinja i insekata. Za primenu tokom vegetacije (letnji tretmani), pored navedenog delovanja obezbe\u0111uje bolju pokrovnost i prijanjanje sredstava za za\u0161titu bilja (insekticida i akaricida), te tako pobolj\u0161ava performanse pesticidnih tretmana.<\/p>\n<p><strong>SPEKTAR DELOVANJA:<\/strong><\/p>\n<p>Crvena vo\u0107na grinja (<em>Panonychus ulmi<\/em>) u zasadu jabuke i obi\u010dne kru\u0161kine buve (<em>Cacopsylla pyri<\/em>) u zasadu kru\u0161ke, crna tre\u0161njina lisna va\u0161 (<em>Myzus cerasi<\/em>) u zasadu tre\u0161nje i vi\u0161nje, biljne va\u0161i (<em>Aphididae<\/em>) u zasadu borovnice, kajsije, leske i ribizle<\/p>\n<p><strong>PREPORUKE I NAPOMENE<\/strong><\/p>\n<p>izbegavati tretiranja biljaka oslabljenih du\u017eom su\u0161om (oslabljeni turgor). Preparat se me\u0161a sa preparatima na bazi bakra, a ne sme se me\u0161ati sa preparatima na bazi\u00a0<em>Kaptana, Hlorotalonila\u00a0<\/em>i elementarnog sumpora. Ukoliko se primeni prema uputstvu za upotrebu, preparat nije fitotoksi\u010dan za jabuku i kru\u0161ku. Priprema rastvora za primenu podrazumeva da se u rezervoar prskalice ulije do 1\/3 vode, a zatim odre\u0111enu koli\u010dinu preparata treba, uz stalno me\u0161anje, preneti u sud u kome se nalazi preostala koli\u010dina vode. Preparat se primenjuje svim ure\u0111ajima za tretiranje sa zemlje. Tretiranje iz vazduhoplova nije dozvoljeno. Preporu\u010dena koli\u010dina te\u010dnosti je 1000 l\/ ha. Prilikom tretiranja treba po\u0161tovati vodoza\u0161titne zone i spre\u010diti kontaminaciju voda (vodotoka, bunara, jezera i izvori\u0161ta voda) tretiraju\u0107i najmanje 20 m udaljeno od njih. Ne izlivati i bacati u kanalizaciju koncentrat, te\u010dnost od tretiranja i pranja opreme. Efikasnost i fitotoksi\u010dnost sredstva za za\u0161titu bilja, kod primene za male useve i manje zna\u010dajne namene (kajsija, leska, borovnica, ribizla) nisu proverene, zato odgovornost u vezi sa primenom sredstva za za\u0161titu bilja, preuzima korisnik sredstva.<\/p>\n<p><strong>Preparat Nitropol S se nalazi na listi sredstava za za\u0161titu bilja koji su dozvoljeni za primenu u organskoj proizvodnji<\/strong><\/p>\n<\/div>","protected":false},"excerpt":{"rendered":"<p class=\"detail\"><strong>Klasa:<\/strong>\u00a0<span class=\"klasa\">Akaricid i insekticid<\/span><\/p>\n<p class=\"detail\"><strong>Aktivna materija:<\/strong>\u00a0<span class=\"aktivna-materija\">Parafinsko ulje 98, 8 %<\/span><\/p>\n<p class=\"detail\"><strong>Formulacija:<\/strong>\u00a0<span class=\"formulacija\">EC &#8211; koncentrat za emulziju<\/span><\/p>\n<p class=\"detail\"><strong>Proizvo\u0111a\u010d:<\/strong>\u00a0<span class=\"proizvo\u0111a\u010d\">Nitropharm<\/span><\/p>\n<p class=\"detail\"><strong>Karenca:<\/strong>\u00a0<span class=\"karenca\">OVP &#8211; zimski tretmani; 21 dan &#8211; letnji tretmani<\/span><\/p>\n<p class=\"detail\"><strong>MBT:<\/strong>\u00a0<span class=\"mbt\">3, 1 za zimsko tretiranje, a 2 puta u toku vegetacije sa razmakom od 14 dana izme\u0111u dva tretiranja<\/span><\/p>","protected":false},"featured_media":8537,"template":"","meta":[],"product_brand":[529],"product_cat":[480],"product_tag":[741],"class_list":{"0":"post-7968","1":"product","2":"type-product","3":"status-publish","4":"has-post-thumbnail","6":"product_brand-agromarket","7":"product_cat-insekticidi-2","8":"product_tag-parafinsko-ulje-98-8","10":"first","11":"instock","12":"featured","13":"purchasable","14":"product-type-simple"},"_links":{"self":[{"href":"https:\/\/agrarpetrovic.rs\/en\/wp-json\/wp\/v2\/product\/7968","targetHints":{"allow":["GET"]}}],"collection":[{"href":"https:\/\/agrarpetrovic.rs\/en\/wp-json\/wp\/v2\/product"}],"about":[{"href":"https:\/\/agrarpetrovic.rs\/en\/wp-json\/wp\/v2\/types\/product"}],"wp:featuredmedia":[{"embeddable":true,"href":"https:\/\/agrarpetrovic.rs\/en\/wp-json\/wp\/v2\/media\/8537"}],"wp:attachment":[{"href":"https:\/\/agrarpetrovic.rs\/en\/wp-json\/wp\/v2\/media?parent=7968"}],"wp:term":[{"taxonomy":"product_brand","embeddable":true,"href":"https:\/\/agrarpetrovic.rs\/en\/wp-json\/wp\/v2\/product_brand?post=7968"},{"taxonomy":"product_cat","embeddable":true,"href":"https:\/\/agrarpetrovic.rs\/en\/wp-json\/wp\/v2\/product_cat?post=7968"},{"taxonomy":"product_tag","embeddable":true,"href":"https:\/\/agrarpetrovic.rs\/en\/wp-json\/wp\/v2\/product_tag?post=7968"}],"curies":[{"name":"wp","href":"https:\/\/api.w.org\/{rel}","templated":true}]}}