{"id":7972,"date":"2025-09-20T00:11:08","date_gmt":"2025-09-19T22:11:08","guid":{"rendered":"https:\/\/agrarpetrovic.rs\/proizvod\/nordox-250-g-fungicid\/"},"modified":"2025-10-23T11:56:19","modified_gmt":"2025-10-23T09:56:19","slug":"nordox-250-g-fungicid","status":"publish","type":"product","link":"https:\/\/agrarpetrovic.rs\/en\/proizvod\/nordox-250-g-fungicid\/","title":{"rendered":"Nordox 250 g &#8211; fungicid"},"content":{"rendered":"<p><strong>Primena:<\/strong><\/p>\n<p>u zasadu <a href=\"https:\/\/www.agrotopvsg.rs\/saveti\/vocarstvo\/jabuke#bolesti\"><strong>jabuke<\/strong><\/a>\u00a0za suzbijanje\u00a0<strong>\u010da\u0111ave pegavosti lista i krastavosti plodova<\/strong>\u00a0u koncetraciji 0,2% (20g u 10 lit vode) u toku mirovanja vegetacije, i 0,1% (10g u 10 lit vode) u vegetaciji do faze &#8222;mi\u0161ije u\u0161i&#8220;<br \/>\nu usevu\u00a0<a href=\"https:\/\/www.agrotopvsg.rs\/saveti\/povrtarstvo\/paradajz#bolesti\"><strong>paradajza<\/strong><\/a>,\u00a0<strong>krompira, luka i\u00a0<a href=\"https:\/\/www.agrotopvsg.rs\/saveti\/povrtarstvo\/krastavci-kornisoni#bolesti\">krastavca<\/a><\/strong>\u00a0za suzbijanje\u00a0<strong>plamenja\u010de<\/strong>\u00a0u koli\u010dini 1,5 \u2013 2 kg\/ha (15 \u2013 20 g na 100m2), pre ostvarivanja uslova za zarazu ili najkasnije pri pojavi prvih simptoma<\/p>\n<p><strong>Osobine i na\u010din primene:<\/strong><\/p>\n<p>Preparat se posle su\u0161enja rastvora \u010dvrsto vezuje za povr\u0161inu biljke odnosno lista i jako se te\u0161ko ispira ki\u0161om, \u0161to obezbe\u0111uje du\u017ee za\u0161titno delovanje od ostalih bakarnih preparata<br \/>\nNajsavremniji fungicid na bazi bakra u obliku vodotopivih granula koji ne stvara pra\u0161inu i veoma se lako rastvara u vodi pri pripremi rastvora<br \/>\nBakarni fungicid crvene boje koja poti\u010de od visoke koncentracije bakar-oksida koji je najaktivnije jedinjenje bakra<br \/>\nPrimenjuje se u znatno manjim koli\u010dinama od ostalih bakarnih fungicida<br \/>\nOvaj preparat ima izuzetnu \u010disto\u0107u aktivne materije i dozvoljen je i u organskoj proizvodnji<br \/>\nOdlikuje ga visoka selektivnost i produ\u017eeno rezidualno delovanje<br \/>\n<strong>Karenca:<\/strong><br \/>\nParadajz i krompir 14 dana, luk 21 dan, jabuka OVP<\/p>\n<p><strong>NAPOMENA:\u00a0(Ova napomena je nezvani\u010dnog karaktera)<\/strong><\/p>\n<p>Ovaj preparat i pored toga sto nema napomenutu registraciju koristi se u<\/p>\n<p><strong>vocarstvu<\/strong>(<strong><a href=\"https:\/\/www.agrotopvsg.rs\/saveti\/vocarstvo\/kruske#bolesti\">kru\u0161a<\/a>,\u00a0<a href=\"https:\/\/www.agrotopvsg.rs\/saveti\/vocarstvo\/sljive#bolesti\">\u0161ljiva<\/a>,\u00a0<a href=\"https:\/\/www.agrotopvsg.rs\/saveti\/vocarstvo\/breskva#bolesti\">breskva<\/a>,\u00a0<a href=\"https:\/\/www.agrotopvsg.rs\/saveti\/vocarstvo\/visnja#bolesti\">vi\u0161nja<\/a>,\u00a0<a href=\"https:\/\/www.agrotopvsg.rs\/saveti\/vocarstvo\/tresnja#bolesti\">tre\u0161nja<\/a>,\u00a0<a href=\"https:\/\/www.agrotopvsg.rs\/saveti\/vocarstvo\/maline#bolesti\">malina<\/a>,\u00a0<a href=\"https:\/\/www.agrotopvsg.rs\/saveti\/vocarstvo\/kupine#bolesti\">kupina<\/a>,\u00a0<a href=\"https:\/\/www.agrotopvsg.rs\/saveti\/vocarstvo\/kupine#bolesti\">jagoda<\/a><\/strong>),\u00a0<strong>vinogradarstvu<\/strong>\u00a0(<strong><a href=\"https:\/\/www.agrotopvsg.rs\/saveti\/vinogradarstvo\/vinova-loza#bolesti\">vinova loza<\/a><\/strong>),\u00a0<strong>povrtarstvu<\/strong>\u00a0(<strong><a href=\"https:\/\/www.agrotopvsg.rs\/saveti\/povrtarstvo\/paprika#bolesti\">paprika<\/a>,\u00a0<a href=\"https:\/\/www.agrotopvsg.rs\/saveti\/povrtarstvo\/pasulj#bolesti\">pasulj<\/a>,\u00a0<a href=\"https:\/\/www.agrotopvsg.rs\/saveti\/povrtarstvo\/boranija#bolesti\">boranija<\/a>,\u00a0<a href=\"https:\/\/www.agrotopvsg.rs\/saveti\/povrtarstvo\/kupus#bolesti\">kupus<\/a>,\u00a0<a href=\"https:\/\/www.agrotopvsg.rs\/saveti\/povrtarstvo\/karfiol#bolesti\">karfiol<\/a>,\u00a0<a href=\"https:\/\/www.agrotopvsg.rs\/saveti\/povrtarstvo\/tikvice#bolesti\">tikvice<\/a>,\u00a0<a href=\"https:\/\/www.agrotopvsg.rs\/saveti\/povrtarstvo\/lubenice#bolesti\">lubenice<\/a>,\u00a0<a href=\"https:\/\/www.agrotopvsg.rs\/saveti\/povrtarstvo\/dinje#bolesti\">dinje<\/a>,\u00a0<a href=\"https:\/\/www.agrotopvsg.rs\/saveti\/povrtarstvo\/plavi-patlidzan#bolesti\">plavi patlidzan<\/a><\/strong>),\u00a0<strong>hortikulturi, itd<\/strong><\/p>\n<p>za zimske i proletnje tretmane u mirovanju (narocito bitan za voce), kao i u vegetaciji proiv bakterioza i mikoza.<\/p>","protected":false},"excerpt":{"rendered":"<p>Fungicid za suzbijanje \u010da\u0111ave pegavosti lista i krastavosti plodova jabuke i plamenja\u010de paradajza, krompira, luka i krastavca<\/p>\n<p><strong>Aktivna materija:<\/strong> bakar iz bakar(I)oksida (Cu2O) 750 g\/kg<\/p>\n<p><strong>Formulacija:<\/strong>\u00a0vodotopive granule (WG), crvenkaste boje<\/p>","protected":false},"featured_media":8543,"template":"","meta":[],"product_brand":[531],"product_cat":[415],"product_tag":[815],"class_list":{"0":"post-7972","1":"product","2":"type-product","3":"status-publish","4":"has-post-thumbnail","6":"product_brand-sygenta","7":"product_cat-fungicidi-2","8":"product_tag-bakar-iz-bakarioksida-cu2o-750-g-kg","10":"first","11":"outofstock","12":"product-type-simple"},"_links":{"self":[{"href":"https:\/\/agrarpetrovic.rs\/en\/wp-json\/wp\/v2\/product\/7972","targetHints":{"allow":["GET"]}}],"collection":[{"href":"https:\/\/agrarpetrovic.rs\/en\/wp-json\/wp\/v2\/product"}],"about":[{"href":"https:\/\/agrarpetrovic.rs\/en\/wp-json\/wp\/v2\/types\/product"}],"wp:featuredmedia":[{"embeddable":true,"href":"https:\/\/agrarpetrovic.rs\/en\/wp-json\/wp\/v2\/media\/8543"}],"wp:attachment":[{"href":"https:\/\/agrarpetrovic.rs\/en\/wp-json\/wp\/v2\/media?parent=7972"}],"wp:term":[{"taxonomy":"product_brand","embeddable":true,"href":"https:\/\/agrarpetrovic.rs\/en\/wp-json\/wp\/v2\/product_brand?post=7972"},{"taxonomy":"product_cat","embeddable":true,"href":"https:\/\/agrarpetrovic.rs\/en\/wp-json\/wp\/v2\/product_cat?post=7972"},{"taxonomy":"product_tag","embeddable":true,"href":"https:\/\/agrarpetrovic.rs\/en\/wp-json\/wp\/v2\/product_tag?post=7972"}],"curies":[{"name":"wp","href":"https:\/\/api.w.org\/{rel}","templated":true}]}}