{"id":7975,"date":"2025-09-20T00:11:13","date_gmt":"2025-09-19T22:11:13","guid":{"rendered":"https:\/\/agrarpetrovic.rs\/proizvod\/olimp1-l-fungicid\/"},"modified":"2025-10-23T11:56:19","modified_gmt":"2025-10-23T09:56:19","slug":"olimp-1-l-fungicid","status":"publish","type":"product","link":"https:\/\/agrarpetrovic.rs\/en\/proizvod\/olimp-1-l-fungicid\/","title":{"rendered":"Olimp 1 l &#8211; fungicid"},"content":{"rendered":"<div class=\"product-harvest\">\n<h4 class=\"detail\"><strong>Primena:<\/strong><\/h4>\n<table>\n<thead>\n<tr class=\"bg-5\">\n<th>USEV \/ ZASAD<\/th>\n<th>KOLI\u010cINA PRIMENE<\/th>\n<th>VREME PRIMENE<\/th>\n<\/tr>\n<\/thead>\n<tbody>\n<tr class=\"bg-sec-5\">\n<td class=\"bg-5\"><a href=\"https:\/\/www.agromarketsrbija.rs\/srb\/zastita-bilja\/programi-zastite\/1002\/STRNA-ZITA\">P\u0160ENICA<\/a><\/td>\n<td>0,4 -0,6 (4 &#8211; 6 ml na 100 m\u00b2)<\/td>\n<td>Tokom vegetacije, od vlatanja do punog cvetanja (30 \u2013 69 BBCH skale)<\/td>\n<\/tr>\n<tr class=\"bg-sec-5\">\n<td class=\"bg-5\"><a href=\"https:\/\/www.agromarketsrbija.rs\/srb\/zastita-bilja\/programi-zastite\/1002\/STRNA-ZITA\">P\u0160ENICA<\/a><\/td>\n<td>0,6 &#8211; 0,8 (6 \u2013 8 ml na 100 m\u00b2)<\/td>\n<td>Tokom vegetacije od kraja klasanja do po\u010detka cvetanja (59 \u2013 61 BBCH skale)<\/td>\n<\/tr>\n<tr class=\"bg-sec-5\">\n<td class=\"bg-5\"><a href=\"https:\/\/www.agromarketsrbija.rs\/srb\/zastita-bilja\/programi-zastite\/1004\/Secerna-repa\">\u0160E\u0106ERNA REPA<\/a><\/td>\n<td>0,6<\/td>\n<td>Po pojavi prvih simptoma, a pre ostvarivanja uslova za \u0161irenje infekcije (faze 34-49 BBCH skale)<\/td>\n<\/tr>\n<\/tbody>\n<\/table>\n<\/div>\n<div class=\"product-info\">\n<h4><strong>DELOVANJE:\u00a0<\/strong><\/h4>\n<p>aktivna materija\u00a0<em>Protiokonazol<\/em>, pripada grupi Triazola, deluje tako \u0161to inhibira biosintezu ergosterola u \u0107elijskim membranama patogena.<\/p>\n<h4><strong>SPEKTAR DELOVANJA:<\/strong><\/h4>\n<p>Prouzrokova\u010di pepelnice (<em>Erysiphe graminis<\/em>), sive pegavosti lista i klasa (<em>Septoria spp.<\/em>), lisne r\u0111e (<em>Puccinia spp.<\/em>) i pale\u017ei klasa (<em>Fusarium spp.<\/em>) p\u0161enice, prouzrokova\u010d pegavosti lista \u0161e\u0107erne repe (<em>Cercospora beticola<\/em>)<\/p>\n<h4><strong>PREPORUKE I NAPOMENE<\/strong><\/h4>\n<p>sa tretiranjem otpo\u010deti po pojavi prvih simptoma bolesti i pre nego \u0161to se ostvare uslovi za \u0161irenje oboljenja.<\/p>\n<p>Odli\u010dni rezultati se ostvaruju tretmanima u intervalu od 14 do 21 dan.<\/p>\n<p>Primenjuje se uz utro\u0161ak vode od 200 \u2013 400 l\/ha (2 \u2013 4 l na 100 m<sup>2<\/sup>).<\/p>\n<p>Fungicid\u00a0<strong>Olimp\u00a0<\/strong>je kompatibilan sa ve\u0107inom sredstava za za\u0161titu i ishranu bilja ali svakako savetujemo da se pre kombinovanja izvr\u0161i proba me\u0161anja.<\/p>\n<\/div>","protected":false},"excerpt":{"rendered":"<p class=\"detail\"><strong>Klasa:<\/strong>\u00a0<span class=\"klasa\">Fungicid<\/span><\/p>\n<p class=\"detail\"><strong>Aktivna materija:<\/strong>\u00a0<span class=\"aktivna-materija\">Protiokonazol 250 g\/l<\/span><\/p>\n<p class=\"detail\"><strong>Formulacija:<\/strong>\u00a0<span class=\"formulacija\">SC \u2013 koncentrovana suspenzija<\/span><\/p>\n<p class=\"detail\"><strong>Karenca:<\/strong>\u00a0<span class=\"karenca\">35 dana<\/span><\/p>\n<p class=\"detail\"><strong>Radna karenca:<\/strong>\u00a0<span class=\"radna-karenca\">do su\u0161enja depozita<\/span><\/p>\n<p class=\"detail\"><strong>MBT:<\/strong>\u00a0<span class=\"mbt\">3<\/span><\/p>","protected":false},"featured_media":8672,"template":"","meta":[],"product_brand":[529],"product_cat":[415],"product_tag":[698],"class_list":{"0":"post-7975","1":"product","2":"type-product","3":"status-publish","4":"has-post-thumbnail","6":"product_brand-agromarket","7":"product_cat-fungicidi-2","8":"product_tag-protiokonazol-250-g-l","10":"first","11":"outofstock","12":"product-type-simple"},"_links":{"self":[{"href":"https:\/\/agrarpetrovic.rs\/en\/wp-json\/wp\/v2\/product\/7975","targetHints":{"allow":["GET"]}}],"collection":[{"href":"https:\/\/agrarpetrovic.rs\/en\/wp-json\/wp\/v2\/product"}],"about":[{"href":"https:\/\/agrarpetrovic.rs\/en\/wp-json\/wp\/v2\/types\/product"}],"wp:featuredmedia":[{"embeddable":true,"href":"https:\/\/agrarpetrovic.rs\/en\/wp-json\/wp\/v2\/media\/8672"}],"wp:attachment":[{"href":"https:\/\/agrarpetrovic.rs\/en\/wp-json\/wp\/v2\/media?parent=7975"}],"wp:term":[{"taxonomy":"product_brand","embeddable":true,"href":"https:\/\/agrarpetrovic.rs\/en\/wp-json\/wp\/v2\/product_brand?post=7975"},{"taxonomy":"product_cat","embeddable":true,"href":"https:\/\/agrarpetrovic.rs\/en\/wp-json\/wp\/v2\/product_cat?post=7975"},{"taxonomy":"product_tag","embeddable":true,"href":"https:\/\/agrarpetrovic.rs\/en\/wp-json\/wp\/v2\/product_tag?post=7975"}],"curies":[{"name":"wp","href":"https:\/\/api.w.org\/{rel}","templated":true}]}}