{"id":7979,"date":"2025-09-20T00:11:13","date_gmt":"2025-09-19T22:11:13","guid":{"rendered":"https:\/\/agrarpetrovic.rs\/proizvod\/pallas-star250-g-herbicid\/"},"modified":"2025-10-23T11:56:19","modified_gmt":"2025-10-23T09:56:19","slug":"pallas-star250-g-herbicid","status":"publish","type":"product","link":"https:\/\/agrarpetrovic.rs\/en\/proizvod\/pallas-star250-g-herbicid\/","title":{"rendered":"Pallas star 250 g &#8211; herbicid"},"content":{"rendered":"<div class=\"product-harvest\">\n<p class=\"detail\"><strong>Primena:<\/strong><\/p>\n<table>\n<thead>\n<tr class=\"bg-4\">\n<th>USEV \/ ZASAD<\/th>\n<th>KOLI\u010cINA PRIMENE<\/th>\n<th>VREME PRIMENE<\/th>\n<\/tr>\n<\/thead>\n<tbody>\n<tr class=\"bg-sec-4\">\n<td class=\"bg-4\"><a href=\"https:\/\/www.agromarketsrbija.rs\/srb\/zastita-bilja\/programi-zastite\/1002\/STRNA-ZITA\">P\u0160ENICA<\/a><\/td>\n<td>260 g\/ha + 0,6 l\/ha Pallas Adjuvant 120 g\/ha + 0,6 l\/ha Pallas Adjuvant<\/td>\n<td>Za suzbijanje svih navedenih korova od faze 2 do 3 lista do drugog kolenca (12\/13 \u2013 32 BBCH skale). Uskolisni korovi u fazi bokorenja, a \u0161irokolisni u fazi 2 do 4 lista. Koli\u010dina primena za suzbijanje str\u0161ac (Apera spica-venti)<\/td>\n<\/tr>\n<\/tbody>\n<\/table>\n<\/div>\n<div class=\"product-info\">\n<p><strong>DELOVANJE:\u00a0<\/strong><\/p>\n<p>kombinacija dve aktivne materije i to\u00a0<em>Piroksulam<\/em>\u00a0koji pripada grupi\u00a0<em>Triazolopirimidina<\/em>. Usvaja se i deluje preko lista translociraju\u0107i se u zelene delove korovske biljke, ali poseduje i kratkotrajno zemlji\u0161no delovanje. Inhibira aktivnost enzima acetolaktat-sintetaze (ALS) zaustavljaju\u0107i proces biosinteze esencijalnih aminokiselina i Florasulam koji se usvaja korenom i izdancima, a deluje inhibiraju\u0107i sintezu biljnih aminokiselina \u2013 acetohidroksidacid sintazu \u2013 AHAS.<\/p>\n<p><strong>SPEKTAR DELOVANJA:\u00a0<\/strong><\/p>\n<p><strong>JEDNOGODI\u0160NJE USKOLISNE I NEKE \u0160IROKOLISNE KOROVSKE VRSTE:<\/strong><\/p>\n<p>str\u0161ac (Apera spica-venti), divlji ovas (Avena fatua), ma\u010diji rep (Alopecurus myosuroides), sivi muhar (Setaria glauca), pirevina (Agropyron repens), klasa\u010de (Bromus spp.), ljuljevi (Lolium spp.), kamilice (Matricaria spp.), divlja rotkva (Raphanus raphanistrum), pepeljuga obi\u010dna (Chenopodium album), tar\u010du\u017eak (Capsella bursa-pastoris), goru\u0161ica (Sinapis arvensis), pti\u010dji dvornik (Polygonum aviculare), viju\u0161ac (Bilderdykia convolvulus), smrdelji (Galeopsis spp.)<\/p>\n<p><strong>PREPORUKE I NAPOMENE:\u00a0<\/strong><\/p>\n<p><strong>Pallas Star<\/strong>\u00a0se uvek primenjuje zajedno sa okva\u0161iva\u010dem<strong>\u00a0Pallas Adjuvant<\/strong>\u00a0koji je jedinstven, visoko efikasan okva\u0161iva\u010d, koji obezbe\u0111uje potpuno i temeljno me\u0161anje preparata u rastvoru za prskanje. Ovakva primena obezbe\u0111uje pobolj\u0161ano rasprostiranje kapljica, \u010dime se uve\u0107ava depozicija te\u010dnosti za prskanje na povr\u0161inu lista, pobolj\u0161ava prijem\u010divost preparata na povr\u0161ini lista i \u010dime se osigurava otpornost na spiranje, zatim pobolj\u0161ano prodiranje i usvajanje preparata u biljku, \u0161to ima za cilj postizanje najboljih rezultata, \u010dak i u nepovoljnim uslovima. Mo\u017ee se koristiti svim ure\u0111ajima za tretiranje sa zemlje, a primena iz vazduhoplova nije dozvoljena. Izbegavati primenu kada su biljke u uslovima stresa: pri temperaturama ispod 5\u00b0C ili kada su biljke na mo\u010dvarnom zemlji\u0161tu, u uslovima vrlo suvog zemlji\u0161ta. Preparat je otporan na spiranje ki\u0161om 1 sat nakon primene.<\/p>\n<\/div>","protected":false},"excerpt":{"rendered":"<p class=\"detail\"><strong>Klasa:<\/strong>\u00a0<span class=\"klasa\">Selektivni translokacioni herbicid<\/span><\/p>\n<p class=\"detail\"><strong>Aktivna materija:<\/strong>\u00a0<span class=\"aktivna-materija\">Piroksulam 75 g\/kg + Florasulam 14.2 kg\/ha + Klokvintocet &#8211; meksil 70.8 mg\/kg<\/span><\/p>\n<p class=\"detail\"><strong>Formulacija:<\/strong>\u00a0<span class=\"formulacija\">WG \u2013 vodorastvorljive granule<\/span><\/p>\n<p class=\"detail\"><strong>Pakovanje:<\/strong>\u00a0<span class=\"pakovanje\">250 g<\/span><\/p>\n<p class=\"detail\"><strong>Karenca:<\/strong>\u00a0<span class=\"karenca\">OVP<\/span><\/p>\n<p class=\"detail\"><strong>Plodored:<\/strong>\u00a0<span class=\"plodored\">u jesen iste godine mogu se sejati je\u010dam, p\u0161enica, ovas, ra\u017e, uljana repica. U prole\u0107e naredne godine mogu se sejati jare \u017eitarice, kukuruz, uljana repica, \u0161e\u0107erna repa, krompir, gra\u0161ak, kupus, \u0161argarepa. Ako do\u0111e do prevremenog skidanja useva, tretirano zemlji\u0161te poorati, sa\u010dekati 6 nedelja i mogu se sejati jara \u017eita i kukuruz<\/span><\/p>\n<p class=\"detail\"><strong>Radna Karenca:<\/strong>\u00a0<span class=\"radna-karenca\">6 do 12 sati<\/span><\/p>","protected":false},"featured_media":8674,"template":"","meta":[],"product_brand":[534],"product_cat":[449],"product_tag":[803],"class_list":{"0":"post-7979","1":"product","2":"type-product","3":"status-publish","4":"has-post-thumbnail","6":"product_brand-corteva","7":"product_cat-herbicidi-2","8":"product_tag-piroksulam-75-g-kg-florasulam-14-2-kg-ha-klokvintocet-meksil-70-8-mg-kg","10":"first","11":"outofstock","12":"product-type-simple"},"_links":{"self":[{"href":"https:\/\/agrarpetrovic.rs\/en\/wp-json\/wp\/v2\/product\/7979","targetHints":{"allow":["GET"]}}],"collection":[{"href":"https:\/\/agrarpetrovic.rs\/en\/wp-json\/wp\/v2\/product"}],"about":[{"href":"https:\/\/agrarpetrovic.rs\/en\/wp-json\/wp\/v2\/types\/product"}],"wp:featuredmedia":[{"embeddable":true,"href":"https:\/\/agrarpetrovic.rs\/en\/wp-json\/wp\/v2\/media\/8674"}],"wp:attachment":[{"href":"https:\/\/agrarpetrovic.rs\/en\/wp-json\/wp\/v2\/media?parent=7979"}],"wp:term":[{"taxonomy":"product_brand","embeddable":true,"href":"https:\/\/agrarpetrovic.rs\/en\/wp-json\/wp\/v2\/product_brand?post=7979"},{"taxonomy":"product_cat","embeddable":true,"href":"https:\/\/agrarpetrovic.rs\/en\/wp-json\/wp\/v2\/product_cat?post=7979"},{"taxonomy":"product_tag","embeddable":true,"href":"https:\/\/agrarpetrovic.rs\/en\/wp-json\/wp\/v2\/product_tag?post=7979"}],"curies":[{"name":"wp","href":"https:\/\/api.w.org\/{rel}","templated":true}]}}