{"id":7980,"date":"2025-09-20T00:11:13","date_gmt":"2025-09-19T22:11:13","guid":{"rendered":"https:\/\/agrarpetrovic.rs\/proizvod\/peak-20g-herbicid\/"},"modified":"2025-10-23T11:56:22","modified_gmt":"2025-10-23T09:56:22","slug":"peak-20g-herbicid","status":"publish","type":"product","link":"https:\/\/agrarpetrovic.rs\/en\/proizvod\/peak-20g-herbicid\/","title":{"rendered":"Peak 20 g &#8211; herbicid"},"content":{"rendered":"<div class=\"product-harvest\">\n<h4 class=\"detail\"><strong>Primena:<\/strong><\/h4>\n<table>\n<thead>\n<tr class=\"bg-4\">\n<th>USEV \/ ZASAD<\/th>\n<th>KOLI\u010cINA PRIMENE<\/th>\n<th>VREME PRIMENE<\/th>\n<\/tr>\n<\/thead>\n<tbody>\n<tr class=\"bg-sec-4\">\n<td class=\"bg-4\"><a href=\"https:\/\/www.agromarketsrbija.rs\/srb\/zastita-bilja\/programi-zastite\/1001\/Kukuruz\">KUKURUZ<\/a><\/td>\n<td>20 g\/ha + Imox (0,1%)<\/td>\n<td>Kukuruz u fazi razvoja 3-6 listova<\/td>\n<\/tr>\n<tr class=\"bg-sec-4\">\n<td class=\"bg-4\"><a href=\"https:\/\/www.agromarketsrbija.rs\/srb\/zastita-bilja\/programi-zastite\/1002\/STRNA-ZITA\">P\u0160ENICA<\/a><\/td>\n<td>20 g\/ha + Imox (0,1%)<\/td>\n<td>Od tre\u0107eg lista do kraja bokorenja<\/td>\n<\/tr>\n<\/tbody>\n<\/table>\n<\/div>\n<div class=\"product-info\">\n<h4><strong>DELOVANJE:<\/strong><\/h4>\n<p>herbicid iz grupe\u00a0<em>Sulfonilurea\u00a0<\/em>koji se usvaja li\u0161\u0107em i korenom. Kre\u0107e se navi\u0161e i nani\u017ee u biljci, inhibira enzim acetolaktat-sintetazu (ALS), \u010dime se spre\u010dava sinteza razgranatih aminokiselina (valin, leucin, izoleucin).<\/p>\n<h4><strong>SPEKTAR DELOVANJA:<\/strong><\/h4>\n<p>JEDNOGODI\u0160NJE \u0160IROKOLISNE KOROVSKE VRSTE:<\/p>\n<p>\u0161tir obi\u010dni (<em>Amaranthus retroflexus<\/em>), \u0161tir bljutavi (<em>Amaranthus blitoides<\/em>), ambrozija (<em>Ambrosia artemisiifolia<\/em>), boca obi\u010dna (<em>Xanthium strumarium<\/em>), teofrastova lipica (<em>Abutilon theophrasti<\/em>), tatula obi\u010dna (<em>Datura stramonium<\/em>), goru\u0161ica (<em>Sinapis arvensis<\/em>), suncokretdivlji (<em>Helianthus annuus<\/em>), dvornik obi\u010dni (<em>Polygonum persicaria<\/em>).<\/p>\n<h4><strong>PREPORUKE I NAPOMENE<\/strong><\/h4>\n<p>nije dovoljno efikasan za prilepa\u010du (<em>Galium aparine<\/em>), ali se mo\u017ee uspe\u0161no kombinovati u usevima strnih \u017eita sa preparatima koji je dobro suzbijaju (<strong>Mustang, Lodin<\/strong>). U uslovima ve\u0107e zara\u017eenosti palamidom (<em>Cirsium arvense<\/em>) i pepeljugom (<em>Chenopodium album<\/em>) u usevu kukuruza mo\u017ee se kombinovati sa drugim herbicidima (<strong>Mustang, Agrodimark<\/strong>). Ne deluje na pomo\u0107nicu (<em>Solanum nigrum<\/em>). Razli\u010dite kombinacije u cilju pro\u0161irenja spektra delovanja, potpuno su ekonomski prihvatljive.\u00a0<strong>Odli<\/strong><strong>\u010d<\/strong><strong>an izbor u suzbijanju samoniklog suncokreta i ambrozije.<\/strong><\/p>\n<p>U slu\u010daju da se slede\u0107e godine seje suncokret na toj parceli, smanjiti koli\u010dinu primene na 10 g\/ha.<\/p>\n<\/div>","protected":false},"excerpt":{"rendered":"<p class=\"detail\"><strong>Klasa:<\/strong>\u00a0<span class=\"klasa\">Selektivni translokacioni herbicid<\/span><\/p>\n<p class=\"detail\"><strong>Aktivna materija:<\/strong>\u00a0<span class=\"aktivna-materija\">Prosulfuron 750 g\/kg<\/span><\/p>\n<p class=\"detail\"><strong>Formulacija:<\/strong>\u00a0<span class=\"formulacija\">WG &#8211; vodorastvorljive granule<\/span><\/p>\n<p class=\"detail\"><strong>Proizvo\u0111a\u010d:<\/strong>\u00a0<span class=\"proizvo\u0111a\u010d\">Syngenta<\/span><\/p>\n<p class=\"detail\"><strong>Karenca:<\/strong>\u00a0<span class=\"karenca\">14 dana &#8211; sila\u017eni kukuruz; OVP &#8211; p\u0161enica, kukuruz<\/span><\/p>\n<p class=\"detail\"><strong>Plodored:<\/strong>\u00a0<span class=\"plodored\">nakon primene Peak 75 WG obavezno je duboko oranje posle \u017eetve ili berbe. \u0160e\u0107erna repa ne sme se sejati 12 meseci posle primene ovog herbicida. U slu\u010daju ekstremno su\u0161nih godina, sa koli\u010dinom padavina manjom od 500 mm, kao i u slu\u010daju ve\u0107e primenjene doze ili preklapanja redova tokom primene ne sme se sejati \u0161e\u0107erna repa, suncokret i povr\u0107e u narednoj godini. U slu\u010daju preoravanja useva iz bilo kog razloga, mogu se ponovo sejati samo p\u0161enica i kukuruz.<\/span><\/p>","protected":false},"featured_media":8545,"template":"","meta":[],"product_brand":[531],"product_cat":[449],"product_tag":[804],"class_list":{"0":"post-7980","1":"product","2":"type-product","3":"status-publish","4":"has-post-thumbnail","6":"product_brand-sygenta","7":"product_cat-herbicidi-2","8":"product_tag-prosulfuron-750-g-kg","10":"first","11":"outofstock","12":"purchasable","13":"product-type-simple"},"_links":{"self":[{"href":"https:\/\/agrarpetrovic.rs\/en\/wp-json\/wp\/v2\/product\/7980","targetHints":{"allow":["GET"]}}],"collection":[{"href":"https:\/\/agrarpetrovic.rs\/en\/wp-json\/wp\/v2\/product"}],"about":[{"href":"https:\/\/agrarpetrovic.rs\/en\/wp-json\/wp\/v2\/types\/product"}],"wp:featuredmedia":[{"embeddable":true,"href":"https:\/\/agrarpetrovic.rs\/en\/wp-json\/wp\/v2\/media\/8545"}],"wp:attachment":[{"href":"https:\/\/agrarpetrovic.rs\/en\/wp-json\/wp\/v2\/media?parent=7980"}],"wp:term":[{"taxonomy":"product_brand","embeddable":true,"href":"https:\/\/agrarpetrovic.rs\/en\/wp-json\/wp\/v2\/product_brand?post=7980"},{"taxonomy":"product_cat","embeddable":true,"href":"https:\/\/agrarpetrovic.rs\/en\/wp-json\/wp\/v2\/product_cat?post=7980"},{"taxonomy":"product_tag","embeddable":true,"href":"https:\/\/agrarpetrovic.rs\/en\/wp-json\/wp\/v2\/product_tag?post=7980"}],"curies":[{"name":"wp","href":"https:\/\/api.w.org\/{rel}","templated":true}]}}