{"id":7985,"date":"2025-09-20T00:11:13","date_gmt":"2025-09-19T22:11:13","guid":{"rendered":"https:\/\/agrarpetrovic.rs\/proizvod\/pirinej-200-ml-fungicid\/"},"modified":"2025-10-23T11:56:22","modified_gmt":"2025-10-23T09:56:22","slug":"pirinej-200-ml-fungicid","status":"publish","type":"product","link":"https:\/\/agrarpetrovic.rs\/en\/proizvod\/pirinej-200-ml-fungicid\/","title":{"rendered":"Pirinej 200 ml &#8211; fungicid"},"content":{"rendered":"<div class=\"product-harvest\">\n<p class=\"detail\"><strong>Primena:<\/strong><\/p>\n<table>\n<thead>\n<tr class=\"bg-5\">\n<th>USEV \/ ZASAD<\/th>\n<th>KOLI\u010cINA PRIMENE<\/th>\n<th>VREME PRIMENE<\/th>\n<\/tr>\n<\/thead>\n<tbody>\n<tr class=\"bg-sec-5\">\n<td class=\"bg-5\"><a href=\"https:\/\/www.agromarketsrbija.rs\/srb\/zastita-bilja\/programi-zastite\/1025\/Malina\">MALINA<\/a><\/td>\n<td>2,5 (25 ml na 100 m\u00b2)<\/td>\n<td>Od po\u010detka cvetanja do kraja punog cvetavanja (faza 55 \u2013 65 BBCH skale)<\/td>\n<\/tr>\n<\/tbody>\n<\/table>\n<\/div>\n<div class=\"product-info\">\n<p><strong>DELOVANJE:\u00a0<\/strong><\/p>\n<p>inhibira sintezu metionina<\/p>\n<p><strong>SPEKTAR DELOVANJA:<\/strong><\/p>\n<p>Prouzrokova\u010d sive trule\u017ei (<em>Botrytis cinerea<\/em>)<\/p>\n<p><strong>PREPORUKE I NAPOMENE<\/strong><\/p>\n<p>uz proveru kompatibilnosti i preporuke proizvo\u0111a\u010da mo\u017ee se me\u0161ati sa drugim sredstvima za za\u0161titu bilja i folijarnim \u0111ubrivima.<\/p>\n<p>Ukoliko se primenjuje po datom uputstvu, nema ne\u017eeljene fitotoksi\u010dnosti.<\/p>\n<p>Utro\u0161ak vode 1000 l\/ha (ili 10 l na 100 m<sup>2<\/sup>).<\/p>\n<p>Primenjuje se prskanjem ili oro\u0161avanjem.<\/p>\n<p>Tretiranje iz vazduhoplova nije dozvoljeno.<\/p>\n<\/div>","protected":false},"excerpt":{"rendered":"<p class=\"detail\"><strong>Klasa:<\/strong>\u00a0<span class=\"klasa\">Fungicid<\/span><\/p>\n<p class=\"detail\"><strong>Aktivna materija:<\/strong>\u00a0<span class=\"aktivna-materija\">Pirimetanil 400 g\/l<\/span><\/p>\n<p class=\"detail\"><strong>Formulacija:<\/strong>\u00a0<span class=\"formulacija\">SC \u2013 koncentrovana suspenzija<\/span><\/p>\n<p class=\"detail\"><strong>Karenca:<\/strong>\u00a0<span class=\"karenca\">14 dana<\/span><\/p>\n<p class=\"detail\"><strong>Radna karenca:<\/strong>\u00a0<span class=\"radna-karenca\">do su\u0161enja depozita (6 do 12 sati)<\/span><\/p>\n<p class=\"detail\"><strong>MBT:<\/strong>\u00a0<span class=\"mbt\">2<\/span><\/p>","protected":false},"featured_media":8552,"template":"","meta":[],"product_brand":[529],"product_cat":[415],"product_tag":[690],"class_list":{"0":"post-7985","1":"product","2":"type-product","3":"status-publish","4":"has-post-thumbnail","6":"product_brand-agromarket","7":"product_cat-fungicidi-2","8":"product_tag-pirimetanil-400-g-l","10":"first","11":"outofstock","12":"product-type-simple"},"_links":{"self":[{"href":"https:\/\/agrarpetrovic.rs\/en\/wp-json\/wp\/v2\/product\/7985","targetHints":{"allow":["GET"]}}],"collection":[{"href":"https:\/\/agrarpetrovic.rs\/en\/wp-json\/wp\/v2\/product"}],"about":[{"href":"https:\/\/agrarpetrovic.rs\/en\/wp-json\/wp\/v2\/types\/product"}],"wp:featuredmedia":[{"embeddable":true,"href":"https:\/\/agrarpetrovic.rs\/en\/wp-json\/wp\/v2\/media\/8552"}],"wp:attachment":[{"href":"https:\/\/agrarpetrovic.rs\/en\/wp-json\/wp\/v2\/media?parent=7985"}],"wp:term":[{"taxonomy":"product_brand","embeddable":true,"href":"https:\/\/agrarpetrovic.rs\/en\/wp-json\/wp\/v2\/product_brand?post=7985"},{"taxonomy":"product_cat","embeddable":true,"href":"https:\/\/agrarpetrovic.rs\/en\/wp-json\/wp\/v2\/product_cat?post=7985"},{"taxonomy":"product_tag","embeddable":true,"href":"https:\/\/agrarpetrovic.rs\/en\/wp-json\/wp\/v2\/product_tag?post=7985"}],"curies":[{"name":"wp","href":"https:\/\/api.w.org\/{rel}","templated":true}]}}