{"id":7988,"date":"2025-09-20T00:11:13","date_gmt":"2025-09-19T22:11:13","guid":{"rendered":"https:\/\/agrarpetrovic.rs\/proizvod\/previcur-energy-100-ml-fungicid\/"},"modified":"2025-10-23T11:56:22","modified_gmt":"2025-10-23T09:56:22","slug":"previcur-energy-100-ml-fungicid","status":"publish","type":"product","link":"https:\/\/agrarpetrovic.rs\/en\/proizvod\/previcur-energy-100-ml-fungicid\/","title":{"rendered":"Previcur ENERGY 100 ml &#8211; fungicid"},"content":{"rendered":"<h4>Primena<\/h4>\n<p>Previcur Energy Fungicid se koristi za suzbijanje poleganja rasada (Pythium spp.) i plamenja\u010de (Pseudoperonospora cubensis) u razli\u010ditim povrtarskim kulturama. Kod krastavca, fungicid je efikasan u borbi protiv prouzrokova\u010da plamenja\u010de. Paradajz i lubenica su usevi kod kojih Previcur Energy spre\u010dava i suzbija prouzrokova\u010de poleganja rasada. Tako\u0111e, fungicid je namenjen za za\u0161titu rasada paprike od poleganja, uz mogu\u0107nost tretmana tokom razli\u010ditih faza rasta.<\/p>\n<h4>Uputstvo za upotrebu i preporuke<\/h4>\n<p>Da bi se postigli optimalni rezultati, Previcur Energy treba koristiti preventivno, pre nego \u0161to do\u0111e do infekcije biljaka. Mo\u017ee se primenjivati i u kurativnim tretmanima, ali je tada neophodno izvr\u0161iti najmanje dva do tri uzastopna tretmana zalivanjem.<\/p>\n<p>Previcur Energy se priprema na slede\u0107i na\u010din. Potrebnu koli\u010dinu preparata treba prvo pome\u0161ati sa vodom u odvojenom sudu, zatim rastvor dodati u rezervoar prskalice koji je napunjen do pola vodom. Na kraju se dodaje preostala koli\u010dina vode uz neprekidno me\u0161anje.<\/p>\n<p>Napomene za primenu ovog fungicida uklju\u010duju: optimalno vreme za primenu, koje je neposredno nakon setve i pre rasa\u0111ivanja, uz obaveznu upotrebu na umereno vla\u017enom zemlji\u0161tu radi boljeg usvajanja preparata. Fungicid se mo\u017ee koristiti i u sistemima za navodnjavanje \u201ekap po kap\u201c jer je potpuno rastvorljiv u vodi i ne zapu\u0161ava raspr\u0161iva\u010de. Treba izbegavati primenu u usevima ljute paprike kratke vegetacije, a prilikom potapanja rasada biljke treba dr\u017eati u rastvoru preparata 20 minuta radi boljeg usvajanja.<\/p>\n<h4>Doziranje<\/h4>\n<p>Za suzbijanje prouzrokova\u010da plamenja\u010de kod krastavca koristi se folijarno tretiranje u koli\u010dini od 2 l\/ha (20 ml na 100 m\u00b2), uz utro\u0161ak 600 litara vode po hektaru (6 l\/100 m\u00b2).<\/p>\n<p>Kod paradajza i lubenice, Previcur Energy se koristi za suzbijanje prouzrokova\u010da poleganja rasada (Pythium spp.). Preparat se primenjuje zalivanjem u koli\u010dini od 3 ml u 2 l vode po m\u00b2, neposredno nakon setve ili pre rasa\u0111ivanja-pikiranja paradajza, odnosno po pojavi prvih pravih listova lubenice.<\/p>\n<p>Za za\u0161titu paprike od poleganja rasada, preporu\u010duje se zalivanje u koli\u010dini od 3-6 ml preparata u 2 l vode po m\u00b2. Tretman se primenjuje neposredno nakon setve i ponovo pre rasa\u0111ivanja-pikiranja.<\/p>\n<p>Maksimalan broj tretmana na istoj povr\u0161ini godi\u0161nje iznosi tri puta za krastavac, dva do tri puta za paradajz, i dva puta za papriku i lubenicu.<\/p>\n<h4>Karenca<\/h4>\n<p>Karenca predstavlja period koji mora prote\u0107i od primene fungicida do berbe, kako bi se obezbedila zdravstvena ispravnost plodova.<\/p>\n<p>Kod krastavca, prilikom zalivanja, karenca je obezbe\u0111ena vremenom primene. U slu\u010daju folijarne primene, karenca traje 14 dana.<\/p>\n<p>Za lubenicu i papriku, karenca prilikom zalivanja tako\u0111e je obezbe\u0111ena vremenom primene, \u0161to omogu\u0107ava sigurno i jednostavno planiranje tretmana.<\/p>\n<p>&nbsp;<\/p>","protected":false},"excerpt":{"rendered":"<p>Previcur Energy Fungicid je visokokvalitetan sistemi\u010dni fungicid namenjen za suzbijanje prouzrokova\u010da poleganja rasada i plamenja\u010de. Zahvaljuju\u0107i svojoj jedinstvenoj formulaciji koja kombinuje dve aktivne materije \u2013<strong> propamokarb fosetilat (propamokarb 530 g\/l + fosetil 310 g\/l)<\/strong>, ovaj fungicid deluje na vi\u0161e mesta u razvoju patogenih gljiva, \u010dine\u0107i ga efikasnim re\u0161enjem za za\u0161titu useva. Specifi\u010dnost Previcur Energy fungicida ogleda se u njegovom delovanju koje ne dozvoljava razvijanje otpornosti kod patogena, \u0161to ga \u010dini pouzdanim izborom za dugoro\u010dnu za\u0161titu biljaka.<\/p>","protected":false},"featured_media":8555,"template":"","meta":[],"product_brand":[533],"product_cat":[415],"product_tag":[807],"class_list":{"0":"post-7988","1":"product","2":"type-product","3":"status-publish","4":"has-post-thumbnail","6":"product_brand-bayer","7":"product_cat-fungicidi-2","8":"product_tag-propamokarb-fosetilat-propamokarb-530-g-l-fosetil-310-g-l","10":"first","11":"outofstock","12":"purchasable","13":"product-type-simple"},"_links":{"self":[{"href":"https:\/\/agrarpetrovic.rs\/en\/wp-json\/wp\/v2\/product\/7988","targetHints":{"allow":["GET"]}}],"collection":[{"href":"https:\/\/agrarpetrovic.rs\/en\/wp-json\/wp\/v2\/product"}],"about":[{"href":"https:\/\/agrarpetrovic.rs\/en\/wp-json\/wp\/v2\/types\/product"}],"wp:featuredmedia":[{"embeddable":true,"href":"https:\/\/agrarpetrovic.rs\/en\/wp-json\/wp\/v2\/media\/8555"}],"wp:attachment":[{"href":"https:\/\/agrarpetrovic.rs\/en\/wp-json\/wp\/v2\/media?parent=7988"}],"wp:term":[{"taxonomy":"product_brand","embeddable":true,"href":"https:\/\/agrarpetrovic.rs\/en\/wp-json\/wp\/v2\/product_brand?post=7988"},{"taxonomy":"product_cat","embeddable":true,"href":"https:\/\/agrarpetrovic.rs\/en\/wp-json\/wp\/v2\/product_cat?post=7988"},{"taxonomy":"product_tag","embeddable":true,"href":"https:\/\/agrarpetrovic.rs\/en\/wp-json\/wp\/v2\/product_tag?post=7988"}],"curies":[{"name":"wp","href":"https:\/\/api.w.org\/{rel}","templated":true}]}}