{"id":7989,"date":"2025-09-20T00:11:13","date_gmt":"2025-09-19T22:11:13","guid":{"rendered":"https:\/\/agrarpetrovic.rs\/proizvod\/priaxor-5-1-herbicid\/"},"modified":"2025-10-23T11:56:23","modified_gmt":"2025-10-23T09:56:23","slug":"priaxor-5-1-herbicid","status":"publish","type":"product","link":"https:\/\/agrarpetrovic.rs\/en\/proizvod\/priaxor-5-1-herbicid\/","title":{"rendered":"Priaxor 5\/1 &#8211; herbicid"},"content":{"rendered":"<p><strong>Primena<\/strong><\/p>\n<ul>\n<li>Bolesti stabljike &#8211; 0,75- 1,0 l\/ha &#8211; Od pojave 5 vidljivih izdanaka do kraja cvetanja (BBCH 25-69).<\/li>\n<li>Lisna r\u0111a (p\u0161enica, tritikale) &#8211; 0,75- 1,0 l\/ha &#8211; Od pojave 5 vidljivih izdanaka do kraja cvetanja (BBCH 25-69).<\/li>\n<li>Pegavost &#8211; 0,75- 1,0 l\/ha &#8211; Od pojave 5 vidljivih izdanaka do kraja cvetanja (BBCH 25-69).<\/li>\n<li>Pepelnica p\u0161enice &#8211; 0,75- 1,0 l\/ha &#8211; Od pojave 5 vidljivih izdanaka do kraja cvetanja (BBCH 25-69).<\/li>\n<\/ul>\n<p><strong>Maksimalan broj tretiranja<\/strong>: 2 puta u toku godine. Karenca: 35 dana<\/p>\n<p><strong>Prednosti primene fungicida Priaxor\u00ae na po\u010detku intenzivnog porasta (T1):<\/strong><\/p>\n<ul>\n<li>Pru\u017ea potpunu za\u0161titu p\u0161enice i je\u010dma od svih bolesti, od samog po\u010detka vlatanja<\/li>\n<li>Jedinstvena kombinacija koja \u0161titi i novi porast<\/li>\n<li>Pozitivan efekat na fiziologiju biljke i manje stresa usled nepovoljnih vremenskih uslova<\/li>\n<li>Bolja kondicija biljke podsti\u010de bolje usvajanje dostupnih hranljivih materija iz zemlji\u0161ta<\/li>\n<\/ul>\n<p><strong>Prednosti primene fungicida Priaxor\u00ae u fazi lista zastavi\u010dara (T2):<\/strong><\/p>\n<ul>\n<li>Do 6 nedelja kompletne za\u0161tite za prinos najva\u017enijih listova (zastavi\u010dar i list ispod)<\/li>\n<li>Osigurava du\u017ee nalivanje zrna i stvara osnovu za visoke prinose<\/li>\n<li>P\u0161enica i je\u010dam lak\u0161e podnose su\u0161u i visoke temperature<\/li>\n<\/ul>\n<p><strong>Ostale prednosti fungicida Priaxor\u00ae<\/strong><\/p>\n<p>U slu\u010daju ranije primene (kasni T1 \/ rani T2) Priaxor\u00ae mo\u017ee da za\u0161titi najva\u017enije listove za prinos koji u momentu tretmana jo\u0161 uvek nisu izrasli (zastavi\u010dar i list ispod njega).<br \/>\nPriaxor\u00ae \u0161titi i listove koji su iza\u0161li nakon tretmana.<br \/>\nDvostruko pozitivan uticaj na fiziologiju biljke<br \/>\nObe aktivne materije poja\u010davaju imunitet gajene biljke i istovremeno poma\u017eu biljci da bolje iskoristi azot iz zemlji\u0161ta. Ovo je naro\u010dito va\u017eno na po\u010detku vegetacije kada se stvaraju elementi prinosa ali i kasnije kada je potrebno osigurati du\u017ee nalivanje zrna.<br \/>\nIstovremeno, Priaxor\u00ae umanjuje transpiraciju i omogu\u0107ava lak\u0161e podno\u0161enje stresa u su\u0161nim uslovima.<br \/>\n1. Pove\u0107ava potencijal za ostvarivanje visokog prinosa<br \/>\n&#8211; Priaxor\u00ae poma\u017ee biljci da iskoristi vi\u0161e azota i samim tim pozitivno uti\u010de na pove\u0107anje biomase.<\/p>\n<p>2. Bolja iskori\u0161\u0107enost dostupne vode<br \/>\n&#8211; Priaxor\u00ae smanjuje transpiraciju biljke \u010dime se smanjuje potreba za vodom.<br \/>\nKao rezultat, p\u0161enica zahteva manje dostupne vode za proizvodnju jednog kilograma zrna.<\/p>","protected":false},"excerpt":{"rendered":"<p>Priaxor\u00ae je fungicid za za\u0161titu p\u0161enice od r\u0111e, pepelnice, kao i pegavosti lista. Izuzetno efikasan u suzbijanju mre\u017easte i sive pegavosti i ramularije u je\u010dmu. \u010cini ga jedinstvena kombinacija SDHI i strobilurina.<\/p>\n<p class=\"detail\"><strong>Klasa:<\/strong> Fungicid<\/p>\n<p class=\"detail\"><strong>Aktivna materija:<\/strong> 150 g\/l Piraklostrobin+ 75 g\/l Xemium (fluksapiroksad)<\/p>\n<p class=\"detail\"><strong>Proizvo\u0111a\u010d:<\/strong> Basf<\/p>\n<p class=\"detail\">","protected":false},"featured_media":8556,"template":"","meta":[],"product_brand":[530],"product_cat":[449],"product_tag":[808],"class_list":{"0":"post-7989","1":"product","2":"type-product","3":"status-publish","4":"has-post-thumbnail","6":"product_brand-basf","7":"product_cat-herbicidi-2","8":"product_tag-150-g-l-piraklostrobin-75-g-l-xemium-fluksapiroksad","10":"first","11":"outofstock","12":"product-type-simple"},"_links":{"self":[{"href":"https:\/\/agrarpetrovic.rs\/en\/wp-json\/wp\/v2\/product\/7989","targetHints":{"allow":["GET"]}}],"collection":[{"href":"https:\/\/agrarpetrovic.rs\/en\/wp-json\/wp\/v2\/product"}],"about":[{"href":"https:\/\/agrarpetrovic.rs\/en\/wp-json\/wp\/v2\/types\/product"}],"wp:featuredmedia":[{"embeddable":true,"href":"https:\/\/agrarpetrovic.rs\/en\/wp-json\/wp\/v2\/media\/8556"}],"wp:attachment":[{"href":"https:\/\/agrarpetrovic.rs\/en\/wp-json\/wp\/v2\/media?parent=7989"}],"wp:term":[{"taxonomy":"product_brand","embeddable":true,"href":"https:\/\/agrarpetrovic.rs\/en\/wp-json\/wp\/v2\/product_brand?post=7989"},{"taxonomy":"product_cat","embeddable":true,"href":"https:\/\/agrarpetrovic.rs\/en\/wp-json\/wp\/v2\/product_cat?post=7989"},{"taxonomy":"product_tag","embeddable":true,"href":"https:\/\/agrarpetrovic.rs\/en\/wp-json\/wp\/v2\/product_tag?post=7989"}],"curies":[{"name":"wp","href":"https:\/\/api.w.org\/{rel}","templated":true}]}}