{"id":7990,"date":"2025-09-20T00:11:13","date_gmt":"2025-09-19T22:11:13","guid":{"rendered":"https:\/\/agrarpetrovic.rs\/proizvod\/principial-flex-480-gr-herbicid\/"},"modified":"2025-10-23T11:56:23","modified_gmt":"2025-10-23T09:56:23","slug":"principial-flex-480-gr-herbicid","status":"publish","type":"product","link":"https:\/\/agrarpetrovic.rs\/en\/proizvod\/principial-flex-480-gr-herbicid\/","title":{"rendered":"Principial FLEX 480 gr &#8211; herbicid"},"content":{"rendered":"<p><b>Delovanje<\/b><\/p>\n<p>Principal FLEX se brzo apsorbuje preko listova i korena korovskih biljaka. Na ovaj na\u010din se zaustavlja njihov rast ubrzo nakon primene. Nakon tretiranja korova hloroza i gubitak boje javljaju se u roku od 3-10 dana, a potpuno uni\u0161tenje korova je za 3-4 nedelje. Optimalni uslovi za primenu su toplo i vla\u017eno vreme, koje ubrzava delovanje preparata.<\/p>\n<p><b>Upotreba<\/b><\/p>\n<p>Principal FLEX se koristi za efikasnu za\u0161titu od jednogodi\u0161njih i vi\u0161egodi\u0161njih korova u usevu kukuruza.<\/p>\n<h3><b>Kultura u kojoj se koristi<\/b><\/h3>\n<p><b>Kukuruz<\/b><\/p>\n<ul>\n<li>Doza: 440 g\/ha + 0,1% adjuvanta (pomo\u0107nog sredstva)<\/li>\n<li>Utro\u0161ak vode: 200\u2013400 l\/ha<\/li>\n<li>Vreme primene: Posle nicanja useva, kada je kukuruz u fazi od 2 do 8 listova (BBCH faza 12\u201318). Korovi treba da budu u ranim fazama razvoja: 2\u20135 listova za travne korove i 2\u20136 listova za \u0161irokolisne korove.<\/li>\n<\/ul>\n<h4><b>Spektar delovanja<\/b><\/h4>\n<p>Preparat\u00a0 efikasno suzbija slede\u0107e korove:<\/p>\n<ul>\n<li>Jednogodi\u0161nji uskolisni korovi:<\/li>\n<li>Proso korovsko (Echinochloa crus-galli)<\/li>\n<li>Muhar sivi (Setaria glauca)<\/li>\n<li>Muhar zeleni (Setaria viridis)<\/li>\n<li>Sirak divlji iz semena (Sorghum halepense)<\/li>\n<li>Vi\u0161egodi\u0161nji uskolisni korovi:<\/li>\n<li>Sirak divlji iz rizoma (Sorghum halepense)<\/li>\n<li>Jednogodi\u0161nji \u0161irokolisni korovi:<\/li>\n<li>\u0160tir obi\u010dni (Amaranthus retroflexus)<\/li>\n<li>Pepljuga obi\u010dna (Chenopodium album)<\/li>\n<li>Tatula obi\u010dna (Datura stramonium)<\/li>\n<li>Goru\u0161ica poljska (Sinapis arvensis)<\/li>\n<li>Boca obi\u010dna (Xanthium strumarium)<\/li>\n<li>Vi\u0161egodi\u0161nji \u0161irokolisni korovi:<\/li>\n<li>Palamida njivska (Cirsium arvense)<\/li>\n<li>Poponac njivski (Convolvulus arvensis)<\/li>\n<\/ul>\n<h4><b>Na\u010din primene<\/b><\/h4>\n<p>Principal FLEX se upotrebljava prskanjem u obliku\u00a0<b>vododisperzibilnih granula.<\/b>\u00a0Preparat se koristi uz pomo\u0107 adjuvanta koji omogu\u0107ava bolje raspore\u0111ivanje i apsorpciju preparata na povr\u0161ini korova. Potrebna koli\u010dina preparata se dodaje u vodu uz stalno me\u0161anje tokom pripreme rastvora.<\/p>\n<h4><b>Preporuke za kombinovanje sa drugim preparatima<\/b><\/h4>\n<p>Preparat se mo\u017ee kombinovati sa drugim herbicidima za ve\u0107i spektar delovanja. Ne preporu\u010duje se me\u0161anje sa EC formulacijama i uljnim adjuvantima kako bi se izbegla fitotoksi\u010dnost.<\/p>\n<h3><b>Ograni\u010denja primene<\/b><\/h3>\n<p>Maksimalan broj tretiranja je jednom godi\u0161nje na istoj povr\u0161ini.<\/p>\n<p>Zabranjena primena u blizini vodoza\u0161titnih zona.<\/p>\n<p>Spre\u010diti zano\u0161enje preparata na susedne useve.<\/p>\n<h4><b>Karenca<\/b><\/h4>\n<p>Kod preparata Principal FLEX, karenca je obezbe\u0111ena vremenom primene, odnosno preparat se primenjuje u fazama rasta biljaka kada aktivne materije imaju dovoljno vremena da se razgrade pre nego \u0161to usev dostigne fazu \u017eetve. Na taj na\u010din se osigurava da u zrelom usevu ne ostanu ostaci herbicida, \u010dine\u0107i ga bezbednim za upotrebu.<\/p>\n<h4><b>Pakovanje<\/b><\/h4>\n<p>Principal FLEX je dostupan u pakovanju od 480 g, \u0161to je idealno za tretiranje 1 hektara.<\/p>","protected":false},"excerpt":{"rendered":"<p>Principal FLEX\u00a0 je namenjen suzbijanju \u0161irokog spektra uskolisnih i \u0161irokolisnih korova u usevu kukuruza nakon nicanja. Preparat \u010dine tri aktivne materije: nikosulfuron 92 g\/kg + rimsulfuron 23 g\/kg + dikamba (u obliku Na soli) 550 g\/kg, koje zajedno pru\u017eaju efikasnu kontrolu nad korovskim vrstama.<\/p>\n<p>Ovaj herbicid se koristi za suzbijanje velikog broja uskolisnih i \u0161irokolisnih korova u usevu kukuruza, zahvaljuju\u0107i aktivnim materijama rimsulfuron, nicosulfuron i dicamba, koje zajedni\u010dkim delovanjem omogu\u0107avaju efikasnu kontrolu korova.<\/p>","protected":false},"featured_media":8675,"template":"","meta":[],"product_brand":[534],"product_cat":[449],"product_tag":[676],"class_list":{"0":"post-7990","1":"product","2":"type-product","3":"status-publish","4":"has-post-thumbnail","6":"product_brand-corteva","7":"product_cat-herbicidi-2","8":"product_tag-nikosulfuron-92-g-kg-rimsulfuron-23-g-kg-dikamba-u-obliku-na-soli-550-g-kg","10":"first","11":"outofstock","12":"product-type-simple"},"_links":{"self":[{"href":"https:\/\/agrarpetrovic.rs\/en\/wp-json\/wp\/v2\/product\/7990","targetHints":{"allow":["GET"]}}],"collection":[{"href":"https:\/\/agrarpetrovic.rs\/en\/wp-json\/wp\/v2\/product"}],"about":[{"href":"https:\/\/agrarpetrovic.rs\/en\/wp-json\/wp\/v2\/types\/product"}],"wp:featuredmedia":[{"embeddable":true,"href":"https:\/\/agrarpetrovic.rs\/en\/wp-json\/wp\/v2\/media\/8675"}],"wp:attachment":[{"href":"https:\/\/agrarpetrovic.rs\/en\/wp-json\/wp\/v2\/media?parent=7990"}],"wp:term":[{"taxonomy":"product_brand","embeddable":true,"href":"https:\/\/agrarpetrovic.rs\/en\/wp-json\/wp\/v2\/product_brand?post=7990"},{"taxonomy":"product_cat","embeddable":true,"href":"https:\/\/agrarpetrovic.rs\/en\/wp-json\/wp\/v2\/product_cat?post=7990"},{"taxonomy":"product_tag","embeddable":true,"href":"https:\/\/agrarpetrovic.rs\/en\/wp-json\/wp\/v2\/product_tag?post=7990"}],"curies":[{"name":"wp","href":"https:\/\/api.w.org\/{rel}","templated":true}]}}