{"id":7993,"date":"2025-09-20T00:11:13","date_gmt":"2025-09-19T22:11:13","guid":{"rendered":"https:\/\/agrarpetrovic.rs\/proizvod\/pyrus-400-sc-200-ml-fungicid\/"},"modified":"2025-10-23T11:56:23","modified_gmt":"2025-10-23T09:56:23","slug":"pyrus-400-sc-200-ml-fungicid","status":"publish","type":"product","link":"https:\/\/agrarpetrovic.rs\/en\/proizvod\/pyrus-400-sc-200-ml-fungicid\/","title":{"rendered":"Pyrus 400-SC 200 ml &#8211; fungicid"},"content":{"rendered":"<div class=\"product-harvest\">\n<p class=\"detail\"><strong>Primena:<\/strong><\/p>\n<table>\n<thead>\n<tr class=\"bg-5\">\n<th>USEV \/ ZASAD<\/th>\n<th>KOLI\u010cINA PRIMENE<\/th>\n<th>VREME PRIMENE<\/th>\n<\/tr>\n<\/thead>\n<tbody>\n<tr class=\"bg-sec-5\">\n<td class=\"bg-5\"><a href=\"https:\/\/www.agromarketsrbija.rs\/srb\/zastita-bilja\/programi-zastite\/1020\/Vinova-loza\">VINOVA LOZA<\/a><\/td>\n<td>2,0 &#8211; 2,5 (20 &#8211; 25 ml\/100 m\u00b2)<\/td>\n<td>Tretiranjem u fazi precvetavanja do zatvaranja grozda (faze 68\/77 BBCH skale)<\/td>\n<\/tr>\n<tr class=\"bg-sec-5\">\n<td class=\"bg-5\"><a href=\"https:\/\/www.agromarketsrbija.rs\/srb\/zastita-bilja\/programi-zastite\/1025\/Malina\">MALINA<\/a><\/td>\n<td>2,5<\/td>\n<td>Od po\u010detka do punog cvetanja (faze 55-65 po BBCH skali)<\/td>\n<\/tr>\n<tr class=\"bg-sec-5\">\n<td class=\"bg-5\"><a href=\"https:\/\/www.agromarketsrbija.rs\/srb\/zastita-bilja\/programi-zastite\/1018\/Jabuka\">JABUKA<\/a><\/td>\n<td>1,0<\/td>\n<td>Preventivni tretman pre uslova za ostvarenje zaraze po\u010dev od faze \u201dmi\u0161je u\u0161i\u201d pa nadalje (od faze 54 BBCH skale)<\/td>\n<\/tr>\n<\/tbody>\n<\/table>\n<\/div>\n<div class=\"product-info\">\n<p><strong>DELOVANJE:<\/strong><\/p>\n<p>aktivna materija pripada grupi\u00a0<em>Anilinopirimidina<\/em>, a deluje tako \u0161to inhibira sintezu metionina \u0161to dovodi do spre\u010davanja lu\u010denja enzima neophodnih za infekciju i prodor micelije u \u0107eliju biljke doma\u0107ina. Najaktivniji je u faze cvetanja i precvetavanja, deluje i gasnom fazom tj. parama. Kroz biljku se kre\u0107e translaminarno tj. prodire na drugu stranu zelene mase, onemogu\u0107ava gljivi da sporuli\u0161e &#8211; izbaci konidije i tako prekida \u017eivotni ciklus razvoja gljive. Ispoljava protektivno, kurativno i eradikativno delovanje. Aktivna materija se usvaja ve\u0107 nakon 2 sata od tretiranja.<\/p>\n<p><strong>SPEKTAR DELOVANJA:<\/strong><\/p>\n<p>Prouzrokova\u010d sive trule\u017ei (<em>Botrytis cinerea<\/em>) vinove loze i maline i prouzrokova\u010d \u010da\u0111ave pegavosti li\u0161\u0107a i krastavosti plodova jabuke (<em>Venturia inaequalis<\/em>).<\/p>\n<p><strong>PREPORUKE I NAPOMENE<\/strong><\/p>\n<p>tretiranja izvoditi u intervalu 6 do 8 dana izme\u0111u tretmana. Vinovu lozu prskati preventivno ili pri prvim simptomima bolesti (u precvetavanju, zatvaranju grozda ili \u0161arka). Grozdovi trebaju biti &#8222;okupani&#8220; sredstvom za za\u0161titu, a preporu\u010dena koli\u010dina vode je 1000 l\/ha.<\/p>\n<p><strong>Jedan od retkih fungicida koji efikasno deluje na ni<\/strong><strong>\u017e<\/strong><strong>im temperaturama vazduha, odnosno deluje na temperaturama iznad 6 stepeni za razliku od preparata na bazi triazolskih fungicida koji deluju na temperaturama iznad 10 stepeni Celzijusa.\u00a0<\/strong>Mo\u017ee seme\u0161ati sa ve\u0107inom preparata osim preparata alkalne reakcije, na bazi sumpora i bordovske \u010dorbe. Ukoliko se primenjuje u zatvorenomprostoru pri visokoj relativnoj vla\u017enosti vazduha (&gt;80%) mo\u017ee biti fitotoksi\u010dan za pojedine biljke iz familije\u00a0<em>Solanaceae\u00a0<\/em>(paprika,paradajz) izazivaju\u0107i sme\u0111e pege na listu. Kvalitetna formulacija preparata obezbe\u0111uje dobru lepljivost i kvalitetnu aplikaciju na biljci.<\/p>\n<\/div>","protected":false},"excerpt":{"rendered":"<p class=\"detail\"><strong>Klasa:<\/strong>\u00a0<span class=\"klasa\">Fungicidi<\/span><\/p>\n<p class=\"detail\"><strong>Aktivna materija:<\/strong>\u00a0<span class=\"aktivna-materija\">Pirimetanil 400 g\/l<\/span><\/p>\n<p class=\"detail\"><strong>Formulacija:<\/strong>\u00a0<span class=\"formulacija\">SC koncentrovana suspenzija<\/span><\/p>\n<p class=\"detail\"><strong>Proizvo\u0111a\u010d:<\/strong>\u00a0<span class=\"proizvo\u0111a\u010d\">Arysta LifeScience<\/span><\/p>\n<p class=\"detail\"><strong>Karenca:<\/strong>\u00a0<span class=\"karenca\">14 dana &#8211; malina, 35 &#8211; dana vinova loza, OVP &#8211; jabuka<\/span><\/p>\n<p class=\"detail\"><strong>MBT:<\/strong>\u00a0<span class=\"mbt\">2<\/span><\/p>","protected":false},"featured_media":8559,"template":"","meta":[],"product_brand":[529],"product_cat":[415],"product_tag":[690],"class_list":{"0":"post-7993","1":"product","2":"type-product","3":"status-publish","4":"has-post-thumbnail","6":"product_brand-agromarket","7":"product_cat-fungicidi-2","8":"product_tag-pirimetanil-400-g-l","10":"first","11":"outofstock","12":"purchasable","13":"product-type-simple"},"_links":{"self":[{"href":"https:\/\/agrarpetrovic.rs\/en\/wp-json\/wp\/v2\/product\/7993","targetHints":{"allow":["GET"]}}],"collection":[{"href":"https:\/\/agrarpetrovic.rs\/en\/wp-json\/wp\/v2\/product"}],"about":[{"href":"https:\/\/agrarpetrovic.rs\/en\/wp-json\/wp\/v2\/types\/product"}],"wp:featuredmedia":[{"embeddable":true,"href":"https:\/\/agrarpetrovic.rs\/en\/wp-json\/wp\/v2\/media\/8559"}],"wp:attachment":[{"href":"https:\/\/agrarpetrovic.rs\/en\/wp-json\/wp\/v2\/media?parent=7993"}],"wp:term":[{"taxonomy":"product_brand","embeddable":true,"href":"https:\/\/agrarpetrovic.rs\/en\/wp-json\/wp\/v2\/product_brand?post=7993"},{"taxonomy":"product_cat","embeddable":true,"href":"https:\/\/agrarpetrovic.rs\/en\/wp-json\/wp\/v2\/product_cat?post=7993"},{"taxonomy":"product_tag","embeddable":true,"href":"https:\/\/agrarpetrovic.rs\/en\/wp-json\/wp\/v2\/product_tag?post=7993"}],"curies":[{"name":"wp","href":"https:\/\/api.w.org\/{rel}","templated":true}]}}