{"id":7998,"date":"2025-09-20T00:11:18","date_gmt":"2025-09-19T22:11:18","guid":{"rendered":"https:\/\/agrarpetrovic.rs\/proizvod\/quadris-max-250ml-fungicid\/"},"modified":"2025-10-23T11:56:23","modified_gmt":"2025-10-23T09:56:23","slug":"quadris-max-250-ml-fungicid","status":"publish","type":"product","link":"https:\/\/agrarpetrovic.rs\/en\/proizvod\/quadris-max-250-ml-fungicid\/","title":{"rendered":"Quadris Max 250 ml &#8211; fungicid"},"content":{"rendered":"<h4>Primena<\/h4>\n<p>Quadris Fungicid se preporu\u010duje za upotrebu kod razli\u010ditih useva, uklju\u010duju\u0107i vinovu lozu za suzbijanje plamenja\u010de (Plasmopara viticola) i pepelnice (Uncinula necator), maline za suzbijanje kestenjaste pegavosti i su\u0161enja lastara (Dydimella applanata), jagode za prevenciju sive pegavosti lista (Mycosphaerella fragarie), mrkvu za suzbijanje pepelnice (Erysiphe heraclei) i crne pegavosti lista (Alternaria dauci), cveklu za suzbijanje pegavosti lista (Cercospora beticola), krompir i paradajz za suzbijanje plamenja\u010de (Phytophthora infestans) i crne pegavosti (Alternaria solani), kao i krastavce za suzbijanje plamenja\u010de krastavca (Pseudoperonospora cubensis).<\/p>\n<h4>Uputstvo za upotrebu i preporuke<\/h4>\n<p>Quadris Fungicid se koristi isklju\u010divo preventivno, pre nego \u0161to do\u0111e do infekcije, ili najkasnije po pojavi prvih simptoma bolesti. Ovaj sistemi\u010dni fungicid deluje tako \u0161to prodire u biljno tkivo, \u0161tite\u0107i listove i spre\u010davaju\u0107i \u0161irenje infekcije. Preporu\u010duje se da se tretmani vr\u0161e u skladu sa preporukama prognozno-izve\u0161tajnih slu\u017ebi i uz striktno po\u0161tovanje ograni\u010denja na maksimalno tri tretmana po sezoni, uklju\u010duju\u0107i i primenu drugih fungicida iz grupe strobilurina.<\/p>\n<h4>Doziranje<\/h4>\n<p>Quadris Fungicid se primenjuje u slede\u0107im dozama.<\/p>\n<p>Za vinovu lozu koristi se u koncentraciji od 0,075%, po pojavi prvih primarnih pega, a pre sticanja uslova za sekundarne cikluse za zara\u017eavanje, uz utro\u0161ak vode od 600-1000 l\/ha.<\/p>\n<p>Kod malina se primenjuje u koncentraciji 0,075% (7,5 ml na 100 m\u00b2), preventivno, od faze kada su prvi lastari du\u017eine oko 60 cm, uz utro\u0161ak vode od 300-600 l\/ha.<\/p>\n<p>Za jagode, doza iznosi 0,75-1,0 l\/ha, preventivno, do po\u010detka zrenja i nakon berbe protiv sive pegavosti lista (Mycosphaerella fragarie), uz utro\u0161ak vode od 300-600 l\/ha.<\/p>\n<p>Preporu\u010dena koli\u010dina za mrkvu je 1 l\/ha, od prvog pravog razvijenog lista i zavr\u0161enog rasta za suzbijanje pepelnice (Erysiphe heraclei) i crne pegavosti lista (Alternaria dauci), uz utro\u0161ak vode od 300-600 l\/ha.<\/p>\n<p>Kod cvekle se doza od 1 l\/ha koristi po pojavi prvih simptoma, uz utro\u0161ak vode od 300-600 l\/ha.<\/p>\n<p>Za krompir i paradajz preporu\u010dena koli\u010dina je 0,75 l\/ha, preventivno, pred sticanje uslova za zara\u017eavanje, najkasnije u vreme pojave prvih simptoma, uz utro\u0161ak vode od 200-400 l\/ha.<\/p>\n<p>Krastavac se tretira koli\u010dinom od 0,75 l\/ha (7,5 ml na 100 m\u00b2), preventivno, od faze dva prava lista, u zavisnosti od vremenskih uslova i prisustva inokuluma, u intervalima od 8-10 dana, uz utro\u0161ak vode od 200-400 l\/ha (2-4 l vode na 100 m\u00b2).<\/p>\n<h4>Karenca<\/h4>\n<p>Karenca predstavlja period koji mora pro\u0107i od poslednje primene fungicida do berbe plodova. Za Quadris Fungicid, karenca je slede\u0107a: paradajz 3 dana, krastavac 4 dana, maline i jagode 10 dana, krompir 14 dana, vinova loza i \u0161e\u0107erna repa 21 dan. Radna karenca iznosi jedan dan za malinu, dok za ostale useve traje do su\u0161enja depozita, uz izuzetak \u0161e\u0107erne repe gde je potrebno 35 dana.<\/p>","protected":false},"excerpt":{"rendered":"<p>Quadris Fungicid je visokokvalitetno sredstvo za za\u0161titu bilja, namenjeno suzbijanju razli\u010ditih vrsta bolesti izazvanih fitopatogenim gljivama. Aktivna materija ovog proizvoda je azoksistrobin (250 g\/l), koja omogu\u0107ava efikasnu i dugotrajnu za\u0161titu biljaka. Zahvaljuju\u0107i svojoj jedinstvenoj formulaciji kao koncentrovana suspenzija (SC), Quadris deluje preventivno, kurativno i eradikativno, \u0161tite\u0107i useve od plamenja\u010de, pepelnice, crne pegavosti i drugih bolesti.<\/p>","protected":false},"featured_media":8678,"template":"","meta":[],"product_brand":[531],"product_cat":[415],"product_tag":[556],"class_list":{"0":"post-7998","1":"product","2":"type-product","3":"status-publish","4":"has-post-thumbnail","6":"product_brand-sygenta","7":"product_cat-fungicidi-2","8":"product_tag-azoksistrobin-250-g-l","10":"first","11":"outofstock","12":"purchasable","13":"product-type-simple"},"_links":{"self":[{"href":"https:\/\/agrarpetrovic.rs\/en\/wp-json\/wp\/v2\/product\/7998","targetHints":{"allow":["GET"]}}],"collection":[{"href":"https:\/\/agrarpetrovic.rs\/en\/wp-json\/wp\/v2\/product"}],"about":[{"href":"https:\/\/agrarpetrovic.rs\/en\/wp-json\/wp\/v2\/types\/product"}],"wp:featuredmedia":[{"embeddable":true,"href":"https:\/\/agrarpetrovic.rs\/en\/wp-json\/wp\/v2\/media\/8678"}],"wp:attachment":[{"href":"https:\/\/agrarpetrovic.rs\/en\/wp-json\/wp\/v2\/media?parent=7998"}],"wp:term":[{"taxonomy":"product_brand","embeddable":true,"href":"https:\/\/agrarpetrovic.rs\/en\/wp-json\/wp\/v2\/product_brand?post=7998"},{"taxonomy":"product_cat","embeddable":true,"href":"https:\/\/agrarpetrovic.rs\/en\/wp-json\/wp\/v2\/product_cat?post=7998"},{"taxonomy":"product_tag","embeddable":true,"href":"https:\/\/agrarpetrovic.rs\/en\/wp-json\/wp\/v2\/product_tag?post=7998"}],"curies":[{"name":"wp","href":"https:\/\/api.w.org\/{rel}","templated":true}]}}