{"id":8002,"date":"2025-09-20T00:11:18","date_gmt":"2025-09-19T22:11:18","guid":{"rendered":"https:\/\/agrarpetrovic.rs\/proizvod\/queen-25-ml-fungicid\/"},"modified":"2025-10-23T11:56:26","modified_gmt":"2025-10-23T09:56:26","slug":"queen-25-ml-fungicid","status":"publish","type":"product","link":"https:\/\/agrarpetrovic.rs\/en\/proizvod\/queen-25-ml-fungicid\/","title":{"rendered":"Queen 25 ml &#8211; fungicid"},"content":{"rendered":"<div class=\"product-harvest\">\n<h4 class=\"detail\"><strong>Primena:<\/strong><\/h4>\n<table>\n<thead>\n<tr class=\"bg-5\">\n<th>USEV \/ ZASAD<\/th>\n<th>KOLI\u010cINA PRIMENE<\/th>\n<th>VREME PRIMENE<\/th>\n<\/tr>\n<\/thead>\n<tbody>\n<tr class=\"bg-sec-5\">\n<td class=\"bg-5\"><a href=\"https:\/\/www.agromarketsrbija.rs\/srb\/zastita-bilja\/programi-zastite\/1020\/Vinova-loza\">VINOVA LOZA<\/a><\/td>\n<td>0,075 % (7,5 ml u 6 do 10 l vode na 100 m\u00b2)<\/td>\n<td>Tretiranje se vr\u0161i preventivno pre pojave simptoma po\u010dev od razvijena tri lista do po\u010detka sazrevanja\u2013 po\u010detak \u0161arka (BBCH 13 do 81)<\/td>\n<\/tr>\n<tr class=\"bg-sec-5\">\n<td class=\"bg-5\"><a href=\"https:\/\/www.agromarketsrbija.rs\/srb\/zastita-bilja\/programi-zastite\/1009\/Krompir\">KROMPIR<\/a><\/td>\n<td>0,75 (7,5 ml u 2 do 4 l vode na 100 m\u00b2)<\/td>\n<td>Preventivno tretiranje u vreme kada se ostvare uslovi za zaraze ili najkasnije po pojavi prvih simptoma<\/td>\n<\/tr>\n<tr class=\"bg-sec-5\">\n<td class=\"bg-5\"><a href=\"https:\/\/www.agromarketsrbija.rs\/srb\/zastita-bilja\/programi-zastite\/1025\/Malina\">MALINA<\/a><\/td>\n<td>0,075 % (7,5 ml u 6 do 10 l vode na 100 m\u00b2)<\/td>\n<td>Preventivna tretiranja, tokom intenzivnog porasta izbojaka do po\u010detka cvetanja (faze 61 BBCH skale)<\/td>\n<\/tr>\n<tr class=\"bg-sec-5\">\n<td class=\"bg-5\"><a href=\"https:\/\/www.agromarketsrbija.rs\/srb\/zastita-bilja\/programi-zastite\/1004\/Secerna-repa\">\u0160E\u0106ERNA REPA<\/a><\/td>\n<td>0,75<\/td>\n<td>Primena u fazi 5 do 10 listova \u0161e\u0107erne repe (BBCH 15-20).<\/td>\n<\/tr>\n<\/tbody>\n<\/table>\n<\/div>\n<div class=\"product-info\">\n<h4><strong>DELOVANJE:<\/strong><\/h4>\n<p>aktivna materija\u00a0<em>Azoksistrobin\u00a0<\/em>pripada grupi\u00a0<em>Strobilurina\u00a0<\/em>i inhibira mitohondrijalnu respiraciju (disanje) blokiranjem transporta elektrona izme\u0111u citohroma b i c1 . Inhibira disanje i klijanje spora (antisporulativna aktivnost) te spre\u010dava rast micelije.<\/p>\n<h4><strong>SPEKTAR DELOVANJA:<\/strong><\/h4>\n<p>Prouzrokova\u010d plamenja\u010de vinove loze (<em>Plasmopara viticola<\/em>), plamenja\u010de krompira (<em>Phytophthora infestans<\/em>), prouzrokova\u010d su\u0161enja lastara maline (<em>Didymella applanata<\/em>), prouzrokova\u010d pegavosti lista \u0161e\u0107erne repe (<em>Cercospora beticola<\/em>) i prouzrokova\u010d mrke trule\u017ei korena \u0161e\u0107erne repe (<em>Rhizoctonia solani<\/em>).<\/p>\n<h4><strong>PREPORUKE I NAPOMENE<\/strong><\/h4>\n<p>mo\u017ee se me\u0161ati sa ve\u0107inom insekticida i fungicida. Pre upotrebe proveriti kompatibilnost sa drugim preparatima. Odmerenu koli\u010dinu preparata sipati u rezervoar prskalice koji je 2\/3 ispunjen vodom uz neprestano me\u0161anje dodati preostalu koli\u010dinu vode. Preparat se primenjuje prskanjem ili oro\u0161avanjem svim ure\u0111ajima za tretiranje sa zemlje. Tretiranje iz vazduhoplova nije dozvoljeno.<\/p>\n<p>Primenjuje se za suzbijanje velikog broja patogenih organizama koji parazitiraju razli\u010dite gajene biljke (vo\u0107e, povr\u0107e, ratarsko bilje).<\/p>\n<p><strong>Preparati na bazi iste aktivne materije, registrovani su za primenu protiv prouzrokova\u010da plamenja\u010de krastavca, uz karencu od\u00a0<\/strong><strong>3 dana.<\/strong><\/p>\n<\/div>","protected":false},"excerpt":{"rendered":"<p class=\"detail\"><strong>Klasa:<\/strong>\u00a0<span class=\"klasa\">Fungicidi<\/span><\/p>\n<p class=\"detail\"><strong>Aktivna materija:<\/strong>\u00a0<span class=\"aktivna-materija\">Azoksistrobin 250 g\/l<\/span><\/p>\n<p class=\"detail\"><strong>Formulacija:<\/strong>\u00a0<span class=\"formulacija\">SC- koncentrovana suspenzija<\/span><\/p>\n<p class=\"detail\"><strong>Karenca:<\/strong>\u00a0<span class=\"karenca\">10 dana &#8211; malina; 14 dana &#8211; krompir; 21 dan &#8211; vinova loza; 35 dana &#8211; \u0161e\u0107erna repa<\/span><\/p>\n<p class=\"detail\"><strong>MBT:<\/strong>\u00a0<span class=\"mbt\">\u0161e\u0107erna repa 2, ostali usevi 3<\/span><\/p>","protected":false},"featured_media":8562,"template":"","meta":[],"product_brand":[529],"product_cat":[415],"product_tag":[556],"class_list":{"0":"post-8002","1":"product","2":"type-product","3":"status-publish","4":"has-post-thumbnail","6":"product_brand-agromarket","7":"product_cat-fungicidi-2","8":"product_tag-azoksistrobin-250-g-l","10":"first","11":"outofstock","12":"product-type-simple"},"_links":{"self":[{"href":"https:\/\/agrarpetrovic.rs\/en\/wp-json\/wp\/v2\/product\/8002","targetHints":{"allow":["GET"]}}],"collection":[{"href":"https:\/\/agrarpetrovic.rs\/en\/wp-json\/wp\/v2\/product"}],"about":[{"href":"https:\/\/agrarpetrovic.rs\/en\/wp-json\/wp\/v2\/types\/product"}],"wp:featuredmedia":[{"embeddable":true,"href":"https:\/\/agrarpetrovic.rs\/en\/wp-json\/wp\/v2\/media\/8562"}],"wp:attachment":[{"href":"https:\/\/agrarpetrovic.rs\/en\/wp-json\/wp\/v2\/media?parent=8002"}],"wp:term":[{"taxonomy":"product_brand","embeddable":true,"href":"https:\/\/agrarpetrovic.rs\/en\/wp-json\/wp\/v2\/product_brand?post=8002"},{"taxonomy":"product_cat","embeddable":true,"href":"https:\/\/agrarpetrovic.rs\/en\/wp-json\/wp\/v2\/product_cat?post=8002"},{"taxonomy":"product_tag","embeddable":true,"href":"https:\/\/agrarpetrovic.rs\/en\/wp-json\/wp\/v2\/product_tag?post=8002"}],"curies":[{"name":"wp","href":"https:\/\/api.w.org\/{rel}","templated":true}]}}