{"id":8009,"date":"2025-09-20T00:11:18","date_gmt":"2025-09-19T22:11:18","guid":{"rendered":"https:\/\/agrarpetrovic.rs\/proizvod\/revyona1-l-fungicid\/"},"modified":"2025-10-23T11:56:26","modified_gmt":"2025-10-23T09:56:26","slug":"revyona-1-l-fungicid","status":"publish","type":"product","link":"https:\/\/agrarpetrovic.rs\/en\/proizvod\/revyona-1-l-fungicid\/","title":{"rendered":"Revyona 1 l &#8211; fungicid"},"content":{"rendered":"<div class=\"product-harvest\">\n<h4 class=\"detail\"><strong>Primena:<\/strong><\/h4>\n<table>\n<thead>\n<tr class=\"bg-5\">\n<th>USEV \/ ZASAD<\/th>\n<th>KOLI\u010cINA PRIMENE<\/th>\n<th>VREME PRIMENE<\/th>\n<\/tr>\n<\/thead>\n<tbody>\n<tr class=\"bg-sec-5\">\n<td class=\"bg-5\"><a href=\"https:\/\/www.agromarketsrbija.rs\/srb\/zastita-bilja\/programi-zastite\/1018\/Jabuka\">JABUKA<\/a><\/td>\n<td>1,3 l\/10000 m2 povr\u0161ine lisnog zida<\/td>\n<td>Od po\u010detka otvaranja cvetnih pupoljaka (kada zeleni listi\u0107i pokrivaju vidljive cvetove) do stadijuma sazrevanja plodova &#8211; pove\u0107anje intenziteta boje specifi\u010dne za kultivar (faze 53 \u2013 85 BBCH skale)<\/td>\n<\/tr>\n<tr class=\"bg-sec-5\">\n<td class=\"bg-5\"><a href=\"https:\/\/www.agromarketsrbija.rs\/srb\/zastita-bilja\/programi-zastite\/1019\/Kruska\">KRU\u0160KA<\/a><\/td>\n<td>1,3 l\/10000 m2 povr\u0161ine lisnog zida<\/td>\n<td>Od po\u010detka otvaranja cvetnih pupoljaka (kada zeleni listi\u0107i pokrivaju vidljive cvetove) do stadijuma sazrevanja plodova &#8211; pove\u0107anje intenziteta boje specifi\u010dne za kultivar (faze 53 \u2013 85 BBCH skale)<\/td>\n<\/tr>\n<tr class=\"bg-sec-5\">\n<td class=\"bg-5\"><a href=\"https:\/\/www.agromarketsrbija.rs\/srb\/zastita-bilja\/programi-zastite\/1021\/Sljiva\">\u0160LJIVA<\/a><\/td>\n<td>1,3 l\/10000 m2 povr\u0161ine lisnog zida<\/td>\n<td>Od vidljivih cvetnih pupoljaka (jo\u0161 uvek zatvorenih) do potpunog sazrevanja plodova (faze 55 \u2013 89 BBCH skale)<\/td>\n<\/tr>\n<tr class=\"bg-sec-5\">\n<td class=\"bg-5\"><a href=\"https:\/\/www.agromarketsrbija.rs\/srb\/zastita-bilja\/programi-zastite\/1022\/Breskva-i-nektarina\">BRESKVA, NEKTARINA<\/a><\/td>\n<td>1,3 l\/10000 m2 povr\u0161ine lisnog zida<\/td>\n<td>Od vidljivih cvetnih pupoljaka (jo\u0161 uvek zatvorenih) do potpunog sazrevanja plodova (faze 55 \u2013 89 BBCH skale)<\/td>\n<\/tr>\n<tr class=\"bg-sec-5\">\n<td class=\"bg-5\"><a href=\"https:\/\/www.agromarketsrbija.rs\/srb\/zastita-bilja\/programi-zastite\/1023\/Kajsija\">KAJSIJA<\/a><\/td>\n<td>1,3 l\/10000 m2 povr\u0161ine lisnog zida<\/td>\n<td>Od vidljivih cvetnih pupoljaka (jo\u0161 uvek zatvorenih) do potpunog sazrevanja plodova (faze 55 \u2013 89 BBCH skale)<\/td>\n<\/tr>\n<tr class=\"bg-sec-5\">\n<td class=\"bg-5\"><a href=\"https:\/\/www.agromarketsrbija.rs\/srb\/zastita-bilja\/programi-zastite\/1024\/Visnja-Tresnja\">VI\u0160NJA<\/a><\/td>\n<td>1,3 l\/10000 m2 povr\u0161ine lisnog zida<\/td>\n<td>Od vidljivih cvetnih pupoljaka (jo\u0161 uvek zatvorenih) do potpunog sazrevanja plodova (faze 55 \u2013 89 BBCH skale)<\/td>\n<\/tr>\n<tr class=\"bg-sec-5\">\n<td class=\"bg-5\"><a href=\"https:\/\/www.agromarketsrbija.rs\/srb\/zastita-bilja\/programi-zastite\/1020\/Vinova-loza\">VINOVA LOZA<\/a><\/td>\n<td>1,3 l\/10000 m2 povr\u0161ine lisnog zida<\/td>\n<td>Od 4 razvijena lista do \u0161arka bobica (faze 14 \u2013 83 BBCH skale)<\/td>\n<\/tr>\n<\/tbody>\n<\/table>\n<\/div>\n<div class=\"product-info\">\n<h4><strong>DELOVANJE:<\/strong><\/h4>\n<p>Aktivna materija Mefentriflukonazol je nova aktivna supstanca sa fungicidnim delovanjem, koja pripada izopropanol azolima, novoj podgrupi u okviru hemijske grupe Triazola. Inhibira biosintezu sterola i odlikuje se veoma selektivnim delovanjem.<\/p>\n<h4><strong>SPEKTAR DELOVANJA:\u00a0<\/strong><\/h4>\n<p>Prouzrokova\u010d \u010da\u0111ave pegavosti lista i krastavosti plodova (Venturia inaequalis i Venturia pyrina), pepelnice (Podosphaera leucotricha) i mrke pegavosti lista (Stemphylium sp.) jabuke; prouzrokova\u010d trule\u017ei (Monilinia spp.) tre\u0161nje, \u0161ljive, breskve, kajsije i nektarina; prouzrokova\u010d pepelnice (Erysiphae necator) i crne trule\u017ei (Guinardia bidwelli) vinove loze<\/p>\n<h4><strong>PREPORUKE I NAPOMENE:\u00a0<\/strong><\/h4>\n<p>Izuzetno delovanje kako na temperaturama ispod 100C, tako i na visokim temperaturama vazduha uz otpornost na UV zra\u010denje. Preparat Revyona se u vi\u0161egodi\u0161njim zasadima koristi sa koli\u010dinom vode od 100 do 2000 l\/ha. Za primenu u skladu sa registovanim dozama i uz po\u0161tovanje karence ostaci preparate Revyona iznose 33% MLR (mg\/kg) vrednosti u svim navedenim kulturama.<\/p>\n<\/div>","protected":false},"excerpt":{"rendered":"<p class=\"detail\"><strong>Klasa:<\/strong>\u00a0<span class=\"klasa\">Fungicidi<\/span><\/p>\n<p class=\"detail\"><strong>Aktivna materija:<\/strong>\u00a0<span class=\"aktivna-materija\">Mefentriflukonazol &#8211; Revysol\u00ae 75 g\/l<\/span><\/p>\n<p class=\"detail\"><strong>Formulacija:<\/strong>\u00a0<span class=\"formulacija\">SC \u2013 koncentrovana suspenzija<\/span><\/p>\n<p class=\"detail\"><strong>Proizvo\u0111a\u010d:<\/strong>\u00a0<span class=\"proizvo\u0111a\u010d\">BASF<\/span><\/p>\n<p class=\"detail\"><strong>Karenca:<\/strong>\u00a0<span class=\"karenca\">3 dana &#8211; tre\u0161nja, \u0161ljiva, breskva, kajsija, nektarina; 21 dan \u2013 vinova loza; 28 dana \u2013 jabuka, kru\u0161ka<\/span><\/p>\n<p class=\"detail\"><strong>Radna karenca:<\/strong>\u00a0<span class=\"radna-karenca\">48 sati<\/span><\/p>\n<p class=\"detail\"><strong>MBT:<\/strong>\u00a0<span class=\"mbt\">2 \u2013 jabuka, kru\u0161ka, tre\u0161nja, \u0161ljiva, breskva, kajsija, nektarina, vinova loza<\/span><\/p>","protected":false},"featured_media":8689,"template":"","meta":[],"product_brand":[530],"product_cat":[415],"product_tag":[654],"class_list":{"0":"post-8009","1":"product","2":"type-product","3":"status-publish","4":"has-post-thumbnail","6":"product_brand-basf","7":"product_cat-fungicidi-2","8":"product_tag-mefentriflukonazol-revysol-75-g-l","10":"first","11":"outofstock","12":"product-type-simple"},"_links":{"self":[{"href":"https:\/\/agrarpetrovic.rs\/en\/wp-json\/wp\/v2\/product\/8009","targetHints":{"allow":["GET"]}}],"collection":[{"href":"https:\/\/agrarpetrovic.rs\/en\/wp-json\/wp\/v2\/product"}],"about":[{"href":"https:\/\/agrarpetrovic.rs\/en\/wp-json\/wp\/v2\/types\/product"}],"wp:featuredmedia":[{"embeddable":true,"href":"https:\/\/agrarpetrovic.rs\/en\/wp-json\/wp\/v2\/media\/8689"}],"wp:attachment":[{"href":"https:\/\/agrarpetrovic.rs\/en\/wp-json\/wp\/v2\/media?parent=8009"}],"wp:term":[{"taxonomy":"product_brand","embeddable":true,"href":"https:\/\/agrarpetrovic.rs\/en\/wp-json\/wp\/v2\/product_brand?post=8009"},{"taxonomy":"product_cat","embeddable":true,"href":"https:\/\/agrarpetrovic.rs\/en\/wp-json\/wp\/v2\/product_cat?post=8009"},{"taxonomy":"product_tag","embeddable":true,"href":"https:\/\/agrarpetrovic.rs\/en\/wp-json\/wp\/v2\/product_tag?post=8009"}],"curies":[{"name":"wp","href":"https:\/\/api.w.org\/{rel}","templated":true}]}}