{"id":8010,"date":"2025-09-20T00:11:18","date_gmt":"2025-09-19T22:11:18","guid":{"rendered":"https:\/\/agrarpetrovic.rs\/proizvod\/ridomil-gold-combi-45wg-0-2\/"},"modified":"2025-10-23T11:56:26","modified_gmt":"2025-10-23T09:56:26","slug":"ridomil-gold-combi-45wg-0-2","status":"publish","type":"product","link":"https:\/\/agrarpetrovic.rs\/en\/proizvod\/ridomil-gold-combi-45wg-0-2\/","title":{"rendered":"Ridomil GOLD COMBI 45 WG 0.2 &#8211; fungicid"},"content":{"rendered":"<div class=\"product-harvest\">\n<h4 class=\"detail\"><strong>Primena:<\/strong><\/h4>\n<table>\n<thead>\n<tr class=\"bg-5\">\n<th>USEV \/ ZASAD<\/th>\n<th>KOLI\u010cINA PRIMENE<\/th>\n<th>VREME PRIMENE<\/th>\n<\/tr>\n<\/thead>\n<tbody>\n<tr class=\"bg-sec-5\">\n<td class=\"bg-5\"><a href=\"https:\/\/www.agromarketsrbija.rs\/srb\/zastita-bilja\/programi-zastite\/1020\/Vinova-loza\">VINOVA LOZA<\/a><\/td>\n<td>2,0 &#8211; 2,5<\/td>\n<td>Preventivna primena pre pojave simptoma primarne zaraze, a najkasnije pri pojavi prvih simptoma (od faze intenzivnog porasta lastara do formiranja grozdova)<\/td>\n<\/tr>\n<\/tbody>\n<\/table>\n<\/div>\n<div class=\"product-info\">\n<h4><strong>DELOVANJE:<\/strong><\/h4>\n<p>kombinacija dve aktivne materije koja obezbe\u0111uje bolju efikasnost, du\u017ei period za\u0161tite i sporije razvijanje rezistentnosti. Jedna aktivna materija,\u00a0<em>Metalaksil-M\u00a0<\/em>(<em>Mefenoksam<\/em>) ima i sitemi\u010dni karakter, prodire u biljku i ispoljava preventivno i kurativno delovanje. Inhibira sintezu proteina. S druge strane,\u00a0<em>Folpet\u00a0<\/em>(grupa\u00a0<em>Ftalimidi<\/em>) je nesistemik sa protektivnim delovanjem, inhibira proces disanja, odnosno SH-enzime.<\/p>\n<h4><strong>SPEKTAR DELOVANJA:<\/strong><\/h4>\n<p>Prouzrokova\u010d plamenja\u010de vinove loze (<em>Plasmopara viticola<\/em>).<\/p>\n<h4><strong>PREPORUKE I NAPOMENE<\/strong><\/h4>\n<p>pravi sistemik, dobro kretanje kroz biljku i nani\u017ee do korena i navi\u0161e do vrha rasta vegetacione kupe. Interval izmedu tretiranja 10 do 12 dana u stabilnim vremenskim uslovima, odnosno 7 do 8 dana ako su u\u010destale padavine.\u00a0<strong>Preventivna primena u ranoj vegetaciji<\/strong>\u00a0<strong>je od bitnog zna<\/strong><strong>\u010d<\/strong><strong>aja za pouzdano delovanje.\u00a0<\/strong>U cilju razvijanja antirezistentne strategije preporu\u010duju se 2 uzastopna tretmana, a zatim fungicid sa druga\u010dijim mehanizmom delovanja.<\/p>\n<p>Ne sme se me\u0161ati sa Bordovskom \u010dorbom, insekticidima kisele reakcije (<em>Dihlorvos, Dimetoat<\/em>), alkalnim preparatima i preparatima EC formulacija.<\/p>\n<\/div>","protected":false},"excerpt":{"rendered":"<p class=\"detail\"><strong>Klasa:<\/strong>\u00a0<span class=\"klasa\">Fungicidi<\/span><\/p>\n<p class=\"detail\"><strong>Aktivna materija:<\/strong>\u00a0<span class=\"aktivna-materija\">Metalaksil &#8211; M 50 g\/kg + Folpet 400 g\/kg<\/span><\/p>\n<p class=\"detail\"><strong>Formulacija:<\/strong>\u00a0<span class=\"formulacija\">WG &#8211; vodorastvorljive granule<\/span><\/p>\n<p class=\"detail\"><strong>Proizvo\u0111a\u010d:<\/strong>\u00a0<span class=\"proizvo\u0111a\u010d\">Syngenta<\/span><\/p>\n<p class=\"detail\"><strong>Karenca:<\/strong>\u00a0<span class=\"karenca\">35 dana<\/span><\/p>\n<p class=\"detail\"><strong>MBT:<\/strong>\u00a0<span class=\"mbt\">2<\/span><\/p>","protected":false},"featured_media":8692,"template":"","meta":[],"product_brand":[531],"product_cat":[532],"product_tag":[801],"class_list":{"0":"post-8010","1":"product","2":"type-product","3":"status-publish","4":"has-post-thumbnail","6":"product_brand-sygenta","7":"product_cat-hemija","8":"product_tag-metalaksil-m-50-g-kg-folpet-400-g-kg","10":"first","11":"outofstock","12":"product-type-simple"},"_links":{"self":[{"href":"https:\/\/agrarpetrovic.rs\/en\/wp-json\/wp\/v2\/product\/8010","targetHints":{"allow":["GET"]}}],"collection":[{"href":"https:\/\/agrarpetrovic.rs\/en\/wp-json\/wp\/v2\/product"}],"about":[{"href":"https:\/\/agrarpetrovic.rs\/en\/wp-json\/wp\/v2\/types\/product"}],"wp:featuredmedia":[{"embeddable":true,"href":"https:\/\/agrarpetrovic.rs\/en\/wp-json\/wp\/v2\/media\/8692"}],"wp:attachment":[{"href":"https:\/\/agrarpetrovic.rs\/en\/wp-json\/wp\/v2\/media?parent=8010"}],"wp:term":[{"taxonomy":"product_brand","embeddable":true,"href":"https:\/\/agrarpetrovic.rs\/en\/wp-json\/wp\/v2\/product_brand?post=8010"},{"taxonomy":"product_cat","embeddable":true,"href":"https:\/\/agrarpetrovic.rs\/en\/wp-json\/wp\/v2\/product_cat?post=8010"},{"taxonomy":"product_tag","embeddable":true,"href":"https:\/\/agrarpetrovic.rs\/en\/wp-json\/wp\/v2\/product_tag?post=8010"}],"curies":[{"name":"wp","href":"https:\/\/api.w.org\/{rel}","templated":true}]}}