{"id":8014,"date":"2025-09-20T00:11:18","date_gmt":"2025-09-19T22:11:18","guid":{"rendered":"https:\/\/agrarpetrovic.rs\/proizvod\/ridomil-gold-r-250-g-fungicid\/"},"modified":"2025-10-23T11:56:27","modified_gmt":"2025-10-23T09:56:27","slug":"ridomil-gold-r-250-g-fungicid","status":"publish","type":"product","link":"https:\/\/agrarpetrovic.rs\/en\/proizvod\/ridomil-gold-r-250-g-fungicid\/","title":{"rendered":"Ridomil GOLD R 250 g &#8211; fungicid"},"content":{"rendered":"<div class=\"product-harvest\">\n<h4 class=\"detail\"><strong>Primena:<\/strong><\/h4>\n<table>\n<thead>\n<tr class=\"bg-5\">\n<th>USEV \/ ZASAD<\/th>\n<th>KOLI\u010cINA PRIMENE<\/th>\n<th>VREME PRIMENE<\/th>\n<\/tr>\n<\/thead>\n<tbody>\n<tr class=\"bg-sec-5\">\n<td class=\"bg-5\"><a href=\"https:\/\/www.agromarketsrbija.rs\/srb\/zastita-bilja\/programi-zastite\/1020\/Vinova-loza\">VINOVA LOZA<\/a><\/td>\n<td>5,0 (50 na 100 m\u00b2)<\/td>\n<td>Tretmani od pet i vi\u0161e listova razvijeno do faze bobice rastu do veli\u010dine zrna p\u0161enice, grozdovi po\u010dinju da vise (faze 15 do 73) BBCH skale)<\/td>\n<\/tr>\n<tr class=\"bg-sec-5\">\n<td class=\"bg-5\"><a href=\"https:\/\/www.agromarketsrbija.rs\/srb\/zastita-bilja\/programi-zastite\/1009\/Krompir\">KROMPIR<\/a><\/td>\n<td>5,0 (50 na 100 m\u00b2)<\/td>\n<td>U usevu krompira kada je razvijen prvi pravi list na glavnoj stabljici do fenofaze sme\u017euravanja bobica u prvoj cvasti (BBCH 11-89).<\/td>\n<\/tr>\n<tr class=\"bg-sec-5\">\n<td class=\"bg-5\"><a href=\"https:\/\/www.agromarketsrbija.rs\/srb\/zastita-bilja\/programi-zastite\/1010\/Paradajz-i-plavi-patlidzan\">PARADAJZ<\/a><\/td>\n<td>5,0 (50 na 100 m\u00b2)<\/td>\n<td>U fazi razvoja BBCH 15-89 (razvijen peti pravi list na glavnom stablu do fenofaze pune zrelosti plodova.<\/td>\n<\/tr>\n<tr class=\"bg-sec-5\">\n<td class=\"bg-5\"><a href=\"https:\/\/www.agromarketsrbija.rs\/srb\/zastita-bilja\/programi-zastite\/1014\/Lisnato-povrce\">SALATA ENDIVIJA (na otvorenom polju i u za\u0161ti\u0107enom prostoru)<\/a><\/td>\n<td>5,0 (50 na 100 m\u00b2)<\/td>\n<td>U uslovima povoljnim za pojavu i razvoj bolesti<\/td>\n<\/tr>\n<tr class=\"bg-sec-5\">\n<td class=\"bg-5\"><a href=\"https:\/\/www.agromarketsrbija.rs\/srb\/zastita-bilja\/programi-zastite\/1014\/Lisnato-povrce\">RADI\u010c MOTOVILAC (na otvorenom polju)<\/a><\/td>\n<td>5,0 (50 na 100 m\u00b2)<\/td>\n<td>U uslovima povoljnim za pojavu i razvoj bolesti<\/td>\n<\/tr>\n<tr class=\"bg-sec-5\">\n<td class=\"bg-5\"><a href=\"https:\/\/www.agromarketsrbija.rs\/srb\/zastita-bilja\/programi-zastite\/1013\/Kupusasto-povrce\">KARFIOL BROKOLI (na otvorenom polju)<\/a><\/td>\n<td>5,0 (50 na 100 m\u00b2)<\/td>\n<td>U uslovima povoljnim za pojavu i razvoj bolesti<\/td>\n<\/tr>\n<tr class=\"bg-sec-5\">\n<td class=\"bg-5\"><a href=\"https:\/\/www.agromarketsrbija.rs\/srb\/zastita-bilja\/programi-zastite\/1011\/Krastavac-Lubenica-Dinja-Tikva\">LUBENICA DINJA (na otvorenom polju i u zatvorenom prostoru)<\/a><\/td>\n<td>5,0 (50 na 100 m\u00b2)<\/td>\n<td>U uslovima povoljnim za pojavu i razvoj bolesti<\/td>\n<\/tr>\n<tr class=\"bg-sec-5\">\n<td class=\"bg-5\"><a href=\"https:\/\/www.agromarketsrbija.rs\/srb\/zastita-bilja\/programi-zastite\/1031\/Cvece-i-ukrasno-bilje\">BOSILJAK i DRUGO ZA\u010cINSKO BILJE<\/a><\/td>\n<td>5,0 (50 na 100 m\u00b2)<\/td>\n<td>U uslovima povoljnim za pojavu i razvoj bolesti<\/td>\n<\/tr>\n<\/tbody>\n<\/table>\n<\/div>\n<div class=\"product-info\">\n<h4><strong>DELOVANJE<\/strong><\/h4>\n<p>preparat je kombinacija dve aktivne materije:\u00a0<em>Metalaksil-M i Bakar-oksihlorid. Metalaksil-M\u00a0<\/em>odlikuje najbr\u017ee prodiranje u biljku i izuzetnu sistemi\u010dno kretanje kroz biljku, a bakarna komponenta daje odli\u010dno kontaktno dejstvo. Pun efekat jakog kontaktnog, translaminarnog i sistemi\u010dnog delovanja obezbe\u0111uje efikasno dejstvo na prouzrokova\u010de plamenja\u010de.<\/p>\n<h4><strong>SPEKTAR DELOVANJA<\/strong><\/h4>\n<p>Prouzrokova\u010d plamenja\u010de vinove loze (<em>Plasmopara viticola<\/em>), prouzrokova\u010d plamenja\u010de krompira i paradajza (<em>Phytophthora infestans<\/em>), prouzrokova\u010d crne pegavosti lista (<em>Alternaria solani<\/em>), prouzrokova\u010d plamenja\u010da (<em>Bremia lactuceae<\/em>), prouzrokova\u010d plamenja\u010de (<em>Peronospora parasitica<\/em>), prouzrokova\u010d plamenja\u010de (<em>Pseudoperonospora cubensis<\/em>) i ostali prouzrokova\u010di plamenja\u010de povrtarskog bilja.<\/p>\n<h4><strong>PREPORUKE I NAPOMENE<\/strong><\/h4>\n<p>Preparat deluje kurativno ako se primeni u roku od 48 do 72 \u010dasa nakon nastanka infekcije. Preparat Ridomil Gold R WG pokazuje izuzetno delovanje u kontroli kasnih infekcija i smanjuje potencijal zaraze za narednu sezonu. Sni\u017eena koli\u010dina bakra prati najnoviju regulativu EU vezanu za bezbednost hrane. Preporu\u010duju se blok tretmani i to 2 u razmaku od 10 \u2013 12 (vinova loza), odnosno 10 do 14 dana za krompir i paradajz.<\/p>\n<p>Ne primenjivati sa insekticidima koji pripadaju grupama organfosfata i karbamata. Pre primene me\u0161avine proveriti eventualnu osetljivost sorte ili hibrida.<\/p>\n<p>Preparat pokazuje sporedno delovanje na bolesti bakteriozne prirode.<\/p>\n<\/div>","protected":false},"excerpt":{"rendered":"<p class=\"detail\"><strong>Klasa:<\/strong>\u00a0<span class=\"klasa\">Fungicid<\/span><\/p>\n<p class=\"detail\"><strong>Aktivna materija:<\/strong>\u00a0<span class=\"aktivna-materija\">Metalaxil-M 19.4 kg\/kg + Bakar iz Bakar oksida 141.9 kg\/kg<\/span><\/p>\n<p class=\"detail\"><strong>Formulacija:<\/strong>\u00a0<span class=\"formulacija\">WG &#8211; vodorastvorljive granule<\/span><\/p>\n<p class=\"detail\"><strong>Proizvo\u0111a\u010d:<\/strong>\u00a0<span class=\"proizvo\u0111a\u010d\">Syngenta<\/span><\/p>\n<p class=\"detail\"><strong>Karenca:<\/strong>\u00a0<span class=\"karenca\">: 3 dana \u2013 paradajz, lubenica, dinja; 10 dana &#8211; salata, endivija, radi\u010d, motovilac, bosiljak i drugo za\u010dinsko bilje na otvorenom; \u2013 14 dana \u2013 krompir; 21 dan \u2013 vinova loza, karfiol, brokoli; 28 dana \u2013 bosiljak i drugo za\u010dinsko bilje u za\u0161ti\u0107enom prostoru<\/span><\/p>\n<p class=\"detail\"><strong>Radna karenca:<\/strong>\u00a0<span class=\"radna-karenca\">&#8211;<\/span><\/p>\n<p class=\"detail\"><strong>MBT:<\/strong>\u00a0<span class=\"mbt\">1-2<\/span><\/p>","protected":false},"featured_media":8696,"template":"","meta":[],"product_brand":[531],"product_cat":[415],"product_tag":[793],"class_list":{"0":"post-8014","1":"product","2":"type-product","3":"status-publish","4":"has-post-thumbnail","6":"product_brand-sygenta","7":"product_cat-fungicidi-2","8":"product_tag-metalaxil-m-19-4-kg-kg-bakar-iz-bakar-oksida-141-9-kg-kg","10":"first","11":"outofstock","12":"purchasable","13":"product-type-simple"},"_links":{"self":[{"href":"https:\/\/agrarpetrovic.rs\/en\/wp-json\/wp\/v2\/product\/8014","targetHints":{"allow":["GET"]}}],"collection":[{"href":"https:\/\/agrarpetrovic.rs\/en\/wp-json\/wp\/v2\/product"}],"about":[{"href":"https:\/\/agrarpetrovic.rs\/en\/wp-json\/wp\/v2\/types\/product"}],"wp:featuredmedia":[{"embeddable":true,"href":"https:\/\/agrarpetrovic.rs\/en\/wp-json\/wp\/v2\/media\/8696"}],"wp:attachment":[{"href":"https:\/\/agrarpetrovic.rs\/en\/wp-json\/wp\/v2\/media?parent=8014"}],"wp:term":[{"taxonomy":"product_brand","embeddable":true,"href":"https:\/\/agrarpetrovic.rs\/en\/wp-json\/wp\/v2\/product_brand?post=8014"},{"taxonomy":"product_cat","embeddable":true,"href":"https:\/\/agrarpetrovic.rs\/en\/wp-json\/wp\/v2\/product_cat?post=8014"},{"taxonomy":"product_tag","embeddable":true,"href":"https:\/\/agrarpetrovic.rs\/en\/wp-json\/wp\/v2\/product_tag?post=8014"}],"curies":[{"name":"wp","href":"https:\/\/api.w.org\/{rel}","templated":true}]}}