{"id":8020,"date":"2025-09-20T00:11:24","date_gmt":"2025-09-19T22:11:24","guid":{"rendered":"https:\/\/agrarpetrovic.rs\/proizvod\/rinico20-g-herbicid\/"},"modified":"2025-10-23T11:56:30","modified_gmt":"2025-10-23T09:56:30","slug":"rinico-20-g-herbicid","status":"publish","type":"product","link":"https:\/\/agrarpetrovic.rs\/en\/proizvod\/rinico-20-g-herbicid\/","title":{"rendered":"Rinico 20 g &#8211; herbicid"},"content":{"rendered":"<div class=\"product-harvest\">\n<h4 class=\"detail\"><strong>Primena:<\/strong><\/h4>\n<table>\n<thead>\n<tr class=\"bg-4\">\n<th>USEV \/ ZASAD<\/th>\n<th>KOLI\u010cINA PRIMENE<\/th>\n<th>VREME PRIMENE<\/th>\n<\/tr>\n<\/thead>\n<tbody>\n<tr class=\"bg-sec-4\">\n<td class=\"bg-4\"><a href=\"https:\/\/www.agromarketsrbija.rs\/srb\/zastita-bilja\/programi-zastite\/1001\/Kukuruz\">KUKURUZ (sila\u017eni i merkantilni)<\/a><\/td>\n<td>40 g\/ha + Imox (0,1%)<\/td>\n<td>Tretman protiv izniklog divljeg sirka (Sorghum halepense) iz rizoma kada je porasta od 15 do 20 cm<\/td>\n<\/tr>\n<tr class=\"bg-sec-4\">\n<td class=\"bg-4\"><a href=\"https:\/\/www.agromarketsrbija.rs\/srb\/zastita-bilja\/programi-zastite\/1001\/Kukuruz\">KUKURUZ (sila\u017eni i merkantilni)<\/a><\/td>\n<td>30 g\/ha + Imox (0,1%)<\/td>\n<td>Tretman kada kukuruz ima formiranih od 2 do 8 listova (faze 12 &#8211; 18 BBCH skale), a jednogodi\u0161nji korovi od 2 do 4 lista<\/td>\n<\/tr>\n<\/tbody>\n<\/table>\n<\/div>\n<div class=\"product-info\">\n<h4><strong>DELOVANJE<\/strong>:<\/h4>\n<p>kombinacija dva herbicida koji pripadaju istoj grupi herbicida, grupa\u00a0<em>Sulfoniluree<\/em>. Biljka\u00a0<em>Rimsulfuron\u00a0<\/em>usvaja folijarno, ali i korenom i translocira ga do meristemskih tkiva u kojima inhibira aktivnost enzima ALS, blokira biosintezu aminokiselina, \u010dime se blokira dalja deoba \u0107elija i zaustavlja rast korova. Simptomi delovanja vidljivi su posle 5-10 dana u vidu nekroze i laganog odumiranja korova. Druga aktivna materija\u00a0<em>Nikosulfuron\u00a0<\/em>se u biljnom tkivu transportuje i ksilemom i floemom i akumulira u meristemskim tkivima. Inhibira aktivnost enzima acetohidroksi-kiselinske sintetaze zaustavljaju\u0107i proces sinteze esencijalnih aminokiselina \u2013 valin, leucin i izoleucin.<\/p>\n<h4><strong>SPEKTAR DELOVANJA<\/strong><\/h4>\n<p>JEDNOGODI\u0160NJE I VI\u0160EGODI\u0160NJE USKOLISNE KOROVSKE VRSTE:<\/p>\n<p>veliki muhar (<em>Echinochloa cruss-gali<\/em>), sivi muhar (<em>Setaria glauca<\/em>), divlji sirak (<em>Sorghum halepense<\/em>) iz semena i rizoma.<\/p>\n<p>JEDNOGODI\u0160NJE \u0160IROKOLISNE KOROVSKE VRSTE:<\/p>\n<p>\u0161tir obi\u010dni (<em>Amaranthus retroflexus<\/em>), \u0161tir bljutavi (<em>A. blitoides<\/em>), pepeljuga srcolisna (<em>Chenopodium hybridum<\/em>), tatula obi\u010dna (<em>Datura<\/em><\/p>\n<p><em>stramonium<\/em>), goru\u0161ica poljska (<em>Sinapis arvensis<\/em>), konica obi\u010dna (<em>Galinsoga parviflora<\/em>), \u010distac jednogodi\u0161nji (<em>Stachys annua<\/em>).<\/p>\n<h4><strong>PREPORUKE I NAPOMENE<\/strong><\/h4>\n<p>zabranjena je primena sredstava za za\u0161titu bilja u vodoza\u0161titnim zonama sa izvori\u0161ta voda i vodosnabdevanja stanovni\u0161tva. Mo\u017ee se me\u0161ati sa insekticidima iz grupe piretroida. Ne me\u0161a se sa organofosfornim insekticidima.<\/p>\n<p>Ne sme se primenjivati u semenskom kukuruzu, kukuruzu koki\u010daru, kukuruzu \u0161e\u0107ercu i kukuruzu sa podusevom (pasulj, bundeva), u usevu pod stresom, kao i na temperaturama vazduha vi\u0161im od 25 \u00b0C i ni\u017eim od 10 \u00b0C (u du\u017eem periodu).<\/p>\n<p>Ne primenjivati u kra\u0161kim poljima i slabo humoznim zemlji\u0161tima (manje od 1% humusa).<\/p>\n<p>Ne tretirati ako su neposredno pre primene primenjeni folijarni organofosforni insekticidi (7 dana pre i 4 dana posle). Ne sme se primenjivati iz vazduhoplova.<\/p>\n<\/div>","protected":false},"excerpt":{"rendered":"<p class=\"detail\"><strong>Klasa:<\/strong>\u00a0<span class=\"klasa\">Selektivni translokacioni herbicid<\/span><\/p>\n<p class=\"detail\"><strong>Aktivna materija:<\/strong>\u00a0<span class=\"aktivna-materija\">Nikosulfuron 500 g\/kg + Rimsulfuron 250 g\/kg<\/span><\/p>\n<p class=\"detail\"><strong>Formulacija:<\/strong>\u00a0<span class=\"formulacija\">WG &#8211; vododisperzibilne granule<\/span><\/p>\n<p class=\"detail\"><strong>Pakovanje:<\/strong>\u00a0<span class=\"pakovanje\">20 g, 40g, 200g<\/span><\/p>\n<p class=\"detail\"><strong>Karenca:<\/strong>\u00a0<span class=\"karenca\">OVP<\/span><\/p>\n<p class=\"detail\"><strong>Plodored:<\/strong>\u00a0<span class=\"plodored\">u slu\u010daju da tretirani usev propadne iz bilo kog razloga, odmah se mogu sejati samo kukuruz i soja. Iste kalendarske godine mogu se sejati: ozime \u017eitarice, trave. Naredne godine se mogu sejati: jare \u017eitarice, uljana repica, \u0161e\u0107erna repa, krompir, paradajz, kukuruz \u0161e\u0107erac i koki\u010dar, pasulj, gra\u0161ak, lucerka, detelina, suncokre<\/span><\/p>","protected":false},"featured_media":8204,"template":"","meta":[],"product_brand":[529],"product_cat":[449],"product_tag":[674],"class_list":{"0":"post-8020","1":"product","2":"type-product","3":"status-publish","4":"has-post-thumbnail","6":"product_brand-agromarket","7":"product_cat-herbicidi-2","8":"product_tag-nikosulfuron-500-g-kg-rimsulfuron-250-g-kg","10":"first","11":"outofstock","12":"product-type-simple"},"_links":{"self":[{"href":"https:\/\/agrarpetrovic.rs\/en\/wp-json\/wp\/v2\/product\/8020","targetHints":{"allow":["GET"]}}],"collection":[{"href":"https:\/\/agrarpetrovic.rs\/en\/wp-json\/wp\/v2\/product"}],"about":[{"href":"https:\/\/agrarpetrovic.rs\/en\/wp-json\/wp\/v2\/types\/product"}],"wp:featuredmedia":[{"embeddable":true,"href":"https:\/\/agrarpetrovic.rs\/en\/wp-json\/wp\/v2\/media\/8204"}],"wp:attachment":[{"href":"https:\/\/agrarpetrovic.rs\/en\/wp-json\/wp\/v2\/media?parent=8020"}],"wp:term":[{"taxonomy":"product_brand","embeddable":true,"href":"https:\/\/agrarpetrovic.rs\/en\/wp-json\/wp\/v2\/product_brand?post=8020"},{"taxonomy":"product_cat","embeddable":true,"href":"https:\/\/agrarpetrovic.rs\/en\/wp-json\/wp\/v2\/product_cat?post=8020"},{"taxonomy":"product_tag","embeddable":true,"href":"https:\/\/agrarpetrovic.rs\/en\/wp-json\/wp\/v2\/product_tag?post=8020"}],"curies":[{"name":"wp","href":"https:\/\/api.w.org\/{rel}","templated":true}]}}