{"id":8026,"date":"2025-09-20T00:11:24","date_gmt":"2025-09-19T22:11:24","guid":{"rendered":"https:\/\/agrarpetrovic.rs\/proizvod\/score-250-ec-20-ml-fungicid\/"},"modified":"2025-10-23T11:56:30","modified_gmt":"2025-10-23T09:56:30","slug":"score-250-ec-20-ml-fungicid","status":"publish","type":"product","link":"https:\/\/agrarpetrovic.rs\/en\/proizvod\/score-250-ec-20-ml-fungicid\/","title":{"rendered":"Score 250 EC 20 ml &#8211; fungicid"},"content":{"rendered":"<h4 class=\"product-details\"><strong>Primena:<\/strong><\/h4>\n<div class=\"product-harvest\">\n<table>\n<thead>\n<tr class=\"bg-5\">\n<th>USEV \/ ZASAD<\/th>\n<th>KOLI\u010cINA PRIMENE<\/th>\n<th>VREME PRIMENE<\/th>\n<\/tr>\n<\/thead>\n<tbody>\n<tr class=\"bg-sec-5\">\n<td class=\"bg-5\"><a href=\"https:\/\/www.agromarket.rs\/srb\/zastita-bilja\/programi-zastite\/1018\/Jabuka\">Jabuka<\/a><\/td>\n<td>0,013% (1,3 ml u 10 ml)<\/td>\n<td>7-10 dana, po\u010dev od faze pucanja pupoljka dok plodovi ne dostignu velicinu 10 mm (preventivno)<\/td>\n<\/tr>\n<tr class=\"bg-sec-5\">\n<td class=\"bg-5\"><a href=\"https:\/\/www.agromarket.rs\/srb\/zastita-bilja\/programi-zastite\/1018\/Jabuka\">Jabuka<\/a><\/td>\n<td>0,015-0,02% (1,5-2 ml u 10l)<\/td>\n<td>Do 3 dana po ostvarivanju uslova za zarazu (kurativno)<\/td>\n<\/tr>\n<tr class=\"bg-sec-5\">\n<td class=\"bg-5\"><a href=\"https:\/\/www.agromarket.rs\/srb\/zastita-bilja\/programi-zastite\/1009\/Krompir\">Krompir<\/a><\/td>\n<td>0,5 l\/ha (5ml na 100 m2)<\/td>\n<td>Po ostvarenju uslova za zarazu<\/td>\n<\/tr>\n<tr class=\"bg-sec-5\">\n<td class=\"bg-5\"><a href=\"https:\/\/www.agromarket.rs\/srb\/zastita-bilja\/programi-zastite\/1019\/Kruska\">Kru\u0161ka<\/a><\/td>\n<td>0,013% (1,3 ml u 10 ml)<\/td>\n<td>7-10 dana, po\u010dev od faze pucanja pupoljka dok plodovi ne dostignu velicinu 10 mm (preventivno)<\/td>\n<\/tr>\n<tr class=\"bg-sec-5\">\n<td class=\"bg-5\"><a href=\"https:\/\/www.agromarket.rs\/srb\/zastita-bilja\/programi-zastite\/1019\/Kruska\">Kru\u0161ka<\/a><\/td>\n<td>0,015-0,02% (1,5-2 ml u 10l)<\/td>\n<td>Do 3 dana po ostvarivanju uslova za zarazu (kurativno)<\/td>\n<\/tr>\n<\/tbody>\n<\/table>\n<\/div>\n<div class=\"product-info\">\n<h4><strong>Mehanizam delovanja:<\/strong><\/h4>\n<p>Score 250 EC je sistemi\u010dni fungicid iz grupe triazola sa preventivnim i kurativnim delovanjem na vi\u0161e fitopatogenih gljiva. Inhibira sintezu ergosterola i na taj na\u010din spre\u010dava razvoj gljive. Deluje na klijanje spora i zaustavlja porast micelije i 3 dana nakon ostvarene infekcije.<\/p>\n<h4><strong>Spektar delovanja:<\/strong><\/h4>\n<p>Koristi se za suzbijanje prouzrokova\u010da \u010da\u0111ave krastavosti plodova i \u010da\u0111ave pegavosti li\u0161\u0107a jabuke i kru\u0161ke (<em>Venturia inaequalis, Venturia pyrina<\/em>), crne pegavosti krompira (<em>Alternaria solani<\/em>).<\/p>\n<h4><strong><span class=\"podnaslovPoglavljaZS\">Preporuke i napomene:<\/span><\/strong><\/h4>\n<p>Brzo prodire u biljno tkivo i nema opasnosti od spiranja ki\u0161om. Pravu efikasnost ispoljava pri vi\u0161im temperaturama (iznad 15<sup>\u00a0<\/sup>\u00a0C). Kombinuje se sa preventivnim preparatima zbog du\u017eine delovanja. Preparat koristiti kada je jabuka u najosetljivijoj fazi (od roze pupoljka do ploda veli\u010dine oraha) ili kada je najveca opasnost od infekcije. Koristiti optimalnu koli\u010dinu vode (kod jabuke ne manje od 1000 l po hektaru). Ukoliko je mehanizacija pode\u0161ena da izbaci manje vode, onda se dr\u017eati doze od 200-250 ml\/ha preparata.<\/p>\n<\/div>","protected":false},"excerpt":{"rendered":"<p class=\"detail\"><strong>Klasa:<\/strong>fungicidi<\/p>\n<p class=\"detail\"><strong>Aktivna materija:<\/strong>Difenokonazol (250g\/l)<\/p>\n<p class=\"detail\"><strong>Formulacija:<\/strong>EC &#8211; koncentrat za emulziju<\/p>\n<p class=\"detail\"><strong>Pakovanje:<\/strong>20 ml, 250 ml<\/p>\n<p class=\"detail\"><strong>Proizvo\u0111a\u010d:<\/strong>Syngenta<\/p>","protected":false},"featured_media":8196,"template":"","meta":[],"product_brand":[531],"product_cat":[415],"product_tag":[796],"class_list":{"0":"post-8026","1":"product","2":"type-product","3":"status-publish","4":"has-post-thumbnail","6":"product_brand-sygenta","7":"product_cat-fungicidi-2","8":"product_tag-difenokonazol-250g-l","10":"first","11":"outofstock","12":"purchasable","13":"product-type-simple"},"_links":{"self":[{"href":"https:\/\/agrarpetrovic.rs\/en\/wp-json\/wp\/v2\/product\/8026","targetHints":{"allow":["GET"]}}],"collection":[{"href":"https:\/\/agrarpetrovic.rs\/en\/wp-json\/wp\/v2\/product"}],"about":[{"href":"https:\/\/agrarpetrovic.rs\/en\/wp-json\/wp\/v2\/types\/product"}],"wp:featuredmedia":[{"embeddable":true,"href":"https:\/\/agrarpetrovic.rs\/en\/wp-json\/wp\/v2\/media\/8196"}],"wp:attachment":[{"href":"https:\/\/agrarpetrovic.rs\/en\/wp-json\/wp\/v2\/media?parent=8026"}],"wp:term":[{"taxonomy":"product_brand","embeddable":true,"href":"https:\/\/agrarpetrovic.rs\/en\/wp-json\/wp\/v2\/product_brand?post=8026"},{"taxonomy":"product_cat","embeddable":true,"href":"https:\/\/agrarpetrovic.rs\/en\/wp-json\/wp\/v2\/product_cat?post=8026"},{"taxonomy":"product_tag","embeddable":true,"href":"https:\/\/agrarpetrovic.rs\/en\/wp-json\/wp\/v2\/product_tag?post=8026"}],"curies":[{"name":"wp","href":"https:\/\/api.w.org\/{rel}","templated":true}]}}