{"id":8038,"date":"2025-09-20T00:11:28","date_gmt":"2025-09-19T22:11:28","guid":{"rendered":"https:\/\/agrarpetrovic.rs\/proizvod\/sercadis-plus-1-1-fungicid\/"},"modified":"2025-10-23T11:56:31","modified_gmt":"2025-10-23T09:56:31","slug":"sercadis-plus-1-1-fungicid","status":"publish","type":"product","link":"https:\/\/agrarpetrovic.rs\/en\/proizvod\/sercadis-plus-1-1-fungicid\/","title":{"rendered":"Sercadis PLUS 1\/1 &#8211; fungicid"},"content":{"rendered":"<h4><strong>Primena:<\/strong><\/h4>\n<div class=\"brxe-text\">\n<p><strong>Zasadi\/Usevi:<\/strong>\u00a0jabuka, kru\u0161ka, jagoda, paradajz, paprika, povr\u0107e iz familije\u00a0<em>Cucurbitaceae<\/em>, sto\u010dni i konzumni gra\u0161ak, \u0161argarepa, per\u0161un, salata: radi\u010d, endivija, motovilac, rukola, brokoli, karfiol, kupus, prokelj, krompir i patlid\u017ean.<\/p>\n<p><strong>Jabuka i kru\u0161ka:<\/strong><\/p>\n<ul>\n<li>za suzbijanje prouzrokova\u010da \u010da\u0111ave krastavosti jabuke\u00a0<em>(Venturia inaequalis)<\/em>\u00a0i kru\u0161ke\u00a0<em>(Venturia pyrina)<\/em>\u00a0u koli\u010dini od 1,2 l\/ha (12 ml\/100 m\u00b2), uz utro\u0161ak vode 200\u20131200 l\/ha (2\u201312 l\/100 m\u00b2).<\/li>\n<\/ul>\n<h4><strong>Vreme primene:<\/strong><\/h4>\n<p>U fenofazi od otvaranja pupoljka do po\u010detka sazrevanja (BBCH 53\u201381).<\/p>\n<ul>\n<li>za suzbijanje prouzrokova\u010da pepelnice jabuke\u00a0<em>(Podosphaera leucotricha)<\/em>\u00a0u koli\u010dini od 0,72 l\/ha (7,2 ml\/100 m\u00b2), uz utro\u0161ak vode 200\u20131200 l\/ha (2\u201312 l\/100 m\u00b2).<\/li>\n<\/ul>\n<h4><strong>Vreme primene:<\/strong>\u00a0u fenofazi od otvaranja pupoljka do po\u010detka sazrevanja (BBCH 53\u201381).<\/h4>\n<p><strong>Jagoda gajena na otvorenom polju i u za\u0161ti\u0107enom prostoru:<\/strong>\u00a0za suzbijanje prouzrokova\u010da pepelnice\u00a0<em>(Sphaeroteca macularis)<\/em>\u00a0u koli\u010dini od 0,6 l\/ha (6 ml\/100 m\u00b2), uz utro\u0161ak vode 200\u2013600 l\/ha (2\u20136 l\/100 m\u00b2) na otvorenom polju, odnosno 200\u2013800 l\/ha (2\u20138 l\/100 m\u00b2) u zatvorenom prostoru.<br \/>\n<strong>Vreme primene:<\/strong>\u00a0u fenofazi od otvaranja prvih cvetova do drugog roda (vi\u0161e plodova obojenih), (BBCH 60\u201389).<\/p>\n<p><strong>Paradajz gajen na otvorenom polju i u zatvorenom prostoru:<\/strong><\/p>\n<ul>\n<li>za suzbijanje prouzrokova\u010da pepelnice kod biljaka iz familije\u00a0<em>Solanaceae<\/em>\u00a0<em>(Leveilula taurica)<\/em>\u00a0i pepelnice paradajza\u00a0<em>(Oidium lycopersici)<\/em>\u00a0u koli\u010dini od 0,6 l\/ha (6 ml\/100 m\u00b2), uz utro\u0161ak vode 400\u20131000 l\/ha (4\u201310 l\/100 m\u00b2) na otvorenom polju, odnosno 400\u20131200 l\/ha (4\u201312 l\/100 m\u00b2) u zatvorenim prostorima.<\/li>\n<li>za suzbijanje prouzrokova\u010da crne pegavosti paradajza\u00a0<em>(Alternaria solani)<\/em>\u00a0i alternarijske lisne pegavosti\u00a0<em>(Alternaria alternata)<\/em>\u00a0u koli\u010dini od 1,0 l\/ha (10 ml\/100 m\u00b2), uz utro\u0161ak vode 400\u20131000 l\/ha (4\u201310 l\/100 m\u00b2) na otvorenom polju, odnosno 400\u20131200 l\/ha (4\u201312 l\/100 m\u00b2) u za\u0161ti\u0107enim prostorima.<\/li>\n<\/ul>\n<p><strong>Vreme primene:<\/strong>\u00a0u fenofazi od \u010detvrtog lista do pune zrelosti kada plodovi imaju karakteristi\u010dnu boju zrelosti (BBCH 14\u201389).<\/p>\n<h4><strong>Paprika gajena u za\u0161ti\u0107enom prostoru:<\/strong><\/h4>\n<ul>\n<li>za suzbijanje prouzrokova\u010da crne pegavosti\u00a0<em>(Alternaria solani)<\/em>\u00a0i alternarijske pegavosti\u00a0<em>(Alternaria alternata)<\/em>\u00a0u koli\u010dini od 1 l\/ha (10 ml\/100 m\u00b2), uz utro\u0161ak vode 400\u20131000 l\/ha (4\u201310 l\/100 m\u00b2).<\/li>\n<\/ul>\n<p><strong>Vreme primene:\u00a0<\/strong>u fenofazi od razvijenog \u010detvtog lista do pune zrelosti plodova (BBCH 14\u201389).<\/p>\n<ul>\n<li>za suzbijanje pepelnice biljaka iz familije\u00a0<em>Solanaceae<\/em>\u00a0<em>(Leveillula taurica)<\/em>\u00a0u koli\u010dini od 0,6 l\/ha (6 ml\/100 m\u00b2), uz utro\u0161ak vode 400\u20131000 l\/ha (4\u201310 l\/100 m\u00b2).<\/li>\n<\/ul>\n<p><strong>Vreme primene:\u00a0<\/strong>u fenofazi od razvijenog \u010detvtog lista do pune zrelosti plodova (BBCH 14\u201389).<\/p>\n<p><strong>\u00a0<\/strong><strong>Povr\u0107e iz familije\u00a0<em>Cucurbitaceae<\/em>\u00a0sa jestivim korenom (krastavci, krastavci za ki\u0161eljenje, tikvice i drugi hibridi) i sa nejestivim korenom (dinje, bundeve, lubenice i drugi hibridi) gajenog na otvorenom polju i u za\u0161ti\u0107enom prostoru:<\/strong>\u00a0za suzbijanje prouzrokova\u010da pepelnice krastavca\u00a0<em>(Erysiphe cichoracaerum)<\/em>, bolesti lista i stabla krastavca\u00a0<em>(Stagonosporopsis cucurbitacearum sin. Mycospharella melonis, Didymella bryoniae)<\/em>\u00a0i pepelnice tikvice<em>\u00a0(Podosphaera fuliginea)<\/em>\u00a0u koli\u010dini od 0,6 l\/ha (6 ml\/100 m\u00b2), uz utro\u0161ak vode 200\u20131000 l\/ha (2\u201310 l\/100 m\u00b2) na otvorenom prostoru, odnosno 200\u20131200 l\/ha (2\u201312 l\/100 m\u00b2) u za\u0161ti\u0107enom prostoru.<br \/>\n<strong>Vreme primene:<\/strong>\u00a0u fenofazi od \u010detvrtog lista do faze pune zrelosti kada plodovi imaju karakteristi\u010dnu boju zrelosti (BBCH 14\u201389).<\/p>\n<p><strong>Sto\u010dnog i konzumnog gra\u0161ka:<\/strong>\u00a0za suzbijanje prouzrokova\u010da pegavosti\u00a0<em>(Ascochyta pisi)<\/em>\u00a0i pale\u017ei gra\u0161ka\u00a0<em>(Ascochyta pinodes)<\/em>\u00a0u koli\u010dini od 2,0 l\/ha (20 ml\/100 m\u00b2), uz utro\u0161ak vode 200\u2013800 l\/ha (2\u20138 l\/100 m\u00b2).<br \/>\n<strong>Vreme primene:<\/strong>\u00a0u fenofazi od kada je razvijeno 5 pari listova (sa stipulama) ili pet pari ra\u0161ljika (kultivari sa manje li\u0161\u0107a) do pune zrelosti (BBCH 15\u201389).<\/p>\n<p><strong>\u0160argarepa:<\/strong><\/p>\n<ul>\n<li>za suzbijanje prouzrokova\u010da pepelnice \u0161argarepe\u00a0<em>(Erisiphe heraclei)<\/em>\u00a0i gljiva iz roda\u00a0<em>Leveilula (Leveilula spp)<\/em>\u00a0u koli\u010dini od 0,6 l\/ha (6 ml\/100 m\u00b2), uz utro\u0161ak vode 200\u2013800 l\/ha (2\u20138 l\/100 m\u00b2).<\/li>\n<\/ul>\n<p><strong>Vreme primene:<\/strong>\u00a0u fenofazi od drugog pravog razvijenog lista do faze kada je pove\u0107avanje obima korena zavr\u0161eno (BBCH 12\u201349).<\/p>\n<ul>\n<li>za suzbijanje prouzrokova\u010da pale\u017ei li\u0161\u0107a \u0161argarepe\u00a0<em>(Alternaria dauci)<\/em>\u00a0i crne pegavosti \u0161argarepe\u00a0<em>(Alternaria radicina)<\/em>\u00a0u koli\u010dini od 1,0 l\/ha (10 ml\/100 m\u00b2), uz utro\u0161ak vode 200\u2013800 l\/ha (2\u20138 l\/100 m\u00b2).<\/li>\n<\/ul>\n<p><strong>Vreme primene:<\/strong>\u00a0u fenofazi od drugog pravog razvijenog lista do faze kada je pove\u0107avanje obima korena zavr\u0161eno (BBCH 12\u201349).<\/p>\n<ul>\n<li>za suzbijanje prouzrokova\u010da bele trule\u017ei\u00a0<em>(Sclerotinia sclerotiorum)<\/em>\u00a0u koli\u010dini od 2,0 l\/ha (20 ml\/100 m\u00b2), uz utro\u0161ak vode 200\u2013800 l\/ha (2\u20138 l\/100 m\u00b2).<\/li>\n<\/ul>\n<p><strong>Vreme primene:<\/strong>\u00a0u fenofazi od drugog pravog razvijenog lista do faze kada je pove\u0107avanje obima korena zavr\u0161eno (BBCH 12\u201349).<\/p>\n<h4><strong>Per\u0161un za koren:<\/strong><\/h4>\n<ul>\n<li>za suzbijanje prouzrokova\u010da pegavosti iz roda\u00a0<em>Alternaria<\/em>\u00a0<em>(Alternaria spp.)\u00a0<\/em>u koli\u010dini od 1,0 l\/ha (10 ml\/100 m\u00b2), uz utro\u0161ak vode 200\u20131000 l\/ha (2\u201310 l\/100 m\u00b2).<\/li>\n<li>za suzbijanje prouzrokova\u010da bele trule\u017ei\u00a0<em>(Sclerotinia sclerotiorum)<\/em>\u00a0u koli\u010dini od 2,0 l\/ha (20 ml\/100 m\u00b2), uz utro\u0161ak vode 200\u20131000 l\/ha (2\u201310 l\/100 m\u00b2).<\/li>\n<\/ul>\n<p><strong>Vreme primene:<\/strong>\u00a0u fenofazi od drugog pravog razvijenog lista do faze kada je pove\u0107avanje obima korena zavr\u0161eno (BBCH 12\u201349).<\/p>\n<p><strong>Salata, radi\u010d, endevija, motovilac i rukola:<\/strong>\u00a0za suzbijanje prouzrokova\u010da bele trule\u017ei\u00a0<em>(Sclerotinia sclerotiorum)<\/em>\u00a0i bele trule\u017ei salate\u00a0<em>(Sclerotinia minor)<\/em>\u00a0u koli\u010dini od 1,2 l\/ha (12 ml\/100 m\u00b2), uz utro\u0161ak vode 200\u20131000 l\/ha (2\u201310 l\/100 m\u00b2).<br \/>\n<strong>Vreme primene:<\/strong>\u00a0u fenofazi od drugog pravog razvijenog lista do karakteristi\u010dne veli\u010dine (dostignut oblik i tvrdo\u0107a glavice), (BBCH 12\u201349).<\/p>\n<p><strong>Salata gajena na otvorenom polju:<\/strong>\u00a0za suzbijanje prouzrokova\u010da bele trule\u017ei\u00a0<em>(Sclerotinia sclerotiorum)<\/em>\u00a0i bele trule\u017ei salate\u00a0<em>(Sclerotinia minor)<\/em>\u00a0u koli\u010dini od 2 l\/ha (20 ml\/100 m\u00b2), uz utro\u0161ak vode 200\u2013600 l\/ha (2\u20136 l\/100 m\u00b2).<br \/>\n<strong>Vreme primene:<\/strong>\u00a0u fenofazi od drugog pravog razvijenog lista do karakteristi\u010dne veli\u010dine (dostignut oblik i tvrdo\u0107a glavice), (BBCH 12\u201349).<\/p>\n<p><strong>Brokoli, karfiol, kupus i prokelj:<\/strong>\u00a0za suzbijanje prouzrokova\u010da prstenaste pegavosti lista\u00a0<em>(Mycosphaerella brassicicola)<\/em>\u00a0i pegavosti iz roda\u00a0<em>Alternaria<\/em>\u00a0<em>(Alternaria spp)<\/em>\u00a0u koli\u010dini od 1,0 l\/ha (10 ml\/100 m\u00b2), uz utro\u0161ak vode 200\u2013800 l\/ha (2\u20138 l\/100 m\u00b2).<br \/>\n<strong>Vreme primene:<\/strong>\u00a0u fenofazi od po\u010detka formiranja glavice: dva najmla\u0111a lista nisu razvijena, do pune zrelosti (BBCH 41\u201391).<\/p>\n<p><strong>Krompir:<\/strong>\u00a0za suzbijanje prouzrokova\u010da crne pegavosti\u00a0<em>(Alternaria spp.)<\/em>\u00a0seme je tamno (BBCH 38\u201389) koli\u010dini od 0,75 l\/ha (7,5 ml\/100 m\u00b2), uz utro\u0161ak vode 200\u2013600 l\/ha (2\u20136 l\/100 m\u00b2).<br \/>\n<strong>Vreme primene<\/strong>: u fenofazi kada se 80% biljaka dodiruje u redovima do fenofaze kada bobice prve oplodnje venu i su\u0161e se.<\/p>\n<h4><strong>Patlid\u017ean u gajenom u za\u0161ti\u0107enom prostoru:<\/strong><\/h4>\n<ul>\n<li>za suzbijanje prouzrokova\u010da crne pegavosti\u00a0<em>(Alternaria solani)<\/em>\u00a0u koli\u010dini od 1,0 l\/ha (10 ml\/100 m\u00b2).<\/li>\n<li>za suzbijanje prouzrokova\u010da pepelnice biljaka familije\u00a0<em>Solanaceae<\/em>\u00a0<em>(Leveilula taurica)<\/em>\u00a0pepelnice paradajza\u00a0<em>(Oidium neolycopersici)<\/em>\u00a0u koli\u010dini od 0,6 l\/ha (6 ml\/100 m\u00b2), uz utro\u0161ak vode 400\u20131000 l\/ha (4\u201310 l\/100 m\u00b2).<\/li>\n<\/ul>\n<p><strong>Vreme primene:<\/strong>\u00a0u fenofazi od razvijenog \u010detvrtog lista do pune zrelosti plodova (BBCH 14\u201389).<\/p>\n<p><strong>Praziluk:<\/strong>\u00a0za suzbijanje prouzrokova\u010da crne pegavosti\u00a0<em>(Alternaria porrii)<\/em>\u00a0i r\u0111e luka\u00a0<em>(Puccinia allii)<\/em>\u00a0u koli\u010dini od 1 l\/ha (10 ml\/100 m\u00b2), uz utrosak vode 200\u2013600 l\/ha (2\u20136 l\/100 m\u00b2).<br \/>\n<strong>Vreme primene:<\/strong>\u00a0preventivno, pre ostvarenja infekcije, od fenofaze razvijena 3 lista do potpunog razvoja lukovice (BBCH 13\u201349).<\/p>\n<\/div>\n<div id=\"brxe-dfmpyk\" class=\"brxe-block\">\n<h4 id=\"brxe-euqehj\" class=\"brxe-heading\">Mogu\u0107nost me\u0161anja<\/h4>\n<div class=\"brxe-text\">\n<p>Preparat se mo\u017ee me\u0161ati sa ve\u0107inom fungicida i velikim brojem drugih pesticida. U obavljenim ispitivanjima, pokazao je kompatibilnost sa ve\u0107inom preparata. Pre me\u0161anja preparata sa drugim preparatima, naro\u010dito drugih formulacija, treba proveriti njihovu fizi\u010dku kompatibilnost.<\/p>\n<h4><strong>NAPOMENA<\/strong><\/h4>\n<p>Mo\u017ee se primenjivati tri puta na istoj povr\u0161ini tokom godine.<\/p>\n<\/div>\n<\/div>","protected":false},"excerpt":{"rendered":"<p class=\"detail\"><strong>Klasa:<\/strong> Fungicid<\/p>\n<p class=\"detail\"><strong>Aktivna materija:<\/strong> Fluksapiroksad 75 g\/l + difenokonazol 50 g\/l<\/p>\n<p class=\"detail\"><strong>Formulacija:<\/strong> Koncentrovana suspenzija (SC)<\/p>\n<p class=\"detail\"><strong>Pakovanje:<\/strong> 10 ml, 50 ml, 250 ml i 1 L<\/p>\n<p class=\"detail\"><strong>Proizvo\u0111a\u010d:<\/strong> Basf<\/p>\n<p class=\"detail\"><strong>Karenca:<\/strong><\/p>\n<p class=\"detail\">Jagoda \u2013 1 dan,<\/p>\n<p class=\"detail\">Patlid\u017ean, paradajz, paprika, krompir i povr\u0107e iz familije <em>Cucurbitaceae<\/em>\u00a0sa jestivom korom \u2013 3 dana (krastavci, krastavci za ki\u0161eljenje, tikvice i drugi hibridi) i sa nejestivom korom (dinje, bundeve, lubenice i dr. hibridi)<\/p>\n<p class=\"detail\">Sto\u010dni i konzumni gra\u0161ak, \u0161argarepa i per\u0161un za koren \u2013 7 dana<\/p>\n<p class=\"detail\">Salata, radi\u010d, endivija, motovilac, rukola, brokoli, karfiol, kupus i prokelj i praziluk \u2013 14 dana<\/p>\n<p class=\"detail\">Jabuka i kru\u0161ka \u2013 35 dana<\/p>\n<p class=\"detail\"><strong>MBT:<\/strong><\/p>","protected":false},"featured_media":8165,"template":"","meta":[],"product_brand":[530],"product_cat":[415],"product_tag":[786],"class_list":{"0":"post-8038","1":"product","2":"type-product","3":"status-publish","4":"has-post-thumbnail","6":"product_brand-basf","7":"product_cat-fungicidi-2","8":"product_tag-fluksapiroksad-75-g-l-difenokonazol-50-g-l","10":"first","11":"outofstock","12":"product-type-simple"},"_links":{"self":[{"href":"https:\/\/agrarpetrovic.rs\/en\/wp-json\/wp\/v2\/product\/8038","targetHints":{"allow":["GET"]}}],"collection":[{"href":"https:\/\/agrarpetrovic.rs\/en\/wp-json\/wp\/v2\/product"}],"about":[{"href":"https:\/\/agrarpetrovic.rs\/en\/wp-json\/wp\/v2\/types\/product"}],"wp:featuredmedia":[{"embeddable":true,"href":"https:\/\/agrarpetrovic.rs\/en\/wp-json\/wp\/v2\/media\/8165"}],"wp:attachment":[{"href":"https:\/\/agrarpetrovic.rs\/en\/wp-json\/wp\/v2\/media?parent=8038"}],"wp:term":[{"taxonomy":"product_brand","embeddable":true,"href":"https:\/\/agrarpetrovic.rs\/en\/wp-json\/wp\/v2\/product_brand?post=8038"},{"taxonomy":"product_cat","embeddable":true,"href":"https:\/\/agrarpetrovic.rs\/en\/wp-json\/wp\/v2\/product_cat?post=8038"},{"taxonomy":"product_tag","embeddable":true,"href":"https:\/\/agrarpetrovic.rs\/en\/wp-json\/wp\/v2\/product_tag?post=8038"}],"curies":[{"name":"wp","href":"https:\/\/api.w.org\/{rel}","templated":true}]}}