{"id":8043,"date":"2025-09-20T00:11:28","date_gmt":"2025-09-19T22:11:28","guid":{"rendered":"https:\/\/agrarpetrovic.rs\/proizvod\/signum-100-g-fungicid\/"},"modified":"2025-10-23T11:56:34","modified_gmt":"2025-10-23T09:56:34","slug":"signum-100-g-fungicid","status":"publish","type":"product","link":"https:\/\/agrarpetrovic.rs\/en\/proizvod\/signum-100-g-fungicid\/","title":{"rendered":"Signum 100 g &#8211; fungicid"},"content":{"rendered":"<h4><b>Upotreba\u00a0<\/b><\/h4>\n<p>Signum se upotrebljava u vo\u0107arstvu, povrtarstvu i na industrijskim biljkama i njim se tretiraju razli\u010diti patogeni.\u00a0Ovim fungicidom \u0107ete vo\u0107e, povr\u0107e i industrijske biljke najbolje za\u0161titi od:<\/p>\n<ul>\n<li>Sive trule\u017ei<\/li>\n<li>Alternarije<\/li>\n<li>Pepelnice<\/li>\n<li>Antraknoze<\/li>\n<\/ul>\n<p>Signum\u00a0se mo\u017ee koristiti preventivno ili u trenutku pojave bolesti, prodiru\u0107i u biljku, \u010dime osigurava dugotrajnu za\u0161titu od ponovne infekcije.<\/p>\n<h4><b>Kulture u kojima se koristi<\/b><\/h4>\n<p>Signum se primenjuje za suzbijanje specifi\u010dnih bolesti kod vi\u0161e razli\u010ditih biljnih kultura, elimini\u0161u\u0107i uticaj gljivica na prinos i kvalitet plodova. Preporu\u010duje se da se preparat koristi kod:<\/p>\n<ul>\n<li>Vo\u0107a: vinova loza, jagoda, malina, jabuka, kru\u0161ka, breskva, \u0161ljiva, vi\u0161nja<\/li>\n<li>Povr\u0107a: paradajz, krompir, salata, crni luk, celer, \u0161argarepa<\/li>\n<li>Industrijskih biljaka kao \u0161to je uljana repica.<\/li>\n<\/ul>\n<h4><b>Na\u010din primene\u00a0<\/b><\/h4>\n<p>Ovaj visokokvalitetni fungicid je dostupan u obliku<b>\u00a0vododisperzibilnih granula (WG)<\/b>, \u0161to omogu\u0107ava jednostavnu primenu i ravnomernu distribuciju po biljci. Formulacija je osmi\u0161ljena da pru\u017ei jednostavnu upotrebu me\u0161anjem sa vodom, kako bi se preparat\u00a0 primenio kroz listove biljke.<\/p>\n<h4><b>Doziranje<\/b><\/h4>\n<p>Doziranje Signum fungicida zavisi od biljne kulture i bolesti koja se suzbija. Kod vinove loze se koristi doza od 0.75 kg\/ha, a kod povrtarskih kultura, (paradajz ili krompir), doziranje je oko 1 kg\/ha.<\/p>\n<p>Za optimalne rezultate se savetuje pa\u017eljivo pridr\u017eavanje uputstava proizvo\u0111a\u010da. Uz to, upotrebom na preporu\u010den na\u010din spre\u010di\u0107ete o\u0161te\u0107enja biljaka.<\/p>\n<h4><b>Karenca<\/b><\/h4>\n<p>Karenca je period koji mora pro\u0107i izme\u0111u primene preparata i momenta kada je dozvoljeno ubrati plodove sa biljaka koje su prskane preparatom.\u00a0Karenca je tako na primer, za vo\u0107e kao \u0161to su jabuka i kru\u0161aka -14 dana, a za krompir 7 dana.<\/p>\n<h4><b>Bezbednosne mere<\/b><\/h4>\n<p>Proizvo\u0111a\u010d preporu\u010duje da se kod upotrebe Signum fungicida, nosi za\u0161titna oprema, rukavice i za\u0161titna ode\u0107u, te da se na ovaj na\u010din izbegne kontakt sa ko\u017eom i udisanje preparata. Preparat nikako ne koristiti u blizini podru\u010dja sa vodom jer se mo\u017ee kontaminirati \u017eivotna sredina.<\/p>\n<h4><b>Pakovanje<\/b><\/h4>\n<p>Preparat je dostupan u pakovanju od: 8gr, 30gr, 100gr, 500gr.<\/p>","protected":false},"excerpt":{"rendered":"<h4><b>Signum \u2013 Fungicid za za\u0161titu useva<\/b><\/h4>\n<p>Ovaj visokoefikasan fungicid se koristi za suzbijanje ve\u0107eg broja gljivi\u010dnih bolesti u razli\u010ditim biljnim kulturama. Preparat daje odli\u010dne rezultate u za\u0161titi useva, uni\u0161tavaju\u0107i patogene koji uti\u010du na kvalitet i prinos useva kao i zdrav rast biljaka.<\/p>\n<p>Preparat spada u kategoriju\u00a0<b>fungicida<\/b>, a patogene gljivice uni\u0161tava zahvaljuju\u0107i kombinaciji dve aktivne materije:\u00a0<b>boskalid (267 g\/kg)<\/b>\u00a0i\u00a0<b>piraklostrobin (67 g\/kg)<\/b>. Ova kombinacija aktivnih materija efikasno suzbija bolesti i spre\u010dava njihovo dalje \u0161irenje.<\/p>\n<p>Uz njihovu pomo\u0107 posti\u017ee se dugotrajna za\u0161tita i smanjuje potreba za \u010destom upotrebom drugih fungicida.<\/p>","protected":false},"featured_media":8702,"template":"","meta":[],"product_brand":[530],"product_cat":[415],"product_tag":[787],"class_list":{"0":"post-8043","1":"product","2":"type-product","3":"status-publish","4":"has-post-thumbnail","6":"product_brand-basf","7":"product_cat-fungicidi-2","8":"product_tag-boskalid-267-g-kg-i-piraklostrobin-67-g-kg","10":"first","11":"outofstock","12":"purchasable","13":"product-type-simple"},"_links":{"self":[{"href":"https:\/\/agrarpetrovic.rs\/en\/wp-json\/wp\/v2\/product\/8043","targetHints":{"allow":["GET"]}}],"collection":[{"href":"https:\/\/agrarpetrovic.rs\/en\/wp-json\/wp\/v2\/product"}],"about":[{"href":"https:\/\/agrarpetrovic.rs\/en\/wp-json\/wp\/v2\/types\/product"}],"wp:featuredmedia":[{"embeddable":true,"href":"https:\/\/agrarpetrovic.rs\/en\/wp-json\/wp\/v2\/media\/8702"}],"wp:attachment":[{"href":"https:\/\/agrarpetrovic.rs\/en\/wp-json\/wp\/v2\/media?parent=8043"}],"wp:term":[{"taxonomy":"product_brand","embeddable":true,"href":"https:\/\/agrarpetrovic.rs\/en\/wp-json\/wp\/v2\/product_brand?post=8043"},{"taxonomy":"product_cat","embeddable":true,"href":"https:\/\/agrarpetrovic.rs\/en\/wp-json\/wp\/v2\/product_cat?post=8043"},{"taxonomy":"product_tag","embeddable":true,"href":"https:\/\/agrarpetrovic.rs\/en\/wp-json\/wp\/v2\/product_tag?post=8043"}],"curies":[{"name":"wp","href":"https:\/\/api.w.org\/{rel}","templated":true}]}}