{"id":8046,"date":"2025-09-20T00:11:28","date_gmt":"2025-09-19T22:11:28","guid":{"rendered":"https:\/\/agrarpetrovic.rs\/proizvod\/sigura1-l-fungicid\/"},"modified":"2025-10-23T11:56:35","modified_gmt":"2025-10-23T09:56:35","slug":"sigura-1-l-fungicid","status":"publish","type":"product","link":"https:\/\/agrarpetrovic.rs\/en\/proizvod\/sigura-1-l-fungicid\/","title":{"rendered":"Sigura 1 l &#8211; fungicid"},"content":{"rendered":"<div class=\"product-harvest\">\n<h4 class=\"detail\">Primena:<\/h4>\n<table>\n<thead>\n<tr class=\"bg-5\">\n<th>USEV \/ ZASAD<\/th>\n<th>KOLI\u010cINA PRIMENE<\/th>\n<th>VREME PRIMENE<\/th>\n<\/tr>\n<\/thead>\n<tbody>\n<tr class=\"bg-sec-5\">\n<td class=\"bg-5\"><a href=\"https:\/\/www.agromarketsrbija.rs\/srb\/zastita-bilja\/programi-zastite\/1009\/Krompir\">KROMPIR<\/a><\/td>\n<td>0,5 (5 ml na 100 m\u00b2)<\/td>\n<td>U vreme pojave prvih simptoma oboljenja i kasnije tokom vegetacije po potrebi<\/td>\n<\/tr>\n<tr class=\"bg-sec-5\">\n<td class=\"bg-5\"><a href=\"https:\/\/www.agromarketsrbija.rs\/srb\/zastita-bilja\/programi-zastite\/1004\/Secerna-repa\">\u0160E\u0106ERNA REPA<\/a><\/td>\n<td>0,4 &#8211; 0,6 l\/ha (4 &#8211; 6 ml na 100 m\u00b2)<\/td>\n<td>Primenjuje se po pojavi prvih simptoma, a pre ostvarenja uslova za \u0161irenje bolesti (od faze zatvaranja redova \u2013 39 BBCH skale)<\/td>\n<\/tr>\n<tr class=\"bg-sec-5\">\n<td class=\"bg-5\"><a href=\"https:\/\/www.agromarketsrbija.rs\/srb\/zastita-bilja\/programi-zastite\/1018\/Jabuka\">JABUKA<\/a><\/td>\n<td>0,02 &#8211; 0,03 % (2- 3 ml u 10 l vode)<\/td>\n<td>Preventivna tretiranja se izvode po\u010dev od fenofaze \u201cmi\u0161je u\u0161i\u201d (faza 10 BBCH skale) u ni\u017eoj koncentraciji primene Kurativni tretman izvodi se NAJKASNIJE tri dana po ostvarenju uslova za zarazu u vi\u0161oj koncentraciji<\/td>\n<\/tr>\n<tr class=\"bg-sec-5\">\n<td class=\"bg-5\"><a href=\"https:\/\/www.agromarketsrbija.rs\/srb\/zastita-bilja\/programi-zastite\/1029\/Borovnica-i-aronija\">BOROVNICA<\/a><\/td>\n<td>0,4 (4 ml na 100 m\u00b2)<\/td>\n<td>Primenjuje se od po\u010detka razvoja pupoljaka do punog cvetanja<\/td>\n<\/tr>\n<\/tbody>\n<\/table>\n<\/div>\n<div class=\"product-info\">\n<h4><strong>DELOVANJE:<br \/>\n<\/strong><\/h4>\n<p>sistemik \u010dija aktivna materija pripada grupi\u00a0<em>Triazola<\/em>. Inhibira procese demetilacije, odnosno sintezu ergosterola u \u0107elijama gljive te spre\u010dava njihov razvoj. Usvaja se listom, translaminarno se kre\u0107e i dospeva na nali\u010dja listova.<\/p>\n<p><strong>SPEKTAR DELOVANJA:<\/strong>Prouzrokova\u010d crne pegavosti krompira i paradajza (<em>Alternaria solani<\/em>), pegavosti lista \u0161e\u0107erne repe (<em>Cercospora beticola<\/em>), prouzrokova\u010d \u010da\u0111ave krastavosti plodova i prouzrokova\u010d pegavosti lista jabuke (<em>Venturia inaequalis<\/em>); Prouzrokova\u010d su\u0161enja cvetova i gran\u010dica &#8211; monilioza (<em>Monilinia vaccinii-corymbosi<\/em>)<\/p>\n<h4><strong>PREPORUKE I NAPOMENE<\/strong><\/h4>\n<p>period izme\u0111u dva tretmana 8 do 14 dana. Ne primenjivati ga alternativno sa preparatima iz iste grupe (Triazoli), kao i preparatima sli\u010dnog mehanizma delovanja (inhibicija sinteze ergosterola). Ne sme se me\u0161ati sa Bordovskom \u010dorbom.<\/p>\n<p>Tretirati uz utro\u0161ak vode 300 &#8211; 600 l\/ha (3 &#8211; 6 l na 100 m<sup>2<\/sup>).<\/p>\n<p>Pru\u017ea produ\u017eenu\u00a0preventivnu i kurativnu za\u0161titu biljaka\u00a0u za\u0161titi od fitopatogenih gljivica iz rodova\u00a0<em>Alternaria, Ascochyta, Cercospora, Cereosporidium, Coletotrichum, Phoma, Ramularia, Septoria, Venturia spp<\/em>., vrstama iz\u00a0<em>fam. Erysiphaceae, Uredinaceae<\/em>.<\/p>\n<\/div>","protected":false},"excerpt":{"rendered":"<p class=\"detail\"><strong>Klasa:<\/strong>\u00a0<span class=\"klasa\">Fungicidi<\/span><\/p>\n<p class=\"detail\"><strong>Aktivna materija:<\/strong>\u00a0<span class=\"aktivna-materija\">Difenokonazol 250 g\/l<\/span><\/p>\n<p class=\"detail\"><strong>Formulacija:<\/strong>\u00a0<span class=\"formulacija\">EC &#8211; koncentrat za emulziju<\/span><\/p>\n<p class=\"detail\"><strong>Karenca:<\/strong>\u00a0<span class=\"karenca\">14 dana &#8211; krompir; 14 dana &#8211; \u0161e\u0107erna repa; 28 dana &#8211; jabuka ; OVP &#8211; borovnica<\/span><\/p>\n<p class=\"detail\"><strong>MBT:<\/strong>\u00a0<span class=\"mbt\">3 &#8211; krompir, \u0161e\u0107erna repa, jabuka 1 &#8211; borovnica<\/span><\/p>","protected":false},"featured_media":8189,"template":"","meta":[],"product_brand":[529],"product_cat":[415],"product_tag":[577],"class_list":{"0":"post-8046","1":"product","2":"type-product","3":"status-publish","4":"has-post-thumbnail","6":"product_brand-agromarket","7":"product_cat-fungicidi-2","8":"product_tag-difenokonazol-250-g-l","10":"first","11":"outofstock","12":"product-type-simple"},"_links":{"self":[{"href":"https:\/\/agrarpetrovic.rs\/en\/wp-json\/wp\/v2\/product\/8046","targetHints":{"allow":["GET"]}}],"collection":[{"href":"https:\/\/agrarpetrovic.rs\/en\/wp-json\/wp\/v2\/product"}],"about":[{"href":"https:\/\/agrarpetrovic.rs\/en\/wp-json\/wp\/v2\/types\/product"}],"wp:featuredmedia":[{"embeddable":true,"href":"https:\/\/agrarpetrovic.rs\/en\/wp-json\/wp\/v2\/media\/8189"}],"wp:attachment":[{"href":"https:\/\/agrarpetrovic.rs\/en\/wp-json\/wp\/v2\/media?parent=8046"}],"wp:term":[{"taxonomy":"product_brand","embeddable":true,"href":"https:\/\/agrarpetrovic.rs\/en\/wp-json\/wp\/v2\/product_brand?post=8046"},{"taxonomy":"product_cat","embeddable":true,"href":"https:\/\/agrarpetrovic.rs\/en\/wp-json\/wp\/v2\/product_cat?post=8046"},{"taxonomy":"product_tag","embeddable":true,"href":"https:\/\/agrarpetrovic.rs\/en\/wp-json\/wp\/v2\/product_tag?post=8046"}],"curies":[{"name":"wp","href":"https:\/\/api.w.org\/{rel}","templated":true}]}}