{"id":8050,"date":"2025-09-20T00:11:28","date_gmt":"2025-09-19T22:11:28","guid":{"rendered":"https:\/\/agrarpetrovic.rs\/proizvod\/spirox-100-ml-fungicid\/"},"modified":"2025-10-23T11:56:35","modified_gmt":"2025-10-23T09:56:35","slug":"spirox-100-ml-fungicid","status":"publish","type":"product","link":"https:\/\/agrarpetrovic.rs\/en\/proizvod\/spirox-100-ml-fungicid\/","title":{"rendered":"Spirox 100 ml &#8211; fungicid"},"content":{"rendered":"<div class=\"product-harvest\">\n<h4 class=\"detail\"><strong>Primena:<\/strong><\/h4>\n<table>\n<thead>\n<tr class=\"bg-5\">\n<th>USEV \/ ZASAD<\/th>\n<th>KOLI\u010cINA PRIMENE<\/th>\n<th>VREME PRIMENE<\/th>\n<\/tr>\n<\/thead>\n<tbody>\n<tr class=\"bg-sec-5\">\n<td class=\"bg-5\"><a href=\"https:\/\/www.agromarketsrbija.rs\/srb\/zastita-bilja\/programi-zastite\/1020\/Vinova-loza\">VINOVA LOZA<\/a><\/td>\n<td>0,2 \u2013 0,6 (2 \u2013 6 ml na 100 m\u00b2)<\/td>\n<td>u dozi od 0,4 l\/ha u fazi BBCH 61 (po\u010detak cvetanja &#8211; 10% cvetnih kapica opalo) uz utro\u0161ak 800 l\/ha vode; u dozi od 0,6 l\/ha u fazi BBCH 71 (formiranja ploda, kada mladi plodovi po\u010dinju da rastu, ostaci cvetova opadaju) i uz utro\u0161ak vode od 1200 l\/ha;<\/td>\n<\/tr>\n<\/tbody>\n<\/table>\n<\/div>\n<div class=\"product-info\">\n<h4><strong>DELOVANJE:\u00a0<\/strong><\/h4>\n<p>aktivna materija\u00a0<em>Spiroksamin\u00a0<\/em>ometa biosintezu ergosterola na \u010detiri potpuno razli\u010dita mesta u odnosu na triazole. Ovakvim delovanjem spre\u010dava dalji porast gljive &#8211; izdu\u017eivanje hifa i rast micelije.<\/p>\n<h4><strong>SPEKTAR DELOVANJA:\u00a0<\/strong><\/h4>\n<p>prouzrokova\u010d pepelnice vinove loze (<em>Uncinula necator<\/em>)<\/p>\n<h4><strong>PREPORUKE I NAPOMENE<\/strong><\/h4>\n<p>Preporu\u010duju se blok tretmani na 10 dana. U slu\u010daju me\u0161anja sa drugim preparatima, najpre proveriti kompatibilnost. Prilikom tretiranja treba po\u0161tovati vodoza\u0161titne zone i spre\u010diti kontaminaciju povr\u0161inskih voda (vodotoka, jezera, izvori\u0161ta vodosnabdevanja), tretiraju\u0107i najmanje 20 m udaljeno od njih.<\/p>\n<\/div>","protected":false},"excerpt":{"rendered":"<p class=\"detail\"><strong>Klasa:<\/strong>\u00a0<span class=\"klasa\">Fungicid<\/span><\/p>\n<p class=\"detail\"><strong>Aktivna materija:<\/strong>\u00a0<span class=\"aktivna-materija\">Spiroksamin 500 g\/l<\/span><\/p>\n<p class=\"detail\"><strong>Formulacija:<\/strong>\u00a0<span class=\"formulacija\">EC \u2013 koncentrat za emulziju<\/span><\/p>\n<p class=\"detail\"><strong>Proizvo\u0111a\u010d:<\/strong>\u00a0<span class=\"proizvo\u0111a\u010d\">Arysta LifeScience<\/span><\/p>\n<p class=\"detail\"><strong>Karenca:<\/strong>\u00a0<span class=\"karenca\">35 dana<\/span><\/p>\n<p class=\"detail\"><strong>Radna karenca:<\/strong>\u00a0<span class=\"radna-karenca\">radno vreme na tretiranim povr\u0161inama u roku od 2 dana nakon primene, treba da bude ograni\u010deno na maksimalno 2 sata<\/span><\/p>\n<p class=\"detail\"><strong>MBT:<\/strong>\u00a0<span class=\"mbt\">2<\/span><\/p>","protected":false},"featured_media":8706,"template":"","meta":[],"product_brand":[529],"product_cat":[415],"product_tag":[712],"class_list":{"0":"post-8050","1":"product","2":"type-product","3":"status-publish","4":"has-post-thumbnail","6":"product_brand-agromarket","7":"product_cat-fungicidi-2","8":"product_tag-spiroksamin-500-g-l","10":"first","11":"outofstock","12":"product-type-simple"},"_links":{"self":[{"href":"https:\/\/agrarpetrovic.rs\/en\/wp-json\/wp\/v2\/product\/8050","targetHints":{"allow":["GET"]}}],"collection":[{"href":"https:\/\/agrarpetrovic.rs\/en\/wp-json\/wp\/v2\/product"}],"about":[{"href":"https:\/\/agrarpetrovic.rs\/en\/wp-json\/wp\/v2\/types\/product"}],"wp:featuredmedia":[{"embeddable":true,"href":"https:\/\/agrarpetrovic.rs\/en\/wp-json\/wp\/v2\/media\/8706"}],"wp:attachment":[{"href":"https:\/\/agrarpetrovic.rs\/en\/wp-json\/wp\/v2\/media?parent=8050"}],"wp:term":[{"taxonomy":"product_brand","embeddable":true,"href":"https:\/\/agrarpetrovic.rs\/en\/wp-json\/wp\/v2\/product_brand?post=8050"},{"taxonomy":"product_cat","embeddable":true,"href":"https:\/\/agrarpetrovic.rs\/en\/wp-json\/wp\/v2\/product_cat?post=8050"},{"taxonomy":"product_tag","embeddable":true,"href":"https:\/\/agrarpetrovic.rs\/en\/wp-json\/wp\/v2\/product_tag?post=8050"}],"curies":[{"name":"wp","href":"https:\/\/api.w.org\/{rel}","templated":true}]}}